{"id":10043,"date":"2025-01-04T12:47:55","date_gmt":"2025-01-04T18:47:55","guid":{"rendered":"https:\/\/katiabrambila.net\/?page_id=10043"},"modified":"2025-01-04T12:48:15","modified_gmt":"2025-01-04T18:48:15","slug":"masterclassdra_venesa","status":"publish","type":"page","link":"https:\/\/katiabrambila.net\/?page_id=10043","title":{"rendered":"Masterclass Dra, Vanesa"},"content":{"rendered":"<p><img loading=\"lazy\" decoding=\"async\" title=\"logo-1\" src=\"https:\/\/katiabrambila.net\/wp-content\/uploads\/2020\/06\/logo-1.png\" alt=\"\" width=\"537\" height=\"200\" data-op3-attachment-id=\"\" \/><\/p>\n<h2>CLASE ESPECIAL<\/h2>\n<h2>Descubre las claves para mantener la Densidad Osea y la Masa Muscular en la MENOPAUSIA<\/h2>\n<h2>\u00a0 \u00a0 \u00a0 \u00a0 Despu\u00e9s de los 40 nos encontramos en una etapa desafiante en la vida de una mujer, si te descuidas puedes estar en riesgo de desarrollar osteoporosis.<\/h2>\n<h2>\u00a0 \u00a0 \u00a0 \u00a0 Mi\u00e9rcoles 28 de febrero 2024<br \/>\n11:00 AM (CdMx)<\/h2>\n<p><a class=\"op3-background-ancestor\" href=\"https:\/\/pay.hotmart.com\/J91149980D?off=yxmphnhn&amp;_gl=1*dwnlbr*_ga*MTQ0ODk5OTc0My4xNjk4NjYzODcz*_ga_1KS8YYTCDW*MTcwODY5NDgxMy40OC4xLjE3MDg2OTQ4MjkuNDQuMC4w&amp;_ga=2.48431076.317972779.1708614872-1448999743.1698663873\" target=\"_blank\" rel=\"noopener\" data-op-action=\"link\" data-op-popoverlay-trigger=\"none\" data-op-select-funnel-step=\"\" data-op-animation-trigger=\"none\" data-op-animation-style=\"\" data-op-animation-loop=\"0\" data-op-timer-minutes=\"0\" data-op-timer-seconds=\"0\" data-op3-smooth-scroll=\"0\" data-op-effect-style=\"\" data-op-effect-style-hover=\"\">Lo quiero por 27 USDClase especial MENOPAUSIA<\/a><\/p>\n<h2>Te ha pasado&#8230;<\/h2>\n<p>\u00bfHas notado una disminuci\u00f3n en tu fuerza f\u00edsica desde que comenz\u00f3 la menopausia?\u00bfExperimentas molestias articulares al despertar, te levantas lentamente?\u00a0ur\u00a0\u00bfTe preocupa la posibilidad de desarrollar osteoporosis? \u00a0\u00bfNotas que tus articulaciones se sienten r\u00edgidas y sin tanta flexibilidad como antes? \u00a0\u00bfTienes en tu familia mujeres que sufrieron de osteoporosis ? \u00a0\u00bfHas notado cambios en la composici\u00f3n de tu cuerpo, como una redistribuci\u00f3n de grasa y m\u00fasculo?\u00bfSientes que est\u00e1s perdiendo altura?\u00bfSientes que las actividades diarias como levantar objetos o subir escaleras se vuelven m\u00e1s dif\u00edciles debido a la debilidad muscular?<\/p>\n<h2>\u00a0 \u00a0 \u00a0 \u00a0 Recuerda que cada mujer vive la menopausia de manera \u00fanica, pero la informaci\u00f3n y el cuidado personal pueden hacer una gran diferencia. Estamos aqu\u00ed para apoyarte en este viaje y ayudarte a tomar decisiones informadas para tu salud.<\/h2>\n<h2>Te invitamos a la clase\u00bbDensidad Osea y Masa Muscular en la MENOPAUSIA\u00bb<\/h2>\n<p><a class=\"op3-background-ancestor\" href=\"https:\/\/pay.hotmart.com\/J91149980D?off=yxmphnhn\" target=\"_blank\" rel=\"noopener\" data-op-action=\"link\" data-op-popoverlay-trigger=\"none\" data-op-select-funnel-step=\"\" data-op-animation-trigger=\"none\" data-op-animation-style=\"\" data-op-animation-loop=\"0\" data-op-timer-minutes=\"0\" data-op-timer-seconds=\"0\" data-op3-smooth-scroll=\"0\" data-op-effect-style=\"\" data-op-effect-style-hover=\"\">Quiero asistir\u00a0por 27 USDClase especial MENOPAUSIA<\/a><\/p>\n<h2>Lo que aprender\u00e1s en esta clase:<\/h2>\n<p>Como hacer para que el metabolismo se mantenga activo durante peri y post menopausia.Combate la ca\u00edda y el adelgazamiento del cabello durante peri y post menopausia.Vive y alim\u00e9ntate en pro de tu salud mental.Nunca m\u00e1s una noche en vela.Que hacer para prevenir bochornos.Alimenta tu biota intestinal.No m\u00e1s antojos dulces.Cansancio: un lujo que no nos podemos dar.Cuida tus huesitos: herramienta necesaria para tener calidad de vida.Bonus: ll\u00e9vate un archivo descargable con una gu\u00eda para peri y post menopausia y gu\u00eda de suplementos.<\/p>\n<h2>Testimonios<\/h2>\n<h2>Es una clase d\u00f3nde aprender\u00e1s todo sobre la p\u00e9rdida de masa muscular, porqu\u00e9 sucede, que hacer para evitarla y que debe comer en esta etapa de la vida para fortalecer tu sistema \u00f3seo.<\/h2>\n<p><a class=\"op3-background-ancestor\" href=\"https:\/\/pay.hotmart.com\/U82057927G?checkoutMode=10&amp;_gl=1*eph0ts*_ga*NjU1NjQ5MzE3LjE2ODM1NTk5NTA.*_ga_1KS8YYTCDW*MTcwNzc3NzI3Ni45OS4xLjE3MDc3NzczNDEuNjAuMC4w&amp;_ga=2.97121047.929642408.1707777277-655649317.1683559950\" target=\"_blank\" rel=\"noopener\" data-op-action=\"link\" data-op-popoverlay-trigger=\"none\" data-op-select-funnel-step=\"\" data-op-animation-trigger=\"none\" data-op-animation-style=\"\" data-op-animation-loop=\"0\" data-op-timer-minutes=\"0\" data-op-timer-seconds=\"0\" data-op3-smooth-scroll=\"0\" data-op-effect-style=\"\" data-op-effect-style-hover=\"\">QUIERO INSCRIBIRMECocina SIN DIABETES<\/a><img loading=\"lazy\" decoding=\"async\" title=\"Captura de pantalla 2023-10-09 a la(s) 22.33.36\" src=\"https:\/\/katiabrambila.net\/wp-content\/uploads\/2023\/10\/Captura-de-pantalla-2023-10-09-a-las-22.33.36-1024x789.png\" alt=\"\" width=\"800\" height=\"616\" data-op3-attachment-id=\"9732\" \/><\/p>\n<h4>Stunning<\/h4>\n<p>Vertis ipsume laoret proina platea vulput lectus lacusa venena semper tempor minim intege dolors sagitt evenie portti.<\/p>\n<p><img loading=\"lazy\" decoding=\"async\" title=\"\" src=\"https:\/\/katiabrambila.net\/wp-content\/plugins\/op-builder\/public\/assets\/img\/elements\/testimonial\/profiles\/male\/3.jpg\" alt=\"choose your image\" width=\"128\" height=\"128\" data-op3-attachment-id=\"\" \/><\/p>\n<p>Brian Clark<\/p>\n<p>OptimizePress<\/p>\n<h4>Guaranteed<\/h4>\n<p>Ipsume tempor portti laoret lacusa semper vulput dolors sagitt venena minim proina platea evenie intege lectus vertis.<\/p>\n<p><img loading=\"lazy\" decoding=\"async\" title=\"\" src=\"https:\/\/katiabrambila.net\/wp-content\/plugins\/op-builder\/public\/assets\/img\/elements\/testimonial\/profiles\/male\/1.jpg\" alt=\"choose your image\" width=\"128\" height=\"128\" data-op3-attachment-id=\"\" \/><\/p>\n<p>David Martin<\/p>\n<p>OptimizePress<\/p>\n<h4>Great<\/h4>\n<p>Ipsume tempor lacusa platea minim semper sagitt proina portti dolors vertis laoret venena evenie lectus intege vulput.<\/p>\n<p><img loading=\"lazy\" decoding=\"async\" title=\"\" src=\"https:\/\/katiabrambila.net\/wp-content\/plugins\/op-builder\/public\/assets\/img\/elements\/testimonial\/profiles\/male\/5.jpg\" alt=\"choose your image\" width=\"128\" height=\"128\" data-op3-attachment-id=\"\" \/><\/p>\n<p>Richard Phillips<\/p>\n<p>OptimizePress<\/p>\n<h2>Preguntas Frecuentes<\/h2>\n<h2>\u00bfPuedo hacer transferencia bancaria?<br \/>\nSi, cont\u00e1ctame:<br \/>\n<a href=\"mailto:consultoriomonicaaragon@gmail.com\">consultoriomonicaaragon@gmail.com<\/a><\/h2>\n<h2>\u00a0 \u00a0 \u00a0\u00bfSe quedar\u00e1 grabado el curso?<br \/>\nSi, se quedar\u00e1 disponible para ti durante 2<br \/>\nsemanas.<\/h2>\n<h2>\u00bfPuedo hacer transferencia bancaria?<br \/>\nSi, cont\u00e1ctame:<br \/>\n<a href=\"mailto:consultoriomonicaaragon@gmail.com\">consultoriomonicaaragon@gmail.com<\/a><\/h2>\n<h2>\u00bfPuedo hacer transferencia bancaria?<br \/>\nSi, cont\u00e1ctame:<br \/>\n<a href=\"mailto:consultoriomonicaaragon@gmail.com\">consultoriomonicaaragon@gmail.com<\/a><\/h2>\n<h2>\u00bfPuedo hacer transferencia bancaria?<br \/>\nSi, cont\u00e1ctame:<br \/>\n<a href=\"mailto:consultoriomonicaaragon@gmail.com\">consultoriomonicaaragon@gmail.com<\/a><\/h2>\n<h2><a href=\"https:\/\/generales1.s3.us-west-1.amazonaws.com\/Summer+Bee-utiful+Pai.pdf\" target=\"_blank\" rel=\"noopener\">Descarga receta aqu\u00ed<\/a><\/h2>\n<p>MODULO 1 \u2013 BIENVENIDAMODULO 2 \u2013 INTRODUCCI\u00d3NMODULO 3 \u2013 INGREDIENTES Y PROCESOSMODULO 4 \u2013 RECETAS B\u00c1SICASMODULO 5 \u2013 POSTRES\u2022 Bolitas energ\u00e9ticas\u2022 Panqu\u00e9 de Zanahoria\u2022 Panqu\u00e9 de Nuez\u2022 Frosting de Caf\u00e9\u2022 Pastel de Chocolate\u2022 Tarta de Lim\u00f3n\u2022 Cheescake de Lim\u00f3n y Frambuesas\u2022 Pastel de Matcha y Frambuesas\u2022 Donas de Chocolate\u2022 Donas de Vainilla\u2022 Donas de Matcha\u2022 Frosting de Frutos Rojos\u2022 Tartaleta de Frutos Rojos\u2022 Rosca de Lim\u00f3n\u2022 Pastel de Tres LechesMODULO 6 \u2013 DELICIAS PARA CELEBRAR\u2022 Empanadas Caribe\u00f1as\u2022 Pan de Semillas\u2022 Quiche Low-Carb\u2022 Frituras de Vegetales con Crema de Coco al Curry\u2022 Pizza en Sart\u00e9n\u2022 Panquecas de Coco\u2022 Masa para Sopes y Tortillas Low-Carb\u00a0 \u00a0 \u00a0 \u00a0 \u00a0 \u00a0 \u00a0 \u00a0\u00a0\u00a0MODULO 7 \u2013 SALSAS Y RELLENOS\u2022 Relleno de Vegetales\u2022 Relleno de Picadillo Cubano\u2022 Compota de Frutos Rojos\u2022 Chimichurri Argentino\u2022 Untable de Queso Crema de Almendras\u00a0MODULO 8 \u2013 IDEAS Y COMBINACIONES\u00a0MODULO 9 \u2013 EL ZEN DE LA REPOSTER\u00cdA<img loading=\"lazy\" decoding=\"async\" title=\"logo-1\" src=\"https:\/\/katiabrambila.net\/wp-content\/uploads\/2020\/06\/logo-1.png\" alt=\"\" width=\"537\" height=\"200\" data-op3-attachment-id=\"\" \/><\/p>\n<h5>Copyright 2018 &#8211; SweetPaleo.Todos Los Derechos Reservados\u00a0Este sitio utiliza cookies propias y de terceros. Si continuas navegando, consideramos que aceptas su uso. M\u00e1s informaci\u00f3n en nuestro\u00a0<a href=\"https:\/\/sweetpaleomiembros.com\/terminos-y-condiciones\" target=\"_parent\" rel=\"noopener noreferrer\">aviso de privacidad.\u00a0<\/a>Puedes escribir a soporte@sweetpaleomx.com<\/h5>\n","protected":false},"excerpt":{"rendered":"<p>CLASE ESPECIAL Descubre las claves para mantener la Densidad Osea y la Masa Muscular en la MENOPAUSIA \u00a0 \u00a0 \u00a0 \u00a0 Despu\u00e9s de los 40 nos encontramos en una etapa desafiante en la vida de una mujer, si te descuidas puedes estar en riesgo de desarrollar osteoporosis. \u00a0 \u00a0 \u00a0 \u00a0 Mi\u00e9rcoles 28 de febrero [&hellip;]<\/p>\n","protected":false},"author":22,"featured_media":10039,"parent":0,"menu_order":0,"comment_status":"closed","ping_status":"closed","template":"op_builder_full_width","meta":{"footnotes":""},"class_list":["post-10043","page","type-page","status-publish","has-post-thumbnail","hentry"],"_links":{"self":[{"href":"https:\/\/katiabrambila.net\/index.php?rest_route=\/wp\/v2\/pages\/10043","targetHints":{"allow":["GET"]}}],"collection":[{"href":"https:\/\/katiabrambila.net\/index.php?rest_route=\/wp\/v2\/pages"}],"about":[{"href":"https:\/\/katiabrambila.net\/index.php?rest_route=\/wp\/v2\/types\/page"}],"author":[{"embeddable":true,"href":"https:\/\/katiabrambila.net\/index.php?rest_route=\/wp\/v2\/users\/22"}],"replies":[{"embeddable":true,"href":"https:\/\/katiabrambila.net\/index.php?rest_route=%2Fwp%2Fv2%2Fcomments&post=10043"}],"version-history":[{"count":0,"href":"https:\/\/katiabrambila.net\/index.php?rest_route=\/wp\/v2\/pages\/10043\/revisions"}],"wp:featuredmedia":[{"embeddable":true,"href":"https:\/\/katiabrambila.net\/index.php?rest_route=\/wp\/v2\/media\/10039"}],"wp:attachment":[{"href":"https:\/\/katiabrambila.net\/index.php?rest_route=%2Fwp%2Fv2%2Fmedia&parent=10043"}],"curies":[{"name":"wp","href":"https:\/\/api.w.org\/{rel}","templated":true}]}}