{"id":10045,"date":"2025-01-04T12:52:20","date_gmt":"2025-01-04T18:52:20","guid":{"rendered":"https:\/\/katiabrambila.net\/?page_id=10045"},"modified":"2025-01-04T13:05:04","modified_gmt":"2025-01-04T19:05:04","slug":"masterclass-dra-vanesa","status":"publish","type":"page","link":"https:\/\/katiabrambila.net\/?page_id=10045","title":{"rendered":"Masterclass Dra-Vanesa"},"content":{"rendered":"<h2>MASTERCLASS GRATUITA<\/h2>\n<p>\u00bfTienes s\u00edntomas de Perimenopausiao Menopausia? Descubre los 3 erroresfrecuentes que los empeoran<\/p>\n<p><img loading=\"lazy\" decoding=\"async\" class=\"op3-element__image op3-element-image__image\" src=\"https:\/\/katiabrambila.net\/wp-content\/uploads\/2025\/01\/Captura-de-pantalla-2025-01-04-a-las-2.02.26\u202fp.m-1024x658.png\" alt=\"\" title=\"Captura de pantalla 2025-01-04 a la(s) 2.02.26\u202fp.m.\" width=\"800\" height=\"514\" data-op3-attachment-id=\"10048\" \/><\/p>\n<h2>\u00bfLista para recuperar tu energ\u00eda y vitalidad? Este RETO de 5 d\u00edas est\u00e1 dise\u00f1ado para mujeres como t\u00fa.<\/h2>\n<h2>\u00bfTe has sentido \u00faltimamente sin energ\u00eda, constantemente inflamada y con dificultad para dormir?\u00a1No est\u00e1s sola! Muchas mujeres, especialmente despu\u00e9s de los 40, experimentan estos s\u00edntomas intensificados durante las fiestas: comida pesada, estr\u00e9s y descontrol en los horarios.Estos s\u00edntomas no son solo producto de las fiestas\u2026Si est\u00e1s en la perimenopausia o menopausia, tu cuerpo te est\u00e1 pidiendo ayuda.&nbsp;Cambios hormonales, retenci\u00f3n de l\u00edquidos, inflamaci\u00f3n y falta de energ\u00eda pueden hacerte sentir como si no fueras t\u00fa misma.Y aunque intentas cuidar lo que comes, parece que nada funciona.Ahora imagina esto:En solo 5 d\u00edas podr\u00edas sentirte desinflamada, ligera y llena de energ\u00eda.Podr\u00edas despertar sinti\u00e9ndote renovada, comenzar a dormir mejor y darle a tu cuerpo el impulso que necesita para iniciar el a\u00f1o con fuerza.T<\/h2>\n<h2>Todo esto es posible con el Reto de 5 d\u00edas: Sana tus hormonas y equilibra tu menopausia<\/h2>\n<p><a class=\"op3-link op3-background-ancestor\" target=\"_self\"  data-op-action=\"popoverlay\" data-op-popoverlay-trigger=\"0PuXvdkM\" data-op-select-funnel-step=\"\" data-op3-smooth-scroll=\"0\" data-op-effect-style=\"\" data-op-effect-style-hover=\"grow\" data-op-courseaction=\"\" href=\"#\">Quiero sentirme mejorPreventa 27 USD<\/a><\/p>\n<p>Si est\u00e1s &nbsp;experimentando alguno de estos s\u00edntomas y sientes que han empeorado por las fiestas este RETO es para ti<\/p>\n<\/p>\n<p>\u2728Sofocos y sudores nocturnos<\/p>\n<p>\u2728Problemas de sue\u00f1o &nbsp;<\/p>\n<p>\u2728Cambios en el estado de \u00e1nimo<\/p>\n<p>\u2728P\u00e9rdida de densidad \u00f3sea<\/p>\n<p>\u2728Neblina mental<\/p>\n<p>\u2728Subir de peso exageradamente<\/p>\n<p>\u2728No sentirte satisfecha a pesar de haber comido<\/p>\n<p>\u2728Inflamada<\/p>\n<p>\u2728Fatiga constante<\/p>\n<\/p>\n<h2>En 5 d\u00edas descubrir\u00e1s que la comida &nbsp;puede ser una aliada para tener energ\u00eda, desinflamar tu cuerpo y balancear tus hormonas<\/h2>\n<\/p>\n<p style=\"text-align: center;\">\u00a1 \u00danete al RETO y comienza este a\u00f1o enfocada en tu SALUD y BIENESTAR !<\/p>\n<p>El conocimiento es poder, y estamos aqu\u00ed para apoyarte en cada paso del camino<\/p>\n<p style=\"text-align: center;\">\n<h2>El RETO comienza el 13 de enero<\/h2>\n<h2>Acceso a grupo privado para vivir esta experiencia acompa\u00f1ada<\/h2>\n<h2>Sesiones en vivo para responder todas las dudas<\/h2>\n<h2>Masterclass con informaci\u00f3n relevante para seguir mejorando en este a\u00f1o.<\/h2>\n<p><img loading=\"lazy\" decoding=\"async\" class=\"op3-element__image op3-element-image__image\" src=\"https:\/\/katiabrambila.net\/wp-content\/uploads\/2024\/02\/Captura-de-pantalla-2024-02-25-a-las-9.24.42-688x1024.png\" alt=\"\" title=\"Captura de pantalla 2024-02-25 a la(s) 9.24.42\" width=\"688\" height=\"1024\" data-op3-attachment-id=\"9882\" \/><\/p>\n<p>Soy Myriam,  Nutricionista Funcional M\u00e9dica con m\u00e1s de 20 a\u00f1os de experiencia, promuevo el derecho de las mujeres a una vida saludable, especialmente aquellas a partir de los 40 a\u00f1os o m\u00e1s que experimentan los cambios hormonales por la menopausia. <\/p>\n<p>Creadora de Divine Renewal \u2122 y Divine Renewal \u2122 Espa\u00f1ol. Mis programas cierran las brechas que existen entre los mitos y conceptos err\u00f3neos sobre la perimenopausia, menopausia, postmenopausia y la nutrici\u00f3n. Ayudo a las mujeres a descubrir sus verdaderos aliados en la alimentaci\u00f3n y comprender los cambios hormonales y el impacto que pueden tener en su salud f\u00edsica, emocional y mental.He desarrollado programas culinarios para Cayce Institute of Culinary Medicine.  Ponente de conferencias en Am\u00e9rica del Norte y del Sur sobre la nutrici\u00f3n y el bienestar y salud de las mujeres. En compa\u00f1\u00eda de Katia, he creado deliciosas recetas dise\u00f1adas espec\u00edficamente para mujeres en esta etapa.<\/p>\n<p><img loading=\"lazy\" decoding=\"async\" class=\"op3-element__image op3-element-image__image\" src=\"https:\/\/katiabrambila.net\/wp-content\/uploads\/2024\/02\/Captura-de-pantalla-2024-02-25-a-las-9.29.58-692x1024.png\" alt=\"\" title=\"Captura de pantalla 2024-02-25 a la(s) 9.29.58\" width=\"692\" height=\"1024\" data-op3-attachment-id=\"9883\" \/><\/p>\n<p>Soy Katia&nbsp;apasionada de la pasteler\u00eda saludable, emprendedora, esposa y madre de dos hijos, amante del chocolate y la vida saludable.<\/p>\n<p>Me especializo en reposter\u00eda sin az\u00facar, sin gluten y sin l\u00e1cteos,&nbsp;<\/p>\n<p>Soy fundadora de Sweet Paleo &nbsp;y del Instituto Culinario Integral , a trav\u00e9s de mis programas he podido capacitar a las de 22, 000 alumnas en 72 pa\u00edses en el mundo, que ayudan a otras personas a disfrutar de una dulce tentaci\u00f3n y compartirla con su familia.<\/p>\n<p>Hoy estoy en la menopausia y conocer a Myriam y aplicar sus consejos m\u00e9dicos enfocados a la alimentaci\u00f3n en esta etapa de la vida a hecho toda la diferencia en esta etapa de mi vida y por eso hoy quiero que todas las mujeres sepan que s\u00ed hay alternativas f\u00e1ciles y saludables para tener un equilibrio hormonal, f\u00edsico y emocional.<\/p>\n<h2>Al finalizar el RETOr&nbsp;tendr\u00e1s m\u00e1s conocimientos para tomar el tim\u00f3n de tu salud, ,entender\u00e1s porque ahora subes de peso, no duermes bien y est\u00e1s irritable. Te daremos alternativas para seguir apoy\u00e1ndote en esta traves\u00eda de la vida.<\/h2>\n<h2>Te esperamos dentro&#8230; comparte esta informaci\u00f3n<\/h2>\n<p><a class=\"op3-link op3-background-ancestor\" target=\"_self\"  data-op-action=\"popoverlay\" data-op-popoverlay-trigger=\"0PuXvdkM\" data-op-select-funnel-step=\"\" data-op3-smooth-scroll=\"0\" data-op-effect-style=\"rockingsmall\" data-op-effect-style-hover=\"\" data-op-courseaction=\"\" href=\"#\">Quiero mejorar mi salud \u00bb\u00a1Si quiero ser parte del RETO!<\/a><\/p>\n<h2 style=\"text-align: center;\">Tu informaci\u00f3n est\u00e1 100% segura y nunca la compartiremos con nadie.<\/h2>\n<p><img loading=\"lazy\" decoding=\"async\" class=\"op3-element__image op3-element-image__image\" src=\"https:\/\/katiabrambila.net\/wp-content\/uploads\/2021\/11\/LOgo_fondo-transparente-01-300x154.png\" alt=\"\" title=\"LOgo_fondo-transparente-01\" width=\"512\" height=\"256\" data-op3-attachment-id=\"7078\" \/><\/p>\n<h2>\n<p>Copyright 2018 &#8211; Sweet Paleo. Todos Los Derechos Reservados<\/p>\n<p>Este sitio utiliza cookies propias y de terceros. Si continuas navegando, consideramos que aceptas su uso. M\u00e1s Informaci\u00f3n en nuestro <a href=\"https:\/\/katiabrambila.net\/privacidad\/\" target=\"_blank\">aviso de privacidad.<\/a> Puedes escribir a soporte@sweetpaleomx.com<\/p>\n<\/p>\n<p>Este sitio no es parte del sitio de Facebook o de Facebook Inc.<\/p>\n<p>Adicionalmente, este sitio No est\u00e1 endosado por Facebook de ninguna manera. FACEBOOK es una marca registrada de FACEBOOK, Inc.<\/p>\n<\/h2>\n","protected":false},"excerpt":{"rendered":"<p>MASTERCLASS GRATUITA \u00bfTienes s\u00edntomas de Perimenopausiao Menopausia? Descubre los 3 erroresfrecuentes que los empeoran \u00bfLista para recuperar tu energ\u00eda y vitalidad? Este RETO de 5 d\u00edas est\u00e1 dise\u00f1ado para mujeres como t\u00fa. \u00bfTe has sentido \u00faltimamente sin energ\u00eda, constantemente inflamada y con dificultad para dormir?\u00a1No est\u00e1s sola! Muchas mujeres, especialmente despu\u00e9s de los 40, experimentan [&hellip;]<\/p>\n","protected":false},"author":22,"featured_media":10039,"parent":0,"menu_order":0,"comment_status":"closed","ping_status":"closed","template":"op_builder_blank","meta":{"footnotes":""},"class_list":["post-10045","page","type-page","status-publish","has-post-thumbnail","hentry"],"_links":{"self":[{"href":"https:\/\/katiabrambila.net\/index.php?rest_route=\/wp\/v2\/pages\/10045","targetHints":{"allow":["GET"]}}],"collection":[{"href":"https:\/\/katiabrambila.net\/index.php?rest_route=\/wp\/v2\/pages"}],"about":[{"href":"https:\/\/katiabrambila.net\/index.php?rest_route=\/wp\/v2\/types\/page"}],"author":[{"embeddable":true,"href":"https:\/\/katiabrambila.net\/index.php?rest_route=\/wp\/v2\/users\/22"}],"replies":[{"embeddable":true,"href":"https:\/\/katiabrambila.net\/index.php?rest_route=%2Fwp%2Fv2%2Fcomments&post=10045"}],"version-history":[{"count":0,"href":"https:\/\/katiabrambila.net\/index.php?rest_route=\/wp\/v2\/pages\/10045\/revisions"}],"wp:featuredmedia":[{"embeddable":true,"href":"https:\/\/katiabrambila.net\/index.php?rest_route=\/wp\/v2\/media\/10039"}],"wp:attachment":[{"href":"https:\/\/katiabrambila.net\/index.php?rest_route=%2Fwp%2Fv2%2Fmedia&parent=10045"}],"curies":[{"name":"wp","href":"https:\/\/api.w.org\/{rel}","templated":true}]}}