{"id":10050,"date":"2025-01-04T15:56:22","date_gmt":"2025-01-04T21:56:22","guid":{"rendered":"https:\/\/katiabrambila.net\/?page_id=10050"},"modified":"2025-01-05T09:44:40","modified_gmt":"2025-01-05T15:44:40","slug":"masterclass-menopausia","status":"publish","type":"page","link":"https:\/\/katiabrambila.net\/?page_id=10050","title":{"rendered":"Masterclass menopausia"},"content":{"rendered":"<h2>MASTERCLASS GRATUITA ONLINE<\/h2>\n<h2>Eres una mujer de 40+\u00bfTienes s\u00edntomas de perimenopausia y menopausia? descubre:<\/h2>\n<h2>Los 3 Errores que empeoran tus s\u00edntomas y c\u00f3mo liberarte de ellos<\/h2>\n<p>Esta es tu se\u00f1al para dejar de sufrir en silencio y tomar el control de tu salud&nbsp;<\/p>\n<p>Quiero participar<\/p>\n<p>Quiero participar<\/p>\n<p>HAZ CLIC PARA VER LA FECHA Y HORA<\/p>\n<p><img loading=\"lazy\" decoding=\"async\" class=\"op3-element__image op3-element-image__image\" src=\"https:\/\/katiabrambila.net\/wp-content\/uploads\/2025\/01\/Captura-de-pantalla-2025-01-04-a-las-3.57.53\u202fp.m-1024x606.png\" alt=\"\" title=\"Captura de pantalla 2025-01-04 a la(s) 3.57.53\u202fp.m.\" width=\"800\" height=\"473\" data-op3-attachment-id=\"10065\" \/><\/p>\n<p>No est\u00e1s sola estamos aqu\u00ed para acompa\u00f1arte<\/p>\n<p>Esta Masterclass en para ti si:<\/p>\n<p>Tienes s\u00edntomas como sofocos y sudores, problemas de sue\u00f1o, cambios en el estado de \u00e1nimo, subes de peso sin raz\u00f3n, ganas constantes de comer, inflamaci\u00f3n, fatiga.Deseas despertar cada d\u00eda con m\u00e1s energ\u00eda y optimismo. Sentirte fuerte y en control de tu cuerpo. Tener un plan claro y f\u00e1cil de seguir para mejorar tu bienestar.<\/p>\n<h2>\u00bfQu\u00e9 aprender\u00e1s en esta Masterclass?<\/h2>\n<p>Estrategias pr\u00e1cticas y naturales para afrontar los cambios hormonales con<\/p>\n<p>confianza y equilibrio.<\/p>\n<h4>Identifica tus s\u00edntomas<\/h4>\n<p>Entiende la etapa en que te encuentras y como puedes hacer cambios para afrontarla.<\/p>\n<h4>Soluciones naturales<\/h4>\n<p>Descubre h\u00e1bitos, alimentos y ejercicios que equilibran tus hormonas de forma efectiva.<\/p>\n<h4>Red de apoyo<\/h4>\n<p>Con\u00e9ctate con otras mujeres que comparten tu camino y construyan juntas una vida m\u00e1s plena.<\/p>\n<h2>No dejes que los s\u00edntomas limiten tu vida. Esta es tu oportunidad de transformar tu bienestar y retomar el control.&nbsp;<\/h2>\n<p>Quiero participar<\/p>\n<p>Quiero participar<\/p>\n<h2>No pierdas tiempo, los cupos son limitados. \u00a1Inscr\u00edbete hoy y descubre tu mejor versi\u00f3n!<\/h2>\n<h2>\u00bf Quienes somos ?<\/h2>\n<h2>Dra. Vanesa Rodr\u00edguez<\/h2>\n<p><img loading=\"lazy\" decoding=\"async\" class=\"op3-element__image op3-element-image__image\" src=\"https:\/\/katiabrambila.net\/wp-content\/uploads\/2025\/01\/Captura-de-pantalla-2025-01-04-a-las-1.36.17\u202fp.m.png\" alt=\"\" title=\"Captura de pantalla 2025-01-04 a la(s) 1.36.17\u202fp.m.\" width=\"410\" height=\"394\" data-op3-attachment-id=\"10066\" \/><\/p>\n<p>Estudi\u00e9 en la Facultad de Medicina de la Universidad del Zulia. Posteriormente, realic\u00e9 la especialidad de Medicina Interna en el Hospital Central de Maracaibo, Venezuela. Me he dedicado principalmente al tratamiento de enfermedades endocrino-metab\u00f3licas a trav\u00e9s de cambios en los h\u00e1bitos y estilos de vida, ayudando a mis pacientes a dejar atr\u00e1s los f\u00e1rmacos. Ver las mejor\u00edas en ellos ha sido mi mayor inspiraci\u00f3n para continuar con esta labor de prevenci\u00f3n y promoci\u00f3n de la salud.&nbsp;<\/p>\n<p>Resido en Houston, Texas. Atendiendo a diario pacientes a trav\u00e9s de la telemedicina (consultas y asesor\u00edas en l\u00ednea). Tambi\u00e9n imparto talleres educativos para todas aquellas personas que desean aprender sobre los pilares de la salud.<\/p>\n<h2>Nutricionista Myriam Llano<\/h2>\n<p><img loading=\"lazy\" decoding=\"async\" class=\"op3-element__image op3-element-image__image\" src=\"https:\/\/katiabrambila.net\/wp-content\/uploads\/2025\/01\/Captura-de-pantalla-2025-01-05-a-las-10.43.19\u202fa.m.png\" alt=\"\" title=\"Captura de pantalla 2025-01-05 a la(s) 10.43.19\u202fa.m.\" width=\"468\" height=\"444\" data-op3-attachment-id=\"10084\" \/><\/p>\n<p>Soy Myriam,  Nutricionista Funcional M\u00e9dica con m\u00e1s de 20 a\u00f1os de experiencia, promuevo el derecho de las mujeres a una vida saludable, especialmente aquellas a partir de los 40 a\u00f1os o m\u00e1s que experimentan los cambios hormonales por la menopausia. <\/p>\n<p>Soy creadora de Divine Renewal \u2122 y Divine Renewal \u2122 Espa\u00f1ol. Mis programas cierran las brechas que existen entre los mitos y conceptos err\u00f3neos sobre la perimenopausia, menopausia, postmenopausia y la nutrici\u00f3n. Ayudo a las mujeres a descubrir sus verdaderos aliados en la alimentaci\u00f3n y comprender los cambios hormonales y el impacto que pueden tener en su salud f\u00edsica, emocional y mental.<\/p>\n<h2>Chef Katia Brambila<\/h2>\n<p><img loading=\"lazy\" decoding=\"async\" class=\"op3-element__image op3-element-image__image\" src=\"https:\/\/katiabrambila.net\/wp-content\/uploads\/2025\/01\/Captura-de-pantalla-2025-01-04-a-las-4.37.15\u202fp.m.png\" alt=\"\" title=\"Captura de pantalla 2025-01-04 a la(s) 4.37.15\u202fp.m.\" width=\"494\" height=\"462\" data-op3-attachment-id=\"10068\" \/><\/p>\n<p>Soy Katia apasionada de la comida saludable, especialmente la reposter\u00eda, emprendedora, esposa y madre de dos hijos, amante del chocolate y la vida saludable y estoy en la Menopausia.<\/p>\n<p>Soy fundadora de Sweet Paleo y del Instituto Culinario Integral , a trav\u00e9s de mis programas he podido capacitar a las de 22, 000 alumnas en 72 pa\u00edses en el mundo, que ayudan a otras personas a disfrutar de una dulce tentaci\u00f3n y compartirla con su familia.<\/p>\n<h2>Reg\u00edstrate ahora y empieza tu camino hacia una vida m\u00e1s plena y equilibrada.<\/h2>\n","protected":false},"excerpt":{"rendered":"<p>MASTERCLASS GRATUITA ONLINE Eres una mujer de 40+\u00bfTienes s\u00edntomas de perimenopausia y menopausia? descubre: Los 3 Errores que empeoran tus s\u00edntomas y c\u00f3mo liberarte de ellos Esta es tu se\u00f1al para dejar de sufrir en silencio y tomar el control de tu salud&nbsp; Quiero participar Quiero participar HAZ CLIC PARA VER LA FECHA Y HORA [&hellip;]<\/p>\n","protected":false},"author":22,"featured_media":10065,"parent":0,"menu_order":0,"comment_status":"closed","ping_status":"closed","template":"op_builder_blank","meta":{"footnotes":""},"class_list":["post-10050","page","type-page","status-publish","has-post-thumbnail","hentry"],"_links":{"self":[{"href":"https:\/\/katiabrambila.net\/index.php?rest_route=\/wp\/v2\/pages\/10050","targetHints":{"allow":["GET"]}}],"collection":[{"href":"https:\/\/katiabrambila.net\/index.php?rest_route=\/wp\/v2\/pages"}],"about":[{"href":"https:\/\/katiabrambila.net\/index.php?rest_route=\/wp\/v2\/types\/page"}],"author":[{"embeddable":true,"href":"https:\/\/katiabrambila.net\/index.php?rest_route=\/wp\/v2\/users\/22"}],"replies":[{"embeddable":true,"href":"https:\/\/katiabrambila.net\/index.php?rest_route=%2Fwp%2Fv2%2Fcomments&post=10050"}],"version-history":[{"count":0,"href":"https:\/\/katiabrambila.net\/index.php?rest_route=\/wp\/v2\/pages\/10050\/revisions"}],"wp:featuredmedia":[{"embeddable":true,"href":"https:\/\/katiabrambila.net\/index.php?rest_route=\/wp\/v2\/media\/10065"}],"wp:attachment":[{"href":"https:\/\/katiabrambila.net\/index.php?rest_route=%2Fwp%2Fv2%2Fmedia&parent=10050"}],"curies":[{"name":"wp","href":"https:\/\/api.w.org\/{rel}","templated":true}]}}