{"id":1859,"date":"2021-05-19T13:14:23","date_gmt":"2021-05-19T18:14:23","guid":{"rendered":"https:\/\/katiabrambila.net\/?page_id=1859"},"modified":"2021-05-28T13:29:14","modified_gmt":"2021-05-28T18:29:14","slug":"gracias-nps-ytlat","status":"publish","type":"page","link":"https:\/\/katiabrambila.net\/?page_id=1859","title":{"rendered":"Crea tu negocio de postres saludables -gracias-nps-ytlat"},"content":{"rendered":"<p>\u00a1Bienvenida al entrenamiento gratuito!<\/p>\n<p>\t\t\t\t\t\t\t\t\t\t\t\t\t\t\t<img decoding=\"async\" width=\"580\" height=\"246\" src=\"https:\/\/katiabrambila.net\/wp-content\/uploads\/2021\/05\/1-2-1024x434.png\" alt=\"\" loading=\"lazy\" srcset=\"https:\/\/katiabrambila.net\/wp-content\/uploads\/2021\/05\/1-2-1024x434.png 1024w, https:\/\/katiabrambila.net\/wp-content\/uploads\/2021\/05\/1-2-300x127.png 300w, https:\/\/katiabrambila.net\/wp-content\/uploads\/2021\/05\/1-2-768x325.png 768w, https:\/\/katiabrambila.net\/wp-content\/uploads\/2021\/05\/1-2.png 1034w\" sizes=\"auto, (max-width: 580px) 100vw, 580px\" \/><br \/>\n\t\t\t\t\t\t\t\t\t\t\t\t\t\t\t<img decoding=\"async\" width=\"580\" height=\"198\" src=\"https:\/\/katiabrambila.net\/wp-content\/uploads\/2021\/05\/TITULO-1024x350.png\" alt=\"\" loading=\"lazy\" srcset=\"https:\/\/katiabrambila.net\/wp-content\/uploads\/2021\/05\/TITULO-1024x350.png 1024w, https:\/\/katiabrambila.net\/wp-content\/uploads\/2021\/05\/TITULO-300x102.png 300w, https:\/\/katiabrambila.net\/wp-content\/uploads\/2021\/05\/TITULO-768x262.png 768w, https:\/\/katiabrambila.net\/wp-content\/uploads\/2021\/05\/TITULO-1536x525.png 1536w, https:\/\/katiabrambila.net\/wp-content\/uploads\/2021\/05\/TITULO-1200x410.png 1200w, https:\/\/katiabrambila.net\/wp-content\/uploads\/2021\/05\/TITULO.png 1695w\" sizes=\"auto, (max-width: 580px) 100vw, 580px\" \/><br \/>\n\t\thttps:\/\/vimeo.com\/552688258<\/p>\n<p>1<\/p>\n<p>2<\/p>\n<p>3<\/p>\n<p>\t\t\t\t\t\t\t\t\t\t\t\t\t\t\t<img decoding=\"async\" width=\"1316\" height=\"2560\" src=\"https:\/\/katiabrambila.net\/wp-content\/uploads\/2021\/05\/5456465-scaled.jpg\" alt=\"\" loading=\"lazy\" srcset=\"https:\/\/katiabrambila.net\/wp-content\/uploads\/2021\/05\/5456465-scaled.jpg 1316w, https:\/\/katiabrambila.net\/wp-content\/uploads\/2021\/05\/5456465-154x300.jpg 154w, https:\/\/katiabrambila.net\/wp-content\/uploads\/2021\/05\/5456465-526x1024.jpg 526w, https:\/\/katiabrambila.net\/wp-content\/uploads\/2021\/05\/5456465-768x1494.jpg 768w, https:\/\/katiabrambila.net\/wp-content\/uploads\/2021\/05\/5456465-789x1536.jpg 789w, https:\/\/katiabrambila.net\/wp-content\/uploads\/2021\/05\/5456465-1053x2048.jpg 1053w, https:\/\/katiabrambila.net\/wp-content\/uploads\/2021\/05\/5456465-1200x2335.jpg 1200w, https:\/\/katiabrambila.net\/wp-content\/uploads\/2021\/05\/5456465-1980x3852.jpg 1980w\" sizes=\"auto, (max-width: 1316px) 100vw, 1316px\" \/><br \/>\n\t\t\t\t\t\t\t\t\t\t\t\t\t\t\t<img decoding=\"async\" width=\"1316\" height=\"2560\" src=\"https:\/\/katiabrambila.net\/wp-content\/uploads\/2021\/05\/4646541313-scaled.jpg\" alt=\"\" loading=\"lazy\" srcset=\"https:\/\/katiabrambila.net\/wp-content\/uploads\/2021\/05\/4646541313-scaled.jpg 1316w, https:\/\/katiabrambila.net\/wp-content\/uploads\/2021\/05\/4646541313-154x300.jpg 154w, https:\/\/katiabrambila.net\/wp-content\/uploads\/2021\/05\/4646541313-526x1024.jpg 526w, https:\/\/katiabrambila.net\/wp-content\/uploads\/2021\/05\/4646541313-768x1494.jpg 768w, https:\/\/katiabrambila.net\/wp-content\/uploads\/2021\/05\/4646541313-789x1536.jpg 789w, https:\/\/katiabrambila.net\/wp-content\/uploads\/2021\/05\/4646541313-1053x2048.jpg 1053w, https:\/\/katiabrambila.net\/wp-content\/uploads\/2021\/05\/4646541313-1200x2335.jpg 1200w, https:\/\/katiabrambila.net\/wp-content\/uploads\/2021\/05\/4646541313-1980x3852.jpg 1980w\" sizes=\"auto, (max-width: 1316px) 100vw, 1316px\" \/><br \/>\n\t\t\t\t\t\t\t\t\t\t\t\t\t\t\t<img decoding=\"async\" width=\"1316\" height=\"2560\" src=\"https:\/\/katiabrambila.net\/wp-content\/uploads\/2021\/05\/8765131-scaled.jpg\" alt=\"\" loading=\"lazy\" srcset=\"https:\/\/katiabrambila.net\/wp-content\/uploads\/2021\/05\/8765131-scaled.jpg 1316w, https:\/\/katiabrambila.net\/wp-content\/uploads\/2021\/05\/8765131-154x300.jpg 154w, https:\/\/katiabrambila.net\/wp-content\/uploads\/2021\/05\/8765131-526x1024.jpg 526w, https:\/\/katiabrambila.net\/wp-content\/uploads\/2021\/05\/8765131-768x1494.jpg 768w, https:\/\/katiabrambila.net\/wp-content\/uploads\/2021\/05\/8765131-789x1536.jpg 789w, https:\/\/katiabrambila.net\/wp-content\/uploads\/2021\/05\/8765131-1053x2048.jpg 1053w, https:\/\/katiabrambila.net\/wp-content\/uploads\/2021\/05\/8765131-1200x2335.jpg 1200w, https:\/\/katiabrambila.net\/wp-content\/uploads\/2021\/05\/8765131-1980x3852.jpg 1980w\" sizes=\"auto, (max-width: 1316px) 100vw, 1316px\" \/>\t\t\t\t\t\t\t\t\t\t\t\t\t\t\t<\/p>\n<p>REVISA\u00a0 TU CORREO ELECTR\u00d3NICO<\/p>\n<p>\u00daNETE A LOS GRUPOS DE FACEBOOK Y WHATSAPP<\/p>\n<p>CONOZC\u00c1MONOS<\/p>\n<p>Recuerda revisar muy bien tu bandeja de entrada, incluyendo SPAM, correo no deseado y promociones.\u00a0<\/p>\n<p>\u00a1Y queda muy al pendiente porque te estar\u00e9 enviando los accesos\u00a0 a las clases!<\/p>\n<p>\u00a0<\/p>\n<p>Aqu\u00ed compartiremos contenido exclusivo y novedades sobre el entrenamiento, as\u00ed que aseg\u00farate de estar en ambos grupos si no quieres perderte nada y de verdad quieres conseguir un negocio exitoso<\/p>\n<p>Haz clic para ver el video donde te cuento mi historia y cu\u00e9ntame tambi\u00e9n la tuya, as\u00ed sabr\u00e9 c\u00f3mo puedo ayudarte y preparar el mejor contenido para ti en las clases de entrenamiento.<\/p>\n<p>\t\t\t<a href=\"https:\/\/mail.google.com\/mail\/u\/0\/#search\/%22%C2%A1Felicidades%2C+est%C3%A1s+dentro!%22\" role=\"button\"><br \/>\n\t\t\t\t\t\tSi tienes Gmail, haz clic aqu\u00ed para encontrar r\u00e1pidamente mi mail<br \/>\n\t\t\t\t\t<\/a><br \/>\n\t\t\t<a href=\"https:\/\/www.facebook.com\/groups\/178221657517136\" target=\"_blank\" role=\"button\" rel=\"noopener\"><br \/>\n\t\t\t\t\t\tFacebook<br \/>\n\t\t\t\t\t<\/a><br \/>\n\t\t\t<a href=\"https:\/\/joinzap.app\/larecetaperfecta\" target=\"_blank\" role=\"button\" rel=\"noopener\"><br \/>\n\t\t\t\t\t\tWhatsapp<br \/>\n\t\t\t\t\t<\/a><br \/>\n\t\t\t<a href=\"https:\/\/katiabrambila.net\/engagement-nps\/\" role=\"button\"><br \/>\n\t\t\t\t\t\tCu\u00e9ntame tu historia<br \/>\n\t\t\t\t\t<\/a><br \/>\n\t\t\t\t\t\t\t\t\t\t\t\t\t\t\t<img decoding=\"async\" width=\"580\" height=\"308\" src=\"https:\/\/katiabrambila.net\/wp-content\/uploads\/2021\/05\/felicidades--1024x544.png\" alt=\"\" loading=\"lazy\" srcset=\"https:\/\/katiabrambila.net\/wp-content\/uploads\/2021\/05\/felicidades--1024x544.png 1024w, https:\/\/katiabrambila.net\/wp-content\/uploads\/2021\/05\/felicidades--300x159.png 300w, https:\/\/katiabrambila.net\/wp-content\/uploads\/2021\/05\/felicidades--768x408.png 768w, https:\/\/katiabrambila.net\/wp-content\/uploads\/2021\/05\/felicidades--1536x815.png 1536w, https:\/\/katiabrambila.net\/wp-content\/uploads\/2021\/05\/felicidades--1200x637.png 1200w, https:\/\/katiabrambila.net\/wp-content\/uploads\/2021\/05\/felicidades-.png 1931w\" sizes=\"auto, (max-width: 580px) 100vw, 580px\" \/>\t\t\t\t\t\t\t\t\t\t\t\t\t\t\t<\/p>\n<p>1<\/p>\n<p>REVISA\u00a0 TU CORREO ELECTR\u00d3NICO<\/p>\n<p>\t\t\t\t\t\t\t\t\t\t\t\t\t\t\t<img decoding=\"async\" width=\"526\" height=\"1024\" src=\"https:\/\/katiabrambila.net\/wp-content\/uploads\/2021\/05\/5456465-526x1024.jpg\" alt=\"\" loading=\"lazy\" srcset=\"https:\/\/katiabrambila.net\/wp-content\/uploads\/2021\/05\/5456465-526x1024.jpg 526w, https:\/\/katiabrambila.net\/wp-content\/uploads\/2021\/05\/5456465-154x300.jpg 154w, https:\/\/katiabrambila.net\/wp-content\/uploads\/2021\/05\/5456465-768x1494.jpg 768w, https:\/\/katiabrambila.net\/wp-content\/uploads\/2021\/05\/5456465-789x1536.jpg 789w, https:\/\/katiabrambila.net\/wp-content\/uploads\/2021\/05\/5456465-1053x2048.jpg 1053w, https:\/\/katiabrambila.net\/wp-content\/uploads\/2021\/05\/5456465-1200x2335.jpg 1200w, https:\/\/katiabrambila.net\/wp-content\/uploads\/2021\/05\/5456465-1980x3852.jpg 1980w, https:\/\/katiabrambila.net\/wp-content\/uploads\/2021\/05\/5456465-scaled.jpg 1316w\" sizes=\"auto, (max-width: 526px) 100vw, 526px\" \/>\t\t\t\t\t\t\t\t\t\t\t\t\t\t\t<\/p>\n<p>Recuerda revisar muy bien tu bandeja de entrada, incluyendo SPAM, correo no deseado y promociones.\u00a0<\/p>\n<p>\u00a1Y queda muy al pendiente porque te estar\u00e9 enviando los accesos\u00a0 a las clases!<\/p>\n<p>\t\t\t<a href=\"https:\/\/mail.google.com\/mail\/u\/0\/#search\/%22%C2%A1Felicidades%2C+est%C3%A1s+dentro!%22\" role=\"button\"><br \/>\n\t\t\t\t\t\tSi tienes Gmail, haz clic aqu\u00ed para encontrar r\u00e1pidamente mi mail<br \/>\n\t\t\t\t\t<\/a><\/p>\n<p>2<\/p>\n<p>\u00daNETE A LOS GRUPOS DE FACEBOOK Y WHATSAPP<\/p>\n<p>\t\t\t\t\t\t\t\t\t\t\t\t\t\t\t<img decoding=\"async\" width=\"526\" height=\"1024\" src=\"https:\/\/katiabrambila.net\/wp-content\/uploads\/2021\/05\/4646541313-526x1024.jpg\" alt=\"\" loading=\"lazy\" srcset=\"https:\/\/katiabrambila.net\/wp-content\/uploads\/2021\/05\/4646541313-526x1024.jpg 526w, https:\/\/katiabrambila.net\/wp-content\/uploads\/2021\/05\/4646541313-154x300.jpg 154w, https:\/\/katiabrambila.net\/wp-content\/uploads\/2021\/05\/4646541313-768x1494.jpg 768w, https:\/\/katiabrambila.net\/wp-content\/uploads\/2021\/05\/4646541313-789x1536.jpg 789w, https:\/\/katiabrambila.net\/wp-content\/uploads\/2021\/05\/4646541313-1053x2048.jpg 1053w, https:\/\/katiabrambila.net\/wp-content\/uploads\/2021\/05\/4646541313-1200x2335.jpg 1200w, https:\/\/katiabrambila.net\/wp-content\/uploads\/2021\/05\/4646541313-1980x3852.jpg 1980w, https:\/\/katiabrambila.net\/wp-content\/uploads\/2021\/05\/4646541313-scaled.jpg 1316w\" sizes=\"auto, (max-width: 526px) 100vw, 526px\" \/>\t\t\t\t\t\t\t\t\t\t\t\t\t\t\t<\/p>\n<p>Aqu\u00ed compartiremos contenido exclusivo y novedades sobre el entrenamiento, as\u00ed que aseg\u00farate de estar en ambos grupos si no quieres perderte nada y de verdad quieres conseguir un negocio exitoso<\/p>\n<p>\t\t\t<a href=\"https:\/\/www.facebook.com\/groups\/178221657517136\" target=\"_blank\" role=\"button\" rel=\"noopener\"><br \/>\n\t\t\t\t\t\tFacebook<br \/>\n\t\t\t\t\t<\/a><br \/>\n\t\t\t<a href=\"https:\/\/joinzap.app\/larecetaperfecta\" target=\"_blank\" role=\"button\" rel=\"noopener\"><br \/>\n\t\t\t\t\t\tWhatsApp<br \/>\n\t\t\t\t\t<\/a><\/p>\n<p>3<\/p>\n<p>CONOZC\u00c1MONOS<\/p>\n<p>\t\t\t\t\t\t\t\t\t\t\t\t\t\t\t<img decoding=\"async\" width=\"526\" height=\"1024\" src=\"https:\/\/katiabrambila.net\/wp-content\/uploads\/2021\/05\/8765131-526x1024.jpg\" alt=\"\" loading=\"lazy\" srcset=\"https:\/\/katiabrambila.net\/wp-content\/uploads\/2021\/05\/8765131-526x1024.jpg 526w, https:\/\/katiabrambila.net\/wp-content\/uploads\/2021\/05\/8765131-154x300.jpg 154w, https:\/\/katiabrambila.net\/wp-content\/uploads\/2021\/05\/8765131-768x1494.jpg 768w, https:\/\/katiabrambila.net\/wp-content\/uploads\/2021\/05\/8765131-789x1536.jpg 789w, https:\/\/katiabrambila.net\/wp-content\/uploads\/2021\/05\/8765131-1053x2048.jpg 1053w, https:\/\/katiabrambila.net\/wp-content\/uploads\/2021\/05\/8765131-1200x2335.jpg 1200w, https:\/\/katiabrambila.net\/wp-content\/uploads\/2021\/05\/8765131-1980x3852.jpg 1980w, https:\/\/katiabrambila.net\/wp-content\/uploads\/2021\/05\/8765131-scaled.jpg 1316w\" sizes=\"auto, (max-width: 526px) 100vw, 526px\" \/>\t\t\t\t\t\t\t\t\t\t\t\t\t\t\t<\/p>\n<p>Aqu\u00ed compartiremos contenido exclusivo y novedades sobre el entrenamiento, as\u00ed que aseg\u00farate de estar en ambos grupos si no quieres perderte nada y de verdad quieres conseguir un negocio exitoso<\/p>\n<p>\t\t\t<a href=\"#\" role=\"button\"><br \/>\n\t\t\t\t\t\tCu\u00e9ntame tu historia<br \/>\n\t\t\t\t\t<\/a><br \/>\n\t\t\t\t\t\t\t\t\t\t\t\t\t\t\t<img decoding=\"async\" width=\"580\" height=\"66\" src=\"https:\/\/katiabrambila.net\/wp-content\/uploads\/2021\/05\/triangulo-1024x116.png\" alt=\"\" loading=\"lazy\" srcset=\"https:\/\/katiabrambila.net\/wp-content\/uploads\/2021\/05\/triangulo-1024x116.png 1024w, https:\/\/katiabrambila.net\/wp-content\/uploads\/2021\/05\/triangulo-300x34.png 300w, https:\/\/katiabrambila.net\/wp-content\/uploads\/2021\/05\/triangulo-768x87.png 768w, https:\/\/katiabrambila.net\/wp-content\/uploads\/2021\/05\/triangulo-1536x174.png 1536w, https:\/\/katiabrambila.net\/wp-content\/uploads\/2021\/05\/triangulo-1200x136.png 1200w, https:\/\/katiabrambila.net\/wp-content\/uploads\/2021\/05\/triangulo.png 1920w\" sizes=\"auto, (max-width: 580px) 100vw, 580px\" \/><br \/>\n\t\t\t<!-- Google Tag Manager --><br \/>\n<!-- End Google Tag Manager --><br \/>\n<!-- Google Tag Manager (noscript) --><br \/>\n<noscript><iframe src=\"https:\/\/www.googletagmanager.com\/ns.html?id=GTM-K543KLQ\"\nheight=\"0\" width=\"0\" style=\"display:none;visibility:hidden\"><\/iframe><\/noscript><br \/>\n<!-- End Google Tag Manager (noscript) -->\t\t<\/p>\n<p style=\"text-align: center;\">Este sitio utiliza cookies propias y de terceros. Si continuas navegando, consideramos que aceptas su uso. M&aacute;s informaci&oacute;n en nuestro <a style=\"color: #ffffff;\" title=\"aviso de privacidad\" href=\"https:\/\/katiabrambila.net\/privacidad\/\" target=\"_blank\" rel=\"noopener\"><strong>aviso de privacidad.<\/strong><\/a><\/p>\n<p style=\"text-align: center;\">&copy; 2021 Sweet Paleo Mx | <a style=\"color: #ffffff; text-decoration: underline;\" title=\"Aviso de Privacidad\" href=\"https:\/\/katiabrambila.net\/privacidad\/\" target=\"_blank\" rel=\"noopener\"><strong>Aviso de Privacidad<\/strong><\/a> | <a style=\"color: #ffffff;\" title=\"T&eacute;rminos y Condiciones\" href=\"https:\/\/katiabrambila.net\/terminos\/\" target=\"_blank\" rel=\"noopener\"><strong>T&eacute;rminos y condiciones<\/strong><\/a> | <a style=\"color: #ffffff;\" title=\"soporte@sweetpaleomx.com\" href=\"mailto:soporte@sweetpaleomx.com\" target=\"_blank\" rel=\"noopener\"><strong>soporte@sweetpaleomx.com<\/strong><\/a><\/p>\n","protected":false},"excerpt":{"rendered":"<p>\u00a1Bienvenida al entrenamiento gratuito! https:\/\/vimeo.com\/552688258 1 2 3 REVISA\u00a0 TU CORREO ELECTR\u00d3NICO \u00daNETE A LOS GRUPOS DE FACEBOOK Y WHATSAPP CONOZC\u00c1MONOS Recuerda revisar muy bien tu bandeja de entrada, incluyendo SPAM, correo no deseado y promociones.\u00a0 \u00a1Y queda muy al pendiente porque te estar\u00e9 enviando los accesos\u00a0 a las clases! \u00a0 Aqu\u00ed compartiremos contenido exclusivo [&hellip;]<\/p>\n","protected":false},"author":22,"featured_media":0,"parent":0,"menu_order":0,"comment_status":"closed","ping_status":"closed","template":"elementor_canvas","meta":{"footnotes":""},"class_list":["post-1859","page","type-page","status-publish","hentry"],"_links":{"self":[{"href":"https:\/\/katiabrambila.net\/index.php?rest_route=\/wp\/v2\/pages\/1859","targetHints":{"allow":["GET"]}}],"collection":[{"href":"https:\/\/katiabrambila.net\/index.php?rest_route=\/wp\/v2\/pages"}],"about":[{"href":"https:\/\/katiabrambila.net\/index.php?rest_route=\/wp\/v2\/types\/page"}],"author":[{"embeddable":true,"href":"https:\/\/katiabrambila.net\/index.php?rest_route=\/wp\/v2\/users\/22"}],"replies":[{"embeddable":true,"href":"https:\/\/katiabrambila.net\/index.php?rest_route=%2Fwp%2Fv2%2Fcomments&post=1859"}],"version-history":[{"count":0,"href":"https:\/\/katiabrambila.net\/index.php?rest_route=\/wp\/v2\/pages\/1859\/revisions"}],"wp:attachment":[{"href":"https:\/\/katiabrambila.net\/index.php?rest_route=%2Fwp%2Fv2%2Fmedia&parent=1859"}],"curies":[{"name":"wp","href":"https:\/\/api.w.org\/{rel}","templated":true}]}}