{"id":1887,"date":"2021-05-19T17:47:13","date_gmt":"2021-05-19T22:47:13","guid":{"rendered":"https:\/\/katiabrambila.net\/?page_id=1887"},"modified":"2021-11-11T17:32:25","modified_gmt":"2021-11-11T23:32:25","slug":"pilares-marcha-negocio","status":"publish","type":"page","link":"https:\/\/katiabrambila.net\/?page_id=1887","title":{"rendered":"Crea tu negocio de postres saludables &#8211; video 3"},"content":{"rendered":"<style>\/*! elementor - v3.4.7 - 31-10-2021 *\/\n.elementor-widget-image{text-align:center}.elementor-widget-image a{display:inline-block}.elementor-widget-image a img[src$=\".svg\"]{width:48px}.elementor-widget-image img{vertical-align:middle;display:inline-block}<\/style>\n<p>\t\t\t\t\t\t\t\t\t\t\t\t<img decoding=\"async\" width=\"800\" height=\"228\" src=\"https:\/\/katiabrambila.net\/wp-content\/uploads\/2021\/10\/clase-3-titulo-1024x292.png\" alt=\"\" loading=\"lazy\" srcset=\"https:\/\/katiabrambila.net\/wp-content\/uploads\/2021\/10\/clase-3-titulo-1024x292.png 1024w, https:\/\/katiabrambila.net\/wp-content\/uploads\/2021\/10\/clase-3-titulo-300x85.png 300w, https:\/\/katiabrambila.net\/wp-content\/uploads\/2021\/10\/clase-3-titulo-768x219.png 768w, https:\/\/katiabrambila.net\/wp-content\/uploads\/2021\/10\/clase-3-titulo.png 1078w\" sizes=\"auto, (max-width: 800px) 100vw, 800px\" \/><br \/>\n\t\t\t\t\t\t\t\t\t\t\t\t\t\t\t<img decoding=\"async\" width=\"800\" height=\"115\" src=\"https:\/\/katiabrambila.net\/wp-content\/uploads\/2021\/10\/mitad-3-1024x147.jpg\" alt=\"\" loading=\"lazy\" srcset=\"https:\/\/katiabrambila.net\/wp-content\/uploads\/2021\/10\/mitad-3-1024x147.jpg 1024w, https:\/\/katiabrambila.net\/wp-content\/uploads\/2021\/10\/mitad-3-300x43.jpg 300w, https:\/\/katiabrambila.net\/wp-content\/uploads\/2021\/10\/mitad-3-768x110.jpg 768w, https:\/\/katiabrambila.net\/wp-content\/uploads\/2021\/10\/mitad-3.jpg 1078w\" sizes=\"auto, (max-width: 800px) 100vw, 800px\" \/><br \/>\n\t\thttps:\/\/vimeo.com\/638810020<\/p>\n<p><b>\u00a1Ap\u00fantate en la Lista Prioritaria para disfrutar la \u00faltima clase antes que nadie!<\/b><\/p>\n<p>Al estar en esta exclusiva lista podr\u00e1s ver la clase un d\u00eda antes que todos los dem\u00e1s, y tendr\u00e1s tambi\u00e9n otros beneficios muy especiales. \u00a1Aprovecha esta oportunidad!<\/p>\n<p>\t\t\t<a href=\"https:\/\/katiabrambila.net\/lista-prioritaria\" role=\"button\"><br \/>\n\t\t\t\t\t\tHaz clic aqu\u00ed para registrarte en la Lista Prioritaria<br \/>\n\t\t\t\t\t<\/a><br \/>\n\t\t\t\t\t\t\t\t\t\t\t\t\t\t\t\t<a href=\"https:\/\/katiabrambila.net\/negocio-postre-saludable\/\"><br \/>\n\t\t\t\t\t\t\t<img decoding=\"async\" width=\"800\" height=\"217\" src=\"https:\/\/katiabrambila.net\/wp-content\/uploads\/2021\/10\/Asset-11.png\" alt=\"\" loading=\"lazy\" srcset=\"https:\/\/katiabrambila.net\/wp-content\/uploads\/2021\/10\/Asset-11.png 830w, https:\/\/katiabrambila.net\/wp-content\/uploads\/2021\/10\/Asset-11-300x81.png 300w, https:\/\/katiabrambila.net\/wp-content\/uploads\/2021\/10\/Asset-11-768x208.png 768w\" sizes=\"auto, (max-width: 800px) 100vw, 800px\" \/>\t\t\t\t\t\t\t\t<\/a><br \/>\n\t\t\t\t\t\t\t\t\t\t\t\t\t\t\t\t<a href=\"https:\/\/katiabrambila.net\/ingredientes-negocio-rentable\/\"><br \/>\n\t\t\t\t\t\t\t<img decoding=\"async\" width=\"800\" height=\"194\" src=\"https:\/\/katiabrambila.net\/wp-content\/uploads\/2021\/10\/Asset-12-1.png\" alt=\"\" loading=\"lazy\" srcset=\"https:\/\/katiabrambila.net\/wp-content\/uploads\/2021\/10\/Asset-12-1.png 912w, https:\/\/katiabrambila.net\/wp-content\/uploads\/2021\/10\/Asset-12-1-300x73.png 300w, https:\/\/katiabrambila.net\/wp-content\/uploads\/2021\/10\/Asset-12-1-768x186.png 768w\" sizes=\"auto, (max-width: 800px) 100vw, 800px\" \/>\t\t\t\t\t\t\t\t<\/a><br \/>\n\t\t\t\t\t\t\t\t\t\t\t\t\t\t\t\t<a href=\"https:\/\/katiabrambila.net\/pilares-marcha-negocio\/\"><br \/>\n\t\t\t\t\t\t\t<img decoding=\"async\" width=\"800\" height=\"193\" src=\"https:\/\/katiabrambila.net\/wp-content\/uploads\/2021\/10\/Asset-13.png\" alt=\"\" loading=\"lazy\" srcset=\"https:\/\/katiabrambila.net\/wp-content\/uploads\/2021\/10\/Asset-13.png 914w, https:\/\/katiabrambila.net\/wp-content\/uploads\/2021\/10\/Asset-13-300x73.png 300w, https:\/\/katiabrambila.net\/wp-content\/uploads\/2021\/10\/Asset-13-768x186.png 768w\" sizes=\"auto, (max-width: 800px) 100vw, 800px\" \/>\t\t\t\t\t\t\t\t<\/a><br \/>\n\t\t\t\t\t\t\t\t\t\t\t\t\t\t\t\t<a href=\"https:\/\/katiabrambila.net\/crear-negocio-postres\/\"><br \/>\n\t\t\t\t\t\t\t<img decoding=\"async\" width=\"800\" height=\"193\" src=\"https:\/\/katiabrambila.net\/wp-content\/uploads\/2021\/11\/Asset-32.3.png\" alt=\"\" loading=\"lazy\" srcset=\"https:\/\/katiabrambila.net\/wp-content\/uploads\/2021\/11\/Asset-32.3.png 916w, https:\/\/katiabrambila.net\/wp-content\/uploads\/2021\/11\/Asset-32.3-300x72.png 300w, https:\/\/katiabrambila.net\/wp-content\/uploads\/2021\/11\/Asset-32.3-768x185.png 768w\" sizes=\"auto, (max-width: 800px) 100vw, 800px\" \/>\t\t\t\t\t\t\t\t<\/a><\/p>\n<p><b>\u00a1Ap\u00fantate en la Lista Prioritaria para disfrutar la \u00faltima clase antes que nadie!<\/b><\/p>\n<p>Al estar en esta exclusiva lista podr\u00e1s ver la clase un d\u00eda antes que todos los dem\u00e1s, y tendr\u00e1s tambi\u00e9n otros beneficios muy especiales. \u00a1Aprovecha esta oportunidad!<\/p>\n<p>\t\t\t<a href=\"https:\/\/katiabrambila.net\/lista-prioritaria\" role=\"button\"><br \/>\n\t\t\t\t\t\tHaz clic aqu\u00ed para registrarte en la Lista Prioritaria<br \/>\n\t\t\t\t\t<\/a><br \/>\n\t\t\t\t\t\t\t\t\t\t\t\t\t\t\t<img decoding=\"async\" width=\"800\" height=\"241\" src=\"https:\/\/katiabrambila.net\/wp-content\/uploads\/2021\/10\/preguntas-1-1024x308.png\" alt=\"\" loading=\"lazy\" srcset=\"https:\/\/katiabrambila.net\/wp-content\/uploads\/2021\/10\/preguntas-1-1024x308.png 1024w, https:\/\/katiabrambila.net\/wp-content\/uploads\/2021\/10\/preguntas-1-300x90.png 300w, https:\/\/katiabrambila.net\/wp-content\/uploads\/2021\/10\/preguntas-1-768x231.png 768w, https:\/\/katiabrambila.net\/wp-content\/uploads\/2021\/10\/preguntas-1.png 1095w\" sizes=\"auto, (max-width: 800px) 100vw, 800px\" \/><br \/>\n\t\t\t<!-- Google Tag Manager (noscript) --><br \/>\n<noscript><iframe src=\"https:\/\/www.googletagmanager.com\/ns.html?id=GTM-K543KLQ\"\nheight=\"0\" width=\"0\" style=\"display:none;visibility:hidden\"><\/iframe><\/noscript><br \/>\n<!-- End Google Tag Manager (noscript) -->\t\t<\/p>\n<p style=\"text-align: center;\">Este sitio utiliza cookies propias y de terceros. Si continuas navegando, consideramos que aceptas su uso. M&aacute;s informaci&oacute;n en nuestro <a style=\"color: #ffffff;\" title=\"aviso de privacidad\" href=\"https:\/\/katiabrambila.net\/privacidad\/\" target=\"_blank\" rel=\"noopener\"><strong>aviso de privacidad.<\/strong><\/a><\/p>\n<p style=\"text-align: center;\">&copy; 2021 Sweet Paleo Mx | <a style=\"color: #ffffff; text-decoration: underline;\" title=\"Aviso de Privacidad\" href=\"https:\/\/katiabrambila.net\/privacidad\/\" target=\"_blank\" rel=\"noopener\"><strong>Aviso de Privacidad<\/strong><\/a> | <a style=\"color: #ffffff;\" title=\"T&eacute;rminos y Condiciones\" href=\"https:\/\/katiabrambila.net\/terminos\/\" target=\"_blank\" rel=\"noopener\"><strong>T&eacute;rminos y condiciones<\/strong><\/a> | <a style=\"color: #ffffff;\" title=\"soporte@sweetpaleomx.com\" href=\"mailto:soporte@sweetpaleomx.com\" target=\"_blank\" rel=\"noopener\"><strong>soporte@sweetpaleomx.com<\/strong><\/a><\/p>\n","protected":false},"excerpt":{"rendered":"<p>https:\/\/vimeo.com\/638810020 \u00a1Ap\u00fantate en la Lista Prioritaria para disfrutar la \u00faltima clase antes que nadie! Al estar en esta exclusiva lista podr\u00e1s ver la clase un d\u00eda antes que todos los dem\u00e1s, y tendr\u00e1s tambi\u00e9n otros beneficios muy especiales. \u00a1Aprovecha esta oportunidad! Haz clic aqu\u00ed para registrarte en la Lista Prioritaria \u00a1Ap\u00fantate en la Lista Prioritaria [&hellip;]<\/p>\n","protected":false},"author":22,"featured_media":0,"parent":0,"menu_order":0,"comment_status":"closed","ping_status":"closed","template":"elementor_canvas","meta":{"footnotes":""},"class_list":["post-1887","page","type-page","status-publish","hentry"],"_links":{"self":[{"href":"https:\/\/katiabrambila.net\/index.php?rest_route=\/wp\/v2\/pages\/1887","targetHints":{"allow":["GET"]}}],"collection":[{"href":"https:\/\/katiabrambila.net\/index.php?rest_route=\/wp\/v2\/pages"}],"about":[{"href":"https:\/\/katiabrambila.net\/index.php?rest_route=\/wp\/v2\/types\/page"}],"author":[{"embeddable":true,"href":"https:\/\/katiabrambila.net\/index.php?rest_route=\/wp\/v2\/users\/22"}],"replies":[{"embeddable":true,"href":"https:\/\/katiabrambila.net\/index.php?rest_route=%2Fwp%2Fv2%2Fcomments&post=1887"}],"version-history":[{"count":0,"href":"https:\/\/katiabrambila.net\/index.php?rest_route=\/wp\/v2\/pages\/1887\/revisions"}],"wp:attachment":[{"href":"https:\/\/katiabrambila.net\/index.php?rest_route=%2Fwp%2Fv2%2Fmedia&parent=1887"}],"curies":[{"name":"wp","href":"https:\/\/api.w.org\/{rel}","templated":true}]}}