{"id":2357,"date":"2021-05-25T11:51:46","date_gmt":"2021-05-25T16:51:46","guid":{"rendered":"https:\/\/katiabrambila.net\/?page_id=2357"},"modified":"2021-11-07T16:26:26","modified_gmt":"2021-11-07T22:26:26","slug":"directo","status":"publish","type":"page","link":"https:\/\/katiabrambila.net\/?page_id=2357","title":{"rendered":"Crea tu negocio de postres saludables &#8211; Directo"},"content":{"rendered":"<style>\/*! elementor-pro - v3.4.2 - 12-10-2021 *\/\n.elementor-widget-countdown .elementor-countdown-expire--message{display:none;padding:20px;text-align:center}.elementor-widget-countdown .elementor-countdown-wrapper{-webkit-box-orient:horizontal;-webkit-box-direction:normal;-ms-flex-direction:row;flex-direction:row}.elementor-widget-countdown .elementor-countdown-item{padding:20px 0;text-align:center;color:#fff}.elementor-widget-countdown .elementor-countdown-digits,.elementor-widget-countdown .elementor-countdown-label{line-height:1}.elementor-widget-countdown .elementor-countdown-digits{font-size:69px}.elementor-widget-countdown .elementor-countdown-label{font-size:19px}.elementor-widget-countdown.elementor-countdown--label-block .elementor-countdown-wrapper{display:-webkit-box;display:-ms-flexbox;display:flex;-webkit-box-pack:center;-ms-flex-pack:center;justify-content:center;margin-right:auto;margin-left:auto}.elementor-widget-countdown.elementor-countdown--label-block .elementor-countdown-digits,.elementor-widget-countdown.elementor-countdown--label-block .elementor-countdown-label{display:block}.elementor-widget-countdown.elementor-countdown--label-block .elementor-countdown-item{-ms-flex-preferred-size:0;flex-basis:0;-webkit-box-flex:1;-ms-flex-positive:1;flex-grow:1}.elementor-widget-countdown.elementor-countdown--label-inline{text-align:center}.elementor-widget-countdown.elementor-countdown--label-inline .elementor-countdown-item{display:inline-block;padding-left:5px;padding-right:5px}<\/style>\n<p>\t\t\t Days Hours Minutes Seconds<br \/>\n\t\t\t Days Hours Minutes Seconds\t\t<\/p>\n<p>En esta transmisi\u00f3n en directo te dar\u00e9 un <b>adelanto <\/b>de todo lo que te llevar\u00e1s y <b>aprender\u00e1s <\/b>en el entrenamiento, voy a <b>resolver las dudas<\/b> que tengas para asegurarnos de <b>estar listas <\/b>para dar lo mejor de nosotras en la primera clase.<\/p>\n<p>\u00a1No te la puedes perder!<\/p>\n<p>\t\t\t<a href=\"https:\/\/youtu.be\/-JzOB53H0DE\" target=\"_blank\" role=\"button\" rel=\"noopener\"><br \/>\n\t\t\t\t\t\tIR AL DIRECTO AHORA<br \/>\n\t\t\t\t\t<\/a><\/p>\n<style>\/*! elementor - v3.4.7 - 31-10-2021 *\/\n.elementor-widget-image{text-align:center}.elementor-widget-image a{display:inline-block}.elementor-widget-image a img[src$=\".svg\"]{width:48px}.elementor-widget-image img{vertical-align:middle;display:inline-block}<\/style>\n<p>\t\t\t\t\t\t\t\t\t\t\t\t<img decoding=\"async\" width=\"800\" height=\"371\" src=\"https:\/\/katiabrambila.net\/wp-content\/uploads\/2021\/10\/Asset-2-1.png\" alt=\"\" loading=\"lazy\" srcset=\"https:\/\/katiabrambila.net\/wp-content\/uploads\/2021\/10\/Asset-2-1.png 986w, https:\/\/katiabrambila.net\/wp-content\/uploads\/2021\/10\/Asset-2-1-300x139.png 300w, https:\/\/katiabrambila.net\/wp-content\/uploads\/2021\/10\/Asset-2-1-768x356.png 768w\" sizes=\"auto, (max-width: 800px) 100vw, 800px\" \/>\t\t\t\t\t\t\t\t\t\t\t\t\t\t\t<\/p>\n<ul id=\"eael-countdown-02643d9\" data-date=\"Nov 04 2021 11:00:00\">\n<li>00D\u00edas<\/li>\n<li>00Horas<\/li>\n<li>00Minutos<\/li>\n<li>00Segundos<\/li>\n<\/ul>\n<ul id=\"eael-countdown-a6baaa8\" data-date=\"Nov 04 2021 11:00:00\">\n<li>00D\u00edas<\/li>\n<li>00Horas<\/li>\n<li>00Minutos<\/li>\n<li>00Segundos<\/li>\n<\/ul>\n<p>En la primera clase del entrenamiento ya te diste cuenta del gran negocio que es tener una reposter\u00eda saludable, pero, <b>\u00bfc\u00f3mo hago postres saludables si no tengo experiencia en ello? <\/b>En esta clase te dar\u00e9 una<b> introducci\u00f3n de lo m\u00e1s importante que necesitas saber para elaborar este tipo de producto<\/b>s, adem\u00e1s de los ingredientes que debes utilizar.<\/p>\n<p>\u00a1No te la pierdas por nada del mundo!<\/p>\n<p>\t\t\t<a href=\"https:\/\/youtu.be\/3BatvkGNXgI\" target=\"_blank\" role=\"button\" rel=\"noopener\"><br \/>\n\t\t\t\t\t\tIR AL DIRECTO AHORA<br \/>\n\t\t\t\t\t<\/a><br \/>\n\t\t\t\t\t\t\t\t\t\t\t\t\t\t\t<img decoding=\"async\" width=\"800\" height=\"225\" src=\"https:\/\/katiabrambila.net\/wp-content\/uploads\/2021\/10\/d1_1-1024x288.jpg\" alt=\"\" loading=\"lazy\" srcset=\"https:\/\/katiabrambila.net\/wp-content\/uploads\/2021\/10\/d1_1-1024x288.jpg 1024w, https:\/\/katiabrambila.net\/wp-content\/uploads\/2021\/10\/d1_1-300x84.jpg 300w, https:\/\/katiabrambila.net\/wp-content\/uploads\/2021\/10\/d1_1-768x216.jpg 768w, https:\/\/katiabrambila.net\/wp-content\/uploads\/2021\/10\/d1_1.jpg 1080w\" sizes=\"auto, (max-width: 800px) 100vw, 800px\" \/><br \/>\n\t\t\t\t\t\t\t\t\t\t\t\t\t\t\t<img decoding=\"async\" width=\"301\" height=\"471\" src=\"https:\/\/katiabrambila.net\/wp-content\/uploads\/2021\/10\/d4.png\" alt=\"\" loading=\"lazy\" srcset=\"https:\/\/katiabrambila.net\/wp-content\/uploads\/2021\/10\/d4.png 301w, https:\/\/katiabrambila.net\/wp-content\/uploads\/2021\/10\/d4-192x300.png 192w\" sizes=\"auto, (max-width: 301px) 100vw, 301px\" \/>\t\t\t\t\t\t\t\t\t\t\t\t\t\t\t<\/p>\n<ul id=\"eael-countdown-0a49eb7\" data-date=\"Nov 09 2021 11:00:00\">\n<li>00D\u00edas<\/li>\n<li>00Horas<\/li>\n<li>00Minutos<\/li>\n<li>00Segundos<\/li>\n<\/ul>\n<ul id=\"eael-countdown-988c4c2\" data-date=\"Nov 09 2021 11:00:00\">\n<li>00D\u00edas<\/li>\n<li>00Horas<\/li>\n<li>00Minutos<\/li>\n<li>00Segundos<\/li>\n<\/ul>\n<p>En esta transmisi\u00f3n en directo te mostrar\u00e9 paso a paso c\u00f3mo preparar un delicioso y saludable postre saludable, ver\u00e1s lo f\u00e1cil que es <b>incluso si no tienes experiencia haciendo postres<\/b>.<\/p>\n<p>\u00bfLista para empezar a preparar postres saludables?<\/p>\n<p>\t\t\t<a href=\"https:\/\/youtu.be\/Znms1ERFF8s\" target=\"_blank\" role=\"button\" rel=\"noopener\"><br \/>\n\t\t\t\t\t\tIR AL DIRECTO AHORA<br \/>\n\t\t\t\t\t<\/a><br \/>\n\t\t\t\t\t\t\t\t\t\t\t\t\t\t\t<img decoding=\"async\" width=\"800\" height=\"225\" src=\"https:\/\/katiabrambila.net\/wp-content\/uploads\/2021\/10\/d3-1024x288.jpg\" alt=\"\" loading=\"lazy\" srcset=\"https:\/\/katiabrambila.net\/wp-content\/uploads\/2021\/10\/d3-1024x288.jpg 1024w, https:\/\/katiabrambila.net\/wp-content\/uploads\/2021\/10\/d3-300x84.jpg 300w, https:\/\/katiabrambila.net\/wp-content\/uploads\/2021\/10\/d3-768x216.jpg 768w, https:\/\/katiabrambila.net\/wp-content\/uploads\/2021\/10\/d3.jpg 1080w\" sizes=\"auto, (max-width: 800px) 100vw, 800px\" \/><br \/>\n\t\t\t\t\t\t\t\t\t\t\t\t\t\t\t<img decoding=\"async\" width=\"296\" height=\"475\" src=\"https:\/\/katiabrambila.net\/wp-content\/uploads\/2021\/10\/d3_1.png\" alt=\"\" loading=\"lazy\" srcset=\"https:\/\/katiabrambila.net\/wp-content\/uploads\/2021\/10\/d3_1.png 296w, https:\/\/katiabrambila.net\/wp-content\/uploads\/2021\/10\/d3_1-187x300.png 187w\" sizes=\"auto, (max-width: 296px) 100vw, 296px\" \/>\t\t\t\t\t\t\t\t\t\t\t\t\t\t\t<\/p>\n<ul id=\"eael-countdown-229b693\" data-date=\"Nov 12 2021 11:00:00\">\n<li>00D\u00edas<\/li>\n<li>00Horas<\/li>\n<li>00Minutos<\/li>\n<li>00Segundos<\/li>\n<\/ul>\n<ul id=\"eael-countdown-169be7d\" data-date=\"Nov 12 2021 11:00:00\">\n<li>00D\u00edas<\/li>\n<li>00Horas<\/li>\n<li>00Minutos<\/li>\n<li>00Segundos<\/li>\n<\/ul>\n<p>En esta masterclass te ense\u00f1ar\u00e9<b> c\u00f3mo seleccionar los postres a ofrecer en tu negocio considerando costos, proveedores y estrategias de venta.<\/b> \u00a1No te la puedes perder por nada del mundo!<\/p>\n<p>\t\t\t<a href=\"https:\/\/youtu.be\/Jf0fF7_fLpw\" target=\"_blank\" role=\"button\" rel=\"noopener\"><br \/>\n\t\t\t\t\t\tIR AL DIRECTO AHORA<br \/>\n\t\t\t\t\t<\/a><br \/>\n\t\t\t\t\t\t\t\t\t\t\t\t\t\t\t<img decoding=\"async\" width=\"800\" height=\"225\" src=\"https:\/\/katiabrambila.net\/wp-content\/uploads\/2021\/10\/d2-1024x288.jpg\" alt=\"\" loading=\"lazy\" srcset=\"https:\/\/katiabrambila.net\/wp-content\/uploads\/2021\/10\/d2-1024x288.jpg 1024w, https:\/\/katiabrambila.net\/wp-content\/uploads\/2021\/10\/d2-300x84.jpg 300w, https:\/\/katiabrambila.net\/wp-content\/uploads\/2021\/10\/d2-768x216.jpg 768w, https:\/\/katiabrambila.net\/wp-content\/uploads\/2021\/10\/d2.jpg 1080w\" sizes=\"auto, (max-width: 800px) 100vw, 800px\" \/><br \/>\n\t\t\t\t\t\t\t\t\t\t\t\t\t\t\t<img decoding=\"async\" width=\"280\" height=\"470\" src=\"https:\/\/katiabrambila.net\/wp-content\/uploads\/2021\/10\/d2-1.png\" alt=\"\" loading=\"lazy\" srcset=\"https:\/\/katiabrambila.net\/wp-content\/uploads\/2021\/10\/d2-1.png 280w, https:\/\/katiabrambila.net\/wp-content\/uploads\/2021\/10\/d2-1-179x300.png 179w\" sizes=\"auto, (max-width: 280px) 100vw, 280px\" \/>\t\t\t\t\t\t\t\t\t\t\t\t\t\t\t<\/p>\n<ul id=\"eael-countdown-bfd27b4\" data-date=\"Nov 17 2021 11:00:00\">\n<li>00D\u00edas<\/li>\n<li>00Horas<\/li>\n<li>00Minutos<\/li>\n<li>00Segundos<\/li>\n<\/ul>\n<ul id=\"eael-countdown-a4a4bd3\" data-date=\"Nov 17 2021 11:00:00\">\n<li>00D\u00edas<\/li>\n<li>00Horas<\/li>\n<li>00Minutos<\/li>\n<li>00Segundos<\/li>\n<\/ul>\n<p>En esta gran fiesta estaremos conviviendo con las <b>alumnas <\/b>que se han inscrito al programa, las <b>chefs de coraz\u00f3n<\/b> que quieren salir a seguir sus sue\u00f1os, y adem\u00e1s, \u00a1tendremos muchas <b>sorpresas<\/b>!<\/p>\n<p>No te pierdas este evento inolvidable<\/p>\n<p>\t\t\t<a href=\"https:\/\/youtu.be\/Sz4GxugbtRA\" target=\"_blank\" role=\"button\" rel=\"noopener\"><br \/>\n\t\t\t\t\t\tIR AL DIRECTO AHORA<br \/>\n\t\t\t\t\t<\/a><br \/>\n\t\t\t\t\t\t\t\t\t\t\t\t\t\t\t<img decoding=\"async\" width=\"800\" height=\"224\" src=\"https:\/\/katiabrambila.net\/wp-content\/uploads\/2021\/10\/d4-1024x287.jpg\" alt=\"\" loading=\"lazy\" srcset=\"https:\/\/katiabrambila.net\/wp-content\/uploads\/2021\/10\/d4-1024x287.jpg 1024w, https:\/\/katiabrambila.net\/wp-content\/uploads\/2021\/10\/d4-300x84.jpg 300w, https:\/\/katiabrambila.net\/wp-content\/uploads\/2021\/10\/d4-768x215.jpg 768w, https:\/\/katiabrambila.net\/wp-content\/uploads\/2021\/10\/d4.jpg 1080w\" sizes=\"auto, (max-width: 800px) 100vw, 800px\" \/><br \/>\n\t\t\t\t\t\t\t\t\t\t\t\t\t\t\t<img decoding=\"async\" width=\"335\" height=\"469\" src=\"https:\/\/katiabrambila.net\/wp-content\/uploads\/2021\/10\/d1-1.png\" alt=\"\" loading=\"lazy\" srcset=\"https:\/\/katiabrambila.net\/wp-content\/uploads\/2021\/10\/d1-1.png 335w, https:\/\/katiabrambila.net\/wp-content\/uploads\/2021\/10\/d1-1-214x300.png 214w\" sizes=\"auto, (max-width: 335px) 100vw, 335px\" \/>\t\t\t\t\t\t\t\t\t\t\t\t\t\t\t<\/p>\n<p style=\"text-align: center;\">Este sitio utiliza cookies propias y de terceros. Si continuas navegando, consideramos que aceptas su uso. M&aacute;s informaci&oacute;n en nuestro <a style=\"color: #ffffff;\" title=\"aviso de privacidad\" href=\"https:\/\/katiabrambila.net\/privacidad\/\" target=\"_blank\" rel=\"noopener\"><strong>aviso de privacidad.<\/strong><\/a><\/p>\n<p style=\"text-align: center;\">&copy; 2021 Sweet Paleo Mx | <a style=\"color: #ffffff; text-decoration: underline;\" title=\"Aviso de Privacidad\" href=\"https:\/\/katiabrambila.net\/privacidad\/\" target=\"_blank\" rel=\"noopener\"><strong>Aviso de Privacidad<\/strong><\/a> | <a style=\"color: #ffffff;\" title=\"T&eacute;rminos y Condiciones\" href=\"https:\/\/katiabrambila.net\/terminos\/\" target=\"_blank\" rel=\"noopener\"><strong>T&eacute;rminos y condiciones<\/strong><\/a> | <a style=\"color: #ffffff;\" title=\"soporte@sweetpaleomx.com\" href=\"mailto:soporte@sweetpaleomx.com\" target=\"_blank\" rel=\"noopener\"><strong>soporte@sweetpaleomx.com<\/strong><\/a><\/p>\n","protected":false},"excerpt":{"rendered":"<p>Days Hours Minutes Seconds Days Hours Minutes Seconds En esta transmisi\u00f3n en directo te dar\u00e9 un adelanto de todo lo que te llevar\u00e1s y aprender\u00e1s en el entrenamiento, voy a resolver las dudas que tengas para asegurarnos de estar listas para dar lo mejor de nosotras en la primera clase. \u00a1No te la puedes perder! [&hellip;]<\/p>\n","protected":false},"author":22,"featured_media":0,"parent":0,"menu_order":0,"comment_status":"closed","ping_status":"closed","template":"elementor_canvas","meta":{"footnotes":""},"class_list":["post-2357","page","type-page","status-publish","hentry"],"_links":{"self":[{"href":"https:\/\/katiabrambila.net\/index.php?rest_route=\/wp\/v2\/pages\/2357","targetHints":{"allow":["GET"]}}],"collection":[{"href":"https:\/\/katiabrambila.net\/index.php?rest_route=\/wp\/v2\/pages"}],"about":[{"href":"https:\/\/katiabrambila.net\/index.php?rest_route=\/wp\/v2\/types\/page"}],"author":[{"embeddable":true,"href":"https:\/\/katiabrambila.net\/index.php?rest_route=\/wp\/v2\/users\/22"}],"replies":[{"embeddable":true,"href":"https:\/\/katiabrambila.net\/index.php?rest_route=%2Fwp%2Fv2%2Fcomments&post=2357"}],"version-history":[{"count":0,"href":"https:\/\/katiabrambila.net\/index.php?rest_route=\/wp\/v2\/pages\/2357\/revisions"}],"wp:attachment":[{"href":"https:\/\/katiabrambila.net\/index.php?rest_route=%2Fwp%2Fv2%2Fmedia&parent=2357"}],"curies":[{"name":"wp","href":"https:\/\/api.w.org\/{rel}","templated":true}]}}