{"id":2533,"date":"2021-05-28T11:36:21","date_gmt":"2021-05-28T16:36:21","guid":{"rendered":"https:\/\/katiabrambila.net\/?page_id=2533"},"modified":"2023-07-11T20:24:42","modified_gmt":"2023-07-12T01:24:42","slug":"testimonios-nps","status":"publish","type":"page","link":"https:\/\/katiabrambila.net\/?page_id=2533","title":{"rendered":"Crea tu negocio de postres saludables &#8211; testimonios-nps"},"content":{"rendered":"<style>\/*! elementor - v3.6.6 - 08-06-2022 *\/\n.elementor-widget-image{text-align:center}.elementor-widget-image a{display:inline-block}.elementor-widget-image a img[src$=\".svg\"]{width:48px}.elementor-widget-image img{vertical-align:middle;display:inline-block}<\/style>\n<p>\t\t\t\t\t\t\t\t\t\t\t\t<img decoding=\"async\" width=\"800\" height=\"478\" src=\"https:\/\/katiabrambila.net\/wp-content\/uploads\/2021\/05\/CREA_NEGRO-1024x612.png\" alt=\"\" loading=\"lazy\" srcset=\"https:\/\/katiabrambila.net\/wp-content\/uploads\/2021\/05\/CREA_NEGRO-1024x612.png 1024w, https:\/\/katiabrambila.net\/wp-content\/uploads\/2021\/05\/CREA_NEGRO-300x179.png 300w, https:\/\/katiabrambila.net\/wp-content\/uploads\/2021\/05\/CREA_NEGRO-768x459.png 768w, https:\/\/katiabrambila.net\/wp-content\/uploads\/2021\/05\/CREA_NEGRO.png 1036w\" sizes=\"auto, (max-width: 800px) 100vw, 800px\" \/>\t\t\t\t\t\t\t\t\t\t\t\t\t\t\t<\/p>\n<style>\/*! elementor-pro - v3.5.1 - 10-11-2021 *\/\n.elementor-widget-countdown .elementor-countdown-expire--message{display:none;padding:20px;text-align:center}.elementor-widget-countdown .elementor-countdown-wrapper{-webkit-box-orient:horizontal;-webkit-box-direction:normal;-ms-flex-direction:row;flex-direction:row}.elementor-widget-countdown .elementor-countdown-item{padding:20px 0;text-align:center;color:#fff}.elementor-widget-countdown .elementor-countdown-digits,.elementor-widget-countdown .elementor-countdown-label{line-height:1}.elementor-widget-countdown .elementor-countdown-digits{font-size:69px}.elementor-widget-countdown .elementor-countdown-label{font-size:19px}.elementor-widget-countdown.elementor-countdown--label-block .elementor-countdown-wrapper{display:-webkit-box;display:-ms-flexbox;display:flex;-webkit-box-pack:center;-ms-flex-pack:center;justify-content:center;margin-right:auto;margin-left:auto}.elementor-widget-countdown.elementor-countdown--label-block .elementor-countdown-digits,.elementor-widget-countdown.elementor-countdown--label-block .elementor-countdown-label{display:block}.elementor-widget-countdown.elementor-countdown--label-block .elementor-countdown-item{-ms-flex-preferred-size:0;flex-basis:0;-webkit-box-flex:1;-ms-flex-positive:1;flex-grow:1}.elementor-widget-countdown.elementor-countdown--label-inline{text-align:center}.elementor-widget-countdown.elementor-countdown--label-inline .elementor-countdown-item{display:inline-block;padding-left:5px;padding-right:5px}<\/style>\n<p>\t\t\t Days Hours Minutes Seconds<br \/>\n\t\t\t\t\t\t\t\t\t\t\t\t\t\t\t<img decoding=\"async\" width=\"800\" height=\"161\" src=\"https:\/\/katiabrambila.net\/wp-content\/uploads\/2021\/05\/Asset-5-1024x206.png\" alt=\"\" loading=\"lazy\" srcset=\"https:\/\/katiabrambila.net\/wp-content\/uploads\/2021\/05\/Asset-5-1024x206.png 1024w, https:\/\/katiabrambila.net\/wp-content\/uploads\/2021\/05\/Asset-5-300x60.png 300w, https:\/\/katiabrambila.net\/wp-content\/uploads\/2021\/05\/Asset-5-768x155.png 768w, https:\/\/katiabrambila.net\/wp-content\/uploads\/2021\/05\/Asset-5-1536x310.png 1536w, https:\/\/katiabrambila.net\/wp-content\/uploads\/2021\/05\/Asset-5-1200x242.png 1200w, https:\/\/katiabrambila.net\/wp-content\/uploads\/2021\/05\/Asset-5.png 1746w\" sizes=\"auto, (max-width: 800px) 100vw, 800px\" \/>\t\t\t\t\t\t\t\t\t\t\t\t\t\t\t<\/p>\n<p style=\"text-align: center;\"><strong>EL POTENCIAL DE TENER UN NEGOCIO PROPIO<\/strong><\/p>\n<p style=\"text-align: center;\">A veces no nos damos cuenta de que convertirnos en empresarias es una opci\u00f3n para nosotras, hasta que se nos presenta la oportunidad. Mira lo que dicen Marielba y Faby sobre <b>empezar un negocio desde cero y porqu\u00e9 hacerlo en el nicho de postres saludables fue su mejor opci\u00f3n<\/b>.<\/p>\n<p>https:\/\/vimeo.com\/639607599<\/p>\n<p>Marielba alumna de la segunda generaci\u00f3n\u00a0<\/p>\n<p>\u201cYo me propuse que si era un excelente programa como el que nos estaba planteando Katia, y el que las otras chicas estaban manifestando que era, yo iba a terminar el curso en dos meses con una empresa. Y <b>estoy terminando el curso con una empresa que est\u00e1 con todos los registros, ya tengo todo listo<\/b>\u201d.<\/p>\n<p>https:\/\/vimeo.com\/639756170<\/p>\n<p>Faby, alumna de la primera generaci\u00f3n<\/p>\n<p>\u201c<b>Me gusta aprovechar las oportunidades<\/b> y con todo este tema de la pandemia dije: y si empiezo a vender los postres y me certifico m\u00e1s\u2026 \u00bfPor qu\u00e9 no? <b>vamos a poner los pies en la tierra y a hacer las cosas formales<\/b>\u201d.<\/p>\n<p>Marielba alumna de la segunda generaci\u00f3n\u00a0<\/p>\n<p>\u201cYo me propuse que si era un excelente programa como el que nos estaba planteando Katia, y el que las otras chicas estaban manifestando que era, yo iba a terminar el curso en dos meses con una empresa. Y <b>estoy terminando el curso con una empresa que est\u00e1 con todos los registros, ya tengo todo listo<\/b>\u201d.<\/p>\n<p>Faby, alumna de la primera generaci\u00f3n<\/p>\n<p>\u201c<b>Me gusta aprovechar las oportunidades<\/b> y con todo este tema de la pandemia dije: y si empiezo a vender los postres y me certifico m\u00e1s\u2026 \u00bfPor qu\u00e9 no? <b>vamos a poner los pies en la tierra y a hacer las cosas formales<\/b>\u201d.<\/p>\n<p>\t\t\t<a href=\"https:\/\/katiabrambila.net\/crea\" role=\"button\"><br \/>\n\t\t\t\t\t\tQUIERO CREAR MI NEGOCIO DE POSTRES SALUDABLES<br \/>\n\t\t\t\t\t<\/a><\/p>\n<p style=\"text-align: center;\"><strong>ESTA ES LA SE\u00d1AL QUE ESTABAS ESPERANDO<\/strong><\/p>\n<p style=\"text-align: center;\">\u00bfAlguna vez has tenido una idea de esas que te emocionan tanto que no la puedes sacar de tu mente? Cuando eso nos pasa vemos se\u00f1ales en todos lados de que debemos seguir adelante con nuestra idea. <b>Si est\u00e1s aqu\u00ed es porque ya te planteaste la idea de tener tu propio negocio de postres saludables.<\/b> Y esta es la se\u00f1al que estabas esperando. Mira los testimonios de Vero y Tere, que hace unos meses dieron<b> finalmente ese salto para materializar los deseos de su coraz\u00f3n.<\/b><\/p>\n<p>https:\/\/vimeo.com\/639304998<\/p>\n<p>Vero Rivera, alumna de la primera generaci\u00f3n<\/p>\n<p>\u201cMe empezaron a salir anuncios de cursos de postres pero dije <b>no me puedo lanzar a la reposter\u00eda tradicional porque yo no puedo comer eso <\/b>y quiero que tambi\u00e9n la gente aprenda a cuidarse\u2026 un d\u00eda me sali\u00f3 un anuncio tuyo en instagram y as\u00ed ca\u00eddo del cielo\u201d.<\/p>\n<p>https:\/\/vimeo.com\/639304620<\/p>\n<p>Tere, alumna de la primera generaci\u00f3n<\/p>\n<p>\u201cLas cosas han ido fluyendo poco a poco,cuando conoc\u00ed CREA dije: <b>este si o si tengo que hacerlo, porque ofrec\u00eda muchas cosas que a mi me faltaban<\/b>\u201d.<\/p>\n<p>Vero Rivera, alumna de la primera generaci\u00f3n<\/p>\n<p>\u201cMe empezaron a salir anuncios de cursos de postres pero dije <b>no me puedo lanzar a la reposter\u00eda tradicional porque yo no puedo comer eso <\/b>y quiero que tambi\u00e9n la gente aprenda a cuidarse\u2026 un d\u00eda me sali\u00f3 un anuncio tuyo en instagram y as\u00ed ca\u00eddo del cielo\u201d.<\/p>\n<p>Tere, alumna de la primera generaci\u00f3n<\/p>\n<p>\u201cLas cosas han ido fluyendo poco a poco,cuando conoc\u00ed CREA dije: <b>este si o si tengo que hacerlo, porque ofrec\u00eda muchas cosas que a mi me faltaban<\/b>\u201d.<\/p>\n<p>\t\t\t<a href=\"https:\/\/katiabrambila.net\/crea\" role=\"button\"><br \/>\n\t\t\t\t\t\tQUIERO CREAR MI NEGOCIO DE POSTRES SALUDABLES<br \/>\n\t\t\t\t\t<\/a><\/p>\n<p style=\"text-align: center;\"><strong>AUN SIN EXPERIENCIA PREVIA, LO PUEDES LOGRAR<\/strong><\/p>\n<p>Algunas de mis alumnas, no ten\u00edan <b>nada de experiencia en ventas o no ten\u00edan idea de c\u00f3mo llevar un negocio<\/b>; simplemente vend\u00edan algunos de sus postres sin saber siquiera si lo que estaban haciendo era rentable. Otras, <b>tampoco sab\u00edan c\u00f3mo presentar sus postres<\/b> de la mejor manera para que fueran apetecibles. Te comparto los testimonios de Elizabeth y de Aurelia, las cuales viven en pa\u00edses diferentes y <b>las dos cuentan con sus negocios de postres saludables exitosos actualmente<\/b>.<\/p>\n<p>https:\/\/vimeo.com\/639295916<\/p>\n<p>Elizabeth, alumna de la primera generaci\u00f3n<\/p>\n<p>\u201cCuando me empezaron a pedir postres,\u00a0 yo no sab\u00eda. <b>Yo no ten\u00eda experiencia de venta ni de c\u00f3mo llevar mi negocio<\/b>. El <b>plan de negocios est\u00e1 detallado paso a paso<\/b> y eso me ayud\u00f3 mucho. Me ayud\u00f3 a m\u00ed a saber sacar costos de mis postres y venderlos.\u201d<\/p>\n<p>https:\/\/vimeo.com\/639205786<\/p>\n<p>Aurelia, alumna de la primera generaci\u00f3n<\/p>\n<p>\u201cAhora estoy teniendo m\u00e1s cuidado con el tema de las fotos. Quienes est\u00e9n interesadas en el programa de Katia, <b>todos los aprendizajes aprendidos est\u00e1n aplicados en mis redes sociales<\/b>.\u201d<\/p>\n<p>Elizabeth, alumna de la primera generaci\u00f3n<\/p>\n<p>\u201cCuando me empezaron a pedir postres,\u00a0 yo no sab\u00eda. <b>Yo no ten\u00eda experiencia de venta ni de c\u00f3mo llevar mi negocio<\/b>. El <b>plan de negocios est\u00e1 detallado paso a paso<\/b> y eso me ayud\u00f3 mucho. Me ayud\u00f3 a m\u00ed a saber sacar costos de mis postres y venderlos.\u201d<\/p>\n<p>Aurelia, alumna de la primera generaci\u00f3n<\/p>\n<p>\u201cAhora estoy teniendo m\u00e1s cuidado con el tema de las fotos. Quienes est\u00e9n interesadas en el programa de Katia, <b>todos los aprendizajes aprendidos est\u00e1n aplicados en mis redes sociales<\/b>.\u201d<\/p>\n<p>\t\t\t<a href=\"https:\/\/katiabrambila.net\/crea\" role=\"button\"><br \/>\n\t\t\t\t\t\tQUIERO CREAR MI NEGOCIO DE POSTRES SALUDABLES<br \/>\n\t\t\t\t\t<\/a><\/p>\n<p style=\"text-align: center;\"><strong>TU HOBBY PUEDE CONVERTIRSE EN TU PROFESI\u00d3N<\/strong><\/p>\n<p style=\"text-align: center;\">Durante el entrenamiento te cont\u00e9 que yo estudi\u00e9 Arquitectura, pero soy fiel creyente de que muchos terminamos persiguiendo las que son <b>nuestras verdaderas pasiones<\/b>. Mi caso no es aislado, as\u00ed como yo, varias de mis alumnas, incluyendo a Jennifer y a Faby, no s\u00f3lo <b>hicieron de su amor por hacer postres su profesi\u00f3n<\/b>, sino que tambi\u00e9n pudieron <b>conjugar su profesi\u00f3n con su pasi\u00f3n<\/b> y al mismo tiempo, cambiar su <b>estilo de vida<\/b> y el de sus familias\u00a0 por uno <b>m\u00e1s sano<\/b>.<\/p>\n<p>https:\/\/vimeo.com\/639299177<\/p>\n<p>Jennifer, alumna de la primera generaci\u00f3n<\/p>\n<p>\u201cTengo <b>una condici\u00f3n que afecta mi peso<\/b> directamente, extra\u00f1\u00e9 las cosas dulces y fue cuando <b>empec\u00e9 a hacer galletas keto<\/b>, las cuales vend\u00eda a algunos clientes. Despu\u00e9s de eso, <b>comenc\u00e9 a hacer m\u00e1s variedad con postres saludables<\/b>.\u201d<\/p>\n<p>https:\/\/vimeo.com\/639296342<\/p>\n<p>Faby, alumna de la primera generaci\u00f3n<\/p>\n<p>\u201cNunca me hab\u00eda imaginado que yo iba a hacer esto. Me lleg\u00f3 la oportunidad y pens\u00e9 <b>\u00bfpor qu\u00e9 no empalmar mi hobby con mi profesi\u00f3n?<\/b> Conjugu\u00e9 las dos y me ha ayudado a poder <b>planear y manejar mi negocio.<\/b> \u201d<\/p>\n<p>Jennifer, alumna de la primera generaci\u00f3n<\/p>\n<p>\u201cTengo <b>una condici\u00f3n que afecta mi peso<\/b> directamente, extra\u00f1\u00e9 las cosas dulces y fue cuando <b>empec\u00e9 a hacer galletas keto<\/b>, las cuales vend\u00eda a algunos clientes. Despu\u00e9s de eso, <b>comenc\u00e9 a hacer m\u00e1s variedad con postres saludables<\/b>.\u201d<\/p>\n<p>Faby, alumna de la primera generaci\u00f3n<\/p>\n<p>\u201cNunca me hab\u00eda imaginado que yo iba a hacer esto. Me lleg\u00f3 la oportunidad y pens\u00e9 <b>\u00bfpor qu\u00e9 no empalmar mi hobby con mi profesi\u00f3n?<\/b> Conjugu\u00e9 las dos y me ha ayudado a poder <b>planear y manejar mi negocio.<\/b> \u201d<\/p>\n<p>\t\t\t<a href=\"https:\/\/katiabrambila.net\/crea\" role=\"button\"><br \/>\n\t\t\t\t\t\tQUIERO CREAR MI NEGOCIO DE POSTRES SALUDABLES<br \/>\n\t\t\t\t\t<\/a><\/p>\n<p style=\"text-align: center;\"><strong>UN NEGOCIO CON MERCADO Y PR\u00d3SPERO EN PANDEMIA<\/strong><\/p>\n<p style=\"text-align: center;\">Lamentablemente, muchas personas perdieron sus trabajos y negocios a causa de la <b>pandemia mundial<\/b>; pero alumnas como Lidia y Desire\u00e9 usaron esto como ventaja para <b>emprender a\u00fan al haber perdido su trabajo o seguir estudiando. <\/b>Encontraron una <b>gran oportunidad<\/b> aun a pesar de las adversidades. Escucha un poco de sus historias<\/p>\n<p>https:\/\/vimeo.com\/639299462<\/p>\n<p>Lidia, alumna de la primera generaci\u00f3n<\/p>\n<p>\u201cCon eso de la<b> pandemia<\/b> me qued\u00e9 pr\u00e1cticamente sin trabajo. Me qued\u00e9<b> en casa<\/b>, como ama de casa y mam\u00e1, y <b>fue una oportunidad<\/b> el empezar a hacer postres en casa. Con tu curso, pude empezar a <b>vender y crear mi negocio de postres<\/b>.\u201d<\/p>\n<p>https:\/\/vimeo.com\/639205990<\/p>\n<p>Desire\u00e9, alumna de la primera generaci\u00f3n<\/p>\n<p><b>\u201c<\/b>Mis amigos de la universidad me dijeron: \u201cestar\u00eda muy padre que hicieras una <b>l\u00ednea de postres saludables para estudiantes<\/b>. Estamos tan inmersos en los estudios que comemos lo que sea\u201d. CREA fue el pretexto perfecto para darles <b>una opci\u00f3n saludable<\/b> a mis compa\u00f1eros.<b>\u201d<\/b><\/p>\n<p>Lidia, alumna de la primera generaci\u00f3n<\/p>\n<p>\u201cCon eso de la<b> pandemia<\/b> me qued\u00e9 pr\u00e1cticamente sin trabajo. Me qued\u00e9<b> en casa<\/b>, como ama de casa y mam\u00e1, y <b>fue una oportunidad<\/b> el empezar a hacer postres en casa. Con tu curso, pude empezar a <b>vender y crear mi negocio de postres<\/b>.\u201d<\/p>\n<p>Desire\u00e9, alumna de la primera generaci\u00f3n<\/p>\n<p><b>\u201c<\/b>Mis amigos de la universidad me dijeron: \u201cestar\u00eda muy padre que hicieras una <b>l\u00ednea de postres saludables para estudiantes<\/b>. Estamos tan inmersos en los estudios que comemos lo que sea\u201d. CREA fue el pretexto perfecto para darles <b>una opci\u00f3n saludable<\/b> a mis compa\u00f1eros.<b>\u201d<\/b><\/p>\n<p>\t\t\t<a href=\"https:\/\/katiabrambila.net\/crea\" role=\"button\"><br \/>\n\t\t\t\t\t\tQUIERO CREAR MI NEGOCIO DE POSTRES SALUDABLES<br \/>\n\t\t\t\t\t<\/a><\/p>\n<p style=\"text-align: center;\"><strong>UN PROGRAMA COMPLETO QUE VALE CADA CENTAVO<\/strong><\/p>\n<p style=\"text-align: center;\">Patty y Vero son dos de mis alumnas estrella. Las dos cuentan actualmente con <b>negocios de postres saludables exitosos. <\/b>Aunque Patty lleva a\u00f1os trabajando en esta industria, encontr\u00f3 en CREA varios <b>elementos que nunca hab\u00eda implementado en su negocio<\/b> y tanto ella como Vero, <b>han aplicado y explotado todas las \u00e1reas del programa<\/b> y han <b>crecido exponencialmente<\/b>. Las dos consideran que el beneficio que han obtenido del programa es demasiado alto a comparaci\u00f3n de la inversi\u00f3n que hicieron.\u00a0 \u00a1Te invito a conocerlas!<\/p>\n<p>https:\/\/vimeo.com\/639302273<\/p>\n<p>Patty, alumna de la primera generaci\u00f3n<\/p>\n<p>\u201cEste programa te da la ventaja de <b>llevarte de la mano desde el inicio<\/b>. M\u00f3dulo por m\u00f3dulo se lleva de <b>una forma s\u00faper did\u00e1ctica<\/b>. El precio puede parecer alto para algunas al inicio, pero no lo es comparado con la <b>cantidad de material que se ve y lo excelente que es<\/b> el curso.\u201d<\/p>\n<p>https:\/\/vimeo.com\/639607968<\/p>\n<p>Vero Garc\u00eda, alumna de la segunda generaci\u00f3n<\/p>\n<p>\u201c<b>Realmente ha sido la mejor inversi\u00f3n que he hecho en mi vida<\/b>, te lo puedo decir de verdad, con la mano en el coraz\u00f3n. El curso me ha ayudado a crecer tanto profesional como personalmente. <b>Me ha dado seguridad para poder vender los postres<\/b> bien, como se debe.\u201d<\/p>\n<p>Patty, alumna de la primera generaci\u00f3n<\/p>\n<p>\u201cEste programa te da la ventaja de <b>llevarte de la mano desde el inicio<\/b>. M\u00f3dulo por m\u00f3dulo se lleva de <b>una forma s\u00faper did\u00e1ctica<\/b>. El precio puede parecer alto para algunas al inicio, pero no lo es comparado con la <b>cantidad de material que se ve y lo excelente que es<\/b> el curso.\u201d<\/p>\n<p>Vero Garc\u00eda, alumna de la segunda generaci\u00f3n<\/p>\n<p>\u201c<b>Realmente ha sido la mejor inversi\u00f3n que he hecho en mi vida<\/b>, te lo puedo decir de verdad, con la mano en el coraz\u00f3n. El curso me ha ayudado a crecer tanto profesional como personalmente. <b>Me ha dado seguridad para poder vender los postres<\/b> bien, como se debe.\u201d<\/p>\n<p>\t\t\t<a href=\"https:\/\/katiabrambila.net\/crea\" role=\"button\"><br \/>\n\t\t\t\t\t\tQUIERO CREAR MI NEGOCIO DE POSTRES SALUDABLES<br \/>\n\t\t\t\t\t<\/a><\/p>\n<p style=\"text-align: center;\"><strong>IGUAL DE RICOS QUE LOS POSTRES TRADICIONALES<\/strong><\/p>\n<p style=\"text-align: center;\">Incluso a m\u00ed me lleg\u00f3 a pasar en mis inicios: pensaba en un postre saludable y cre\u00eda que me iba a saber a cart\u00f3n. Por esa raz\u00f3n quise dedicarme a esto y probar que <b>los postres saludables son igual de deliciosos que los tradicionales<\/b>. Para Claudia y Mar\u00eda Isabel ha sido igual, se han probado a ellas mismas y sus clientes que <b>los postres saludables lucen y saben riqu\u00edsimo<\/b>.<\/p>\n<p>https:\/\/vimeo.com\/639606976<\/p>\n<p>Claudia, alumna de la segunda generaci\u00f3n<\/p>\n<p>\u201cCuando recibes una retroalimentaci\u00f3n donde te dicen <b>\u201coye, de verdad que rico est\u00e1, no puedo creer que sea saludable\u201d<\/b>, y de repente ya te llama la amiga de esa amiga que le dio una probadita del panqu\u00e9 y te dice <b>\u201coye, tambi\u00e9n hazme uno, est\u00e1 delicioso\u201d,<\/b> pues obviamente dices: por ah\u00ed es, voy bien.\u201d<\/p>\n<p>https:\/\/vimeo.com\/639302023<\/p>\n<p>Mar\u00eda Isabel, alumna de la primera generaci\u00f3n<\/p>\n<p>\u201cEs t\u00edpico que cuando dices que est\u00e1s comiendo saludable y que un postre saludable es rico, la gente te mira sin creerte. <b>Para m\u00ed ha sido incre\u00edble lo rico que saben<\/b>. Quiero mostrarle a la gente que<b> cuidarte no es sin\u00f3nimo de sufrir<\/b>.\u201d<\/p>\n<p>Claudia, alumna de la segunda generaci\u00f3n<\/p>\n<p>\u201cCuando recibes una retroalimentaci\u00f3n donde te dicen <b>\u201coye, de verdad que rico est\u00e1, no puedo creer que sea saludable\u201d<\/b>, y de repente ya te llama la amiga de esa amiga que le dio una probadita del panqu\u00e9 y te dice <b>\u201coye, tambi\u00e9n hazme uno, est\u00e1 delicioso\u201d,<\/b> pues obviamente dices: por ah\u00ed es, voy bien.\u201d<\/p>\n<p>Mar\u00eda Isabel, alumna de la primera generaci\u00f3n<\/p>\n<p>\u201cEs t\u00edpico que cuando dices que est\u00e1s comiendo saludable y que un postre saludable es rico, la gente te mira sin creerte. <b>Para m\u00ed ha sido incre\u00edble lo rico que saben<\/b>. Quiero mostrarle a la gente que<b> cuidarte no es sin\u00f3nimo de sufrir<\/b>.\u201d<\/p>\n<p>\t\t\t<a href=\"https:\/\/katiabrambila.net\/crea\" role=\"button\"><br \/>\n\t\t\t\t\t\tQUIERO CREAR MI NEGOCIO DE POSTRES SALUDABLES<br \/>\n\t\t\t\t\t<\/a><\/p>\n<p style=\"text-align: center;\"><strong>Garant\u00eda de Devoluci\u00f3n de 15 D\u00edas<\/strong><\/p>\n<p>\t\t\t\t\t\t\t\t\t\t\t\t\t\t\t<img decoding=\"async\" width=\"575\" height=\"676\" src=\"https:\/\/katiabrambila.net\/wp-content\/uploads\/2021\/06\/50-8.png\" alt=\"\" loading=\"lazy\" srcset=\"https:\/\/katiabrambila.net\/wp-content\/uploads\/2021\/06\/50-8.png 575w, https:\/\/katiabrambila.net\/wp-content\/uploads\/2021\/06\/50-8-255x300.png 255w\" sizes=\"auto, (max-width: 575px) 100vw, 575px\" \/>\t\t\t\t\t\t\t\t\t\t\t\t\t\t\t<\/p>\n<p style=\"text-align: center;\"><strong>Entra sin riesgos a CREA tu Negocio de Postres Saludables.<\/strong> Si en los primeros 15 d&iacute;as no quieres seguir con el curso por cualquier raz&oacute;n, te devolveremos tu dinero.<\/p>\n<p style=\"text-align: center;\"><strong>Quiero que este programa est&eacute; lleno de mujeres emprendedoras que quieran crear su propio negocio de postres saludables y volverse Chefs de Coraz&oacute;n,<\/strong> si sientes que esto no es lo que buscas, ponte en contacto con nosotros y <strong>te devolveremos tu dinero.<\/strong><\/p>\n<p style=\"text-align: center;\">Este sitio utiliza cookies propias y de terceros. Si continuas navegando, consideramos que aceptas su uso. M&aacute;s informaci&oacute;n en nuestro <a style=\"color: #ffffff;\" title=\"aviso de privacidad\" href=\"https:\/\/katiabrambila.net\/privacidad\/\" target=\"_blank\" rel=\"noopener\"><strong>aviso de privacidad.<\/strong><\/a><\/p>\n<p style=\"text-align: center;\">&copy; 2021 Sweet Paleo Mx | <a style=\"color: #ffffff; text-decoration: underline;\" title=\"Aviso de Privacidad\" href=\"https:\/\/katiabrambila.net\/privacidad\/\" target=\"_blank\" rel=\"noopener\"><strong>Aviso de Privacidad<\/strong><\/a> | <a style=\"color: #ffffff;\" title=\"T&eacute;rminos y Condiciones\" href=\"https:\/\/katiabrambila.net\/terminos\/\" target=\"_blank\" rel=\"noopener\"><strong>T&eacute;rminos y condiciones<\/strong><\/a> | <a style=\"color: #ffffff;\" title=\"soporte@sweetpaleomx.com\" href=\"mailto:soporte@sweetpaleomx.com\" target=\"_blank\" rel=\"noopener\"><strong>soporte@sweetpaleomx.com<\/strong><\/a><\/p>\n","protected":false},"excerpt":{"rendered":"<p>Days Hours Minutes Seconds EL POTENCIAL DE TENER UN NEGOCIO PROPIO A veces no nos damos cuenta de que convertirnos en empresarias es una opci\u00f3n para nosotras, hasta que se nos presenta la oportunidad. Mira lo que dicen Marielba y Faby sobre empezar un negocio desde cero y porqu\u00e9 hacerlo en el nicho de postres [&hellip;]<\/p>\n","protected":false},"author":22,"featured_media":0,"parent":0,"menu_order":0,"comment_status":"closed","ping_status":"closed","template":"elementor_canvas","meta":{"footnotes":""},"class_list":["post-2533","page","type-page","status-publish","hentry"],"_links":{"self":[{"href":"https:\/\/katiabrambila.net\/index.php?rest_route=\/wp\/v2\/pages\/2533","targetHints":{"allow":["GET"]}}],"collection":[{"href":"https:\/\/katiabrambila.net\/index.php?rest_route=\/wp\/v2\/pages"}],"about":[{"href":"https:\/\/katiabrambila.net\/index.php?rest_route=\/wp\/v2\/types\/page"}],"author":[{"embeddable":true,"href":"https:\/\/katiabrambila.net\/index.php?rest_route=\/wp\/v2\/users\/22"}],"replies":[{"embeddable":true,"href":"https:\/\/katiabrambila.net\/index.php?rest_route=%2Fwp%2Fv2%2Fcomments&post=2533"}],"version-history":[{"count":0,"href":"https:\/\/katiabrambila.net\/index.php?rest_route=\/wp\/v2\/pages\/2533\/revisions"}],"wp:attachment":[{"href":"https:\/\/katiabrambila.net\/index.php?rest_route=%2Fwp%2Fv2%2Fmedia&parent=2533"}],"curies":[{"name":"wp","href":"https:\/\/api.w.org\/{rel}","templated":true}]}}