{"id":4268,"date":"2021-06-18T13:42:13","date_gmt":"2021-06-18T18:42:13","guid":{"rendered":"https:\/\/katiabrambila.net\/?page_id=4268"},"modified":"2021-11-17T11:20:28","modified_gmt":"2021-11-17T17:20:28","slug":"lista-espera-crea","status":"publish","type":"page","link":"https:\/\/katiabrambila.net\/?page_id=4268","title":{"rendered":"Crea tu negocio de postres saludables &#8211; lista-espera-crea"},"content":{"rendered":"<style>\/*! elementor - v3.4.8 - 16-11-2021 *\/\n.elementor-widget-image{text-align:center}.elementor-widget-image a{display:inline-block}.elementor-widget-image a img[src$=\".svg\"]{width:48px}.elementor-widget-image img{vertical-align:middle;display:inline-block}<\/style>\n<p>\t\t\t\t\t\t\t\t\t\t\t\t<img decoding=\"async\" width=\"800\" height=\"478\" src=\"https:\/\/katiabrambila.net\/wp-content\/uploads\/2021\/05\/CREA_NEGRO-1024x612.png\" alt=\"\" loading=\"lazy\" srcset=\"https:\/\/katiabrambila.net\/wp-content\/uploads\/2021\/05\/CREA_NEGRO-1024x612.png 1024w, https:\/\/katiabrambila.net\/wp-content\/uploads\/2021\/05\/CREA_NEGRO-300x179.png 300w, https:\/\/katiabrambila.net\/wp-content\/uploads\/2021\/05\/CREA_NEGRO-768x459.png 768w, https:\/\/katiabrambila.net\/wp-content\/uploads\/2021\/05\/CREA_NEGRO.png 1036w\" sizes=\"auto, (max-width: 800px) 100vw, 800px\" \/>\t\t\t\t\t\t\t\t\t\t\t\t\t\t\t<\/p>\n<p><strong>HA CERRADO SUS PUERTAS<\/strong><\/p>\n<p><b>\u00a1Llegaste muy tarde!<\/b><\/p>\n<p><strong>Ya no estamos recibiendo alumnas para el programa CREA tu Negocio de Postres Saludables, pero en un futuro podr\u00e1s seguir cumpliendo tus sue\u00f1os de mi mano.\u00a0<\/strong><\/p>\n<p><strong>Reg\u00edstrate abajo con tu correo electr\u00f3nico si quieres ser la primera en enterarte cuando se abran inscripciones para la pr\u00f3xima edici\u00f3n. \u00a1Te espero! <\/strong><\/p>\n<p>\t\t\t<a role=\"button\"><br \/>\n\t\t\t\t\t\tAv\u00edsenme si se libera una plaza en esta edici\u00f3n<br \/>\n\t\t\t\t\t<\/a><br \/>\n\t\t\t<a role=\"button\"><br \/>\n\t\t\t\t\t\tAv\u00edsenme cuando est\u00e9 disponible la siguiente edici\u00f3n<br \/>\n\t\t\t\t\t<\/a><\/p>\n<p style=\"text-align: center;\">Este sitio utiliza cookies propias y de terceros. Si continuas navegando, consideramos que aceptas su uso. M&aacute;s informaci&oacute;n en nuestro <a style=\"color: #ffffff;\" title=\"aviso de privacidad\" href=\"https:\/\/katiabrambila.net\/privacidad\/\" target=\"_blank\" rel=\"noopener\"><strong>aviso de privacidad.<\/strong><\/a><\/p>\n<p style=\"text-align: center;\">&copy; 2021 Sweet Paleo Mx | <a style=\"color: #ffffff; text-decoration: underline;\" title=\"Aviso de Privacidad\" href=\"https:\/\/katiabrambila.net\/privacidad\/\" target=\"_blank\" rel=\"noopener\"><strong>Aviso de Privacidad<\/strong><\/a> | <a style=\"color: #ffffff;\" title=\"T&eacute;rminos y Condiciones\" href=\"https:\/\/katiabrambila.net\/terminos\/\" target=\"_blank\" rel=\"noopener\"><strong>T&eacute;rminos y condiciones<\/strong><\/a> | <a style=\"color: #ffffff;\" title=\"soporte@sweetpaleomx.com\" href=\"mailto:soporte@sweetpaleomx.com\" target=\"_blank\" rel=\"noopener\"><strong>soporte@sweetpaleomx.com<\/strong><\/a><\/p>\n","protected":false},"excerpt":{"rendered":"<p>HA CERRADO SUS PUERTAS \u00a1Llegaste muy tarde! Ya no estamos recibiendo alumnas para el programa CREA tu Negocio de Postres Saludables, pero en un futuro podr\u00e1s seguir cumpliendo tus sue\u00f1os de mi mano.\u00a0 Reg\u00edstrate abajo con tu correo electr\u00f3nico si quieres ser la primera en enterarte cuando se abran inscripciones para la pr\u00f3xima edici\u00f3n. \u00a1Te [&hellip;]<\/p>\n","protected":false},"author":22,"featured_media":0,"parent":0,"menu_order":0,"comment_status":"closed","ping_status":"closed","template":"elementor_canvas","meta":{"footnotes":""},"class_list":["post-4268","page","type-page","status-publish","hentry"],"_links":{"self":[{"href":"https:\/\/katiabrambila.net\/index.php?rest_route=\/wp\/v2\/pages\/4268","targetHints":{"allow":["GET"]}}],"collection":[{"href":"https:\/\/katiabrambila.net\/index.php?rest_route=\/wp\/v2\/pages"}],"about":[{"href":"https:\/\/katiabrambila.net\/index.php?rest_route=\/wp\/v2\/types\/page"}],"author":[{"embeddable":true,"href":"https:\/\/katiabrambila.net\/index.php?rest_route=\/wp\/v2\/users\/22"}],"replies":[{"embeddable":true,"href":"https:\/\/katiabrambila.net\/index.php?rest_route=%2Fwp%2Fv2%2Fcomments&post=4268"}],"version-history":[{"count":0,"href":"https:\/\/katiabrambila.net\/index.php?rest_route=\/wp\/v2\/pages\/4268\/revisions"}],"wp:attachment":[{"href":"https:\/\/katiabrambila.net\/index.php?rest_route=%2Fwp%2Fv2%2Fmedia&parent=4268"}],"curies":[{"name":"wp","href":"https:\/\/api.w.org\/{rel}","templated":true}]}}