{"id":4675,"date":"2021-09-01T14:43:43","date_gmt":"2021-09-01T19:43:43","guid":{"rendered":"https:\/\/katiabrambila.net\/?page_id=4675"},"modified":"2021-09-14T15:01:32","modified_gmt":"2021-09-14T20:01:32","slug":"ps-testimonios","status":"publish","type":"page","link":"https:\/\/katiabrambila.net\/?page_id=4675","title":{"rendered":"ps testimonios"},"content":{"rendered":"<p>\u00a1Queda poco tiempo!<\/p>\n<p>\t\t\t D\u00edas Horas Minutos  Segundos<br \/>\n\t\t\t\t\t\t\t\t\t\t\t\t\t\t\t<img decoding=\"async\" width=\"580\" height=\"358\" src=\"https:\/\/katiabrambila.net\/wp-content\/uploads\/2021\/09\/TESTIMONIOS-1024x632.png\" alt=\"\" loading=\"lazy\" srcset=\"https:\/\/katiabrambila.net\/wp-content\/uploads\/2021\/09\/TESTIMONIOS-1024x632.png 1024w, https:\/\/katiabrambila.net\/wp-content\/uploads\/2021\/09\/TESTIMONIOS-300x185.png 300w, https:\/\/katiabrambila.net\/wp-content\/uploads\/2021\/09\/TESTIMONIOS-768x474.png 768w, https:\/\/katiabrambila.net\/wp-content\/uploads\/2021\/09\/TESTIMONIOS-1536x949.png 1536w, https:\/\/katiabrambila.net\/wp-content\/uploads\/2021\/09\/TESTIMONIOS-1200x741.png 1200w, https:\/\/katiabrambila.net\/wp-content\/uploads\/2021\/09\/TESTIMONIOS.png 1974w\" sizes=\"auto, (max-width: 580px) 100vw, 580px\" \/>\t\t\t\t\t\t\t\t\t\t\t\t\t\t\t<\/p>\n<p><b>Conoce las dulces historias de Chefs de Coraz\u00f3n<\/b><\/p>\n<p>Estas Chefs de Coraz\u00f3n ya se graduaron del programa de Postres Saludables, \u00a1conoce su experiencia formando parte de este dulce movimiento!<\/p>\n<p><b>Los postres saludables tambi\u00e9n pueden ser deliciosos<\/b><\/p>\n<p>Muchas personas piensan que lo saludable est\u00e1 peleado con lo sabroso. \u00a1Pero no es as\u00ed! Es posible tener postres nutritivos y muy ricos. Escucha las experiencias de Kenya y Gaby, que <b>sorprendieron a sus familias con deliciosos postres saludables.<\/b><\/p>\n<p>Testimonio Kenya<\/p>\n<p>https:\/\/vimeo.com\/599137828\/6ecce89a2f<\/p>\n<p>Ellos no pueden creer que los postres que hago <b>sepan tan buenos y sean saludables.<\/b><\/p>\n<p>Testimonio Gaby Bravo<\/p>\n<p>https:\/\/vimeo.com\/599127690\/1c8f74dbad<\/p>\n<p>En el caso de mi familia, les hice un postre \u201cnormal\u201d y uno saludable, y <b>no lograron identificarlo.<\/b><\/p>\n<p>\t\t\t<a href=\"https:\/\/katiabrambila.net\/ps-la-gran-fiesta\/\" target=\"_blank\" role=\"button\" rel=\"noopener\"><br \/>\n\t\t\t\t\t\tSORPRENDE CON POSTRES SALUDABLES<br \/>\n\t\t\t\t\t<\/a><\/p>\n<p><b>El programa que lo tiene todo para que hagas postres saludables con \u00e9xito<\/b><\/p>\n<p>En las clases del programa te ahorras mucho tiempo y dinero de ensayo y error, ya que ver\u00e1s <b>la explicaci\u00f3n paso a paso y con mucho detalle para que hagas tus postres saludables, \u00a1ser\u00e1 como tenerme en tu cocina! <\/b>Esto es lo que dicen Alejandra y Marbel sobre el programa:<\/p>\n<p>Testimonio Alejandra<\/p>\n<p>https:\/\/vimeo.com\/599126686\/71b9f814c4<\/p>\n<p>Tienes la ventaja de si no entendiste algo puedes regresar el video, puedes detenerlo, puedes verlo las veces que quieras. <b>No hay manera de que el postre te salga mal porque para todo siempre tienes la respuesta.<\/b><\/p>\n<p>Testimonio Marbel<\/p>\n<p>https:\/\/vimeo.com\/599138814\/cc8b4151a2<\/p>\n<p><b>Con el programa Katia ahorr\u00f3 todo mi trabajo. <\/b>Esas cosas las aprendes o con la pr\u00e1ctica o cuando realmente lo estudias y alguien te lo dice.<\/p>\n<p>\t\t\t<a href=\"https:\/\/katiabrambila.net\/ps-la-gran-fiesta\/\" target=\"_blank\" role=\"button\" rel=\"noopener\"><br \/>\n\t\t\t\t\t\tINSCR\u00cdBETE A POSTRES SALUDABLES<br \/>\n\t\t\t\t\t<\/a><\/p>\n<p><b>No necesitas ser una experta repostera<\/b><\/p>\n<p>Es m\u00e1s, no es necesario que tengas ninguna experiencia en la cocina. <b>Si amas los postres y tienes ganas de aprender \u00a1ya eres Chef de Coraz\u00f3n!<\/b> Escucha las historias de Nancy y Zinnia, que antes de Postres Saludables nunca creyeron triunfar en la cocina.<\/p>\n<p>Testimonio Nancy<\/p>\n<p>https:\/\/vimeo.com\/599144371\/9df9f3a736<\/p>\n<p>Yo no ten\u00eda nada que ver con reposter\u00eda, me hice el pay de mango y <b>nadie en la casa pod\u00eda creer que yo haya podido lograr eso.<\/b><\/p>\n<p>Testimonio Zinnia<\/p>\n<p>https:\/\/vimeo.com\/599146694\/dc1afaf432<\/p>\n<p>Antes en mi casa yo era la que <b>ten\u00eda dos manos izquierdas. <\/b><\/p>\n<p>\t\t\t<a href=\"https:\/\/katiabrambila.net\/ps-la-gran-fiesta\/\" target=\"_blank\" role=\"button\" rel=\"noopener\"><br \/>\n\t\t\t\t\t\tAPRENDE A HACER POSTRES SALUDABLES<br \/>\n\t\t\t\t\t<\/a><\/p>\n<p><b>La comunidad m\u00e1s dulce que encontrar\u00e1s<\/b><\/p>\n<p>Con tu inscripci\u00f3n tendr\u00e1s acceso a la<b> exclusiva comunidad internacional de Chefs de Coraz\u00f3n<\/b>, donde conocer\u00e1s a las personas m\u00e1s dulces que vivir\u00e1n contigo esta aventura de hacer postres saludables. Mira lo que dicen Addis y Gabriela de todo el apoyo que recibieron:<\/p>\n<p>Testimonio Addis<\/p>\n<p>https:\/\/vimeo.com\/599124370\/68dd8055b9<\/p>\n<p>La ayuda mutua de todas las compa\u00f1eras, muy lindas. En los comentarios no me canso de agradecerles a cada una <b>su generosidad y su desprendimiento para compartir sin ning\u00fan ego\u00edsmo.<\/b><\/p>\n<p>Testimonio Gabriela<\/p>\n<p>https:\/\/vimeo.com\/599133698\/3a6c513880<\/p>\n<p>El grupo ayuda bastante porque cualquier duda ah\u00ed <b>te pueden ayudar otras compa\u00f1eras<\/b>, o los tips que te dan.<\/p>\n<p>\t\t\t<a href=\"https:\/\/katiabrambila.net\/ps-la-gran-fiesta\/\" target=\"_blank\" role=\"button\" rel=\"noopener\"><br \/>\n\t\t\t\t\t\t\u00daNETE AL DULCE MOVIMIENTO EN EL MUNDO<br \/>\n\t\t\t\t\t<\/a><\/p>\n<p><b>Incluso puedes crear un emprendimiento<\/b><\/p>\n<p>Ya sea que tengas un negocio de comida y quieras llevar nuevos productos, o que quieras emprender y no sab\u00edas en qu\u00e9,<b> los postres saludables son una gran opci\u00f3n<\/b>. Conoce las historias de negocios de Ritha y Jennifer.<\/p>\n<p>Testimonio Ritha<\/p>\n<p>https:\/\/vimeo.com\/599145564\/1f48895747<\/p>\n<p>Cuando empec\u00e9 a ver que los postres me empezaban a salir mejor, que le gustaban a mi familia, <b>me anim\u00e9 a venderlos.<\/b><\/p>\n<p>Testimonio Jennifer<\/p>\n<p>https:\/\/vimeo.com\/599134558\/ba358d0989<\/p>\n<p>Me di cuenta que <b>no hay muchos lugares o personas que vendan postres para dietas estrictas <\/b>como la keto.<\/p>\n<p>\t\t\t<a href=\"https:\/\/katiabrambila.net\/ps-la-gran-fiesta\/\" target=\"_blank\" role=\"button\" rel=\"noopener\"><br \/>\n\t\t\t\t\t\tAPRENDE A HACER POSTRES SALUDABLES<br \/>\n\t\t\t\t\t<\/a><br \/>\n\t\t\t<!-- Google Tag Manager (noscript) --><br \/>\n<noscript><iframe src=\"https:\/\/www.googletagmanager.com\/ns.html?id=GTM-K543KLQ\"\nheight=\"0\" width=\"0\" style=\"display:none;visibility:hidden\"><\/iframe><\/noscript><br \/>\n<!-- End Google Tag Manager (noscript) -->\t\t<\/p>\n<p style=\"text-align: center;\">Este sitio utiliza cookies propias y de terceros. Si continuas navegando, consideramos que aceptas su uso. M&aacute;s informaci&oacute;n en nuestro <a style=\"color: #ffffff;\" title=\"aviso de privacidad\" href=\"https:\/\/katiabrambila.net\/privacidad\/\" target=\"_blank\" rel=\"noopener\"><strong>aviso de privacidad.<\/strong><\/a><\/p>\n<p style=\"text-align: center;\">&copy; 2021 Sweet Paleo Mx | <a style=\"color: #ffffff; text-decoration: underline;\" title=\"Aviso de Privacidad\" href=\"https:\/\/katiabrambila.net\/privacidad\/\" target=\"_blank\" rel=\"noopener\"><strong>Aviso de Privacidad<\/strong><\/a> | <a style=\"color: #ffffff;\" title=\"T&eacute;rminos y Condiciones\" href=\"https:\/\/katiabrambila.net\/terminos\/\" target=\"_blank\" rel=\"noopener\"><strong>T&eacute;rminos y condiciones<\/strong><\/a> | <a style=\"color: #ffffff;\" title=\"soporte@sweetpaleomx.com\" href=\"mailto:soporte@sweetpaleomx.com\" target=\"_blank\" rel=\"noopener\"><strong>soporte@sweetpaleomx.com<\/strong><\/a><\/p>\n","protected":false},"excerpt":{"rendered":"<p>\u00a1Queda poco tiempo! D\u00edas Horas Minutos Segundos Conoce las dulces historias de Chefs de Coraz\u00f3n Estas Chefs de Coraz\u00f3n ya se graduaron del programa de Postres Saludables, \u00a1conoce su experiencia formando parte de este dulce movimiento! Los postres saludables tambi\u00e9n pueden ser deliciosos Muchas personas piensan que lo saludable est\u00e1 peleado con lo sabroso. \u00a1Pero [&hellip;]<\/p>\n","protected":false},"author":22,"featured_media":0,"parent":0,"menu_order":0,"comment_status":"closed","ping_status":"closed","template":"elementor_canvas","meta":{"footnotes":""},"class_list":["post-4675","page","type-page","status-publish","hentry"],"_links":{"self":[{"href":"https:\/\/katiabrambila.net\/index.php?rest_route=\/wp\/v2\/pages\/4675","targetHints":{"allow":["GET"]}}],"collection":[{"href":"https:\/\/katiabrambila.net\/index.php?rest_route=\/wp\/v2\/pages"}],"about":[{"href":"https:\/\/katiabrambila.net\/index.php?rest_route=\/wp\/v2\/types\/page"}],"author":[{"embeddable":true,"href":"https:\/\/katiabrambila.net\/index.php?rest_route=\/wp\/v2\/users\/22"}],"replies":[{"embeddable":true,"href":"https:\/\/katiabrambila.net\/index.php?rest_route=%2Fwp%2Fv2%2Fcomments&post=4675"}],"version-history":[{"count":0,"href":"https:\/\/katiabrambila.net\/index.php?rest_route=\/wp\/v2\/pages\/4675\/revisions"}],"wp:attachment":[{"href":"https:\/\/katiabrambila.net\/index.php?rest_route=%2Fwp%2Fv2%2Fmedia&parent=4675"}],"curies":[{"name":"wp","href":"https:\/\/api.w.org\/{rel}","templated":true}]}}