{"id":4707,"date":"2021-09-02T11:37:04","date_gmt":"2021-09-02T16:37:04","guid":{"rendered":"https:\/\/katiabrambila.net\/?page_id=4707"},"modified":"2022-02-27T08:45:57","modified_gmt":"2022-02-27T14:45:57","slug":"ps-inscripcion-fb-cold","status":"publish","type":"page","link":"https:\/\/katiabrambila.net\/?page_id=4707","title":{"rendered":"ps inscripcion FB COLD"},"content":{"rendered":"<style>\/*! elementor - v3.4.8 - 16-11-2021 *\/\n.elementor-heading-title{padding:0;margin:0;line-height:1}.elementor-widget-heading .elementor-heading-title[class*=elementor-size-]>a{color:inherit;font-size:inherit;line-height:inherit}.elementor-widget-heading .elementor-heading-title.elementor-size-small{font-size:15px}.elementor-widget-heading .elementor-heading-title.elementor-size-medium{font-size:19px}.elementor-widget-heading .elementor-heading-title.elementor-size-large{font-size:29px}.elementor-widget-heading .elementor-heading-title.elementor-size-xl{font-size:39px}.elementor-widget-heading .elementor-heading-title.elementor-size-xxl{font-size:59px}<\/style>\n<h2>Descubre como hacer postres saludables, deliciosos que te llenen de energ\u00eda que cuiden tu figura y la salud de tu familia.<br \/><\/h2>\n<style>\/*! elementor - v3.4.8 - 16-11-2021 *\/\n.elementor-widget-image{text-align:center}.elementor-widget-image a{display:inline-block}.elementor-widget-image a img[src$=\".svg\"]{width:48px}.elementor-widget-image img{vertical-align:middle;display:inline-block}<\/style>\n<p>\t\t\t\t\t\t\t\t\t\t\t\t<img decoding=\"async\" width=\"800\" height=\"316\" src=\"https:\/\/katiabrambila.net\/wp-content\/uploads\/2021\/09\/registro-1024x404.png\" alt=\"\" loading=\"lazy\" srcset=\"https:\/\/katiabrambila.net\/wp-content\/uploads\/2021\/09\/registro-1024x404.png 1024w, https:\/\/katiabrambila.net\/wp-content\/uploads\/2021\/09\/registro-300x118.png 300w, https:\/\/katiabrambila.net\/wp-content\/uploads\/2021\/09\/registro-768x303.png 768w, https:\/\/katiabrambila.net\/wp-content\/uploads\/2021\/09\/registro-1536x606.png 1536w, https:\/\/katiabrambila.net\/wp-content\/uploads\/2021\/09\/registro-1200x474.png 1200w, https:\/\/katiabrambila.net\/wp-content\/uploads\/2021\/09\/registro.png 1974w\" sizes=\"auto, (max-width: 800px) 100vw, 800px\" \/>\t\t\t\t\t\t\t\t\t\t\t\t\t\t\t<\/p>\n<style>\n #_form_87_ { font-size:14px; line-height:1.6; font-family:arial, helvetica, sans-serif; margin:0; }\n #_form_87_ * { outline:0; }\n ._form_hide { display:none; visibility:hidden; }\n ._form_show { display:block; visibility:visible; }\n #_form_87_._form-top { top:0; }\n #_form_87_._form-bottom { bottom:0; }\n #_form_87_._form-left { left:0; }\n #_form_87_._form-right { right:0; }\n #_form_87_ input[type=\"text\"],#_form_87_ input[type=\"date\"],#_form_87_ textarea { padding:6px; height:auto; border:#979797 1px solid; border-radius:4px; color:#000 !important; font-size:14px; -webkit-box-sizing:border-box; -moz-box-sizing:border-box; box-sizing:border-box; }\n #_form_87_ textarea { resize:none; }\n #_form_87_ ._submit { -webkit-appearance:none; cursor:pointer; font-family:arial, sans-serif; font-size:14px; text-align:center; background:#c8212d !important; border:0 !important; -moz-border-radius:4px !important; -webkit-border-radius:4px !important; border-radius:4px !important; color:#fff !important; padding:10px !important; }\n #_form_87_ ._close-icon { cursor:pointer; background-image:url('https:\/\/d226aj4ao1t61q.cloudfront.net\/esfkyjh1u_forms-close-dark.png'); background-repeat:no-repeat; background-size:14.2px 14.2px; position:absolute; display:block; top:11px; right:9px; overflow:hidden; width:16.2px; height:16.2px; }\n #_form_87_ ._close-icon:before { position:relative; }\n #_form_87_ ._form-body { margin-bottom:30px; }\n #_form_87_ ._form-image-left { width:150px; float:left; }\n #_form_87_ ._form-content-right { margin-left:164px; }\n #_form_87_ ._form-branding { color:#fff; font-size:10px; clear:both; text-align:left; margin-top:30px; font-weight:100; }\n #_form_87_ ._form-branding ._logo { display:block; width:130px; height:14px; margin-top:6px; background-image:url('https:\/\/d226aj4ao1t61q.cloudfront.net\/hh9ujqgv5_aclogo_li.png'); background-size:130px auto; background-repeat:no-repeat; }\n #_form_87_ .form-sr-only { position:absolute; width:1px; height:1px; padding:0; margin:-1px; overflow:hidden; clip:rect(0, 0, 0, 0); border:0; }\n #_form_87_ ._form-label,#_form_87_ ._form_element ._form-label { font-weight:bold; margin-bottom:5px; display:block; }\n #_form_87_._dark ._form-branding { color:#333; }\n #_form_87_._dark ._form-branding ._logo { background-image:url('https:\/\/d226aj4ao1t61q.cloudfront.net\/jftq2c8s_aclogo_dk.png'); }\n #_form_87_ ._form_element { position:relative; margin-bottom:10px; font-size:0; max-width:100%; }\n #_form_87_ ._form_element * { font-size:14px; }\n #_form_87_ ._form_element._clear { clear:both; width:100%; float:none; }\n #_form_87_ ._form_element._clear:after { clear:left; }\n #_form_87_ ._form_element input[type=\"text\"],#_form_87_ ._form_element input[type=\"date\"],#_form_87_ ._form_element select,#_form_87_ ._form_element textarea:not(.g-recaptcha-response) { display:block; width:100%; -webkit-box-sizing:border-box; -moz-box-sizing:border-box; box-sizing:border-box; font-family:inherit; }\n #_form_87_ ._field-wrapper { position:relative; }\n #_form_87_ ._inline-style { float:left; }\n #_form_87_ ._inline-style input[type=\"text\"] { width:150px; }\n #_form_87_ ._inline-style:not(._clear) + ._inline-style:not(._clear) { margin-left:20px; }\n #_form_87_ ._form_element img._form-image { max-width:100%; }\n #_form_87_ ._form_element ._form-fieldset { border:0; padding:0.01em 0 0 0; margin:0; min-width:0; }\n #_form_87_ ._clear-element { clear:left; }\n #_form_87_ ._full_width { width:100%; }\n #_form_87_ ._form_full_field { display:block; width:100%; margin-bottom:10px; }\n #_form_87_ input[type=\"text\"]._has_error,#_form_87_ textarea._has_error { border:#f37c7b 1px solid; }\n #_form_87_ input[type=\"checkbox\"]._has_error { outline:#f37c7b 1px solid; }\n #_form_87_ ._error { display:block; position:absolute; font-size:14px; z-index:10000001; }\n #_form_87_ ._error._above { padding-bottom:4px; bottom:39px; right:0; }\n #_form_87_ ._error._below { padding-top:4px; top:100%; right:0; }\n #_form_87_ ._error._above ._error-arrow { bottom:0; right:15px; border-left:5px solid transparent; border-right:5px solid transparent; border-top:5px solid #f37c7b; }\n #_form_87_ ._error._below ._error-arrow { top:0; right:15px; border-left:5px solid transparent; border-right:5px solid transparent; border-bottom:5px solid #f37c7b; }\n #_form_87_ ._error-inner { padding:8px 12px; background-color:#f37c7b; font-size:14px; font-family:arial, sans-serif; color:#fff; text-align:center; text-decoration:none; -webkit-border-radius:4px; -moz-border-radius:4px; border-radius:4px; }\n #_form_87_ ._error-inner._form_error { margin-bottom:5px; text-align:left; }\n #_form_87_ ._button-wrapper ._error-inner._form_error { position:static; }\n #_form_87_ ._error-inner._no_arrow { margin-bottom:10px; }\n #_form_87_ ._error-arrow { position:absolute; width:0; height:0; }\n #_form_87_ ._error-html { margin-bottom:10px; }\n .pika-single { z-index:10000001 !important; }\n #_form_87_ input[type=\"text\"].datetime_date { width:69%; display:inline; }\n #_form_87_ select.datetime_time { width:29%; display:inline; height:32px; }\n @media all and (min-width:320px) and (max-width:667px) { ::-webkit-scrollbar { display:none; }\n #_form_87_ { margin:0; width:100%; min-width:100%; max-width:100%; box-sizing:border-box; }\n #_form_87_ * { -webkit-box-sizing:border-box; -moz-box-sizing:border-box; box-sizing:border-box; font-size:1em; }\n #_form_87_ ._form-content { margin:0; width:100%; }\n #_form_87_ ._form-inner { display:block; min-width:100%; }\n #_form_87_ ._form-title,#_form_87_ ._inline-style { margin-top:0; margin-right:0; margin-left:0; }\n #_form_87_ ._form-title { font-size:1.2em; }\n #_form_87_ ._form_element { margin:0 0 20px; padding:0; width:100%; }\n #_form_87_ ._form-element,#_form_87_ ._inline-style,#_form_87_ input[type=\"text\"],#_form_87_ label,#_form_87_ p,#_form_87_ textarea:not(.g-recaptcha-response) { float:none; display:block; width:100%; }\n #_form_87_ ._row._checkbox-radio label { display:inline; }\n #_form_87_ ._row,#_form_87_ p,#_form_87_ label { margin-bottom:0.7em; width:100%; }\n #_form_87_ ._row input[type=\"checkbox\"],#_form_87_ ._row input[type=\"radio\"] { margin:0 !important; vertical-align:middle !important; }\n #_form_87_ ._row input[type=\"checkbox\"] + span label { display:inline; }\n #_form_87_ ._row span label { margin:0 !important; width:initial !important; vertical-align:middle !important; }\n #_form_87_ ._form-image { max-width:100%; height:auto !important; }\n #_form_87_ input[type=\"text\"] { padding-left:10px; padding-right:10px; font-size:16px; line-height:1.3em; -webkit-appearance:none; }\n #_form_87_ input[type=\"radio\"],#_form_87_ input[type=\"checkbox\"] { display:inline-block; width:1.3em; height:1.3em; font-size:1em; margin:0 0.3em 0 0; vertical-align:baseline; }\n #_form_87_ button[type=\"submit\"] { padding:20px; font-size:1.5em; }\n #_form_87_ ._inline-style { margin:20px 0 0 !important; }\n }\n #_form_87_ { position:relative; text-align:left; margin:25px auto 0; padding:20px; -webkit-box-sizing:border-box; -moz-box-sizing:border-box; box-sizing:border-box; *zoom:1; background:transparent !important; border:0px solid #b0b0b0 !important; width:500px; -moz-border-radius:0px !important; -webkit-border-radius:0px !important; border-radius:0px !important; color:#c8212d !important; }\n #_form_87_._inline-form,#_form_87_._inline-form ._form-content,#_form_87_._inline-form input,#_form_87_._inline-form ._submit { font-family:\"IBM Plex Sans\", Helvetica, sans-serif, 'IBM Plex Sans', arial, sans-serif; }\n #_form_87_ ._form-title { font-size:22px; line-height:22px; font-weight:600; margin-bottom:0; }\n #_form_87_:before,#_form_87_:after { content:\" \"; display:table; }\n #_form_87_:after { clear:both; }\n #_form_87_._inline-style { width:auto; display:inline-block; }\n #_form_87_._inline-style input[type=\"text\"],#_form_87_._inline-style input[type=\"date\"] { padding:10px 12px; }\n #_form_87_._inline-style button._inline-style { position:relative; top:27px; }\n #_form_87_._inline-style p { margin:0; }\n #_form_87_._inline-style ._button-wrapper { position:relative; margin:27px 12.5px 0 20px; }\n #_form_87_ ._form-thank-you { position:relative; left:0; right:0; text-align:center; font-size:18px; }\n @media all and (min-width:320px) and (max-width:667px) { #_form_87_._inline-form._inline-style ._inline-style._button-wrapper { margin-top:20px !important; margin-left:0 !important; }\n }\n #_form_87_ ._submit { font-size:22px; width:100%; font-weight:bold; }\n<\/style>\n<link href=\"https:\/\/fonts.googleapis.com\/css2?family=Lato&#038;family=Montserrat&#038;family=Roboto&#038;display=swap\" rel=\"stylesheet\">\n<form method=\"POST\" action=\"https:\/\/postressaludables.activehosted.com\/proc.php\" id=\"_form_87_\" novalidate>\n    <input type=\"hidden\" name=\"u\" value=\"87\" \/><br \/>\n    <input type=\"hidden\" name=\"f\" value=\"87\" \/><br \/>\n    <input type=\"hidden\" name=\"s\" \/><br \/>\n    <input type=\"hidden\" name=\"c\" value=\"0\" \/><br \/>\n    <input type=\"hidden\" name=\"m\" value=\"0\" \/><br \/>\n    <input type=\"hidden\" name=\"act\" value=\"sub\" \/><br \/>\n    <input type=\"hidden\" name=\"v\" value=\"2\" \/><br \/>\n          \u00a1Inscr\u00edbete ahora GRATIS!<br \/>\n        <label for=\"fullname\"><br \/>\n          Nombre*<br \/>\n        <\/label><br \/>\n          <input type=\"text\" id=\"fullname\" name=\"fullname\" placeholder=\"(sin apellidos)\" required\/><br \/>\n        <label for=\"email\"><br \/>\n          Correo electr\u00f3nico*<br \/>\n        <\/label><br \/>\n          <input type=\"text\" id=\"email\" name=\"email\" placeholder=\"El mejor de tus emails:\" required\/><br \/>\n        <button id=\"_form_87_submit\" type=\"submit\"><br \/>\n          Enviar<br \/>\n        <\/button><br \/>\n  <\/form>\n<p>Dejar\u00e1s atr\u00e1s los postres que te <b>inflaman y te da\u00f1an<\/b>\u00a0<\/p>\n<p>\t\t\t\t\t\t\t\t\t\t\t\t\t\t\t<img decoding=\"async\" width=\"338\" height=\"340\" src=\"https:\/\/katiabrambila.net\/wp-content\/uploads\/2022\/02\/Captura-de-Pantalla-2022-02-27-a-las-9.34.50.png\" alt=\"\" loading=\"lazy\" srcset=\"https:\/\/katiabrambila.net\/wp-content\/uploads\/2022\/02\/Captura-de-Pantalla-2022-02-27-a-las-9.34.50.png 338w, https:\/\/katiabrambila.net\/wp-content\/uploads\/2022\/02\/Captura-de-Pantalla-2022-02-27-a-las-9.34.50-298x300.png 298w, https:\/\/katiabrambila.net\/wp-content\/uploads\/2022\/02\/Captura-de-Pantalla-2022-02-27-a-las-9.34.50-150x150.png 150w\" sizes=\"auto, (max-width: 338px) 100vw, 338px\" \/>\t\t\t\t\t\t\t\t\t\t\t\t\t\t\t<\/p>\n<p>En 4 clases vas a descubrir:<\/p>\n<p>\t\t\t\t\t\t\t\t\t\t\t\t\t\t\t<img decoding=\"async\" width=\"800\" height=\"557\" src=\"https:\/\/katiabrambila.net\/wp-content\/uploads\/2021\/09\/Asset-4-1024x713.png\" alt=\"\" loading=\"lazy\" srcset=\"https:\/\/katiabrambila.net\/wp-content\/uploads\/2021\/09\/Asset-4-1024x713.png 1024w, https:\/\/katiabrambila.net\/wp-content\/uploads\/2021\/09\/Asset-4-300x209.png 300w, https:\/\/katiabrambila.net\/wp-content\/uploads\/2021\/09\/Asset-4-768x535.png 768w, https:\/\/katiabrambila.net\/wp-content\/uploads\/2021\/09\/Asset-4.png 1086w\" sizes=\"auto, (max-width: 800px) 100vw, 800px\" \/><br \/>\n\t\t\t\t\t\t\t\t\t\t\t\t\t\t\t<img decoding=\"async\" width=\"619\" height=\"793\" src=\"https:\/\/katiabrambila.net\/wp-content\/uploads\/2021\/09\/Asset-5@72x-8.png\" alt=\"\" loading=\"lazy\" srcset=\"https:\/\/katiabrambila.net\/wp-content\/uploads\/2021\/09\/Asset-5@72x-8.png 619w, https:\/\/katiabrambila.net\/wp-content\/uploads\/2021\/09\/Asset-5@72x-8-234x300.png 234w\" sizes=\"auto, (max-width: 619px) 100vw, 619px\" \/>\t\t\t\t\t\t\t\t\t\t\t\t\t\t\t<\/p>\n<p>Desde siempre he sido amante de los postres en todas sus formas, pero hace algunos a\u00f1os quise comenzar a\u00a0cuidar m\u00e1s la salud de mi familia\u00a0y me di a la tarea de\u00a0buscar alternativas saludables en pasteler\u00eda.<b><br \/><\/b><\/p>\n<p><b>Cuando me di cuenta de que simplemente no exist\u00edan, me decid\u00ed a emprender<\/b>, y empec\u00e9 mi negocio de pasteler\u00eda saludable SWEET PALEO, vendiendo postres deliciosos y nutritivos sin productos procesados.<\/p>\n<p>Desde entonces he ense\u00f1ado<b> a miles de personas en 68 pa\u00edses a preparar dulces tentaciones saludables en casa<\/b> para cuidar su salud y la de su familia.<\/p>\n<p>\t\t\t\t\t\t\t\t\t\t\t\t\t\t\t<img decoding=\"async\" width=\"800\" height=\"215\" src=\"https:\/\/katiabrambila.net\/wp-content\/uploads\/2021\/09\/Asset-8@72x-8-1024x275.png\" alt=\"\" loading=\"lazy\" srcset=\"https:\/\/katiabrambila.net\/wp-content\/uploads\/2021\/09\/Asset-8@72x-8-1024x275.png 1024w, https:\/\/katiabrambila.net\/wp-content\/uploads\/2021\/09\/Asset-8@72x-8-300x81.png 300w, https:\/\/katiabrambila.net\/wp-content\/uploads\/2021\/09\/Asset-8@72x-8-768x206.png 768w, https:\/\/katiabrambila.net\/wp-content\/uploads\/2021\/09\/Asset-8@72x-8.png 1039w\" sizes=\"auto, (max-width: 800px) 100vw, 800px\" \/>\t\t\t\t\t\t\t\t\t\t\t\t\t\t\t<\/p>\n<p>VISTO EN:<\/p>\n<p>\t\t\t\t\t\t\t\t\t\t\t\t\t\t\t<img decoding=\"async\" width=\"400\" height=\"104\" src=\"https:\/\/katiabrambila.net\/wp-content\/uploads\/2021\/09\/logo-4.png\" alt=\"\" loading=\"lazy\" srcset=\"https:\/\/katiabrambila.net\/wp-content\/uploads\/2021\/09\/logo-4.png 400w, https:\/\/katiabrambila.net\/wp-content\/uploads\/2021\/09\/logo-4-300x78.png 300w\" sizes=\"auto, (max-width: 400px) 100vw, 400px\" \/><br \/>\n\t\t\t\t\t\t\t\t\t\t\t\t\t\t\t<img decoding=\"async\" width=\"400\" height=\"104\" src=\"https:\/\/katiabrambila.net\/wp-content\/uploads\/2021\/09\/logo-3.png\" alt=\"\" loading=\"lazy\" srcset=\"https:\/\/katiabrambila.net\/wp-content\/uploads\/2021\/09\/logo-3.png 400w, https:\/\/katiabrambila.net\/wp-content\/uploads\/2021\/09\/logo-3-300x78.png 300w\" sizes=\"auto, (max-width: 400px) 100vw, 400px\" \/><br \/>\n\t\t\t\t\t\t\t\t\t\t\t\t\t\t\t<img decoding=\"async\" width=\"400\" height=\"104\" src=\"https:\/\/katiabrambila.net\/wp-content\/uploads\/2021\/09\/logo-2.png\" alt=\"\" loading=\"lazy\" srcset=\"https:\/\/katiabrambila.net\/wp-content\/uploads\/2021\/09\/logo-2.png 400w, https:\/\/katiabrambila.net\/wp-content\/uploads\/2021\/09\/logo-2-300x78.png 300w\" sizes=\"auto, (max-width: 400px) 100vw, 400px\" \/><br \/>\n\t\t\t\t\t\t\t\t\t\t\t\t\t\t\t<img decoding=\"async\" width=\"400\" height=\"104\" src=\"https:\/\/katiabrambila.net\/wp-content\/uploads\/2021\/09\/logo-1.png\" alt=\"\" loading=\"lazy\" srcset=\"https:\/\/katiabrambila.net\/wp-content\/uploads\/2021\/09\/logo-1.png 400w, https:\/\/katiabrambila.net\/wp-content\/uploads\/2021\/09\/logo-1-300x78.png 300w\" sizes=\"auto, (max-width: 400px) 100vw, 400px\" \/>\t\t\t\t\t\t\t\t\t\t\t\t\t\t\t<\/p>\n<p><b>Inscr\u00edbete ahora a esta fiesta SIN COSTO para disfrutar postres sin culpa<\/b><\/p>\n<p>Los postres son deliciosos, \u00a1descubre que tambi\u00e9n pueden ser saludables!<\/p>\n<p>\t\t\t<a href=\"https:\/\/katiabrambila.net\/ps-inscripcion-fb-cold\/#registro\" role=\"button\"><br \/>\n\t\t\t\t\t\t\u00a1Quiero inscribirme!<br \/>\n\t\t\t\t\t<\/a><\/p>\n<p>\u00a1No dejes pasar esta oportunidad!<\/p>\n<p>\t\t\t<!-- Google Tag Manager (noscript) --><br \/>\n<noscript><iframe src=\"https:\/\/www.googletagmanager.com\/ns.html?id=GTM-K543KLQ\"\nheight=\"0\" width=\"0\" style=\"display:none;visibility:hidden\"><\/iframe><\/noscript><br \/>\n<!-- End Google Tag Manager (noscript) -->\t\t<\/p>\n<p style=\"text-align: center;\">Este sitio utiliza cookies propias y de terceros. Si continuas navegando, consideramos que aceptas su uso. M&aacute;s informaci&oacute;n en nuestro <a style=\"color: #ffffff;\" title=\"aviso de privacidad\" href=\"https:\/\/katiabrambila.net\/privacidad\/\" target=\"_blank\" rel=\"noopener\"><strong>aviso de privacidad.<\/strong><\/a><\/p>\n<p style=\"text-align: center;\">&copy; 2021 Sweet Paleo Mx | <a style=\"color: #ffffff; text-decoration: underline;\" title=\"Aviso de Privacidad\" href=\"https:\/\/katiabrambila.net\/privacidad\/\" target=\"_blank\" rel=\"noopener\"><strong>Aviso de Privacidad<\/strong><\/a> | <a style=\"color: #ffffff;\" title=\"T&eacute;rminos y Condiciones\" href=\"https:\/\/katiabrambila.net\/terminos\/\" target=\"_blank\" rel=\"noopener\"><strong>T&eacute;rminos y condiciones<\/strong><\/a> | <a style=\"color: #ffffff;\" title=\"soporte@sweetpaleomx.com\" href=\"mailto:soporte@sweetpaleomx.com\" target=\"_blank\" rel=\"noopener\"><strong>soporte@sweetpaleomx.com<\/strong><\/a><\/p>\n","protected":false},"excerpt":{"rendered":"<p>Descubre como hacer postres saludables, deliciosos que te llenen de energ\u00eda que cuiden tu figura y la salud de tu familia. \u00a1Inscr\u00edbete ahora GRATIS! Nombre* Correo electr\u00f3nico* Enviar Dejar\u00e1s atr\u00e1s los postres que te inflaman y te da\u00f1an\u00a0 En 4 clases vas a descubrir: Desde siempre he sido amante de los postres en todas sus [&hellip;]<\/p>\n","protected":false},"author":22,"featured_media":0,"parent":0,"menu_order":0,"comment_status":"closed","ping_status":"closed","template":"elementor_canvas","meta":{"footnotes":""},"class_list":["post-4707","page","type-page","status-publish","hentry"],"_links":{"self":[{"href":"https:\/\/katiabrambila.net\/index.php?rest_route=\/wp\/v2\/pages\/4707","targetHints":{"allow":["GET"]}}],"collection":[{"href":"https:\/\/katiabrambila.net\/index.php?rest_route=\/wp\/v2\/pages"}],"about":[{"href":"https:\/\/katiabrambila.net\/index.php?rest_route=\/wp\/v2\/types\/page"}],"author":[{"embeddable":true,"href":"https:\/\/katiabrambila.net\/index.php?rest_route=\/wp\/v2\/users\/22"}],"replies":[{"embeddable":true,"href":"https:\/\/katiabrambila.net\/index.php?rest_route=%2Fwp%2Fv2%2Fcomments&post=4707"}],"version-history":[{"count":0,"href":"https:\/\/katiabrambila.net\/index.php?rest_route=\/wp\/v2\/pages\/4707\/revisions"}],"wp:attachment":[{"href":"https:\/\/katiabrambila.net\/index.php?rest_route=%2Fwp%2Fv2%2Fmedia&parent=4707"}],"curies":[{"name":"wp","href":"https:\/\/api.w.org\/{rel}","templated":true}]}}