{"id":582,"date":"2020-06-10T03:55:08","date_gmt":"2020-06-10T03:55:08","guid":{"rendered":"https:\/\/katiabrambila.net\/afiliados-2020-b-cloned-at-2020-11-02-152108\/"},"modified":"2021-05-20T14:00:57","modified_gmt":"2021-05-20T19:00:57","slug":"replay","status":"publish","type":"page","link":"https:\/\/katiabrambila.net\/?page_id=582","title":{"rendered":"Repetici\u00f3n"},"content":{"rendered":"<h2>The timer has expired!<\/h2>\n<p><a target=\"_self\" data-op-action=\"link\" data-op-popoverlay-trigger=\"none\" data-op-select-funnel-step=\"\" rel=\"noopener noreferrer\"><img loading=\"lazy\" decoding=\"async\" src=\"https:\/\/katiabrambila.net\/wp-content\/uploads\/2020\/06\/LOGO.png\" alt=\"\" title=\"LOGO\" width=\"537\" height=\"200\" \/><\/a><\/p>\n<p>REPETICI\u00d3N POR TIEMPO LIMITADO<\/p>\n<h2>MASTERCLASS GRATUITA: Los 5&nbsp;Secretos&nbsp;para hacer postres saludables<\/h2>\n<h2>\u00a1Si tuviste problemas para ver el taller o tuviste que salir aqu\u00ed puedes ver la repetici\u00f3n!<\/h2>\n<p><a href=\"https:\/\/go.hotmart.com\/P12891701Y?ap=1ad5&amp;src=web-rep\" class=\"op3-background-ancestor\" target=\"_blank\" rel=\"nofollow noopener noreferrer\" data-op-action=\"link\" data-op-popoverlay-trigger=\"none\" data-op-select-funnel-step=\"\" data-op-animation-trigger=\"none\" data-op-animation-style=\"\" data-op-animation-loop=\"0\" data-op-timer-minutes=\"0\" data-op-timer-seconds=\"0\">ESTOY LISTA &#8211; SI QUIERO INSCRIBIRMESub Text<\/a><\/p>\n<h2>\u00a1OFERTA LIMITADA!<\/h2>\n<h2>100% Garant\u00eda de Devoluci\u00f3n. Lugares limitados&nbsp;<\/h2>\n<p><a href=\"https:\/\/go.hotmart.com\/P12891701Y?ap=1ad5&amp;src=web-rep\" class=\"op3-background-ancestor\" target=\"_blank\" data-op-action=\"link\" data-op-popoverlay-trigger=\"none\" data-op-select-funnel-step=\"\" data-op-animation-trigger=\"none\" data-op-animation-style=\"\" data-op-animation-loop=\"0\" data-op-timer-minutes=\"0\" data-op-timer-seconds=\"0\" rel=\"noopener noreferrer\">ESTOY LISTASub Text<\/a><a target=\"_self\" data-op-action=\"link\" data-op-popoverlay-trigger=\"none\" data-op-select-funnel-step=\"\" rel=\"noopener noreferrer\"><img loading=\"lazy\" decoding=\"async\" src=\"https:\/\/katiabrambila.net\/wp-content\/uploads\/2020\/11\/mb.png\" alt=\"\" title=\"mb\" width=\"627\" height=\"507\" \/><\/a><\/p>\n<h2>COMPRA SEGURA<\/h2>\n<p><a target=\"_self\" data-op-action=\"link\" data-op-popoverlay-trigger=\"none\" data-op-select-funnel-step=\"\" rel=\"noopener noreferrer\"><img loading=\"lazy\" decoding=\"async\" src=\"https:\/\/katiabrambila.net\/wp-content\/uploads\/2020\/11\/Major-Credit-Card-Logo-PNG-Clipart.png\" alt=\"\" title=\"Major-Credit-Card-Logo-PNG-Clipart\" width=\"8552\" height=\"1190\" \/><\/a><a target=\"_self\" data-op-action=\"link\" data-op-popoverlay-trigger=\"none\" data-op-select-funnel-step=\"\" rel=\"noopener noreferrer\"><img loading=\"lazy\" decoding=\"async\" src=\"https:\/\/katiabrambila.net\/wp-content\/uploads\/2020\/06\/LOGO.png\" alt=\"\" title=\"LOGO\" width=\"537\" height=\"200\" \/><\/a><a class=\"op3-link\" target=\"_self\" data-op-animation-trigger=\"none\" data-op-animation-style=\"\" data-op-animation-loop=\"0\" data-op-timer-minutes=\"0\" data-op-timer-seconds=\"0\" rel=\"noopener noreferrer\"><\/a><a class=\"op3-link\" target=\"_self\" data-op-animation-trigger=\"none\" data-op-animation-style=\"\" data-op-animation-loop=\"0\" data-op-timer-minutes=\"0\" data-op-timer-seconds=\"0\" rel=\"noopener noreferrer\"><\/a><a class=\"op3-link\" target=\"_self\" data-op-animation-trigger=\"none\" data-op-animation-style=\"\" data-op-animation-loop=\"0\" data-op-timer-minutes=\"0\" data-op-timer-seconds=\"0\" rel=\"noopener noreferrer\"><\/a><\/p>\n<p>Pol\u00edtica De Privacidad<\/p>\n<p>Disclaimer<\/p>\n<p>T\u00e9rminos Y Condiciones<\/p>\n<p>  !function(f,b,e,v,n,t,s)<br \/>\n  {if(f.fbq)return;n=f.fbq=function(){n.callMethod?<br \/>\n  n.callMethod.apply(n,arguments):n.queue.push(arguments)};<br \/>\n  if(!f._fbq)f._fbq=n;n.push=n;n.loaded=!0;n.version=&#8217;2.0&#8242;;<br \/>\n  n.queue=[];t=b.createElement(e);t.async=!0;<br \/>\n  t.src=v;s=b.getElementsByTagName(e)[0];<br \/>\n  s.parentNode.insertBefore(t,s)}(window, document,&#8217;script&#8217;,<br \/>\n  &#8216;https:\/\/connect.facebook.net\/en_US\/fbevents.js&#8217;);<br \/>\n  fbq(&#8216;init&#8217;, &#8216;1092342754140382&#8217;);<br \/>\n  fbq(&#8216;track&#8217;, &#8216;PageView&#8217;);<br \/>\n  fbq(&#8216;track&#8217;, &#8216;view content&#8217;);<\/p>\n<p>&lt;img height=\u00bb1&#8243; width=\u00bb1&#8243; style=\u00bbdisplay:none\u00bb src=\u00bbhttps:\/\/www.facebook.com\/tr?id=1092342754140382&amp;amp;ev=PageView&amp;amp;noscript=1&#8243;&gt;<\/p>\n<p>Copyright 2018 &#8211; Sweet Paleo.Todos Los Derechos Reservados.&nbsp; Este sitio utiliza cookies propias y de terceros. Si continuas navegando, consideramos que aceptas su uso.<\/p>\n","protected":false},"excerpt":{"rendered":"<p>The timer has expired! REPETICI\u00d3N POR TIEMPO LIMITADO MASTERCLASS GRATUITA: Los 5&nbsp;Secretos&nbsp;para hacer postres saludables \u00a1Si tuviste problemas para ver el taller o tuviste que salir aqu\u00ed puedes ver la repetici\u00f3n! ESTOY LISTA &#8211; SI QUIERO INSCRIBIRMESub Text \u00a1OFERTA LIMITADA! 100% Garant\u00eda de Devoluci\u00f3n. Lugares limitados&nbsp; ESTOY LISTASub Text COMPRA SEGURA Pol\u00edtica De Privacidad Disclaimer [&hellip;]<\/p>\n","protected":false},"author":22,"featured_media":0,"parent":0,"menu_order":0,"comment_status":"closed","ping_status":"closed","template":"op_builder_blank","meta":{"footnotes":""},"class_list":["post-582","page","type-page","status-publish","hentry"],"_links":{"self":[{"href":"https:\/\/katiabrambila.net\/index.php?rest_route=\/wp\/v2\/pages\/582","targetHints":{"allow":["GET"]}}],"collection":[{"href":"https:\/\/katiabrambila.net\/index.php?rest_route=\/wp\/v2\/pages"}],"about":[{"href":"https:\/\/katiabrambila.net\/index.php?rest_route=\/wp\/v2\/types\/page"}],"author":[{"embeddable":true,"href":"https:\/\/katiabrambila.net\/index.php?rest_route=\/wp\/v2\/users\/22"}],"replies":[{"embeddable":true,"href":"https:\/\/katiabrambila.net\/index.php?rest_route=%2Fwp%2Fv2%2Fcomments&post=582"}],"version-history":[{"count":0,"href":"https:\/\/katiabrambila.net\/index.php?rest_route=\/wp\/v2\/pages\/582\/revisions"}],"wp:attachment":[{"href":"https:\/\/katiabrambila.net\/index.php?rest_route=%2Fwp%2Fv2%2Fmedia&parent=582"}],"curies":[{"name":"wp","href":"https:\/\/api.w.org\/{rel}","templated":true}]}}