{"id":5868,"date":"2020-12-03T19:06:33","date_gmt":"2020-12-04T00:06:33","guid":{"rendered":"https:\/\/katiabrambila.net\/delicias-clasicas-chef-de-corazon-experta-cloned-at-2021-10-13-171057\/"},"modified":"2023-10-17T18:39:54","modified_gmt":"2023-10-17T23:39:54","slug":"deliciasclasicas","status":"publish","type":"page","link":"https:\/\/katiabrambila.net\/?page_id=5868","title":{"rendered":"Delicias Cl\u00e1sicas"},"content":{"rendered":"<p><img loading=\"lazy\" decoding=\"async\" title=\"logo\" src=\"https:\/\/katiabrambila.net\/wp-content\/uploads\/2021\/10\/logo.png\" alt=\"\" width=\"1301\" height=\"922\" data-op3-attachment-id=\"5783\" \/><\/p>\n<h2>\u201cEl arte del buen gusto&#8230; Postres deliciosos hechos con amor para una vida saludable\u201d<\/h2>\n<h2>Te encantan los postres cl\u00e1sicos, pero los encuentras llenos de az\u00facar y harina refinada, imagina comer una deliciosa tarta de manzana llena de sabor que cuide tu figuras<\/h2>\n<h2>Sorprende a tu familia con postres llenos de amor, que adem\u00e1s de sorprenderlos con el sabor, cuiden su saluds<\/h2>\n<h2>Imagina aprender paso a paso<\/h2>\n<h2>\u00a1\u00a1Desde la comodidad de tu cocina!!<\/h2>\n<h2>SIN AZ\u00daCAR REFINADA &#8211; SIN GLUTEN &#8211; SIN L\u00c1CTEOS<\/h2>\n<p><img loading=\"lazy\" decoding=\"async\" title=\"fondo completo\" src=\"https:\/\/katiabrambila.net\/wp-content\/uploads\/2021\/10\/fondo-completo.jpg\" alt=\"\" width=\"512\" height=\"256\" data-op3-attachment-id=\"5787\" \/><\/p>\n<h2>Acceso hoy mismo a todo el material, recetas, videos paso a paso y asesor\u00eda personalizada.<\/h2>\n<p><img loading=\"lazy\" decoding=\"async\" title=\"im\u00a0genes\" src=\"https:\/\/katiabrambila.net\/wp-content\/uploads\/2021\/10\/im-genes.jpg\" alt=\"\" width=\"512\" height=\"256\" data-op3-attachment-id=\"5820\" \/><\/p>\n<h2>DELICIAS CL\u00c1SICAS incluye:<\/h2>\n<p><img loading=\"lazy\" decoding=\"async\" title=\"iconos (1)\" src=\"https:\/\/katiabrambila.net\/wp-content\/uploads\/2021\/10\/iconos-1.png\" alt=\"\" width=\"353\" height=\"335\" data-op3-attachment-id=\"5823\" \/><\/p>\n<h2>Acceso inmediato a todo el material grabado.<\/h2>\n<p><img loading=\"lazy\" decoding=\"async\" title=\"iconos (2)\" src=\"https:\/\/katiabrambila.net\/wp-content\/uploads\/2021\/10\/iconos-2.png\" alt=\"\" width=\"343\" height=\"335\" data-op3-attachment-id=\"5824\" \/><\/p>\n<h2>Acceso desde cualquier dispositivo a todo el contenido. Puedes consultar los ingredientes hasta en el supermercado.<\/h2>\n<p><img loading=\"lazy\" decoding=\"async\" title=\"iconos (3)\" src=\"https:\/\/katiabrambila.net\/wp-content\/uploads\/2021\/10\/iconos-3.png\" alt=\"\" width=\"374\" height=\"335\" data-op3-attachment-id=\"5825\" \/><\/p>\n<h2>No est\u00e1s sola en esta aventura. Te acompa\u00f1ar\u00e9 para resolver todas tus dudas como si estuviera en la cocina de tu casa.<\/h2>\n<p><img loading=\"lazy\" decoding=\"async\" title=\"iconos (4)\" src=\"https:\/\/katiabrambila.net\/wp-content\/uploads\/2021\/10\/iconos-4.png\" alt=\"\" width=\"265\" height=\"335\" data-op3-attachment-id=\"5826\" \/><\/p>\n<h2>Si despu\u00e9s de hacer 3 postres no est\u00e1s convencida, tienes 7 d\u00edas de garant\u00eda donde puedes solicitar el reembolso de tu inversi\u00f3n.<\/h2>\n<h2>Maribet Balestena<\/h2>\n<h2>una Chef de Coraz\u00f3n EXPERTA<\/h2>\n<p><img loading=\"lazy\" decoding=\"async\" title=\"foto\" src=\"https:\/\/katiabrambila.net\/wp-content\/uploads\/2021\/10\/foto.png\" alt=\"\" width=\"1003\" height=\"1001\" data-op3-attachment-id=\"5828\" \/><img loading=\"lazy\" decoding=\"async\" title=\"logo.2\" src=\"https:\/\/katiabrambila.net\/wp-content\/uploads\/2021\/10\/logo.2.png\" alt=\"\" width=\"512\" height=\"256\" data-op3-attachment-id=\"5789\" \/><\/p>\n<h2>ELIGE LA FORMA DE PAGO HAZ CLICK EN EL BOT\u00d3N<\/h2>\n<h2>57% DE DESCUENTO<\/h2>\n<h2>\u00daNETE A ESTE PROGRAMA POR \u00daNICA OCASI\u00d3N DE 340 USD<\/h2>\n<h2>Por s\u00f3lo\u00a0 $ 147 D\u00f3lares<\/h2>\n<h2>Toca del bot\u00f3n para ver el\u00a0 precio en tu moneda<\/h2>\n<p><a class=\"op3-background-ancestor\" href=\"https:\/\/payment.hotmart.com\/K60504527E?checkoutMode=10\" target=\"_blank\" rel=\"noopener\" data-op-action=\"link\" data-op-popoverlay-trigger=\"none\" data-op-select-funnel-step=\"\" data-op-animation-trigger=\"none\" data-op-animation-style=\"\" data-op-animation-loop=\"0\" data-op-timer-minutes=\"0\" data-op-timer-seconds=\"0\" data-op3-smooth-scroll=\"\" data-op-effect-style=\"\" data-op-effect-style-hover=\"\">S\u00cd QUIERO COMENZAR HOYAL HACER CLICK APARECE EL PRECIO EN TU MONEDA<\/a><img loading=\"lazy\" decoding=\"async\" title=\"Major-Credit-Card-Logo-PNG-Clipart\" src=\"https:\/\/katiabrambila.net\/wp-content\/uploads\/2020\/11\/Major-Credit-Card-Logo-PNG-Clipart.png\" alt=\"\" width=\"8552\" height=\"1190\" data-op3-attachment-id=\"\" \/><\/p>\n<h2>\u00bfQU\u00c9 DESCUBRIR\u00c1S?<\/h2>\n<p><img loading=\"lazy\" decoding=\"async\" title=\"imagen tarta\" src=\"https:\/\/katiabrambila.net\/wp-content\/uploads\/2021\/10\/imagen-tarta.png\" alt=\"\" width=\"1666\" height=\"2213\" data-op3-attachment-id=\"5832\" \/><\/p>\n<h2>Tendr\u00e1s postres para cada celebraci\u00f3n especial:<\/h2>\n<p>M\u00d3DULO 1:\u00a0Introducci\u00f3nM\u00d3DULO 2: El Zen de la Reposter\u00edaM\u00d3DULO 3:\u00a0PastelesPastel R\u00fastico Doble Chocolate\u00a0Pastel de Miel (Honeycake)Cobertura de Crema de CocoDecorado con Semillas, Frutos Secos y Chocolate\u00a0Decorado con Flores Naturales FrescasDecorado con Frutas Glaseadas y Queso Crema VeganoM\u00d3DULO 4: DonasDonas de Vainilla y ChocolateGlaseados de vainilla, chocolate, caf\u00e9, fresa y lim\u00f3nDonas de Calabaza\u00a0Glaseado de Maple (Arce)M\u00d3DULO 5:\u00a0Tartas con bases de masaTarta de ManzanaTarta de Ar\u00e1ndanosTarta Jard\u00edn de CalabazaCrema Batida de CocoM\u00d3DULO 6:\u00a0GalletasAmaretto BiscottiCoquitos de Lim\u00f3n\u00a0Besitos de Coco<\/p>\n<h2>\u00a1LA MAYOR\u00cdA DE NUESTRAS RECETAS SE PUEDEN REALIZAR EN OPCI\u00d3N VEGANA!<\/h2>\n<h2>\u00a1Y A\u00daN HAY M\u00c1S! DISFRUTA DE LOS SIGUIENTES BONOS SI TE INSCRIBES AHORA!<\/h2>\n<h2>\u00a1TE LOS LLEVAS GRATIS!<\/h2>\n<h2>BONO 1: GALLETAS PERRITOS<\/h2>\n<p><img loading=\"lazy\" decoding=\"async\" title=\"imagen bono (1)\" src=\"https:\/\/katiabrambila.net\/wp-content\/uploads\/2021\/10\/imagen-bono-1.png\" alt=\"\" width=\"1011\" height=\"803\" data-op3-attachment-id=\"5844\" \/><img loading=\"lazy\" decoding=\"async\" title=\"Captura de Pantalla 2022-03-21 a la(s) 7.57.41\" src=\"https:\/\/katiabrambila.net\/wp-content\/uploads\/2022\/03\/Captura-de-Pantalla-2022-03-21-a-las-7.57.41.png\" alt=\"\" width=\"1620\" height=\"1216\" data-op3-attachment-id=\"8284\" \/><\/p>\n<h2>BONO 2: SUGERENCIAS EMPAQUE<\/h2>\n<p><img loading=\"lazy\" decoding=\"async\" title=\"imagen bono (2)\" src=\"https:\/\/katiabrambila.net\/wp-content\/uploads\/2021\/10\/imagen-bono-2.png\" alt=\"\" width=\"1015\" height=\"803\" data-op3-attachment-id=\"5845\" \/><\/p>\n<h2>BONO 3: TARTA SANTIAGO<\/h2>\n<p><img loading=\"lazy\" decoding=\"async\" title=\"imagen bono (4)\" src=\"https:\/\/katiabrambila.net\/wp-content\/uploads\/2021\/10\/imagen-bono-4.png\" alt=\"\" width=\"1036\" height=\"820\" data-op3-attachment-id=\"5893\" \/><img loading=\"lazy\" decoding=\"async\" title=\"Captura de Pantalla 2022-03-21 a la(s) 8.01.26\" src=\"https:\/\/katiabrambila.net\/wp-content\/uploads\/2022\/03\/Captura-de-Pantalla-2022-03-21-a-las-8.01.26.png\" alt=\"\" width=\"1204\" height=\"866\" data-op3-attachment-id=\"8285\" \/><\/p>\n<h2>BONO 4: MINCEDMEAT TARTS<\/h2>\n<p><img loading=\"lazy\" decoding=\"async\" title=\"Captura de Pantalla 2022-03-21 a la(s) 8.09.43\" src=\"https:\/\/katiabrambila.net\/wp-content\/uploads\/2022\/03\/Captura-de-Pantalla-2022-03-21-a-las-8.09.43-1024x785.png\" alt=\"\" width=\"800\" height=\"613\" data-op3-attachment-id=\"8286\" \/><\/p>\n<h2>Todo esto tiene un valor de 340 USD<a href=\"https:\/\/payment.hotmart.com\/K60504527E?checkoutMode=10&amp;_ga=2.37347168.1799632500.1694190231-1402925660.1694190231&amp;_gl=1*d79ahk*_ga*MTQwMjkyNTY2MC4xNjk0MTkwMjMx*_ga_1KS8YYTCDW*MTY5NDE5MDIzMC4xLjEuMTY5NDE5MDIzNi41NC4wLjA.\">HOY S\u00d3LO $ 147 USD<\/a><\/h2>\n<p><img loading=\"lazy\" decoding=\"async\" title=\"icono garantia\" src=\"https:\/\/katiabrambila.net\/wp-content\/uploads\/2021\/10\/icono-garantia.png\" alt=\"\" width=\"1105\" height=\"1467\" data-op3-attachment-id=\"5835\" \/><\/p>\n<h2>GARANT\u00cdA DE 7 D\u00cdAS<\/h2>\n<h2>No corres ning\u00fan riesgo, tienes 7 d\u00edas de garant\u00eda<\/h2>\n<h2>ELIGE LA FORMA DE PAGO HAZ CLICK EN EL BOT\u00d3N<\/h2>\n<h2>57% DE DESCUENTO<\/h2>\n<h2>\u00daNETE A ESTE PROGRAMA POR\u00a0\u00daNICA OCASI\u00d3N DE 340 USD<\/h2>\n<h2>Por s\u00f3lo\u00a0 $ 147 \u00a0d\u00f3lares<\/h2>\n<h2>Toca el bot\u00f3n para ver el\u00a0 precio en tu moneda<\/h2>\n<p><a class=\"op3-background-ancestor\" href=\"https:\/\/payment.hotmart.com\/K60504527E?checkoutMode=10\" target=\"_blank\" rel=\"noopener\" data-op-action=\"link\" data-op-popoverlay-trigger=\"none\" data-op-select-funnel-step=\"\" data-op-animation-trigger=\"none\" data-op-animation-style=\"\" data-op-animation-loop=\"0\" data-op-timer-minutes=\"0\" data-op-timer-seconds=\"0\" data-op3-smooth-scroll=\"0\" data-op-effect-style=\"\" data-op-effect-style-hover=\"\">S\u00cd QUIERO COMENZAR HOYAL HACER CLICK APARECE EL PRECIO EN TU MONEDA<\/a><img loading=\"lazy\" decoding=\"async\" title=\"Major-Credit-Card-Logo-PNG-Clipart\" src=\"https:\/\/katiabrambila.net\/wp-content\/uploads\/2020\/11\/Major-Credit-Card-Logo-PNG-Clipart.png\" alt=\"\" width=\"8552\" height=\"1190\" data-op3-attachment-id=\"\" \/><\/p>\n<h2>\u00bfQu\u00e9 pasa despu\u00e9s de tu inscripci\u00f3n?<\/h2>\n<p><img loading=\"lazy\" decoding=\"async\" title=\"iconos (1)\" src=\"https:\/\/katiabrambila.net\/wp-content\/uploads\/2021\/10\/iconos-1-1.png\" alt=\"\" width=\"471\" height=\"463\" data-op3-attachment-id=\"5849\" \/><\/p>\n<h2>Recibir\u00e1s un correo de Hotmartclub con todos los datos para activar tu cuenta, busca en spam o promociones.<\/h2>\n<p><img loading=\"lazy\" decoding=\"async\" title=\"iconos (2)\" src=\"https:\/\/katiabrambila.net\/wp-content\/uploads\/2021\/10\/iconos-2-1.png\" alt=\"\" width=\"488\" height=\"472\" data-op3-attachment-id=\"5850\" \/><\/p>\n<h2>Para acceder solo necesitas: correo registrado y contrase\u00f1a creada.<\/h2>\n<p><img loading=\"lazy\" decoding=\"async\" title=\"iconos (3)\" src=\"https:\/\/katiabrambila.net\/wp-content\/uploads\/2021\/10\/iconos-3-1.png\" alt=\"\" width=\"407\" height=\"440\" data-op3-attachment-id=\"5851\" \/><\/p>\n<h2>Comienza a disfrutar el contenido y puedes tambi\u00e9n descargar una app en tu celular.<\/h2>\n<h2>Maribet Balestena<\/h2>\n<h2>\u201cCreo firmemente que nuestros alimentos pueden ser curativos y si vienen bellamente presentados en postres deliciosos y realizados con amor, hemos de ganarnos el coraz\u00f3n de cuantos los prueben\u201d.Por querer sentirme mejor y ayudar a sobreponernos a retos de salud en mi familia, he pasado m\u00e1s de 20 a\u00f1os estudiando todo lo relacionado al bienestar y la salud. Esta b\u00fasqueda que me llev\u00f3 a aprender sobre nutrici\u00f3n, practicar Medicina Bioenerg\u00e9tica, ser Coach de Salud Evolutiva, y a especializarme con Sweet Paleo en reposter\u00eda a base de alimentos que nutren y fomentan la salud y que son naturalmente sin gluten, az\u00facar refinada ni productos l\u00e1cteos.Hered\u00e9 de mis abuelos y mi mam\u00e1 la pasi\u00f3n por cocinar y el gusto de compartir amor a trav\u00e9s de deliciosas confecciones culinarias. Disfrutar la expresi\u00f3n de satisfacci\u00f3n cuando alguien prueba un bocado delicioso de uno de mis postres saludables me hace muy feliz y me entusiasma a seguir emprendiendo con mi reposter\u00eda a trav\u00e9s de Maison Maribet, desde nuestro hogar en Victoria, Canad\u00e1, y de capacitar en l\u00ednea a quienes deseen aprender a realizar ricos postres donde quiera que est\u00e9n alrededor del mundo.Te doy la bienvenida a nuestro hogar para que nos riamos de mis peripecias en la cocina mientras hacemos las recetas junto a mi Sous-Chef Jack, un perro Golden Retreiver al que se le derrite la boca con los postres \u00a1y quien est\u00e1 encargado de dar su sello de aprobaci\u00f3n a las Delicias Cl\u00e1sicas que tengo para ti!<\/h2>\n<p><img loading=\"lazy\" decoding=\"async\" title=\"IMG_3296\" src=\"https:\/\/katiabrambila.net\/wp-content\/uploads\/2021\/10\/IMG_3296-scaled.jpeg\" alt=\"\" width=\"2560\" height=\"1920\" data-op3-attachment-id=\"5879\" \/><\/p>\n<h2>PREGUNTAS FRECUENTES<\/h2>\n<h2>\u00bfCu\u00e1ntas veces puedo ver el curso?<\/h2>\n<h5>Puedes verlos todas las veces que quieras, utilizando tu usuario y contrase\u00f1a.<\/h5>\n<h2>\u00bfPuedo descargar los videos?<\/h2>\n<h5>Puedes verlos todas las veces que quieras, utilizando tu usuario y contrase\u00f1a.<\/h5>\n<h2>\u00bfPuedo descargar las recetas?<\/h2>\n<h5>Una vez comprado el programa podr\u00e1s descargar, guardar e imprimir todas las recetas si as\u00ed lo deseas, o puedes acceder a ellas desde cualquier dispositivo.<\/h5>\n<h2>Tengo problemas para realizar el pago. \u00bfQu\u00e9 hago?<\/h2>\n<h5>Si no puedes realizar el pago a trav\u00e9s de tarjeta de cr\u00e9dito o debito puedes hacerlo realizando un dep\u00f3sito eligiendo la opci\u00f3n de pago en efectivo, para algunos\u00a0pa\u00edses\u00a0ya esta disponible.\u00a0<a style=\"color: #757d0a;\" href=\"https:\/\/payment.hotmart.com\/K60504527E?checkoutMode=10\" target=\"_blank\" rel=\"noopener noreferrer\">Haz click aqu\u00ed para generar tu ficha de pago.<\/a><\/h5>\n<h2>\u00bfLos precios que manejan en que moneda son?<\/h2>\n<h5>El precio aparece \u00a0en la moneda de tu pa\u00eds de acuerdo al tipo de cambio del d\u00eda de hoy, puedes cambiar de moneda cambiando el pa\u00eds.<\/h5>\n<h2>\u00bfC\u00f3mo s\u00e9 cuando est\u00e1 activo el acceso al programa que compr\u00e9?<\/h2>\n<h5>En el momento en que tu pago es aprobado te llegar\u00e1 un mail con los datos de acceso, revisa la bandeja de spam y promociones.<\/h5>\n<h2>\u00bfLos ingredientes que se utilizan en las recetas son f\u00e1ciles de conseguir?<\/h2>\n<h5>El programa tiene una secci\u00f3n que se llama \u00bfD\u00f3nde comprar?, hay opciones de tiendas en l\u00ednea en la Rep\u00fablica Mexicana y hay un archivo desplegable con la lista de ingredientes m\u00e1s comunes y en d\u00f3nde los puedes conseguir. Adicionalmente est\u00e1 la secci\u00f3n de preguntas y respuestas, en caso de que no puedas conseguir alg\u00fan ingredientes, siempre existe la posibilidad de realizar alguna sustituci\u00f3n.<\/h5>\n<h2>\u00bfCu\u00e1les son los beneficios de tomar un curso de cocina en l\u00ednea?<\/h2>\n<h5>El m\u00e1s importante es que t\u00fa eliges el horario para verlo, puedes irte a trabajar, regresar y seguir viendo la clase, al momento de preparar puedes poner pausa y verificar todos los detalles de la receta. Ya no tienes que preocuparte por el translado, el costo de la gasolina, interrumpir actividades y a diferencia de una clase presencial puedes ver los videos todas las veces que los necesites desde la comodidad de tu cocina.<\/h5>\n<h2>\u00bfPuedo adquirir el programa aunque no cuente con tarjeta de cr\u00e9dito?<\/h2>\n<h5>Para algunos pa\u00edses est\u00e1 disponible el pago en efectivo, puedes generar tu ficha de pago y realizar el pago el mismo d\u00eda porque tiene una fecha de vencimiento, recibir\u00e1s un correo al momento de aprobarse recibir\u00e1s un correo con los datos de acceso,<a href=\"https:\/\/payment.hotmart.com\/K60504527E?checkoutMode=10\" target=\"_blank\" rel=\"noopener\">\u00a0haciendo click aqu\u00ed elige la opci\u00f3n de pago en efectivo y completa tus datos.<\/a><\/h5>\n<p><a class=\"op3-background-ancestor\" href=\"https:\/\/payment.hotmart.com\/K60504527E?checkoutMode=10\" target=\"_blank\" rel=\"noopener\" data-op-action=\"link\" data-op-popoverlay-trigger=\"none\" data-op-select-funnel-step=\"\" data-op-animation-trigger=\"none\" data-op-animation-style=\"\" data-op-animation-loop=\"0\" data-op-timer-minutes=\"0\" data-op-timer-seconds=\"0\" data-op3-smooth-scroll=\"\" data-op-effect-style=\"\" data-op-effect-style-hover=\"\">S\u00ed quiero empezar HOY\u00a0A crear Delicias Cl\u00e1sicas Saludables\u00a0<\/a><img loading=\"lazy\" decoding=\"async\" title=\"logo-1\" src=\"https:\/\/katiabrambila.net\/wp-content\/uploads\/2020\/06\/logo-1.png\" alt=\"\" width=\"537\" height=\"200\" data-op3-attachment-id=\"\" \/><\/p>\n<h5>Copyright 2018 &#8211; SweetPaleo.Todos Los Derechos Reservados\u00a0Este sitio utiliza cookies propias y de terceros. Si continuas navegando, consideramos que aceptas su uso. M\u00e1s informaci\u00f3n en nuestro\u00a0<a href=\"https:\/\/sweetpaleomiembros.com\/terminos-y-condiciones\" target=\"_parent\" rel=\"noopener noreferrer\">aviso de privacidad.\u00a0<\/a>Puedes escribir a soporte@sweetpaleomx.com<\/h5>\n","protected":false},"excerpt":{"rendered":"<p>\u201cEl arte del buen gusto&#8230; Postres deliciosos hechos con amor para una vida saludable\u201d Te encantan los postres cl\u00e1sicos, pero los encuentras llenos de az\u00facar y harina refinada, imagina comer una deliciosa tarta de manzana llena de sabor que cuide tu figuras Sorprende a tu familia con postres llenos de amor, que adem\u00e1s de sorprenderlos [&hellip;]<\/p>\n","protected":false},"author":22,"featured_media":9737,"parent":0,"menu_order":0,"comment_status":"closed","ping_status":"closed","template":"op_builder_blank","meta":{"footnotes":""},"class_list":["post-5868","page","type-page","status-publish","has-post-thumbnail","hentry"],"_links":{"self":[{"href":"https:\/\/katiabrambila.net\/index.php?rest_route=\/wp\/v2\/pages\/5868","targetHints":{"allow":["GET"]}}],"collection":[{"href":"https:\/\/katiabrambila.net\/index.php?rest_route=\/wp\/v2\/pages"}],"about":[{"href":"https:\/\/katiabrambila.net\/index.php?rest_route=\/wp\/v2\/types\/page"}],"author":[{"embeddable":true,"href":"https:\/\/katiabrambila.net\/index.php?rest_route=\/wp\/v2\/users\/22"}],"replies":[{"embeddable":true,"href":"https:\/\/katiabrambila.net\/index.php?rest_route=%2Fwp%2Fv2%2Fcomments&post=5868"}],"version-history":[{"count":0,"href":"https:\/\/katiabrambila.net\/index.php?rest_route=\/wp\/v2\/pages\/5868\/revisions"}],"wp:featuredmedia":[{"embeddable":true,"href":"https:\/\/katiabrambila.net\/index.php?rest_route=\/wp\/v2\/media\/9737"}],"wp:attachment":[{"href":"https:\/\/katiabrambila.net\/index.php?rest_route=%2Fwp%2Fv2%2Fmedia&parent=5868"}],"curies":[{"name":"wp","href":"https:\/\/api.w.org\/{rel}","templated":true}]}}