{"id":5888,"date":"2021-10-13T17:32:12","date_gmt":"2021-10-13T22:32:12","guid":{"rendered":"https:\/\/katiabrambila.net\/?page_id=5888"},"modified":"2021-10-13T17:45:41","modified_gmt":"2021-10-13T22:45:41","slug":"inscripcion-nps2","status":"publish","type":"page","link":"https:\/\/katiabrambila.net\/?page_id=5888","title":{"rendered":"Crea tu negocio de postres saludables &#8211; Inscripci\u00f3n"},"content":{"rendered":"<p><img decoding=\"async\" width=\"580\" height=\"178\" src=\"https:\/\/katiabrambila.net\/wp-content\/uploads\/2021\/05\/banner.1-100-1024x315.jpg\" alt=\"\" loading=\"lazy\" srcset=\"https:\/\/katiabrambila.net\/wp-content\/uploads\/2021\/05\/banner.1-100-1024x315.jpg 1024w, https:\/\/katiabrambila.net\/wp-content\/uploads\/2021\/05\/banner.1-100-300x92.jpg 300w, https:\/\/katiabrambila.net\/wp-content\/uploads\/2021\/05\/banner.1-100-768x236.jpg 768w, https:\/\/katiabrambila.net\/wp-content\/uploads\/2021\/05\/banner.1-100.jpg 1080w\" sizes=\"auto, (max-width: 580px) 100vw, 580px\"><br \/>\n<img decoding=\"async\" width=\"580\" height=\"159\" src=\"https:\/\/katiabrambila.net\/wp-content\/uploads\/2021\/05\/p5.png\" alt=\"\" loading=\"lazy\" srcset=\"https:\/\/katiabrambila.net\/wp-content\/uploads\/2021\/05\/p5.png 586w, https:\/\/katiabrambila.net\/wp-content\/uploads\/2021\/05\/p5-300x82.png 300w\" sizes=\"auto, (max-width: 580px) 100vw, 580px\"><br \/>\n<img decoding=\"async\" width=\"412\" height=\"147\" src=\"https:\/\/katiabrambila.net\/wp-content\/uploads\/2021\/05\/687984653.png\" alt=\"\" loading=\"lazy\" srcset=\"https:\/\/katiabrambila.net\/wp-content\/uploads\/2021\/05\/687984653.png 412w, https:\/\/katiabrambila.net\/wp-content\/uploads\/2021\/05\/687984653-300x107.png 300w\" sizes=\"auto, (max-width: 412px) 100vw, 412px\"><br \/>\n<img decoding=\"async\" width=\"472\" height=\"508\" src=\"https:\/\/katiabrambila.net\/wp-content\/uploads\/2021\/05\/456432.jpg\" alt=\"\" loading=\"lazy\" srcset=\"https:\/\/katiabrambila.net\/wp-content\/uploads\/2021\/05\/456432.jpg 472w, https:\/\/katiabrambila.net\/wp-content\/uploads\/2021\/05\/456432-279x300.jpg 279w\" sizes=\"auto, (max-width: 472px) 100vw, 472px\"><br \/>\n<img decoding=\"async\" width=\"580\" height=\"159\" src=\"https:\/\/katiabrambila.net\/wp-content\/uploads\/2021\/05\/p5.png\" alt=\"\" loading=\"lazy\" srcset=\"https:\/\/katiabrambila.net\/wp-content\/uploads\/2021\/05\/p5.png 586w, https:\/\/katiabrambila.net\/wp-content\/uploads\/2021\/05\/p5-300x82.png 300w\" sizes=\"auto, (max-width: 580px) 100vw, 580px\"><br \/>\n<img decoding=\"async\" width=\"412\" height=\"147\" src=\"https:\/\/katiabrambila.net\/wp-content\/uploads\/2021\/05\/687984653.png\" alt=\"\" loading=\"lazy\" srcset=\"https:\/\/katiabrambila.net\/wp-content\/uploads\/2021\/05\/687984653.png 412w, https:\/\/katiabrambila.net\/wp-content\/uploads\/2021\/05\/687984653-300x107.png 300w\" sizes=\"auto, (max-width: 412px) 100vw, 412px\"><br \/>\n<img decoding=\"async\" width=\"580\" height=\"769\" src=\"https:\/\/katiabrambila.net\/wp-content\/uploads\/2021\/05\/p3-100.jpg\" alt=\"\" loading=\"lazy\" srcset=\"https:\/\/katiabrambila.net\/wp-content\/uploads\/2021\/05\/p3-100.jpg 592w, https:\/\/katiabrambila.net\/wp-content\/uploads\/2021\/05\/p3-100-226x300.jpg 226w\" sizes=\"auto, (max-width: 580px) 100vw, 580px\"><\/p>\n<p>Desde siempre he sido amante de los postres en todas sus formas, pero hace algunos a\u00f1os quise comenzar a <strong>cuidar m\u00e1s la salud de mi familia<\/strong> y me di a la tarea de<strong> buscar alternativas saludables en pasteler\u00eda.<\/strong><\/p>\n<p><strong>Cuando me di cuenta de que simplemente no exist\u00edan, me decid\u00ed a emprender,<\/strong> y empec\u00e9 mi negocio de pasteler\u00eda saludable SWEET PALEO, vendiendo postres deliciosos y nutritivos sin productos procesados.<\/p>\n<p>Desde entonces he ense\u00f1ado <strong>a miles de personas en toda Latinoam\u00e9rica a preparar dulces tentaciones saludables en casa.<\/strong> Ahora mi misi\u00f3n es ayudarte a que adem\u00e1s de tener un hobby tan maravilloso como lo es la reposter\u00eda, y de cuidar tu salud y la de tu familia con postres saludables, puedas hacer con ello un <strong>negocio rentable y exitoso,<\/strong> como ya lo hice yo.<\/p>\n<p><strong>Inscr\u00edbete ahora al entrenamiento<\/strong><\/p>\n<p><strong>&nbsp;SIN COSTO<\/strong><\/p>\n<p><img decoding=\"async\" width=\"629\" height=\"699\" src=\"https:\/\/katiabrambila.net\/wp-content\/uploads\/2021\/05\/p7_1.png\" alt=\"\" loading=\"lazy\" srcset=\"https:\/\/katiabrambila.net\/wp-content\/uploads\/2021\/05\/p7_1.png 629w, https:\/\/katiabrambila.net\/wp-content\/uploads\/2021\/05\/p7_1-270x300.png 270w\" sizes=\"auto, (max-width: 629px) 100vw, 629px\"><\/p>\n<p>Convierte tu pasatiempo en un negocio exitoso<\/p>\n<p>Las clases s\u00f3lo estar\u00e1n disponibles del 7 al 13 de junio<\/p>\n<p><a href=\"https:\/\/katiabrambila.net\/inscripcion-nps\/#registro\" role=\"button\"><br \/>\n\u00a1QUIERO INSCRIBIRME!<br \/>\n<\/a><br \/>\n<!-- Google Tag Manager --><br \/>\n<!-- End Google Tag Manager --><br \/>\n<!-- Google Tag Manager (noscript) --><br \/>\n<noscript><iframe loading=\"lazy\" src=\"https:\/\/www.googletagmanager.com\/ns.html?id=GTM-K543KLQ\" height=\"0\" width=\"0\" style=\"display:none;visibility:hidden\"><\/iframe><\/noscript><br \/>\n<!-- End Google Tag Manager (noscript) --><\/p>\n<p>\u00a1No dejes pasar esta oportunidad!<\/p>\n<p style=\"text-align: center;\">Este sitio utiliza cookies propias y de terceros. Si continuas navegando, consideramos que aceptas su uso. M\u00e1s informaci\u00f3n en nuestro <a style=\"color: #ffffff;\" title=\"aviso de privacidad\" href=\"https:\/\/katiabrambila.net\/privacidad\/\" target=\"_blank\" rel=\"noopener\"><strong>aviso de privacidad.<\/strong><\/a><\/p>\n<p style=\"text-align: center;\">\u00a9 2021 Sweet Paleo Mx | <a style=\"color: #ffffff; text-decoration: underline;\" title=\"Aviso de Privacidad\" href=\"https:\/\/katiabrambila.net\/privacidad\/\" target=\"_blank\" rel=\"noopener\"><strong>Aviso de Privacidad<\/strong><\/a> | <a style=\"color: #ffffff;\" title=\"T\u00e9rminos y Condiciones\" href=\"https:\/\/katiabrambila.net\/terminos\/\" target=\"_blank\" rel=\"noopener\"><strong>T\u00e9rminos y condiciones<\/strong><\/a> | <a style=\"color: #ffffff;\" title=\"soporte@sweetpaleomx.com\" href=\"mailto:soporte@sweetpaleomx.com\" target=\"_blank\" rel=\"noopener\"><strong>soporte@sweetpaleomx.com<\/strong><\/a><\/p>\n","protected":false},"excerpt":{"rendered":"<p>Desde siempre he sido amante de los postres en todas sus formas, pero hace algunos a\u00f1os quise comenzar a cuidar m\u00e1s la salud de mi familia y me di a la tarea de buscar alternativas saludables en pasteler\u00eda. Cuando me di cuenta de que simplemente no exist\u00edan, me decid\u00ed a emprender, y empec\u00e9 mi negocio [&hellip;]<\/p>\n","protected":false},"author":22,"featured_media":0,"parent":0,"menu_order":0,"comment_status":"closed","ping_status":"closed","template":"elementor_canvas","meta":{"footnotes":""},"class_list":["post-5888","page","type-page","status-publish","hentry"],"_links":{"self":[{"href":"https:\/\/katiabrambila.net\/index.php?rest_route=\/wp\/v2\/pages\/5888","targetHints":{"allow":["GET"]}}],"collection":[{"href":"https:\/\/katiabrambila.net\/index.php?rest_route=\/wp\/v2\/pages"}],"about":[{"href":"https:\/\/katiabrambila.net\/index.php?rest_route=\/wp\/v2\/types\/page"}],"author":[{"embeddable":true,"href":"https:\/\/katiabrambila.net\/index.php?rest_route=\/wp\/v2\/users\/22"}],"replies":[{"embeddable":true,"href":"https:\/\/katiabrambila.net\/index.php?rest_route=%2Fwp%2Fv2%2Fcomments&post=5888"}],"version-history":[{"count":0,"href":"https:\/\/katiabrambila.net\/index.php?rest_route=\/wp\/v2\/pages\/5888\/revisions"}],"wp:attachment":[{"href":"https:\/\/katiabrambila.net\/index.php?rest_route=%2Fwp%2Fv2%2Fmedia&parent=5888"}],"curies":[{"name":"wp","href":"https:\/\/api.w.org\/{rel}","templated":true}]}}