{"id":612,"date":"2020-12-03T19:06:33","date_gmt":"2020-12-03T19:06:33","guid":{"rendered":"https:\/\/katiabrambila.net\/?page_id=612"},"modified":"2021-07-15T18:27:43","modified_gmt":"2021-07-15T23:27:43","slug":"inscribete-a-crea-tu-negocio-saludable","status":"publish","type":"page","link":"https:\/\/katiabrambila.net\/?page_id=612","title":{"rendered":"Inscribete a Crea tu Negocio Saludable"},"content":{"rendered":"<p>INICIA O CRECE TU NEGOCIO ESTE 2021 CON \u00c9XITO<\/p>\n<h2>Te Ense\u00f1o a Crear un Negocio Saludable, Rentable y Delicioso en el Mercado de Mayor Crecimiento.<\/h2>\n<p>Funciona para Postres, Comida, Bebidas&#8230; \u00a1Lo que t\u00fa quieras!<\/p>\n<h2>Arm\u00e9 este programa pensando en que&nbsp;puedas aprender todas las herramientas t\u00e9cnicas y estrat\u00e9gicas para crear tu negocio con \u00e9xito&#8230; y pagar s\u00f3lo el 20% de lo que te costar\u00eda una incubadora de negocios.<\/h2>\n<h2>Y m\u00e1s Valioso A\u00fan&#8230; este programa es ESPECIALIZADO en la Industria de Alimentos Saludables.<\/h2>\n<p><a href=\"https:\/\/pay.hotmart.com\/Q19211348H?off=r9kxq6f1&amp;src=SPBTUP\" class=\"op3-background-ancestor\" target=\"_blank\" data-op-action=\"link\" data-op-popoverlay-trigger=\"none\" data-op-select-funnel-step=\"\" data-op-animation-trigger=\"none\" data-op-animation-style=\"\" data-op-animation-loop=\"0\" data-op-timer-minutes=\"0\" data-op-timer-seconds=\"0\" rel=\"noopener noreferrer\">INSCRIBIRME AHORACrear Mi Negocio Saludable con \u00c9xito<\/a><\/p>\n<h2>CERRAMOS INSCRIPCIONES EN<\/h2>\n<h2>\u00a1Esta Oferta Ha Terminado!<\/h2>\n<h2>APRENDE TODO LO NECESARIO CON MI M\u00c9TODO<\/h2>\n<h2>C.R.E.A.<\/h2>\n<h2>ANTES DE CONTARTE TODO SOBRE EL M\u00c9TODO&#8230;Piensa por un momento si te ha pasado algo as\u00ed:<\/h2>\n<p><a target=\"_self\" data-op-action=\"link\" data-op-popoverlay-trigger=\"none\" data-op-animation-trigger=\"none\" data-op-animation-style=\"\" data-op-animation-loop=\"0\" data-op-timer-minutes=\"0\" data-op-timer-seconds=\"0\" rel=\"noopener noreferrer\">No sabes cu\u00e1nto cobrar o sientes culpa al hacerlo, especialmente tu cliente es familiar o amigo.<\/a><a target=\"_self\" data-op-action=\"link\" data-op-popoverlay-trigger=\"none\" data-op-animation-trigger=\"none\" data-op-animation-style=\"\" data-op-animation-loop=\"0\" data-op-timer-minutes=\"0\" data-op-timer-seconds=\"0\" rel=\"noopener noreferrer\">Ya empezaste a vender pero no te has podido dar a conocer como quisieras y vendes poco.<\/a><a target=\"_self\" data-op-action=\"link\" data-op-popoverlay-trigger=\"none\" data-op-animation-trigger=\"none\" data-op-animation-style=\"\" data-op-animation-loop=\"0\" data-op-timer-minutes=\"0\" data-op-timer-seconds=\"0\" rel=\"noopener noreferrer\">Las fotos de tus productos no transmiten lo deliciosos o hermosos que son en realidad.<\/a><a target=\"_self\" data-op-action=\"link\" data-op-popoverlay-trigger=\"none\" data-op-animation-trigger=\"none\" data-op-animation-style=\"\" data-op-animation-loop=\"0\" data-op-timer-minutes=\"0\" data-op-timer-seconds=\"0\" rel=\"noopener noreferrer\">La verdad no sabes qu\u00e9 precio ponerle o si el precio que hoy le pusiste te genera ganancias reales.<\/a><a target=\"_self\" data-op-action=\"link\" data-op-popoverlay-trigger=\"none\" data-op-animation-trigger=\"none\" data-op-animation-style=\"\" data-op-animation-loop=\"0\" data-op-timer-minutes=\"0\" data-op-timer-seconds=\"0\" rel=\"noopener noreferrer\">Te cuesta trabajo encontrar proveedores confiables y a buen precio.<\/a><a target=\"_self\" data-op-action=\"link\" data-op-popoverlay-trigger=\"none\" data-op-animation-trigger=\"none\" data-op-animation-style=\"\" data-op-animation-loop=\"0\" data-op-timer-minutes=\"0\" data-op-timer-seconds=\"0\" rel=\"noopener noreferrer\">No est\u00e1s 100% segura de qu\u00e9 equipo necesitas para empezar tu negocio, te preguntas cu\u00e1l ser\u00e1 el horno correcto, los moldes, batidoras y otros elementos que necesitas para preparar tus alimentos y bebidas.<\/a><a target=\"_self\" data-op-action=\"link\" data-op-popoverlay-trigger=\"none\" data-op-animation-trigger=\"none\" data-op-animation-style=\"\" data-op-animation-loop=\"0\" data-op-timer-minutes=\"0\" data-op-timer-seconds=\"0\" rel=\"noopener noreferrer\">Te has detenido porque te da miedo arrancar un negocio, invertir y perderlo todo.<\/a><\/p>\n<h2>Te entiendo perfecto&#8230;<\/h2>\n<h2>Cuando yo empec\u00e9 mi negocio ten\u00eda miedo, no sab\u00eda si lo que estaba invirtiendo iba a regresar.Y de hecho comet\u00ed muchos errores.<\/h2>\n<h2>La buena noticia, es que t\u00fa puedes ir por un camino diferente y prepararte para no cometer los mismos errores.<\/h2>\n<h2>CON EL M\u00c9TODO C.R.E.A.<\/h2>\n<p><a class=\"op3-link\" target=\"_self\" data-op-animation-trigger=\"none\" data-op-animation-style=\"\" data-op-animation-loop=\"0\" data-op-timer-minutes=\"0\" data-op-timer-seconds=\"0\" rel=\"noopener noreferrer\"><\/a><\/p>\n<h2>CONOCER<\/h2>\n<p>Aprender\u00e1s todo lo necesario sobre las 3 \u00c1REA CLAVE de tu negocio: Procesos, Marketing y Finanzas.<\/p>\n<p>Profesionalizarte en estas \u00e1reas hace la diferencia entre que tu negocio sea rentable, te sientas confianza y por supuesto te sientas orgullosa de lo que est\u00e1s logrando.<\/p>\n<p><a class=\"op3-link\" target=\"_self\" data-op-animation-trigger=\"none\" data-op-animation-style=\"\" data-op-animation-loop=\"0\" data-op-timer-minutes=\"0\" data-op-timer-seconds=\"0\" rel=\"noopener noreferrer\"><\/a><\/p>\n<h2>RECETA ESTRELLA<\/h2>\n<p>En esta parte sabr\u00e1s como POSICIONARTE con una receta (postre, alimento o bebida) con el que tus clientes siempre te recordar\u00e1n.&nbsp;<\/p>\n<p>Y adem\u00e1s sabr\u00e1s como optimizar tu Men\u00fa para que sea atractivo sin tener demasiadas variantes que te compliquen.<\/p>\n<p><a class=\"op3-link\" target=\"_self\" data-op-animation-trigger=\"none\" data-op-animation-style=\"\" data-op-animation-loop=\"0\" data-op-timer-minutes=\"0\" data-op-timer-seconds=\"0\" rel=\"noopener noreferrer\"><\/a><\/p>\n<h2>EXPERIENCIA<\/h2>\n<p>No s\u00f3lo tendr\u00e1s acceso a mi experiencia personal, he reunido un poderoso equipo de expertos que te ense\u00f1ar\u00e1n temas de soporte muy valiosos para llevar tu negocio al siguiente nivel.<\/p>\n<p>Y adem\u00e1s ser\u00e1s parte de la comunidad de Chefs de Coraz\u00f3n Emprendedoras, de las que seguro aprender\u00e1s much\u00edsimo.<\/p>\n<p><a class=\"op3-link\" target=\"_self\" data-op-animation-trigger=\"none\" data-op-animation-style=\"\" data-op-animation-loop=\"0\" data-op-timer-minutes=\"0\" data-op-timer-seconds=\"0\" rel=\"noopener noreferrer\"><\/a><\/p>\n<h2>ACCI\u00d3N CON AMOR<\/h2>\n<p>Acceso a herramientas, plantillas, manuales y una serie de materiales&#8230; que con mi gu\u00eda te permitir\u00e1n implementar m\u00e1s r\u00e1pido, con mayor eficiencia y por supuesto&#8230; siempre con ese toque de coraz\u00f3n.<\/p>\n<p>Este programa es pr\u00e1ctico, te llevar\u00e1 a tomar acci\u00f3n y moverte para avanzar al siguiente nivel con tu negocio.<\/p>\n<h2>Escucha las Historias de Algunas Chefs de Coraz\u00f3n Emprendedoras<\/h2>\n<h2>QU\u00c9 HAY DENTRO DEL PROGRAMA<\/h2>\n<h2>1. Programa Completo de 10 M\u00f3dulos<\/h2>\n<p><a target=\"_self\" data-op-action=\"link\" data-op-popoverlay-trigger=\"none\" data-op-animation-trigger=\"none\" data-op-animation-style=\"\" data-op-animation-loop=\"0\" data-op-timer-minutes=\"0\" data-op-timer-seconds=\"0\" rel=\"noopener noreferrer\">Fotograf\u00eda<\/a><a target=\"_self\" data-op-action=\"link\" data-op-popoverlay-trigger=\"none\" data-op-animation-trigger=\"none\" data-op-animation-style=\"\" data-op-animation-loop=\"0\" data-op-timer-minutes=\"0\" data-op-timer-seconds=\"0\" rel=\"noopener noreferrer\">Plan de Negocios<\/a><a target=\"_self\" data-op-action=\"link\" data-op-popoverlay-trigger=\"none\" data-op-animation-trigger=\"none\" data-op-animation-style=\"\" data-op-animation-loop=\"0\" data-op-timer-minutes=\"0\" data-op-timer-seconds=\"0\" rel=\"noopener noreferrer\">Producto Estrella<\/a><a target=\"_self\" data-op-action=\"link\" data-op-popoverlay-trigger=\"none\" data-op-animation-trigger=\"none\" data-op-animation-style=\"\" data-op-animation-loop=\"0\" data-op-timer-minutes=\"0\" data-op-timer-seconds=\"0\" rel=\"noopener noreferrer\">Valor cualitativo<\/a><a target=\"_self\" data-op-action=\"link\" data-op-popoverlay-trigger=\"none\" data-op-animation-trigger=\"none\" data-op-animation-style=\"\" data-op-animation-loop=\"0\" data-op-timer-minutes=\"0\" data-op-timer-seconds=\"0\" rel=\"noopener noreferrer\">Equipo y Producci\u00f3n<\/a><a target=\"_self\" data-op-action=\"link\" data-op-popoverlay-trigger=\"none\" data-op-animation-trigger=\"none\" data-op-animation-style=\"\" data-op-animation-loop=\"0\" data-op-timer-minutes=\"0\" data-op-timer-seconds=\"0\" rel=\"noopener noreferrer\">Presentaci\u00f3n y Empaque<\/a><a target=\"_self\" data-op-action=\"link\" data-op-popoverlay-trigger=\"none\" data-op-animation-trigger=\"none\" data-op-animation-style=\"\" data-op-animation-loop=\"0\" data-op-timer-minutes=\"0\" data-op-timer-seconds=\"0\" rel=\"noopener noreferrer\">Identidad y Concepto&nbsp;<\/a><a target=\"_self\" data-op-action=\"link\" data-op-popoverlay-trigger=\"none\" data-op-animation-trigger=\"none\" data-op-animation-style=\"\" data-op-animation-loop=\"0\" data-op-timer-minutes=\"0\" data-op-timer-seconds=\"0\" rel=\"noopener noreferrer\">Proveedores<\/a><a target=\"_self\" data-op-action=\"link\" data-op-popoverlay-trigger=\"none\" data-op-animation-trigger=\"none\" data-op-animation-style=\"\" data-op-animation-loop=\"0\" data-op-timer-minutes=\"0\" data-op-timer-seconds=\"0\" rel=\"noopener noreferrer\">Marketing<\/a><a target=\"_self\" data-op-action=\"link\" data-op-popoverlay-trigger=\"none\" data-op-animation-trigger=\"none\" data-op-animation-style=\"\" data-op-animation-loop=\"0\" data-op-timer-minutes=\"0\" data-op-timer-seconds=\"0\" rel=\"noopener noreferrer\">C\u00edrculo de Expertos<\/a><\/p>\n<h2>2. Clases con Expertos<\/h2>\n<p><a target=\"_self\" data-op-action=\"link\" data-op-popoverlay-trigger=\"none\" data-op-animation-trigger=\"none\" data-op-animation-style=\"\" data-op-animation-loop=\"0\" data-op-timer-minutes=\"0\" data-op-timer-seconds=\"0\" rel=\"noopener noreferrer\">C\u00f3mo Contratar a tu Primer Empleado<\/a><a target=\"_self\" data-op-action=\"link\" data-op-popoverlay-trigger=\"none\" data-op-animation-trigger=\"none\" data-op-animation-style=\"\" data-op-animation-loop=\"0\" data-op-timer-minutes=\"0\" data-op-timer-seconds=\"0\" rel=\"noopener noreferrer\">Conservaci\u00f3n de Alimentos<\/a><a target=\"_self\" data-op-action=\"link\" data-op-popoverlay-trigger=\"none\" data-op-animation-trigger=\"none\" data-op-animation-style=\"\" data-op-animation-loop=\"0\" data-op-timer-minutes=\"0\" data-op-timer-seconds=\"0\" rel=\"noopener noreferrer\">Marca Registrada y Legalidad<\/a><a target=\"_self\" data-op-action=\"link\" data-op-popoverlay-trigger=\"none\" data-op-animation-trigger=\"none\" data-op-animation-style=\"\" data-op-animation-loop=\"0\" data-op-timer-minutes=\"0\" data-op-timer-seconds=\"0\" rel=\"noopener noreferrer\">C\u00f3mo tener una mente creativa y enfocada<\/a><a target=\"_self\" data-op-action=\"link\" data-op-popoverlay-trigger=\"none\" data-op-animation-trigger=\"none\" data-op-animation-style=\"\" data-op-animation-loop=\"0\" data-op-timer-minutes=\"0\" data-op-timer-seconds=\"0\" rel=\"noopener noreferrer\">Administraci\u00f3n del tiempo<\/a><a target=\"_self\" data-op-action=\"link\" data-op-popoverlay-trigger=\"none\" data-op-animation-trigger=\"none\" data-op-animation-style=\"\" data-op-animation-loop=\"0\" data-op-timer-minutes=\"0\" data-op-timer-seconds=\"0\" rel=\"noopener noreferrer\">Cobrar sin Culpa<\/a><a target=\"_self\" data-op-action=\"link\" data-op-popoverlay-trigger=\"none\" data-op-animation-trigger=\"none\" data-op-animation-style=\"\" data-op-animation-loop=\"0\" data-op-timer-minutes=\"0\" data-op-timer-seconds=\"0\" rel=\"noopener noreferrer\">Posiciona tu Marca Gourmet<\/a><a target=\"_self\" data-op-action=\"link\" data-op-popoverlay-trigger=\"none\" data-op-animation-trigger=\"none\" data-op-animation-style=\"\" data-op-animation-loop=\"0\" data-op-timer-minutes=\"0\" data-op-timer-seconds=\"0\" rel=\"noopener noreferrer\">Mini-curso de Automaquillaje<\/a><a target=\"_self\" data-op-action=\"link\" data-op-popoverlay-trigger=\"none\" data-op-animation-trigger=\"none\" data-op-animation-style=\"\" data-op-animation-loop=\"0\" data-op-timer-minutes=\"0\" data-op-timer-seconds=\"0\" rel=\"noopener noreferrer\">Smoothie de Energ\u00eda Total&nbsp;<\/a><a target=\"_self\" data-op-action=\"link\" data-op-popoverlay-trigger=\"none\" data-op-animation-trigger=\"none\" data-op-animation-style=\"\" data-op-animation-loop=\"0\" data-op-timer-minutes=\"0\" data-op-timer-seconds=\"0\" rel=\"noopener noreferrer\">Presupuesto Personal e Inversi\u00f3n<\/a><a target=\"_self\" data-op-action=\"link\" data-op-popoverlay-trigger=\"none\" data-op-select-funnel-step=\"\" rel=\"noopener noreferrer\"><img loading=\"lazy\" decoding=\"async\" src=\"https:\/\/katiabrambila.net\/wp-content\/uploads\/2020\/12\/postres.jpg\" alt=\"\" title=\"postres\" width=\"1470\" height=\"574\" \/><\/a><\/p>\n<h2>3. DOS EXCLUSIVAS CLASES EN VIVO<\/h2>\n<p><a target=\"_self\" data-op-action=\"link\" data-op-popoverlay-trigger=\"none\" data-op-animation-trigger=\"none\" data-op-animation-style=\"\" data-op-animation-loop=\"0\" data-op-timer-minutes=\"0\" data-op-timer-seconds=\"0\" rel=\"noopener noreferrer\">La Mente y el Dinero con Marco Antonio Regil<\/a><a target=\"_self\" data-op-action=\"link\" data-op-popoverlay-trigger=\"none\" data-op-animation-trigger=\"none\" data-op-animation-style=\"\" data-op-animation-loop=\"0\" data-op-timer-minutes=\"0\" data-op-timer-seconds=\"0\" rel=\"noopener noreferrer\">Anuncios que Venden con Mois\u00e9s&nbsp;<\/a><a target=\"_self\" data-op-action=\"link\" data-op-popoverlay-trigger=\"none\" data-op-select-funnel-step=\"\" rel=\"noopener noreferrer\"><img loading=\"lazy\" decoding=\"async\" src=\"https:\/\/katiabrambila.net\/wp-content\/uploads\/2020\/12\/marco-y-moi.jpg\" alt=\"\" title=\"marco-y-moi\" width=\"1424\" height=\"580\" \/><\/a><\/p>\n<h2>4. 8 Sesiones en Vivo en las que Responder\u00e9 todas tus Preguntas<\/h2>\n<p>Estas sesiones son INTERACTIVAS y podr\u00e1s hacer tus preguntas a Katia de viva voz, adem\u00e1s si por alg\u00fan motivo no puedes asistir se quedan grabadas, incluso puedes enviar tu pregunta previa a la sesi\u00f3n y obtendr\u00e1s tu respuesta.&nbsp;<\/p>\n<h2>FECHA DE INICIO<\/h2>\n<h2>11 De Enero 2021<\/h2>\n<h2>El programa de Crea tu Negocio Saludable tiene TODO&#8230; lo que necesitas para crear tu negocio con \u00e9xito.Sin embargo, quiero darte A\u00daN M\u00c1S.Mi compromiso contigo por la confianza que me has dado es ayudarte lo m\u00e1s posible a dar a conocer tu negocio y vender.AL INSCRIBIRTE AL PROGRAMA TENDR\u00c1S ACCESO A 3 OPORTUNIDADES ADICIONALES DE GRAN VALOR PARA TU NEGOCIO:<\/h2>\n<h2><img decoding=\"async\" role=\"img\" class=\"emoji\" alt=\"\ud83d\udc49\" src=\"https:\/\/s.w.org\/images\/core\/emoji\/12.0.0-1\/svg\/1f449.svg\">&nbsp;COMUNIDAD EXCLUSIVA DE EMPRENDEDORAS<\/h2>\n<h2><img decoding=\"async\" role=\"img\" class=\"emoji\" alt=\"\ud83d\udc49\" src=\"https:\/\/s.w.org\/images\/core\/emoji\/12.0.0-1\/svg\/1f449.svg\">&nbsp;CLUB DE AFILIADAS, podr\u00e1s ganar el 30% de comisi\u00f3n por referir alumnas al curso de postres saludables.<\/h2>\n<h2><img decoding=\"async\" role=\"img\" class=\"emoji\" alt=\"\ud83d\udc49\" src=\"https:\/\/s.w.org\/images\/core\/emoji\/12.0.0-1\/svg\/1f449.svg\">&nbsp;CERTIFICACI\u00d3N, podr\u00e1s ser parte del directorio de Chefs de Coraz\u00f3n Certificadas 2021 que aparecer\u00e1 dentro de la p\u00e1gina de Sweet Paleo y Katia Brambila. (Previa Aplicaci\u00f3n)*<\/h2>\n<h2>Esto es un Paquete de Valor GIGANTE&#8230;<\/h2>\n<h2>Cada semana recibo decenas de mensajes preguntando por una Chef de Coraz\u00f3n en X o Y Ciudad y&nbsp;ahora literalmente podr\u00e1s aparecer en esa lista todo el 2021 SIN COSTO ADICIONAL,&nbsp;una vez que te certifiques.<\/h2>\n<p><a href=\"https:\/\/pay.hotmart.com\/Q19211348H?off=r9kxq6f1&amp;src=SPBTCnD\" class=\"op3-background-ancestor\" target=\"_blank\" data-op-action=\"link\" data-op-popoverlay-trigger=\"none\" data-op-select-funnel-step=\"\" data-op-animation-trigger=\"none\" data-op-animation-style=\"\" data-op-animation-loop=\"0\" data-op-timer-minutes=\"0\" data-op-timer-seconds=\"0\" rel=\"noopener noreferrer\">INSCRIBIRME AHORACrear Mi Negocio Saludable con \u00c9xito<\/a><\/p>\n<h2>QU\u00c9 TIENES QUE HACER PARA INSCRIBIRTE AL PROGRAMA&nbsp;CREA TU NEGOCIO SALUDABLE<\/h2>\n<h2>Este programa vale f\u00e1cilmente m\u00e1s de $3,500 d\u00f3lares.S\u00f3lo en Fotograf\u00eda y Marketing Digital, yo he invertido m\u00e1s de 50,000 d\u00f3lares personalmente para aprender las mejores t\u00e9cnicas y estrategias que te ense\u00f1ar\u00e9 dentro del programa.Y todav\u00eda no estoy contando TODA MI EXPERIENCIA EN LA INDUSTRIA DE POSTRES Y ALIMENTOS SALUDABLES.<\/h2>\n<h2>Te digo esto porque quiero que VEAS EL VALOR REAL detr\u00e1s de la gran oportunidad que est\u00e1 frente a ti.<\/h2>\n<h2>El Precio Regular del Programa es de $1997 d\u00f3laresY POR \u00daNICA OCASI\u00d3N<\/h2>\n<h2>HOY TE PODR\u00c1S INSCRIBIRPOR&nbsp; S\u00d3LO 997 D\u00d3LARES*<\/h2>\n<h2>Cerramos Inscripciones el 8 de Enero de 2021<\/h2>\n<p><a href=\"https:\/\/pay.hotmart.com\/Q19211348H?off=r9kxq6f1&amp;src=SPBTCnD\" class=\"op3-background-ancestor\" target=\"_self\" data-op-action=\"link\" data-op-popoverlay-trigger=\"none\" data-op-select-funnel-step=\"\" data-op-animation-trigger=\"scroll\" data-op-animation-style=\"slide-up\" data-op-animation-loop=\"0\" data-op-timer-minutes=\"0\" data-op-timer-seconds=\"0\" rel=\"noopener noreferrer\">INSCRIBIRME AHORACrear Mi Negocio Saludable con \u00c9xito<\/a><\/p>\n<h2>CERRAMOS INSCRIPCIONES EN<\/h2>\n<h2>\u00a1Esta Oferta Ha Terminado!<\/h2>\n<h2>Escucha las Historias de Algunas Chefs de Coraz\u00f3n Emprendedoras<\/h2>\n","protected":false},"excerpt":{"rendered":"<p>INICIA O CRECE TU NEGOCIO ESTE 2021 CON \u00c9XITO Te Ense\u00f1o a Crear un Negocio Saludable, Rentable y Delicioso en el Mercado de Mayor Crecimiento. Funciona para Postres, Comida, Bebidas&#8230; \u00a1Lo que t\u00fa quieras! Arm\u00e9 este programa pensando en que&nbsp;puedas aprender todas las herramientas t\u00e9cnicas y estrat\u00e9gicas para crear tu negocio con \u00e9xito&#8230; y pagar [&hellip;]<\/p>\n","protected":false},"author":22,"featured_media":0,"parent":0,"menu_order":0,"comment_status":"closed","ping_status":"closed","template":"op_builder_blank","meta":{"footnotes":""},"class_list":["post-612","page","type-page","status-publish","hentry"],"_links":{"self":[{"href":"https:\/\/katiabrambila.net\/index.php?rest_route=\/wp\/v2\/pages\/612","targetHints":{"allow":["GET"]}}],"collection":[{"href":"https:\/\/katiabrambila.net\/index.php?rest_route=\/wp\/v2\/pages"}],"about":[{"href":"https:\/\/katiabrambila.net\/index.php?rest_route=\/wp\/v2\/types\/page"}],"author":[{"embeddable":true,"href":"https:\/\/katiabrambila.net\/index.php?rest_route=\/wp\/v2\/users\/22"}],"replies":[{"embeddable":true,"href":"https:\/\/katiabrambila.net\/index.php?rest_route=%2Fwp%2Fv2%2Fcomments&post=612"}],"version-history":[{"count":0,"href":"https:\/\/katiabrambila.net\/index.php?rest_route=\/wp\/v2\/pages\/612\/revisions"}],"wp:attachment":[{"href":"https:\/\/katiabrambila.net\/index.php?rest_route=%2Fwp%2Fv2%2Fmedia&parent=612"}],"curies":[{"name":"wp","href":"https:\/\/api.w.org\/{rel}","templated":true}]}}