{"id":7808,"date":"2020-12-03T19:06:33","date_gmt":"2020-12-04T00:06:33","guid":{"rendered":"https:\/\/katiabrambila.net\/delicias-clasicas-chef-de-corazon-experta-cloned-at-2021-11-29-125121\/"},"modified":"2021-11-30T08:57:15","modified_gmt":"2021-11-30T14:57:15","slug":"programapostressaludables","status":"publish","type":"page","link":"https:\/\/katiabrambila.net\/?page_id=7808","title":{"rendered":"Inscripcion-97-MDA"},"content":{"rendered":"<p><a target=\"_self\" data-op-action=\"link\" data-op-popoverlay-trigger=\"none\" data-op-select-funnel-step=\"\" data-op3-smooth-scroll=\"0\" rel=\"noopener\"><img loading=\"lazy\" decoding=\"async\" src=\"https:\/\/katiabrambila.net\/wp-content\/uploads\/2021\/11\/postres-01-logoblanco.png\" alt=\"\" title=\"postres-01-logoblanco\" width=\"725\" height=\"261\" data-op3-attachment-id=\"7814\" \/><\/a><\/p>\n<h2>por Katia Brambila<\/h2>\n<h2>ELIGE LA FORMA DE PAGO HAZ CLICK EN EL BOT\u00d3N<\/h2>\n<h2>86% DE DESCUENTO<\/h2>\n<h2>\u00danete A Este Programa Por \u00danica Ocasi\u00f3n de $715 USD<\/h2>\n<h2>Por Solo $97 D\u00d3LARES<\/h2>\n<h2>Toca el bot\u00f3n para ver el precio en tu moneda<\/h2>\n<p><a href=\"https:\/\/payment.hotmart.com\/P12891701Y?off=nq9lt978&#038;checkoutMode=10&#038;sck=SP&#038;hideBillet=1\" class=\"op3-background-ancestor\" target=\"_self\" data-op-action=\"link\" data-op-popoverlay-trigger=\"none\" data-op-select-funnel-step=\"\" data-op-animation-trigger=\"none\" data-op-animation-style=\"\" data-op-animation-loop=\"0\" data-op-timer-minutes=\"0\" data-op-timer-seconds=\"0\" data-op3-smooth-scroll=\"0\" data-op-effect-style=\"\" rel=\"noopener\">\u00a1S\u00ed Quiero Empezar Hoy!Haz click para ver el precio en tu moneda<\/a><a target=\"_self\" data-op-action=\"link\" data-op-popoverlay-trigger=\"none\" data-op-select-funnel-step=\"\" data-op3-smooth-scroll=\"0\" rel=\"noopener\"><img loading=\"lazy\" decoding=\"async\" src=\"https:\/\/katiabrambila.net\/wp-content\/uploads\/2021\/11\/Captura-de-pantalla-2017-05-23-a-las-11.15.46.png\" alt=\"\" title=\"Captura-de-pantalla-2017-05-23-a-las-11.15.46\" width=\"393\" height=\"49\" data-op3-attachment-id=\"7813\" \/><\/a><\/p>\n<h2>\u00bfTe Gustar\u00eda Una Vida M\u00e1s Sana Con Dulces Tentaciones ?<\/h2>\n<h2>Hoy quiero hacerte una pregunta&#8230;<\/h2>\n<h2>\u00bfCada Que Comes Un Postre Te Sientes Inflamada, Con Ganas De Seguir Comiendo, Con Mucha Sed Y La Culpa Te Acompa\u00f1a?<\/h2>\n<h2>Ya no quieres sentir esa sensaci\u00f3n de pesadez cuando comes un postre.Estas cansada de vivir con sentimientos de culpa cada vez que comes alg\u00fan postre.O ya no sabes como hacer para dar a tus hijos una alimentaci\u00f3n sana.<\/h2>\n<h2>Te Entiendo. Yo He Pasado Por Eso<\/h2>\n<h2>Es Por Eso Que He Creado El Programa:<\/h2>\n<p><a target=\"_self\" data-op-action=\"link\" data-op-popoverlay-trigger=\"none\" data-op-select-funnel-step=\"\" data-op3-smooth-scroll=\"0\" rel=\"noopener\"><img loading=\"lazy\" decoding=\"async\" src=\"https:\/\/katiabrambila.net\/wp-content\/uploads\/2021\/11\/postres-01-logoblanco.png\" alt=\"\" title=\"postres-01-logoblanco\" width=\"725\" height=\"261\" data-op3-attachment-id=\"7814\" \/><\/a><\/p>\n<h2>Que Mejor Noticia Que Comer Un Postre Que Te Ayude A Conservar Tu Salud Y Tu Figura<\/h2>\n<h2>Imagina Aprender Paso a Paso Desde La Comodidad De Tu Cocina<\/h2>\n<h2>Tendr\u00e1s Acceso Para Siempre Y A Cualquier Hora. Contar\u00e1s Con Mi Asesor\u00eda En Todo Momento<\/h2>\n<h2>Los Peque\u00f1os Cambios Hacen La Diferencia Para Tener Una Vida Saludable, Hoy Mismo Puedes Estar Comiendo El Postre De Tus Sue\u00f1os Y Compartiendo Con Tus Seres Queridos.<\/h2>\n<h2>Es Momento De Que Aprendas Una Forma Diferente De Preparar Dulces tentaciones Sin Sentirte Culpable.&nbsp;<\/h2>\n<h2>Postres Saludables Incluye:<\/h2>\n<p><a target=\"_self\" data-op-action=\"link\" data-op-popoverlay-trigger=\"none\" data-op-select-funnel-step=\"\" data-op3-smooth-scroll=\"0\" rel=\"noopener\"><img loading=\"lazy\" decoding=\"async\" src=\"https:\/\/katiabrambila.net\/wp-content\/uploads\/2021\/11\/paquete-1.png\" alt=\"\" title=\"paquete\" width=\"1532\" height=\"844\" data-op3-attachment-id=\"7830\" \/><\/a>&nbsp;50 video clases con recetas f\u00e1ciles, r\u00e1pidas y con el paso a paso que podr\u00e1s ver en menos de 5 minutos, todas las recetas son sin az\u00facar refinada, sin gluten y sin l\u00e1cteosClases grabadas, hoy mismo tienes acceso a todo.Acceso inmediato desde cualquier dispositivo, si est\u00e1s en el supermercado podr\u00e1s consultar los ingredientes desde tu app.Si no sabes en d\u00f3nde comprar los ingredientes yo tengo una lista de tiendas en l\u00ednea en varios pa\u00edses.Te acompa\u00f1ar\u00e9 para resolver tus dudas en cada momento como si estuviera en la cocina de tu casa.Lo mejor si despu\u00e9s de hacer 3 postres no estas convencida tienes 15 d\u00edas de garant\u00eda, te regreso tu dinero.<\/p>\n<h2>ELIGE LA FORMA DE PAGO HAZ CLICK EN EL BOT\u00d3N<\/h2>\n<h2>86% DE DESCUENTO<\/h2>\n<h2>\u00danete A Este Programa Por \u00danica Ocasi\u00f3n de $715 USD<\/h2>\n<h2>Por Solo $97 D\u00d3LARES<\/h2>\n<h2>Toca el bot\u00f3n para ver el precio en tu moneda<\/h2>\n<p><a href=\"https:\/\/payment.hotmart.com\/P12891701Y?off=nq9lt978&#038;checkoutMode=10&#038;sck=SP&#038;hideBillet=1\" class=\"op3-background-ancestor\" target=\"_self\" data-op-action=\"link\" data-op-popoverlay-trigger=\"none\" data-op-select-funnel-step=\"\" data-op-animation-trigger=\"none\" data-op-animation-style=\"\" data-op-animation-loop=\"0\" data-op-timer-minutes=\"0\" data-op-timer-seconds=\"0\" data-op3-smooth-scroll=\"0\" data-op-effect-style=\"\" rel=\"noopener\">\u00a1S\u00ed Quiero Empezar Hoy!Haz click para ver el precio en tu moneda<\/a><a target=\"_self\" data-op-action=\"link\" data-op-popoverlay-trigger=\"none\" data-op-select-funnel-step=\"\" data-op3-smooth-scroll=\"0\" rel=\"noopener\"><img loading=\"lazy\" decoding=\"async\" src=\"https:\/\/katiabrambila.net\/wp-content\/uploads\/2021\/11\/Captura-de-pantalla-2017-05-23-a-las-11.15.46.png\" alt=\"\" title=\"Captura-de-pantalla-2017-05-23-a-las-11.15.46\" width=\"393\" height=\"49\" data-op3-attachment-id=\"7813\" \/><\/a><\/p>\n<h2>Sorprende a tu familia con postres llenos de amor, que adem\u00e1s de sorprenderlos con el sabor, cuiden su salud&nbsp;<\/h2>\n<h2>Imagina aprender paso a paso<\/h2>\n<h2>\u00a1\u00a1Desde la comodidad de tu cocina!!<\/h2>\n<h2>SIN AZ\u00daCAR REFINADA &#8211; SIN GLUTEN &#8211; SIN L\u00c1CTEOS<\/h2>\n<p><a target=\"_self\" data-op-action=\"link\" data-op-popoverlay-trigger=\"none\" data-op-select-funnel-step=\"\" data-op3-smooth-scroll=\"0\" rel=\"noopener\"><img loading=\"lazy\" decoding=\"async\" src=\"https:\/\/katiabrambila.net\/wp-content\/uploads\/2021\/10\/fondo-completo.jpg\" alt=\"\" title=\"fondo completo\" width=\"512\" height=\"256\" data-op3-attachment-id=\"5787\" \/><\/a><\/p>\n<h2>Acceso hoy mismo a todo el material, recetas, videos paso a paso y asesor\u00eda personalizada.<\/h2>\n<p><a target=\"_self\" data-op-action=\"link\" data-op-popoverlay-trigger=\"none\" data-op-select-funnel-step=\"\" data-op3-smooth-scroll=\"0\" rel=\"noopener\"><img loading=\"lazy\" decoding=\"async\" src=\"https:\/\/katiabrambila.net\/wp-content\/uploads\/2021\/10\/im-genes.jpg\" alt=\"\" title=\"im\u00a0genes\" width=\"512\" height=\"256\" data-op3-attachment-id=\"5820\" \/><\/a><\/p>\n<h2>DELICIAS CL\u00c1SICAS incluye:<\/h2>\n<p><a target=\"_self\" data-op-action=\"link\" data-op-popoverlay-trigger=\"none\" data-op-select-funnel-step=\"\" data-op3-smooth-scroll=\"0\" rel=\"noopener\"><img loading=\"lazy\" decoding=\"async\" src=\"https:\/\/katiabrambila.net\/wp-content\/uploads\/2021\/10\/iconos-1.png\" alt=\"\" title=\"iconos (1)\" width=\"353\" height=\"335\" data-op3-attachment-id=\"5823\" \/><\/a><\/p>\n<h2>Acceso inmediato a todo el material grabado.<\/h2>\n<p><a target=\"_self\" data-op-action=\"link\" data-op-popoverlay-trigger=\"none\" data-op-select-funnel-step=\"\" data-op3-smooth-scroll=\"0\" rel=\"noopener\"><img loading=\"lazy\" decoding=\"async\" src=\"https:\/\/katiabrambila.net\/wp-content\/uploads\/2021\/10\/iconos-2.png\" alt=\"\" title=\"iconos (2)\" width=\"343\" height=\"335\" data-op3-attachment-id=\"5824\" \/><\/a><\/p>\n<h2>Acceso desde cualquier dispositivo a todo el contenido. Puedes consultar los ingredientes hasta en el supermercado.<\/h2>\n<p><a target=\"_self\" data-op-action=\"link\" data-op-popoverlay-trigger=\"none\" data-op-select-funnel-step=\"\" data-op3-smooth-scroll=\"0\" rel=\"noopener\"><img loading=\"lazy\" decoding=\"async\" src=\"https:\/\/katiabrambila.net\/wp-content\/uploads\/2021\/10\/iconos-3.png\" alt=\"\" title=\"iconos (3)\" width=\"374\" height=\"335\" data-op3-attachment-id=\"5825\" \/><\/a><\/p>\n<h2>No est\u00e1s sola en esta aventura. Te acompa\u00f1ar\u00e9 para resolver todas tus dudas como si estuviera en la cocina de tu casa.<\/h2>\n<p><a target=\"_self\" data-op-action=\"link\" data-op-popoverlay-trigger=\"none\" data-op-select-funnel-step=\"\" data-op3-smooth-scroll=\"0\" rel=\"noopener\"><img loading=\"lazy\" decoding=\"async\" src=\"https:\/\/katiabrambila.net\/wp-content\/uploads\/2021\/10\/iconos-4.png\" alt=\"\" title=\"iconos (4)\" width=\"265\" height=\"335\" data-op3-attachment-id=\"5826\" \/><\/a><\/p>\n<h2>Si despu\u00e9s de hacer 3 postres no est\u00e1s convencida, tienes 7 d\u00edas de garant\u00eda donde puedes solicitar el reembolso de tu inversi\u00f3n.<\/h2>\n<h2>Maribet Balestena&nbsp;<\/h2>\n<h2>una Chef de Coraz\u00f3n EXPERTA<\/h2>\n<p><a target=\"_self\" data-op-action=\"link\" data-op-popoverlay-trigger=\"none\" data-op-select-funnel-step=\"\" data-op3-smooth-scroll=\"0\" rel=\"noopener\"><img loading=\"lazy\" decoding=\"async\" src=\"https:\/\/katiabrambila.net\/wp-content\/uploads\/2021\/10\/foto.png\" alt=\"\" title=\"foto\" width=\"1003\" height=\"1001\" data-op3-attachment-id=\"5828\" \/><\/a><a target=\"_self\" data-op-action=\"link\" data-op-popoverlay-trigger=\"none\" data-op-select-funnel-step=\"\" data-op3-smooth-scroll=\"0\" rel=\"noopener\"><img loading=\"lazy\" decoding=\"async\" src=\"https:\/\/katiabrambila.net\/wp-content\/uploads\/2021\/10\/logo.2.png\" alt=\"\" title=\"logo.2\" width=\"512\" height=\"256\" data-op3-attachment-id=\"5789\" \/><\/a><\/p>\n<h2>ELIGE LA FORMA DE PAGO HAZ CLICK EN EL BOT\u00d3N<\/h2>\n<h2>65% DE DESCUENTO&nbsp;<\/h2>\n<h2>\u00daNETE A ESTE PROGRAMA POR \u00daNICA OCASI\u00d3N DE 240 USD<\/h2>\n<h2>Por s\u00f3lo&nbsp; $ 85 D\u00f3lares<\/h2>\n<h2>Toca del bot\u00f3n para ver el&nbsp; precio en tu moneda<\/h2>\n<p><a href=\"https:\/\/payment.hotmart.com\/K60504527E?checkoutMode=10\" class=\"op3-background-ancestor\" target=\"_blank\" data-op-action=\"link\" data-op-popoverlay-trigger=\"none\" data-op-select-funnel-step=\"\" data-op-animation-trigger=\"none\" data-op-animation-style=\"\" data-op-animation-loop=\"0\" data-op-timer-minutes=\"0\" data-op-timer-seconds=\"0\" data-op3-smooth-scroll=\"\" data-op-effect-style=\"\" rel=\"noopener\">S\u00cd QUIERO COMENZAR HOYAL HACER CLICK APARECE EL PRECIO EN TU MONEDA<\/a><a target=\"_self\" data-op-action=\"link\" data-op-popoverlay-trigger=\"none\" data-op-select-funnel-step=\"\" data-op3-smooth-scroll=\"\" rel=\"noopener\"><img loading=\"lazy\" decoding=\"async\" src=\"https:\/\/katiabrambila.net\/wp-content\/uploads\/2020\/11\/Major-Credit-Card-Logo-PNG-Clipart.png\" alt=\"\" title=\"Major-Credit-Card-Logo-PNG-Clipart\" width=\"8552\" height=\"1190\" data-op3-attachment-id=\"\" \/><\/a><\/p>\n<h2>\u00bfQU\u00c9 DESCUBRIR\u00c1S?<\/h2>\n<p><a target=\"_self\" data-op-action=\"link\" data-op-popoverlay-trigger=\"none\" data-op-select-funnel-step=\"\" data-op3-smooth-scroll=\"0\" rel=\"noopener\"><img loading=\"lazy\" decoding=\"async\" src=\"https:\/\/katiabrambila.net\/wp-content\/uploads\/2021\/10\/imagen-tarta.png\" alt=\"\" title=\"imagen tarta\" width=\"1666\" height=\"2213\" data-op3-attachment-id=\"5832\" \/><\/a><\/p>\n<h2>Tendr\u00e1s postres para cada celebraci\u00f3n especial:<\/h2>\n<p>M\u00d3DULO 1:&nbsp;Introducci\u00f3nM\u00d3DULO 2: El Zen de la Reposter\u00edaM\u00d3DULO 3:&nbsp;PastelesPastel R\u00fastico Doble Chocolate&nbsp;Pastel de Miel (Honeycake)Cobertura de Crema de CocoDecorado con Semillas, Frutos Secos y Chocolate&nbsp;Decorado con Flores Naturales FrescasDecorado con Frutas Glaseadas y Queso Crema VeganoM\u00d3DULO 4: DonasDonas de Vainilla y ChocolateGlaseados de vainilla, chocolate, caf\u00e9, fresa y lim\u00f3nDonas de Calabaza&nbsp;Glaseado de Maple (Arce)M\u00d3DULO 5:&nbsp;Tartas con bases de masaTarta de ManzanaTarta de Ar\u00e1ndanosTarta Jard\u00edn de CalabazaCrema Batida de CocoM\u00d3DULO 6:&nbsp;GalletasAmaretto BiscottiCoquitos de Lim\u00f3n&nbsp;Besitos de Coco&nbsp;<\/p>\n<h2>\u00a1Y A\u00daN HAY M\u00c1S! DISFRUTA DE LOS SIGUIENTES BONOS SI TE INSCRIBES AHORA!<\/h2>\n<h2>\u00a1TE LOS LLEVAS GRATIS!<\/h2>\n<p><a target=\"_self\" data-op-action=\"link\" data-op-popoverlay-trigger=\"none\" data-op-select-funnel-step=\"\" data-op3-smooth-scroll=\"0\" rel=\"noopener\"><img loading=\"lazy\" decoding=\"async\" src=\"https:\/\/katiabrambila.net\/wp-content\/uploads\/2021\/10\/imagen-bono-1.png\" alt=\"\" title=\"imagen bono (1)\" width=\"1011\" height=\"803\" data-op3-attachment-id=\"5844\" \/><\/a><\/p>\n<h2>BONO 1: GALLETAS PERRITOS<\/h2>\n<p><a target=\"_self\" data-op-action=\"link\" data-op-popoverlay-trigger=\"none\" data-op-select-funnel-step=\"\" data-op3-smooth-scroll=\"0\" rel=\"noopener\"><img loading=\"lazy\" decoding=\"async\" src=\"https:\/\/katiabrambila.net\/wp-content\/uploads\/2021\/10\/imagen-bono-2.png\" alt=\"\" title=\"imagen bono (2)\" width=\"1015\" height=\"803\" data-op3-attachment-id=\"5845\" \/><\/a><\/p>\n<h2>BONO 2: SUGERENCIAS EMPAQUE<\/h2>\n<p><a target=\"_self\" data-op-action=\"link\" data-op-popoverlay-trigger=\"none\" data-op-select-funnel-step=\"\" data-op3-smooth-scroll=\"0\" rel=\"noopener\"><img loading=\"lazy\" decoding=\"async\" src=\"https:\/\/katiabrambila.net\/wp-content\/uploads\/2021\/10\/imagen-bono-4.png\" alt=\"\" title=\"imagen bono (4)\" width=\"1036\" height=\"820\" data-op3-attachment-id=\"5893\" \/><\/a><\/p>\n<h2>BONO 3: TARTA SANTIAGO<\/h2>\n<h2>Todo esto tiene un valor de 240 USD <a href=\"https:\/\/payment.hotmart.com\/K60504527E?checkoutMode=10\">HOY S\u00d3LO $ 85 USD<\/a><\/h2>\n<p><a target=\"_self\" data-op-action=\"link\" data-op-popoverlay-trigger=\"none\" data-op-select-funnel-step=\"\" data-op3-smooth-scroll=\"0\" rel=\"noopener\"><img loading=\"lazy\" decoding=\"async\" src=\"https:\/\/katiabrambila.net\/wp-content\/uploads\/2021\/10\/icono-garantia.png\" alt=\"\" title=\"icono garantia\" width=\"1105\" height=\"1467\" data-op3-attachment-id=\"5835\" \/><\/a><\/p>\n<h2>GARANT\u00cdA DE 7 D\u00cdAS<\/h2>\n<h2>No corres ning\u00fan riesgo, tienes 7 d\u00edas de garant\u00eda<\/h2>\n<h2>ELIGE LA FORMA DE PAGO HAZ CLICK EN EL BOT\u00d3N<\/h2>\n<h2>65% DE DESCUENTO&nbsp;<\/h2>\n<h2>\u00daNETE A ESTE PROGRAMA POR&nbsp;\u00daNICA OCASI\u00d3N DE 240 USD<\/h2>\n<h2>Por s\u00f3lo&nbsp; $ 85 &nbsp;d\u00f3lares<\/h2>\n<h2>Toca el bot\u00f3n para ver el&nbsp; precio en tu moneda<\/h2>\n<p><a href=\"https:\/\/payment.hotmart.com\/K60504527E?checkoutMode=10\" class=\"op3-background-ancestor\" target=\"_blank\" data-op-action=\"link\" data-op-popoverlay-trigger=\"none\" data-op-select-funnel-step=\"\" data-op-animation-trigger=\"none\" data-op-animation-style=\"\" data-op-animation-loop=\"0\" data-op-timer-minutes=\"0\" data-op-timer-seconds=\"0\" data-op3-smooth-scroll=\"0\" data-op-effect-style=\"\" rel=\"noopener\">S\u00cd QUIERO COMENZAR HOYAL HACER CLICK APARECE EL PRECIO EN TU MONEDA<\/a><a target=\"_self\" data-op-action=\"link\" data-op-popoverlay-trigger=\"none\" data-op-select-funnel-step=\"\" data-op3-smooth-scroll=\"0\" rel=\"noopener\"><img loading=\"lazy\" decoding=\"async\" src=\"https:\/\/katiabrambila.net\/wp-content\/uploads\/2020\/11\/Major-Credit-Card-Logo-PNG-Clipart.png\" alt=\"\" title=\"Major-Credit-Card-Logo-PNG-Clipart\" width=\"8552\" height=\"1190\" data-op3-attachment-id=\"\" \/><\/a><\/p>\n<h2>\u00bfQu\u00e9 pasa despu\u00e9s de tu inscripci\u00f3n?<\/h2>\n<p><a target=\"_self\" data-op-action=\"link\" data-op-popoverlay-trigger=\"none\" data-op-select-funnel-step=\"\" data-op3-smooth-scroll=\"0\" rel=\"noopener\"><img loading=\"lazy\" decoding=\"async\" src=\"https:\/\/katiabrambila.net\/wp-content\/uploads\/2021\/10\/iconos-1-1.png\" alt=\"\" title=\"iconos (1)\" width=\"471\" height=\"463\" data-op3-attachment-id=\"5849\" \/><\/a><\/p>\n<h2>Recibir\u00e1s un correo de Hotmartclub con todos los datos para activar tu cuenta, busca en spam o promociones.<\/h2>\n<p><a target=\"_self\" data-op-action=\"link\" data-op-popoverlay-trigger=\"none\" data-op-select-funnel-step=\"\" data-op3-smooth-scroll=\"\" rel=\"noopener\"><img loading=\"lazy\" decoding=\"async\" src=\"https:\/\/katiabrambila.net\/wp-content\/uploads\/2021\/10\/iconos-2-1.png\" alt=\"\" title=\"iconos (2)\" width=\"488\" height=\"472\" data-op3-attachment-id=\"5850\" \/><\/a><\/p>\n<h2>Para acceder solo necesitas: correo registrado y contrase\u00f1a creada.<\/h2>\n<p><a target=\"_self\" data-op-action=\"link\" data-op-popoverlay-trigger=\"none\" data-op-select-funnel-step=\"\" data-op3-smooth-scroll=\"\" rel=\"noopener\"><img loading=\"lazy\" decoding=\"async\" src=\"https:\/\/katiabrambila.net\/wp-content\/uploads\/2021\/10\/iconos-3-1.png\" alt=\"\" title=\"iconos (3)\" width=\"407\" height=\"440\" data-op3-attachment-id=\"5851\" \/><\/a><\/p>\n<h2>Comienza a disfrutar el contenido y puedes tambi\u00e9n descargar una app en tu celular.<\/h2>\n<h2>Maribet Balestena<\/h2>\n<h2>\u201cCreo firmemente que nuestros alimentos pueden ser curativos y si vienen bellamente presentados en postres deliciosos y realizados con amor, hemos de ganarnos el coraz\u00f3n de cuantos los prueben\u201d.Por querer sentirme mejor y ayudar a sobreponernos a retos de salud en mi familia, he pasado m\u00e1s de 20 a\u00f1os estudiando todo lo relacionado al bienestar y la salud. Esta b\u00fasqueda que me llev\u00f3 a aprender sobre nutrici\u00f3n, practicar Medicina Bioenerg\u00e9tica, ser Coach de Salud Evolutiva, y a especializarme con Sweet Paleo en reposter\u00eda a base de alimentos que nutren y fomentan la salud y que son naturalmente sin gluten, az\u00facar refinada ni productos l\u00e1cteos.Hered\u00e9 de mis abuelos y mi mam\u00e1 la pasi\u00f3n por cocinar y el gusto de compartir amor a trav\u00e9s de deliciosas confecciones culinarias. Disfrutar la expresi\u00f3n de satisfacci\u00f3n cuando alguien prueba un bocado delicioso de uno de mis postres saludables me hace muy feliz y me entusiasma a seguir emprendiendo con mi reposter\u00eda a trav\u00e9s de Maison Maribet, desde nuestro hogar en Victoria, Canad\u00e1, y de capacitar en l\u00ednea a quienes deseen aprender a realizar ricos postres donde quiera que est\u00e9n alrededor del mundo.Te doy la bienvenida a nuestro hogar para que nos riamos de mis peripecias en la cocina mientras hacemos las recetas junto a mi Sous-Chef Jack, un perro Golden Retreiver al que se le derrite la boca con los postres \u00a1y quien est\u00e1 encargado de dar su sello de aprobaci\u00f3n a las Delicias Cl\u00e1sicas que tengo para ti!<\/h2>\n<p><a target=\"_self\" data-op-action=\"link\" data-op-popoverlay-trigger=\"none\" data-op-select-funnel-step=\"\" data-op3-smooth-scroll=\"0\" rel=\"noopener\"><img loading=\"lazy\" decoding=\"async\" src=\"https:\/\/katiabrambila.net\/wp-content\/uploads\/2021\/10\/IMG_3296-scaled.jpeg\" alt=\"\" title=\"IMG_3296\" width=\"2560\" height=\"1920\" data-op3-attachment-id=\"5879\" \/><\/a><\/p>\n<h2>PREGUNTAS FRECUENTES<\/h2>\n<h2>\u00bfCu\u00e1ntas veces puedo ver el curso?<\/h2>\n<h5>Puedes verlos todas las veces que quieras, utilizando tu usuario y contrase\u00f1a.<\/h5>\n<h2>\u00bfPuedo descargar los videos?<\/h2>\n<h5>Puedes verlos todas las veces que quieras, utilizando tu usuario y contrase\u00f1a.<\/h5>\n<h2>\u00bfPuedo descargar las recetas?<\/h2>\n<h5>Una vez comprado el programa podr\u00e1s descargar, guardar e imprimir todas las recetas si as\u00ed lo deseas, o puedes acceder a ellas desde cualquier dispositivo.<\/h5>\n<h2>Tengo problemas para realizar el pago. \u00bfQu\u00e9 hago?<\/h2>\n<h5>Si no puedes realizar el pago a trav\u00e9s de tarjeta de cr\u00e9dito o debito puedes hacerlo realizando un dep\u00f3sito eligiendo la opci\u00f3n de pago en efectivo, para algunos&nbsp;pa\u00edses&nbsp;ya esta disponible.&nbsp;<a href=\"https:\/\/payment.hotmart.com\/K60504527E?checkoutMode=10\" target=\"_blank\" rel=\"noopener noreferrer\" style=\"color: rgb(117, 125, 10);\">Haz click aqu\u00ed para generar tu ficha de pago.<\/a><\/h5>\n<h2>\u00bfLos precios que manejan en que moneda son?<\/h2>\n<h5>El precio aparece &nbsp;en la moneda de tu pa\u00eds de acuerdo al tipo de cambio del d\u00eda de hoy, puedes cambiar de moneda cambiando el pa\u00eds.<\/h5>\n<h2>\u00bfC\u00f3mo s\u00e9 cuando est\u00e1 activo el acceso al programa que compr\u00e9?<\/h2>\n<h5>En el momento en que tu pago es aprobado te llegar\u00e1 un mail con los datos de acceso, revisa la bandeja de spam y promociones.<\/h5>\n<h2>\u00bfLos ingredientes que se utilizan en las recetas son f\u00e1ciles de conseguir?<\/h2>\n<h5>El programa tiene una secci\u00f3n que se llama \u00bfD\u00f3nde comprar?, hay opciones de tiendas en l\u00ednea en la Rep\u00fablica Mexicana y hay un archivo desplegable con la lista de ingredientes m\u00e1s comunes y en d\u00f3nde los puedes conseguir. Adicionalmente est\u00e1 la secci\u00f3n de preguntas y respuestas, en caso de que no puedas conseguir alg\u00fan ingredientes, siempre existe la posibilidad de realizar alguna sustituci\u00f3n.<\/h5>\n<h2>\u00bfCu\u00e1les son los beneficios de tomar un curso de cocina en l\u00ednea?<\/h2>\n<h5>El m\u00e1s importante es que t\u00fa eliges el horario para verlo, puedes irte a trabajar, regresar y seguir viendo la clase, al momento de preparar puedes poner pausa y verificar todos los detalles de la receta. Ya no tienes que preocuparte por el translado, el costo de la gasolina, interrumpir actividades y a diferencia de una clase presencial puedes ver los videos todas las veces que los necesites desde la comodidad de tu cocina.<\/h5>\n<h2>\u00bfPuedo adquirir el programa aunque no cuente con tarjeta de cr\u00e9dito?<\/h2>\n<h5>Para algunos pa\u00edses est\u00e1 disponible el pago en efectivo, puedes generar tu ficha de pago y realizar el pago el mismo d\u00eda porque tiene una fecha de vencimiento, recibir\u00e1s un correo al momento de aprobarse recibir\u00e1s un correo con los datos de acceso,<a href=\"https:\/\/payment.hotmart.com\/K60504527E?checkoutMode=10\" target=\"_blank\" rel=\"noopener\">&nbsp;haciendo click aqu\u00ed elige la opci\u00f3n de pago en efectivo y completa tus datos.<\/a><\/h5>\n<p><a href=\"https:\/\/payment.hotmart.com\/K60504527E?checkoutMode=10\" class=\"op3-background-ancestor\" target=\"_blank\" data-op-action=\"link\" data-op-popoverlay-trigger=\"none\" data-op-select-funnel-step=\"\" data-op-animation-trigger=\"none\" data-op-animation-style=\"\" data-op-animation-loop=\"0\" data-op-timer-minutes=\"0\" data-op-timer-seconds=\"0\" data-op3-smooth-scroll=\"\" data-op-effect-style=\"\" rel=\"noopener\">S\u00ed quiero empezar HOY&nbsp;A crear Delicias Cl\u00e1sicas Saludables&nbsp;<\/a><a target=\"_self\" data-op-action=\"link\" data-op-popoverlay-trigger=\"none\" data-op-select-funnel-step=\"\" data-op3-smooth-scroll=\"\" rel=\"noopener\"><img loading=\"lazy\" decoding=\"async\" src=\"https:\/\/katiabrambila.net\/wp-content\/uploads\/2020\/06\/logo-1.png\" alt=\"\" title=\"logo-1\" width=\"537\" height=\"200\" data-op3-attachment-id=\"\" \/><\/a><\/p>\n<h5 style=\"\">Copyright 2018 &#8211; SweetPaleo.Todos Los Derechos Reservados&nbsp;Este sitio utiliza cookies propias y de terceros. Si continuas navegando, consideramos que aceptas su uso. M\u00e1s informaci\u00f3n en nuestro&nbsp;<a href=\"https:\/\/sweetpaleomiembros.com\/terminos-y-condiciones\" target=\"_parent\" rel=\"noopener noreferrer\" style=\"\">aviso de privacidad.&nbsp;<\/a>Puedes escribir a soporte@sweetpaleomx.com<\/h5>\n","protected":false},"excerpt":{"rendered":"<p>por Katia Brambila ELIGE LA FORMA DE PAGO HAZ CLICK EN EL BOT\u00d3N 86% DE DESCUENTO \u00danete A Este Programa Por \u00danica Ocasi\u00f3n de $715 USD Por Solo $97 D\u00d3LARES Toca el bot\u00f3n para ver el precio en tu moneda \u00a1S\u00ed Quiero Empezar Hoy!Haz click para ver el precio en tu moneda \u00bfTe Gustar\u00eda Una [&hellip;]<\/p>\n","protected":false},"author":22,"featured_media":0,"parent":0,"menu_order":0,"comment_status":"closed","ping_status":"closed","template":"op_builder_blank","meta":{"footnotes":""},"class_list":["post-7808","page","type-page","status-publish","hentry"],"_links":{"self":[{"href":"https:\/\/katiabrambila.net\/index.php?rest_route=\/wp\/v2\/pages\/7808","targetHints":{"allow":["GET"]}}],"collection":[{"href":"https:\/\/katiabrambila.net\/index.php?rest_route=\/wp\/v2\/pages"}],"about":[{"href":"https:\/\/katiabrambila.net\/index.php?rest_route=\/wp\/v2\/types\/page"}],"author":[{"embeddable":true,"href":"https:\/\/katiabrambila.net\/index.php?rest_route=\/wp\/v2\/users\/22"}],"replies":[{"embeddable":true,"href":"https:\/\/katiabrambila.net\/index.php?rest_route=%2Fwp%2Fv2%2Fcomments&post=7808"}],"version-history":[{"count":0,"href":"https:\/\/katiabrambila.net\/index.php?rest_route=\/wp\/v2\/pages\/7808\/revisions"}],"wp:attachment":[{"href":"https:\/\/katiabrambila.net\/index.php?rest_route=%2Fwp%2Fv2%2Fmedia&parent=7808"}],"curies":[{"name":"wp","href":"https:\/\/api.w.org\/{rel}","templated":true}]}}