{"id":7904,"date":"2022-03-05T09:15:51","date_gmt":"2022-03-05T15:15:51","guid":{"rendered":"https:\/\/katiabrambila.net\/?page_id=7904"},"modified":"2022-03-05T10:50:10","modified_gmt":"2022-03-05T16:50:10","slug":"ps-clase-1","status":"publish","type":"page","link":"https:\/\/katiabrambila.net\/?page_id=7904","title":{"rendered":"PS clase 1"},"content":{"rendered":"<style>\/*! elementor - v3.4.8 - 16-11-2021 *\/\n.elementor-widget-image{text-align:center}.elementor-widget-image a{display:inline-block}.elementor-widget-image a img[src$=\".svg\"]{width:48px}.elementor-widget-image img{vertical-align:middle;display:inline-block}<\/style>\n<p>\t\t\t\t\t\t\t\t\t\t\t\t<img decoding=\"async\" width=\"800\" height=\"265\" src=\"https:\/\/katiabrambila.net\/wp-content\/uploads\/2021\/09\/Asset-1-1-1024x339.png\" alt=\"\" loading=\"lazy\" srcset=\"https:\/\/katiabrambila.net\/wp-content\/uploads\/2021\/09\/Asset-1-1-1024x339.png 1024w, https:\/\/katiabrambila.net\/wp-content\/uploads\/2021\/09\/Asset-1-1-300x99.png 300w, https:\/\/katiabrambila.net\/wp-content\/uploads\/2021\/09\/Asset-1-1-768x254.png 768w, https:\/\/katiabrambila.net\/wp-content\/uploads\/2021\/09\/Asset-1-1.png 1110w\" sizes=\"auto, (max-width: 800px) 100vw, 800px\" \/>\t\t\t\t\t\t\t\t\t\t\t\t\t\t\t<\/p>\n<style>\/*! elementor-pro - v3.5.1 - 10-11-2021 *\/\n.elementor-widget-countdown .elementor-countdown-expire--message{display:none;padding:20px;text-align:center}.elementor-widget-countdown .elementor-countdown-wrapper{-webkit-box-orient:horizontal;-webkit-box-direction:normal;-ms-flex-direction:row;flex-direction:row}.elementor-widget-countdown .elementor-countdown-item{padding:20px 0;text-align:center;color:#fff}.elementor-widget-countdown .elementor-countdown-digits,.elementor-widget-countdown .elementor-countdown-label{line-height:1}.elementor-widget-countdown .elementor-countdown-digits{font-size:69px}.elementor-widget-countdown .elementor-countdown-label{font-size:19px}.elementor-widget-countdown.elementor-countdown--label-block .elementor-countdown-wrapper{display:-webkit-box;display:-ms-flexbox;display:flex;-webkit-box-pack:center;-ms-flex-pack:center;justify-content:center;margin-right:auto;margin-left:auto}.elementor-widget-countdown.elementor-countdown--label-block .elementor-countdown-digits,.elementor-widget-countdown.elementor-countdown--label-block .elementor-countdown-label{display:block}.elementor-widget-countdown.elementor-countdown--label-block .elementor-countdown-item{-ms-flex-preferred-size:0;flex-basis:0;-webkit-box-flex:1;-ms-flex-positive:1;flex-grow:1}.elementor-widget-countdown.elementor-countdown--label-inline{text-align:center}.elementor-widget-countdown.elementor-countdown--label-inline .elementor-countdown-item{display:inline-block;padding-left:5px;padding-right:5px}<\/style>\n<p>\t\t\t D\u00edas  Horas Minutos Segundos<br \/>\n\t\thttps:\/\/www.youtube.com\/watch?v=5u-Ys9UV7cM<\/p>\n<p><b>CLASE 1<\/b><\/p>\n<p><b>Ingredientes secretos para hacer postres deliciosos y saludables<\/b><\/p>\n<p>\t\t\t<iframe src=https:\/\/www.youtube.com\/live_chat?is_popout=1&#038;v=-jcMhR7xQqk &#038;embed_domain=katiabrambila.net  width=\u201c100%\u201d height=\u201c600\u201d ><\/iframe>\t\t<\/p>\n<p>La generaci\u00f3n pasada de Chefs de Coraz\u00f3n fue muy talentosa, acomp\u00e1\u00f1ame a reconocer su esfuerzo y conocer sobre los postres que han hecho.<\/p>\n<p>\u00a0<\/p>\n<p>\u00a1Te esperamos en la ceremonia!<\/p>\n<p>\t\t\t<a href=\"https:\/\/youtu.be\/FzNPH5NBzZc\" target=\"_blank\" role=\"button\" rel=\"noopener\"><br \/>\n\t\t\t\t\t\tIR A LA CLASE AHORA<br \/>\n\t\t\t\t\t<\/a><br \/>\n\t\t\t<iframe src=https:\/\/www.youtube.com\/live_chat?is_popout=1&#038;v=-jcMhR7xQqk &#038;embed_domain=katiabrambila.net  width=\u201c100%\u201d height=\u201c600\u201d ><\/iframe>\t\t<\/p>\n<p style=\"text-align: center;\">Este sitio utiliza cookies propias y de terceros. Si continuas navegando, consideramos que aceptas su uso. M&aacute;s informaci&oacute;n en nuestro <a style=\"color: #ffffff;\" title=\"aviso de privacidad\" href=\"https:\/\/katiabrambila.net\/privacidad\/\" target=\"_blank\" rel=\"noopener\"><strong>aviso de privacidad.<\/strong><\/a><\/p>\n<p style=\"text-align: center;\">&copy; 2021 Sweet Paleo Mx | <a style=\"color: #ffffff; text-decoration: underline;\" title=\"Aviso de Privacidad\" href=\"https:\/\/katiabrambila.net\/privacidad\/\" target=\"_blank\" rel=\"noopener\"><strong>Aviso de Privacidad<\/strong><\/a> | <a style=\"color: #ffffff;\" title=\"T&eacute;rminos y Condiciones\" href=\"https:\/\/katiabrambila.net\/terminos\/\" target=\"_blank\" rel=\"noopener\"><strong>T&eacute;rminos y condiciones<\/strong><\/a> | <a style=\"color: #ffffff;\" title=\"soporte@sweetpaleomx.com\" href=\"mailto:soporte@sweetpaleomx.com\" target=\"_blank\" rel=\"noopener\"><strong>soporte@sweetpaleomx.com<\/strong><\/a><\/p>\n<p>\t\t\t<iframe src=https:\/\/www.youtube.com\/live_chat?is_popout=1&#038;v=-5u-Ys9UV7cM&#038;embed_domain=katiabrambila.net  width=\u201c100%\u201d height=\u201c600\u201d ><\/iframe><\/p>\n","protected":false},"excerpt":{"rendered":"<p>D\u00edas Horas Minutos Segundos https:\/\/www.youtube.com\/watch?v=5u-Ys9UV7cM CLASE 1 Ingredientes secretos para hacer postres deliciosos y saludables La generaci\u00f3n pasada de Chefs de Coraz\u00f3n fue muy talentosa, acomp\u00e1\u00f1ame a reconocer su esfuerzo y conocer sobre los postres que han hecho. \u00a0 \u00a1Te esperamos en la ceremonia! IR A LA CLASE AHORA Este sitio utiliza cookies propias y [&hellip;]<\/p>\n","protected":false},"author":22,"featured_media":0,"parent":0,"menu_order":0,"comment_status":"closed","ping_status":"closed","template":"","meta":{"footnotes":""},"class_list":["post-7904","page","type-page","status-publish","hentry"],"_links":{"self":[{"href":"https:\/\/katiabrambila.net\/index.php?rest_route=\/wp\/v2\/pages\/7904","targetHints":{"allow":["GET"]}}],"collection":[{"href":"https:\/\/katiabrambila.net\/index.php?rest_route=\/wp\/v2\/pages"}],"about":[{"href":"https:\/\/katiabrambila.net\/index.php?rest_route=\/wp\/v2\/types\/page"}],"author":[{"embeddable":true,"href":"https:\/\/katiabrambila.net\/index.php?rest_route=\/wp\/v2\/users\/22"}],"replies":[{"embeddable":true,"href":"https:\/\/katiabrambila.net\/index.php?rest_route=%2Fwp%2Fv2%2Fcomments&post=7904"}],"version-history":[{"count":0,"href":"https:\/\/katiabrambila.net\/index.php?rest_route=\/wp\/v2\/pages\/7904\/revisions"}],"wp:attachment":[{"href":"https:\/\/katiabrambila.net\/index.php?rest_route=%2Fwp%2Fv2%2Fmedia&parent=7904"}],"curies":[{"name":"wp","href":"https:\/\/api.w.org\/{rel}","templated":true}]}}