{"id":8057,"date":"2022-03-08T12:04:05","date_gmt":"2022-03-08T18:04:05","guid":{"rendered":"https:\/\/katiabrambila.net\/?page_id=8057"},"modified":"2022-03-10T12:50:48","modified_gmt":"2022-03-10T18:50:48","slug":"la-gran-fiesta-de-los-postres-saludables","status":"publish","type":"page","link":"https:\/\/katiabrambila.net\/?page_id=8057","title":{"rendered":"La Gran Fiesta de los Postres Saludables"},"content":{"rendered":"<h2>[Evento Gratuito del 28 de Marzo al 11 de Abril]<\/h2>\n<h2>\u00danete Gratis a laGran Fiesta de Postres SaludablesSin gl\u00faten, sin az\u00facar refinada y sin l\u00e1cteos.<\/h2>\n<h2>Ven y aprende c\u00f3mo hacer Postres Saludables para disfrutar sin culpa, celebrar en familia y llenar de salud tus momentos especiales.<\/h2>\n<p><a class=\"op3-background-ancestor\" target=\"_self\" data-op-action=\"popoverlay\" data-op-popoverlay-trigger=\"0PuXvdkM\" data-op-select-funnel-step=\"\" data-op-animation-trigger=\"none\" data-op-animation-style=\"\" data-op-animation-loop=\"0\" data-op-timer-minutes=\"0\" data-op-timer-seconds=\"0\" data-op3-smooth-scroll=\"0\" data-op-effect-style=\"\" data-op-effect-style-hover=\"grow\" href=\"#\" rel=\"noopener\">\u00a1RESERVA TU LUGAR AHORA!<\/a><\/p>\n<h2>Tu informaci\u00f3n est\u00e1 100% segura y nunca la compartiremos con nadie.&nbsp;<\/h2>\n<p><img loading=\"lazy\" decoding=\"async\" src=\"https:\/\/katiabrambila.net\/wp-content\/uploads\/2022\/03\/1N5A1210-V2-150x150.jpg\" alt=\"\" title=\"1N5A1210 V2\" width=\"150\" height=\"150\" data-op3-attachment-id=\"8065\" \/><\/p>\n<h2>Anfitriona de la Fiesta:Katia Brambila<\/h2>\n<h2>Fundadora de Sweet Paleo y el Instituto Culinario Integral.<\/h2>\n<p><img loading=\"lazy\" decoding=\"async\" src=\"https:\/\/katiabrambila.net\/wp-content\/uploads\/2022\/03\/calendario-2-e1646842797673.png\" alt=\"\" title=\"calendario (2)\" width=\"354\" height=\"324\" data-op3-attachment-id=\"8133\" \/><\/p>\n<h2>\u00bfCuando?<\/h2>\n<h2>Del 28 de Marzo al11 de abril.<\/h2>\n<p><a href=\"#\" class=\"op3-background-ancestor\" target=\"_self\" data-op-action=\"link\" data-op-popoverlay-trigger=\"none\" data-op-select-funnel-step=\"\" data-op-animation-trigger=\"none\" data-op-animation-style=\"\" data-op-animation-loop=\"0\" data-op-timer-minutes=\"0\" data-op-timer-seconds=\"0\" data-op3-smooth-scroll=\"0\" data-op-effect-style=\"\" data-op-effect-style-hover=\"grow\" rel=\"noopener\">\u00a1S\u00ed, Env\u00edame mi Acceso a la Fiesta!&nbsp;\u00bb<\/a><\/p>\n<h2 style=\"text-align: center;\">Tu informaci\u00f3n est\u00e1 100% segura y nunca la compartiremos con nadie.<\/h2>\n<p>En esta fiesta descubrir\u00e1s c\u00f3mo es posible hornear Deliciosos Postres Saludables con buena textura, sabor y aroma que todos aman probar.<\/p>\n<\/p>\n<p>Hoy millones de personas en el mundo est\u00e1n buscando opciones de Postres Saludables por alergias, padecimientos de salud o por el gusto de saber que est\u00e1n nutriendo a su familia.<\/p>\n<\/p>\n<p style=\"text-align: center;\">\u00a1Celebrar puede ser saludable! Esta es mi misi\u00f3n y la raz\u00f3n de esta fiesta.<\/p>\n<p style=\"text-align: center;\">\n<p>Celebremos que m\u00e1s de 18,000 alumnas ya son parte de este movimiento.<\/p>\n<\/p>\n<p>Celebremos que esta comunidad tiene personas de m\u00e1s de 70 pa\u00edses.<\/p>\n<\/p>\n<p>Celebremos que hoy, t\u00fa te unes a este gran movimiento de Chefs de Coraz\u00f3n.<\/p>\n<h2>Durante la Fiesta de Postres Saludables tendremos 4 CLASES ESPECIALES, llenas de sabidur\u00eda saludable:<\/h2>\n<p><img loading=\"lazy\" decoding=\"async\" src=\"https:\/\/katiabrambila.net\/wp-content\/uploads\/2022\/03\/CLASE-1-300x300.jpg\" alt=\"\" title=\"CLASE-1\" width=\"300\" height=\"300\" data-op3-attachment-id=\"8142\" \/><\/p>\n<h2>Clase #1<\/h2>\n<h2>Ingredientes secretos para hacer postres deliciosos.<\/h2>\n<p><img loading=\"lazy\" decoding=\"async\" src=\"https:\/\/katiabrambila.net\/wp-content\/uploads\/2022\/03\/CLASE-2-300x300.jpg\" alt=\"\" title=\"CLASE-2\" width=\"300\" height=\"300\" data-op3-attachment-id=\"8143\" \/><\/p>\n<h2>Clase #2<\/h2>\n<h2>C\u00f3mo lograr texturas perfectas de un postre sin harina de trigo.<\/h2>\n<p><img loading=\"lazy\" decoding=\"async\" src=\"https:\/\/katiabrambila.net\/wp-content\/uploads\/2022\/03\/CLASE-3-300x300.jpg\" alt=\"\" title=\"CLASE-3\" width=\"300\" height=\"300\" data-op3-attachment-id=\"8144\" \/><\/p>\n<h2>Clase #3<\/h2>\n<h2>C\u00f3mo endulzar un postre sin culpa.<\/h2>\n<p><img loading=\"lazy\" decoding=\"async\" src=\"https:\/\/katiabrambila.net\/wp-content\/uploads\/2022\/03\/CLASE-4-300x300.jpg\" alt=\"\" title=\"CLASE-4\" width=\"300\" height=\"300\" data-op3-attachment-id=\"8145\" \/><\/p>\n<h2>Clase #4<\/h2>\n<h2>Disfruta de postres que te nutren y te sanan, deja atr\u00e1s los que te da\u00f1an y te inflaman.<\/h2>\n<p><a class=\"op3-background-ancestor\" target=\"_self\" data-op-action=\"popoverlay\" data-op-popoverlay-trigger=\"0PuXvdkM\" data-op-select-funnel-step=\"\" data-op-animation-trigger=\"none\" data-op-animation-style=\"\" data-op-animation-loop=\"0\" data-op-timer-minutes=\"0\" data-op-timer-seconds=\"0\" data-op3-smooth-scroll=\"0\" data-op-effect-style=\"\" data-op-effect-style-hover=\"grow\" href=\"#\" rel=\"noopener\">\u00a1RESERVA TU LUGAR AHORA!<\/a><\/p>\n<h2 style=\"text-align: center;\">Tu informaci\u00f3n est\u00e1 100% segura y nunca la compartiremos con nadie.<\/h2>\n<h2>\u00abMi misi\u00f3n es transmitir amor y bienestar a trav\u00e9s de una dulce tentaci\u00f3n\u00bb<\/h2>\n<p><img loading=\"lazy\" decoding=\"async\" src=\"https:\/\/katiabrambila.net\/wp-content\/uploads\/2022\/03\/1N5A1097-V2_opt-683x1024.jpg\" alt=\"\" title=\"1N5A1097 V2_opt\" width=\"683\" height=\"1024\" data-op3-attachment-id=\"8080\" \/><\/p>\n<p>Hola soy Katia apasionada de la pasteler\u00eda saludable, emprendedora, esposa y madre de dos hijos, amante del chocolate y la vida saludable.<\/p>\n<p>Me especializo en reposter\u00eda sin az\u00facar, sin gluten y sin l\u00e1cteos, siempre he buscado transmitir la pasi\u00f3n que siento por la pasteler\u00eda utilizando ingredientes nutritivos logrando el balance perfecto de sabor y textura.<\/p>\n<p>Soy fundadora de Sweet Paleo Mx y del Instituto Culinario Integral en la ciudad de Canc\u00fan, a trav\u00e9s de mis programas he podido capacitar a las de 18, 000 alumnas en 72 pa\u00edses en el mundo, de las cuales m\u00e1s de 600 venden sus postres y generan ingresos desde casa, y lo m\u00e1s importante ayudan a otras personas a disfrutar de una dulce tentaci\u00f3n y compartirla con su familia.<\/p>\n<p>Me encantar\u00e1 que formes parte de este&nbsp;Dulce Movimiento&nbsp;en el Mundo&nbsp;y poder ayudarte a&nbsp;Hornear tus sue\u00f1os.<\/p>\n<h2>Al finalizar la Gran Fiesta de los Postres Saludables tendr\u00e1s m\u00e1s opciones y sabr\u00e1s c\u00f3mo puedes \u00abHornear Dulces Tentaciones\u00bb Saludables y Deliciosas para compartir con tu familia.Muchas mujeres que se unen a la fiesta, hasta inician un nuevo negocio&#8230; te sorprender\u00e1 lo que es posible cuando \u00abHorneas tus sue\u00f1os\u00bb.<\/h2>\n<h2>Te esperamos dentro&#8230; \u00danete a la Celebraci\u00f3n.<\/h2>\n<p><a class=\"op3-background-ancestor\" target=\"_self\" data-op-action=\"popoverlay\" data-op-popoverlay-trigger=\"0PuXvdkM\" data-op-select-funnel-step=\"\" data-op-animation-trigger=\"none\" data-op-animation-style=\"\" data-op-animation-loop=\"0\" data-op-timer-minutes=\"0\" data-op-timer-seconds=\"0\" data-op3-smooth-scroll=\"0\" data-op-effect-style=\"rockingsmall\" data-op-effect-style-hover=\"\" href=\"#\" rel=\"noopener\">\u00a1Reservar mi Lugar Ahora!&nbsp;\u00bb\u00a1Si quiero ser parte de la celebraci\u00f3n!<\/a><\/p>\n<h2 style=\"text-align: center;\">Tu informaci\u00f3n est\u00e1 100% segura y nunca la compartiremos con nadie.<\/h2>\n<p><img loading=\"lazy\" decoding=\"async\" src=\"https:\/\/katiabrambila.net\/wp-content\/uploads\/2021\/11\/LOgo_fondo-transparente-01-300x154.png\" alt=\"\" title=\"LOgo_fondo-transparente-01\" width=\"512\" height=\"256\" data-op3-attachment-id=\"7078\" \/><\/p>\n<h2>\n<p>Copyright 2018 &#8211; Sweet Paleo. Todos Los Derechos Reservados<\/p>\n<p>Este sitio utiliza cookies propias y de terceros. Si continuas navegando, consideramos que aceptas su uso. M\u00e1s Informaci\u00f3n en nuestro <a href=\"https:\/\/katiabrambila.net\/privacidad\/\" target=\"_blank\" rel=\"noopener\">aviso de privacidad.<\/a> Puedes escribir a soporte@sweetpaleomx.com<\/p>\n<\/p>\n<p>Este sitio no es parte del sitio de Facebook o de Facebook Inc.<\/p>\n<p>Adicionalmente, este sitio No est\u00e1 endosado por Facebook de ninguna manera. FACEBOOK es una marca registrada de FACEBOOK, Inc.<\/p>\n<\/h2>\n","protected":false},"excerpt":{"rendered":"<p>[Evento Gratuito del 28 de Marzo al 11 de Abril] \u00danete Gratis a laGran Fiesta de Postres SaludablesSin gl\u00faten, sin az\u00facar refinada y sin l\u00e1cteos. Ven y aprende c\u00f3mo hacer Postres Saludables para disfrutar sin culpa, celebrar en familia y llenar de salud tus momentos especiales. \u00a1RESERVA TU LUGAR AHORA! Tu informaci\u00f3n est\u00e1 100% segura [&hellip;]<\/p>\n","protected":false},"author":22,"featured_media":0,"parent":0,"menu_order":0,"comment_status":"closed","ping_status":"closed","template":"","meta":{"footnotes":""},"class_list":["post-8057","page","type-page","status-publish","hentry"],"_links":{"self":[{"href":"https:\/\/katiabrambila.net\/index.php?rest_route=\/wp\/v2\/pages\/8057","targetHints":{"allow":["GET"]}}],"collection":[{"href":"https:\/\/katiabrambila.net\/index.php?rest_route=\/wp\/v2\/pages"}],"about":[{"href":"https:\/\/katiabrambila.net\/index.php?rest_route=\/wp\/v2\/types\/page"}],"author":[{"embeddable":true,"href":"https:\/\/katiabrambila.net\/index.php?rest_route=\/wp\/v2\/users\/22"}],"replies":[{"embeddable":true,"href":"https:\/\/katiabrambila.net\/index.php?rest_route=%2Fwp%2Fv2%2Fcomments&post=8057"}],"version-history":[{"count":0,"href":"https:\/\/katiabrambila.net\/index.php?rest_route=\/wp\/v2\/pages\/8057\/revisions"}],"wp:attachment":[{"href":"https:\/\/katiabrambila.net\/index.php?rest_route=%2Fwp%2Fv2%2Fmedia&parent=8057"}],"curies":[{"name":"wp","href":"https:\/\/api.w.org\/{rel}","templated":true}]}}