{"id":8172,"date":"2022-03-10T21:31:54","date_gmt":"2022-03-11T03:31:54","guid":{"rendered":"https:\/\/katiabrambila.net\/?page_id=8172"},"modified":"2024-02-26T16:06:16","modified_gmt":"2024-02-26T22:06:16","slug":"grupos","status":"publish","type":"page","link":"https:\/\/katiabrambila.net\/?page_id=8172","title":{"rendered":"La Gran Fiesta de los postres Grupos"},"content":{"rendered":"<p><img loading=\"lazy\" decoding=\"async\" src=\"https:\/\/katiabrambila.net\/wp-content\/uploads\/2022\/03\/GRUPOS-WEB.jpg\" alt=\"\" title=\"GRUPOS-WEB\" width=\"1280\" height=\"503\" data-op3-attachment-id=\"8174\" \/><\/p>\n<h2>Da Click en el Bot\u00f3n:<\/h2>\n<p><a href=\"https:\/\/joinz.app\/fiesta\" target=\"_blank\" data-op-action=\"link\" data-op-popoverlay-trigger=\"none\" data-op-select-funnel-step=\"\" data-op3-smooth-scroll=\"0\" rel=\"noopener\"><img loading=\"lazy\" decoding=\"async\" src=\"https:\/\/katiabrambila.net\/wp-content\/uploads\/2022\/03\/btn_whats.png\" alt=\"\" title=\"btn_whats\" width=\"400\" height=\"187\" data-op3-attachment-id=\"7943\" \/><\/a><\/p>\n<h2>\u00danete al grupo por aqu\u00ed te avisar\u00e9 de todas las transmisiones en vivo sobre la fiesta, y los enlaces directos a las clases.<\/h2>\n<h2>Da Click en el Bot\u00f3n:<\/h2>\n<p><a href=\"https:\/\/www.facebook.com\/groups\/fiestadelospostressaludables\/\" target=\"_blank\" data-op-action=\"link\" data-op-popoverlay-trigger=\"none\" data-op-select-funnel-step=\"\" data-op3-smooth-scroll=\"0\" rel=\"noopener\"><img loading=\"lazy\" decoding=\"async\" src=\"https:\/\/katiabrambila.net\/wp-content\/uploads\/2022\/03\/btn_face.png\" alt=\"\" title=\"btn_face\" width=\"400\" height=\"187\" data-op3-attachment-id=\"7944\" \/><\/a><\/p>\n<h2>Forma parte del grupo de Facebook para no perderte de absolutamente nada, podr\u00e1s interactuar conmigo y con todas las asistentes a esta gran fiesta adem\u00e1s de participar en din\u00e1micas sorpresas.<\/h2>\n<p><img loading=\"lazy\" decoding=\"async\" src=\"https:\/\/katiabrambila.net\/wp-content\/uploads\/2022\/03\/logo-fondo-transparente-01-1.png\" alt=\"\" title=\"LOgo_fondo-transparente-01\" width=\"1967\" height=\"1008\" data-op3-attachment-id=\"169\" \/><\/p>\n<h2>Copyright 2018 &#8211; Sweet Paleo.Todos Los Derechos ReservadosEste sitio utiliza cookies propias y de terceros. Si continuas navegando, consideramos que aceptas su uso. M\u00e1s informaci\u00f3n en nuestro&nbsp;<a href=\"https:\/\/katiabrambila.net\/privacidad\/\" target=\"_blank\" rel=\"noopener noreferrer\">aviso de privacidad.&nbsp;<\/a>Puedes escribir a soporte@sweetpaleomx.com<\/h2>\n<h1>Este sitio no es parte del sitio de Facebook o de Facebook Inc.Adicionalmente, este sitio NO est\u00e1 endosado por Facebook de ninguna manera. FACEBOOK es una marca registrada de FACEBOOK, Inc<\/h1>\n","protected":false},"excerpt":{"rendered":"<p>Da Click en el Bot\u00f3n: \u00danete al grupo por aqu\u00ed te avisar\u00e9 de todas las transmisiones en vivo sobre la fiesta, y los enlaces directos a las clases. Da Click en el Bot\u00f3n: Forma parte del grupo de Facebook para no perderte de absolutamente nada, podr\u00e1s interactuar conmigo y con todas las asistentes a esta [&hellip;]<\/p>\n","protected":false},"author":22,"featured_media":0,"parent":0,"menu_order":0,"comment_status":"closed","ping_status":"closed","template":"op_builder_full_width","meta":{"footnotes":""},"class_list":["post-8172","page","type-page","status-publish","hentry"],"_links":{"self":[{"href":"https:\/\/katiabrambila.net\/index.php?rest_route=\/wp\/v2\/pages\/8172","targetHints":{"allow":["GET"]}}],"collection":[{"href":"https:\/\/katiabrambila.net\/index.php?rest_route=\/wp\/v2\/pages"}],"about":[{"href":"https:\/\/katiabrambila.net\/index.php?rest_route=\/wp\/v2\/types\/page"}],"author":[{"embeddable":true,"href":"https:\/\/katiabrambila.net\/index.php?rest_route=\/wp\/v2\/users\/22"}],"replies":[{"embeddable":true,"href":"https:\/\/katiabrambila.net\/index.php?rest_route=%2Fwp%2Fv2%2Fcomments&post=8172"}],"version-history":[{"count":0,"href":"https:\/\/katiabrambila.net\/index.php?rest_route=\/wp\/v2\/pages\/8172\/revisions"}],"wp:attachment":[{"href":"https:\/\/katiabrambila.net\/index.php?rest_route=%2Fwp%2Fv2%2Fmedia&parent=8172"}],"curies":[{"name":"wp","href":"https:\/\/api.w.org\/{rel}","templated":true}]}}