{"id":8392,"date":"2020-12-03T19:06:33","date_gmt":"2020-12-04T01:06:33","guid":{"rendered":"https:\/\/katiabrambila.net\/la-gran-fiesta-2022-clase-1-cloned-at-2022-05-20-145853\/"},"modified":"2022-05-20T13:29:35","modified_gmt":"2022-05-20T18:29:35","slug":"emprende1","status":"publish","type":"page","link":"https:\/\/katiabrambila.net\/?page_id=8392","title":{"rendered":"Respostera Emprende 1 2022"},"content":{"rendered":"<p><img loading=\"lazy\" decoding=\"async\" src=\"https:\/\/katiabrambila.net\/wp-content\/uploads\/2021\/11\/postres-01-logoblanco.png\" alt=\"\" title=\"postres-01-logoblanco\" width=\"725\" height=\"261\" data-op3-attachment-id=\"7814\" \/><\/p>\n<h2>por Katia Brambila<\/h2>\n<h2>Clase 1DISPONIBLE AQU\u00cd<\/h2>\n<h2>Los ingredientes Secretos para hacer un postre delicioso<\/h2>\n<h2>Clase 2DISPONIBLE AQU\u00cd<\/h2>\n<h2>C\u00f3mo lograr la textura perfecta de un postre sin harina de trigo<\/h2>\n<h2>Clase 3 DISPONIBLE AQU\u00ed<\/h2>\n<h2>C\u00f3mo endulzar un postre sin culpa<\/h2>\n<h2>Clase 4 DISPONIBLE AQU\u00ed<\/h2>\n<h2>Disfruta de postres que te nutren y te sanan, deja atr\u00e1s los que de te da\u00f1an y te inflaman&nbsp;<\/h2>\n<p><img loading=\"lazy\" decoding=\"async\" src=\"https:\/\/katiabrambila.net\/wp-content\/uploads\/2020\/06\/logo-1.png\" alt=\"\" title=\"logo-1\" width=\"537\" height=\"200\" data-op3-attachment-id=\"\" \/><\/p>\n<h5 style=\"\">Copyright 2018 &#8211; SweetPaleo.Todos Los Derechos Reservados&nbsp;Este sitio utiliza cookies propias y de terceros. Si continuas navegando, consideramos que aceptas su uso. M\u00e1s informaci\u00f3n en nuestro&nbsp;<a href=\"https:\/\/sweetpaleomiembros.com\/terminos-y-condiciones\" target=\"_parent\" rel=\"noopener noreferrer\" style=\"\">aviso de privacidad.&nbsp;<\/a>Puedes escribir a soporte@sweetpaleomx.com<\/h5>\n","protected":false},"excerpt":{"rendered":"<p>por Katia Brambila Clase 1DISPONIBLE AQU\u00cd Los ingredientes Secretos para hacer un postre delicioso Clase 2DISPONIBLE AQU\u00cd C\u00f3mo lograr la textura perfecta de un postre sin harina de trigo Clase 3 DISPONIBLE AQU\u00ed C\u00f3mo endulzar un postre sin culpa Clase 4 DISPONIBLE AQU\u00ed Disfruta de postres que te nutren y te sanan, deja atr\u00e1s los [&hellip;]<\/p>\n","protected":false},"author":22,"featured_media":0,"parent":0,"menu_order":0,"comment_status":"closed","ping_status":"closed","template":"op_builder_blank","meta":{"footnotes":""},"class_list":["post-8392","page","type-page","status-publish","hentry"],"_links":{"self":[{"href":"https:\/\/katiabrambila.net\/index.php?rest_route=\/wp\/v2\/pages\/8392","targetHints":{"allow":["GET"]}}],"collection":[{"href":"https:\/\/katiabrambila.net\/index.php?rest_route=\/wp\/v2\/pages"}],"about":[{"href":"https:\/\/katiabrambila.net\/index.php?rest_route=\/wp\/v2\/types\/page"}],"author":[{"embeddable":true,"href":"https:\/\/katiabrambila.net\/index.php?rest_route=\/wp\/v2\/users\/22"}],"replies":[{"embeddable":true,"href":"https:\/\/katiabrambila.net\/index.php?rest_route=%2Fwp%2Fv2%2Fcomments&post=8392"}],"version-history":[{"count":0,"href":"https:\/\/katiabrambila.net\/index.php?rest_route=\/wp\/v2\/pages\/8392\/revisions"}],"wp:attachment":[{"href":"https:\/\/katiabrambila.net\/index.php?rest_route=%2Fwp%2Fv2%2Fmedia&parent=8392"}],"curies":[{"name":"wp","href":"https:\/\/api.w.org\/{rel}","templated":true}]}}