{"id":8976,"date":"2022-10-03T08:30:47","date_gmt":"2022-10-03T13:30:47","guid":{"rendered":"https:\/\/katiabrambila.net\/?page_id=8976"},"modified":"2023-05-22T17:43:09","modified_gmt":"2023-05-22T22:43:09","slug":"deliciasclasicassaladas","status":"publish","type":"page","link":"https:\/\/katiabrambila.net\/?page_id=8976","title":{"rendered":"Delicias Cl\u00e1sicas \u2013 Saladas"},"content":{"rendered":"<h2>\u201cPlatillos Deliciosos para Ocasiones Especiales\u201d<\/h2>\n<h2>&nbsp;\u00a1Lo que hab\u00edas estado esperando!&nbsp;Imag\u00ednate llevar a tu pr\u00f3xima reuni\u00f3n o fiesta&nbsp;una bandeja de delicias saladas irresistiblesque te har\u00e1n la estrella de la ocasi\u00f3n, y felizde saber que est\u00e1s compartiendo platillos saludables que le har\u00e1n bien a todos.<\/h2>\n<h2>Sorprende a tu familia con recetas cl\u00e1sicas&nbsp;como: empanadas o quiche llenos de amor, y que adem\u00e1s de sabrosos sean parte de momentos inolvidables de convivencia y deleite con tus seres queridos<\/h2>\n<h2>Imagina aprender paso a paso<\/h2>\n<h2>\u00a1\u00a1Desde la comodidad de tu cocina!!<\/h2>\n<h2>SIN GLUTEN &#8211; SIN L\u00c1CTEOS &#8211; SIN AZ\u00daCAR REFINADA<\/h2>\n<p><img loading=\"lazy\" decoding=\"async\" src=\"https:\/\/katiabrambila.net\/wp-content\/uploads\/2022\/11\/WEB_DELICIAS-SALADAS_1.jpg\" alt=\"\" title=\"WEB_DELICIAS SALADAS_1\" width=\"1366\" height=\"768\" data-op3-attachment-id=\"9018\" \/><\/p>\n<h2>Acceso hoy mismo a todo el material, recetas, videos paso a paso y asesor\u00eda personalizada.<\/h2>\n<h2>DELICIAS CL\u00c1SICAS SALADAS incluye:<\/h2>\n<p><img loading=\"lazy\" decoding=\"async\" src=\"https:\/\/katiabrambila.net\/wp-content\/uploads\/2021\/10\/iconos-1.png\" alt=\"\" title=\"iconos (1)\" width=\"353\" height=\"335\" data-op3-attachment-id=\"5823\" \/><\/p>\n<h2>Acceso inmediato a todo el material grabado.<\/h2>\n<p><img loading=\"lazy\" decoding=\"async\" src=\"https:\/\/katiabrambila.net\/wp-content\/uploads\/2021\/10\/iconos-2.png\" alt=\"\" title=\"iconos (2)\" width=\"343\" height=\"335\" data-op3-attachment-id=\"5824\" \/><\/p>\n<h2>Acceso desde cualquier dispositivo a todo el contenido. Puedes consultar los ingredientes hasta en el supermercado.<\/h2>\n<p><img loading=\"lazy\" decoding=\"async\" src=\"https:\/\/katiabrambila.net\/wp-content\/uploads\/2021\/10\/iconos-3.png\" alt=\"\" title=\"iconos (3)\" width=\"374\" height=\"335\" data-op3-attachment-id=\"5825\" \/><\/p>\n<h2>No est\u00e1s sola en esta aventura. Te acompa\u00f1ar\u00e9 para resolver todas tus dudas como si estuviera en la cocina de tu casa.<\/h2>\n<p><img loading=\"lazy\" decoding=\"async\" src=\"https:\/\/katiabrambila.net\/wp-content\/uploads\/2021\/10\/iconos-4.png\" alt=\"\" title=\"iconos (4)\" width=\"265\" height=\"335\" data-op3-attachment-id=\"5826\" \/><\/p>\n<h2>Si despu\u00e9s de hacer 3 recetas no est\u00e1s convencida, tienes 7 d\u00edas de garant\u00eda donde puedes solicitar el reembolso de tu inversi\u00f3n.<\/h2>\n<h2>Maribet Balestena&nbsp;<\/h2>\n<h2>una Chef de Coraz\u00f3n EXPERTA<\/h2>\n<p><img loading=\"lazy\" decoding=\"async\" src=\"https:\/\/katiabrambila.net\/wp-content\/uploads\/2021\/10\/foto.png\" alt=\"\" title=\"foto\" width=\"1003\" height=\"1001\" data-op3-attachment-id=\"5828\" \/><img loading=\"lazy\" decoding=\"async\" src=\"https:\/\/katiabrambila.net\/wp-content\/uploads\/2021\/10\/logo.2.png\" alt=\"\" title=\"logo.2\" width=\"512\" height=\"256\" data-op3-attachment-id=\"5789\" \/><\/p>\n<h2>ELIGE LA FORMA DE PAGO HAZ CLICK EN EL BOT\u00d3N<\/h2>\n<h2>64% DE DESCUENTO&nbsp;<\/h2>\n<h2>\u00daNETE A ESTE PROGRAMA POR \u00daNICA OCASI\u00d3N DE 220 USD<\/h2>\n<h2>Por s\u00f3lo&nbsp; $ 79 D\u00f3lares<\/h2>\n<h2>Toca del bot\u00f3n para ver el&nbsp; precio en tu moneda<\/h2>\n<p><a href=\"https:\/\/pay.hotmart.com\/H75386834W?off=wpbchgb1&#038;checkoutMode=10\" class=\"op3-background-ancestor\" target=\"_blank\" data-op-action=\"link\" data-op-popoverlay-trigger=\"none\" data-op-select-funnel-step=\"\" data-op-animation-trigger=\"none\" data-op-animation-style=\"\" data-op-animation-loop=\"0\" data-op-timer-minutes=\"0\" data-op-timer-seconds=\"0\" data-op3-smooth-scroll=\"\" data-op-effect-style=\"\" data-op-effect-style-hover=\"\" rel=\"noopener\">S\u00cd QUIERO COMENZAR HOYAL HACER CLICK APARECE EL PRECIO EN TU MONEDA<\/a><img loading=\"lazy\" decoding=\"async\" src=\"https:\/\/katiabrambila.net\/wp-content\/uploads\/2020\/11\/Major-Credit-Card-Logo-PNG-Clipart.png\" alt=\"\" title=\"Major-Credit-Card-Logo-PNG-Clipart\" width=\"8552\" height=\"1190\" data-op3-attachment-id=\"\" \/><\/p>\n<h2>\u00bfQU\u00c9 DESCUBRIR\u00c1S?&nbsp;&nbsp;<\/h2>\n<p><img loading=\"lazy\" decoding=\"async\" src=\"https:\/\/katiabrambila.net\/wp-content\/uploads\/2022\/11\/TABLET-1.png\" alt=\"\" title=\"TABLET\" width=\"459\" height=\"640\" data-op3-attachment-id=\"9022\" \/><\/p>\n<h2>Tendr\u00e1s Recetas para cada celebraci\u00f3n especial:<\/h2>\n<p>M\u00d3DULO 1:&nbsp;Introducci\u00f3nM\u00d3DULO 2: El Zen de la Reposter\u00edaM\u00d3DULO 3: Quiche LorraineM\u00d3DULO 4: Empanada GallegaM\u00d3DULO 5:&nbsp;EmpanadasM\u00d3DULO 6:&nbsp;Focaccia JardineraM\u00d3DULO 7:&nbsp; Pancitos Rellenos de TapenadeM\u00d3DULO 8:&nbsp; Rollitos Dulces Navide\u00f1osM\u00d3DULO 9: Pan de S\u00e1ndwich en MoldeM\u00d3DULO 10: Pan de S\u00e1ndwich en M\u00e1quina de Hacer PanM\u00d3DULO 11: Pan de Canela con PasasM\u00d3DULO 12: Canap\u00e9sM\u00d3DULO 13: Pizzas y Pizzettas<\/p>\n<h2>\u00a1Y A\u00daN HAY M\u00c1S! DISFRUTA DE LOS SIGUIENTES BONOS SI TE INSCRIBES AHORA!<\/h2>\n<h2>\u00a1TE LOS LLEVAS GRATIS!<\/h2>\n<h2>BONO 1: RELLENOS<\/h2>\n<p><img loading=\"lazy\" decoding=\"async\" src=\"https:\/\/katiabrambila.net\/wp-content\/uploads\/2022\/11\/IMG_1043.jpeg\" alt=\"\" title=\"IMG_1043\" width=\"1889\" height=\"1223\" data-op3-attachment-id=\"9040\" \/><\/p>\n<h2>RELLENOS DE POLLO Y AT\u00daN<\/h2>\n<p><img loading=\"lazy\" decoding=\"async\" src=\"https:\/\/katiabrambila.net\/wp-content\/uploads\/2022\/11\/TAPENADE-INGREDIENTES.jpeg\" alt=\"\" title=\"TAPENADE INGREDIENTES\" width=\"1432\" height=\"798\" data-op3-attachment-id=\"9042\" \/><\/p>\n<h2>&nbsp;RELLENO DE TAPENADE Y JAM\u00d3N<\/h2>\n<p><img loading=\"lazy\" decoding=\"async\" src=\"https:\/\/katiabrambila.net\/wp-content\/uploads\/2022\/11\/WhatsApp-Image-2022-11-14-at-12.45.38-PM.jpeg\" alt=\"\" title=\"WhatsApp Image 2022-11-14 at 12.45.38 PM\" width=\"1024\" height=\"629\" data-op3-attachment-id=\"9061\" \/><\/p>\n<h2>RELLENO DE MANZANA Y SIROPE DE NARANJA<\/h2>\n<h2>BONO 2:ACEITE DE OLIVA CON ESPECIAS<\/h2>\n<p><img loading=\"lazy\" decoding=\"async\" src=\"https:\/\/katiabrambila.net\/wp-content\/uploads\/2022\/11\/ACEITE-DE-OLIVA-MACERADO-scaled.jpg\" alt=\"\" title=\"ACEITE DE OLIVA MACERADO\" width=\"1860\" height=\"2560\" data-op3-attachment-id=\"9041\" \/><\/p>\n<h2>BONO 3:TARTA DE SANTIAGO<\/h2>\n<p><img loading=\"lazy\" decoding=\"async\" src=\"https:\/\/katiabrambila.net\/wp-content\/uploads\/2022\/11\/TARTA-DE-SANTIAGO-scaled.jpeg\" alt=\"\" title=\"TARTA DE SANTIAGO\" width=\"2560\" height=\"1920\" data-op3-attachment-id=\"9043\" \/><\/p>\n<h2>BONO 4:CREMA BECHAMEL y&nbsp;NATILLA<\/h2>\n<p><img loading=\"lazy\" decoding=\"async\" src=\"https:\/\/katiabrambila.net\/wp-content\/uploads\/2022\/11\/BONO-BECHAMEL-scaled.jpg\" alt=\"\" title=\"BONO-BECHAMEL\" width=\"2560\" height=\"1365\" data-op3-attachment-id=\"9066\" \/><img loading=\"lazy\" decoding=\"async\" src=\"https:\/\/katiabrambila.net\/wp-content\/uploads\/2022\/11\/BONO-NATILLA-scaled.jpg\" alt=\"\" title=\"BONO-NATILLA\" width=\"2560\" height=\"1920\" data-op3-attachment-id=\"9067\" \/><\/p>\n<h2>Todo esto tiene un valor de 220 USD <a href=\"https:\/\/pay.hotmart.com\/U69171617S?checkoutMode=10&amp;_ga=2.203008401.1205471222.1668448933-2072024850.1668448933&amp;_gl=1*1uy7oqu*_ga*MjA3MjAyNDg1MC4xNjY4NDQ4OTMz*_ga_1KS8YYTCDW*MTY2ODQ0ODkzMy4xLjEuMTY2ODQ0ODk3OC4xNS4wLjA.\">HOY S\u00d3LO $ 79 USD<\/a><\/h2>\n<h2>\u00a1Y A\u00daN HAY M\u00c1S! DISFRUTA DE LOS SIGUIENTES BONOS SI TE INSCRIBES AHORA!<\/h2>\n<h2>\u00a1TE LOS LLEVAS GRATIS!<\/h2>\n<h2>BONO 1: RELLENOS DE POLLO Y AT\u00daN<\/h2>\n<p><img loading=\"lazy\" decoding=\"async\" src=\"https:\/\/katiabrambila.net\/wp-content\/uploads\/2022\/11\/IMG_1043.jpeg\" alt=\"\" title=\"IMG_1043\" width=\"1889\" height=\"1223\" data-op3-attachment-id=\"9040\" \/><\/p>\n<h2>&nbsp;RELLENO DE TAPENADE Y JAM\u00d3N<\/h2>\n<p><img loading=\"lazy\" decoding=\"async\" src=\"https:\/\/katiabrambila.net\/wp-content\/uploads\/2022\/11\/TAPENADE-INGREDIENTES.jpeg\" alt=\"\" title=\"TAPENADE INGREDIENTES\" width=\"1432\" height=\"798\" data-op3-attachment-id=\"9042\" \/><\/p>\n<h2>RELLENO DE MANZANA Y SIROPE DE NARANJA<\/h2>\n<p><img loading=\"lazy\" decoding=\"async\" src=\"https:\/\/katiabrambila.net\/wp-content\/uploads\/2022\/11\/WhatsApp-Image-2022-11-14-at-12.45.38-PM.jpeg\" alt=\"\" title=\"WhatsApp Image 2022-11-14 at 12.45.38 PM\" width=\"1024\" height=\"629\" data-op3-attachment-id=\"9061\" \/><\/p>\n<h2>BONO 2:&nbsp; ACEITE DE OLIVA CON ESPECIAS<\/h2>\n<p><img loading=\"lazy\" decoding=\"async\" src=\"https:\/\/katiabrambila.net\/wp-content\/uploads\/2022\/11\/ACEITE-DE-OLIVA-MACERADO-scaled.jpg\" alt=\"\" title=\"ACEITE DE OLIVA MACERADO\" width=\"1860\" height=\"2560\" data-op3-attachment-id=\"9041\" \/><\/p>\n<h2>BONO 3:&nbsp; TARTA DE SANTIAGO<\/h2>\n<p><img loading=\"lazy\" decoding=\"async\" src=\"https:\/\/katiabrambila.net\/wp-content\/uploads\/2022\/11\/TARTA-DE-SANTIAGO-scaled.jpeg\" alt=\"\" title=\"TARTA DE SANTIAGO\" width=\"2560\" height=\"1920\" data-op3-attachment-id=\"9043\" \/><\/p>\n<h2>BONO 4:&nbsp; NATILLA Y CREMA BECHAMEL<\/h2>\n<p><img loading=\"lazy\" decoding=\"async\" src=\"https:\/\/katiabrambila.net\/wp-content\/uploads\/2022\/11\/BONO-NATILLA-scaled.jpg\" alt=\"\" title=\"BONO-NATILLA\" width=\"2560\" height=\"1920\" data-op3-attachment-id=\"9067\" \/><img loading=\"lazy\" decoding=\"async\" src=\"https:\/\/katiabrambila.net\/wp-content\/uploads\/2022\/11\/BONO-BECHAMEL-scaled.jpg\" alt=\"\" title=\"BONO-BECHAMEL\" width=\"2560\" height=\"1365\" data-op3-attachment-id=\"9066\" \/><\/p>\n<h2>Todo esto tiene un valor de 220 USD <a href=\"https:\/\/pay.hotmart.com\/U69171617S?checkoutMode=10&amp;_ga=2.203008401.1205471222.1668448933-2072024850.1668448933&amp;_gl=1*1uy7oqu*_ga*MjA3MjAyNDg1MC4xNjY4NDQ4OTMz*_ga_1KS8YYTCDW*MTY2ODQ0ODkzMy4xLjEuMTY2ODQ0ODk3OC4xNS4wLjA.\">HOY S\u00d3LO $ 79 USD<\/a><\/h2>\n<p><img loading=\"lazy\" decoding=\"async\" src=\"https:\/\/katiabrambila.net\/wp-content\/uploads\/2021\/10\/icono-garantia.png\" alt=\"\" title=\"icono garantia\" width=\"1105\" height=\"1467\" data-op3-attachment-id=\"5835\" \/><\/p>\n<h2>GARANT\u00cdA DE 7 D\u00cdAS<\/h2>\n<h2>No corres ning\u00fan riesgo, tienes 7 d\u00edas de garant\u00eda<\/h2>\n<h2>ELIGE LA FORMA DE PAGO HAZ CLICK EN EL BOT\u00d3N<\/h2>\n<h2>64% DE DESCUENTO&nbsp;<\/h2>\n<h2>\u00daNETE A ESTE PROGRAMA POR&nbsp;\u00daNICA OCASI\u00d3N DE 220 USD<\/h2>\n<h2>Por s\u00f3lo&nbsp; $ 79 d\u00f3lares<\/h2>\n<h2>Toca el bot\u00f3n para ver el&nbsp; precio en tu moneda<\/h2>\n<p><a href=\"https:\/\/pay.hotmart.com\/H75386834W?off=wpbchgb1&#038;checkoutMode=10\" class=\"op3-background-ancestor\" target=\"_blank\" data-op-action=\"link\" data-op-popoverlay-trigger=\"none\" data-op-select-funnel-step=\"\" data-op-animation-trigger=\"none\" data-op-animation-style=\"\" data-op-animation-loop=\"0\" data-op-timer-minutes=\"0\" data-op-timer-seconds=\"0\" data-op3-smooth-scroll=\"0\" data-op-effect-style=\"\" data-op-effect-style-hover=\"\" rel=\"noopener\">S\u00cd QUIERO COMENZAR HOYAL HACER CLICK APARECE EL PRECIO EN TU MONEDA<\/a><img loading=\"lazy\" decoding=\"async\" src=\"https:\/\/katiabrambila.net\/wp-content\/uploads\/2020\/11\/Major-Credit-Card-Logo-PNG-Clipart.png\" alt=\"\" title=\"Major-Credit-Card-Logo-PNG-Clipart\" width=\"8552\" height=\"1190\" data-op3-attachment-id=\"\" \/><\/p>\n<h2>\u00bfQu\u00e9 pasa despu\u00e9s de tu inscripci\u00f3n?<\/h2>\n<p><img loading=\"lazy\" decoding=\"async\" src=\"https:\/\/katiabrambila.net\/wp-content\/uploads\/2021\/10\/iconos-1-1.png\" alt=\"\" title=\"iconos (1)\" width=\"471\" height=\"463\" data-op3-attachment-id=\"5849\" \/><\/p>\n<h2>Recibir\u00e1s un correo de Hotmartclub con todos los datos para activar tu cuenta, busca en spam o promociones.<\/h2>\n<p><img loading=\"lazy\" decoding=\"async\" src=\"https:\/\/katiabrambila.net\/wp-content\/uploads\/2021\/10\/iconos-2-1.png\" alt=\"\" title=\"iconos (2)\" width=\"488\" height=\"472\" data-op3-attachment-id=\"5850\" \/><\/p>\n<h2>Para acceder solo necesitas: correo registrado y contrase\u00f1a creada.<\/h2>\n<p><img loading=\"lazy\" decoding=\"async\" src=\"https:\/\/katiabrambila.net\/wp-content\/uploads\/2021\/10\/iconos-3-1.png\" alt=\"\" title=\"iconos (3)\" width=\"407\" height=\"440\" data-op3-attachment-id=\"5851\" \/><\/p>\n<h2>Comienza a disfrutar el contenido y puedes tambi\u00e9n descargar una app en tu celular.<\/h2>\n<h2>Maribet Balestena<\/h2>\n<h2>\u201cCreo firmemente que nuestros alimentos pueden ser curativos y si vienen bellamente presentados en creaciones deliciosas y realizadas con amor, hemos de ganarnos el coraz\u00f3n de cuantos las prueben\u201d.Por querer sentirme mejor y ayudar a sobreponernos a retos de salud en mi familia, he pasado m\u00e1s de 20 a\u00f1os estudiando todo lo relacionado al bienestar y la salud.&nbsp;Hered\u00e9 de mis abuelos y mi mam\u00e1 la pasi\u00f3n por cocinar y el gusto de compartir amor a trav\u00e9s de deliciosas confecciones culinarias. Disfrutar la expresi\u00f3n de satisfacci\u00f3n cuando alguien prueba un bocado delicioso de una de mis creaciones saludables me hace muy feliz y me entusiasma a seguir emprendiendo con mis ricas creaciones a trav\u00e9s de mi marca Delicias Cl\u00e1sicas, desde nuestro hogar en Victoria, Canad\u00e1, y de capacitar en l\u00ednea a quienes deseen aprender a realizar ricas creaciones donde quiera que est\u00e9n alrededor del mundo.Te doy la bienvenida a nuestro hogar para que nos riamos de mis peripecias en la cocina mientras hacemos las recetas junto a mi Sous-Chef Jack, un perro Golden Retreiver al que se le derrite la boca con los postres \u00a1y quien est\u00e1 encargado de dar su sello de aprobaci\u00f3n a las Delicias Cl\u00e1sicas que tengo para ti!<\/h2>\n<p><img loading=\"lazy\" decoding=\"async\" src=\"https:\/\/katiabrambila.net\/wp-content\/uploads\/2021\/10\/IMG_3296-scaled.jpeg\" alt=\"\" title=\"IMG_3296\" width=\"2560\" height=\"1920\" data-op3-attachment-id=\"5879\" \/><\/p>\n<h2>PREGUNTAS FRECUENTES<\/h2>\n<h2>\u00bfCu\u00e1ntas veces puedo ver el curso?<\/h2>\n<h5>Puedes verlos todas las veces que quieras, utilizando tu usuario y contrase\u00f1a.<\/h5>\n<h2>\u00bfPuedo descargar los videos?<\/h2>\n<h5>Puedes verlos todas las veces que quieras, utilizando tu usuario y contrase\u00f1a.<\/h5>\n<h2>\u00bfPuedo descargar las recetas?<\/h2>\n<h5>Una vez comprado el programa podr\u00e1s descargar, guardar e imprimir todas las recetas si as\u00ed lo deseas, o puedes acceder a ellas desde cualquier dispositivo.<\/h5>\n<h2>Tengo problemas para realizar el pago. \u00bfQu\u00e9 hago?<\/h2>\n<h5>Si no puedes realizar el pago a trav\u00e9s de tarjeta de cr\u00e9dito o debito puedes hacerlo realizando un dep\u00f3sito eligiendo la opci\u00f3n de pago en efectivo, para algunos&nbsp;pa\u00edses&nbsp;ya esta disponible.&nbsp;<a href=\"https:\/\/pay.hotmart.com\/H75386834W?off=wpbchgb1&amp;checkoutMode=10\" target=\"_blank\" rel=\"noopener noreferrer\">Haz click aqu\u00ed para generar tu ficha de pago.<\/a><\/h5>\n<h2>\u00bfLos precios que manejan en que moneda son?<\/h2>\n<h5>El precio aparece &nbsp;en la moneda de tu pa\u00eds de acuerdo al tipo de cambio del d\u00eda de hoy, puedes cambiar de moneda cambiando el pa\u00eds.<\/h5>\n<h2>\u00bfC\u00f3mo s\u00e9 cuando est\u00e1 activo el acceso al programa que compr\u00e9?<\/h2>\n<h5>En el momento en que tu pago es aprobado te llegar\u00e1 un mail con los datos de acceso, revisa la bandeja de spam y promociones.<\/h5>\n<h2>\u00bfLos ingredientes que se utilizan en las recetas son f\u00e1ciles de conseguir?<\/h2>\n<h5>El programa tiene una secci\u00f3n que se llama \u00bfD\u00f3nde comprar?, hay opciones de tiendas en l\u00ednea en la Rep\u00fablica Mexicana y hay un archivo desplegable con la lista de ingredientes m\u00e1s comunes y en d\u00f3nde los puedes conseguir. Adicionalmente est\u00e1 la secci\u00f3n de preguntas y respuestas, en caso de que no puedas conseguir alg\u00fan ingredientes, siempre existe la posibilidad de realizar alguna sustituci\u00f3n.<\/h5>\n<h2>\u00bfCu\u00e1les son los beneficios de tomar un curso de cocina en l\u00ednea?<\/h2>\n<h5>El m\u00e1s importante es que t\u00fa eliges el horario para verlo, puedes irte a trabajar, regresar y seguir viendo la clase, al momento de preparar puedes poner pausa y verificar todos los detalles de la receta. Ya no tienes que preocuparte por el translado, el costo de la gasolina, interrumpir actividades y a diferencia de una clase presencial puedes ver los videos todas las veces que los necesites desde la comodidad de tu cocina.<\/h5>\n<h2>\u00bfPuedo adquirir el programa aunque no cuente con tarjeta de cr\u00e9dito?<\/h2>\n<h5>Para algunos pa\u00edses est\u00e1 disponible el pago en efectivo, puedes generar tu ficha de pago y realizar el pago el mismo d\u00eda porque tiene una fecha de vencimiento, recibir\u00e1s un correo al momento de aprobarse recibir\u00e1s un correo con los datos de acceso,<a href=\"https:\/\/pay.hotmart.com\/U69171617S?checkoutMode=10\" target=\"_blank\" rel=\"noopener\">&nbsp;haciendo click aqu\u00ed elige la opci\u00f3n de pago en efectivo y completa tus datos.<\/a><\/h5>\n<p><a href=\"https:\/\/pay.hotmart.com\/H75386834W?off=wpbchgb1&#038;checkoutMode=10\" class=\"op3-background-ancestor\" target=\"_blank\" data-op-action=\"link\" data-op-popoverlay-trigger=\"none\" data-op-select-funnel-step=\"\" data-op-animation-trigger=\"none\" data-op-animation-style=\"\" data-op-animation-loop=\"0\" data-op-timer-minutes=\"0\" data-op-timer-seconds=\"0\" data-op3-smooth-scroll=\"\" data-op-effect-style=\"\" data-op-effect-style-hover=\"\" rel=\"noopener\">S\u00ed quiero empezar HOY&nbsp;A crear Delicias Cl\u00e1sicas Saladas para mis pr\u00f3ximas fiestas&nbsp;<\/a><img loading=\"lazy\" decoding=\"async\" src=\"https:\/\/katiabrambila.net\/wp-content\/uploads\/2020\/06\/logo-1.png\" alt=\"\" title=\"logo-1\" width=\"537\" height=\"200\" data-op3-attachment-id=\"\" \/><\/p>\n<h5 style=\"\">Copyright 2018 &#8211; SweetPaleo.Todos Los Derechos Reservados&nbsp;Este sitio utiliza cookies propias y de terceros. Si continuas navegando, consideramos que aceptas su uso. M\u00e1s informaci\u00f3n en nuestro&nbsp;<a href=\"https:\/\/sweetpaleomiembros.com\/terminos-y-condiciones\" target=\"_parent\" rel=\"noopener noreferrer\" style=\"\">aviso de privacidad.&nbsp;<\/a>Puedes escribir a soporte@sweetpaleomx.com<\/h5>\n","protected":false},"excerpt":{"rendered":"<p>\u201cPlatillos Deliciosos para Ocasiones Especiales\u201d &nbsp;\u00a1Lo que hab\u00edas estado esperando!&nbsp;Imag\u00ednate llevar a tu pr\u00f3xima reuni\u00f3n o fiesta&nbsp;una bandeja de delicias saladas irresistiblesque te har\u00e1n la estrella de la ocasi\u00f3n, y felizde saber que est\u00e1s compartiendo platillos saludables que le har\u00e1n bien a todos. Sorprende a tu familia con recetas cl\u00e1sicas&nbsp;como: empanadas o quiche llenos de [&hellip;]<\/p>\n","protected":false},"author":22,"featured_media":9018,"parent":0,"menu_order":0,"comment_status":"closed","ping_status":"closed","template":"op_builder_blank","meta":{"footnotes":""},"class_list":["post-8976","page","type-page","status-publish","has-post-thumbnail","hentry"],"_links":{"self":[{"href":"https:\/\/katiabrambila.net\/index.php?rest_route=\/wp\/v2\/pages\/8976","targetHints":{"allow":["GET"]}}],"collection":[{"href":"https:\/\/katiabrambila.net\/index.php?rest_route=\/wp\/v2\/pages"}],"about":[{"href":"https:\/\/katiabrambila.net\/index.php?rest_route=\/wp\/v2\/types\/page"}],"author":[{"embeddable":true,"href":"https:\/\/katiabrambila.net\/index.php?rest_route=\/wp\/v2\/users\/22"}],"replies":[{"embeddable":true,"href":"https:\/\/katiabrambila.net\/index.php?rest_route=%2Fwp%2Fv2%2Fcomments&post=8976"}],"version-history":[{"count":0,"href":"https:\/\/katiabrambila.net\/index.php?rest_route=\/wp\/v2\/pages\/8976\/revisions"}],"wp:featuredmedia":[{"embeddable":true,"href":"https:\/\/katiabrambila.net\/index.php?rest_route=\/wp\/v2\/media\/9018"}],"wp:attachment":[{"href":"https:\/\/katiabrambila.net\/index.php?rest_route=%2Fwp%2Fv2%2Fmedia&parent=8976"}],"curies":[{"name":"wp","href":"https:\/\/api.w.org\/{rel}","templated":true}]}}