{"id":9098,"date":"2020-12-03T19:06:33","date_gmt":"2020-12-03T19:06:33","guid":{"rendered":"https:\/\/katiabrambila.net\/sweet-kids-cloned-at-2022-12-07-151233\/"},"modified":"2024-01-15T04:34:08","modified_gmt":"2024-01-15T10:34:08","slug":"ketosweets","status":"publish","type":"page","link":"https:\/\/katiabrambila.net\/?page_id=9098","title":{"rendered":"Keto Sweets"},"content":{"rendered":"<h2>Postres f\u00e1ciles&nbsp;y&nbsp;deliciosos que te llenen de energ\u00eda&nbsp;&nbsp;sin az\u00facar refinada, gluten o l\u00e1cteos&nbsp;&nbsp;que afecten la salud y te acompa\u00f1en en tu vida diaria.<\/h2>\n<h2>\u00bf No encuentras postres Keto que te permitan disfrutar de una deliciosa tentaci\u00f3n?<\/h2>\n<h2>Aqu\u00ed termina tu b\u00fasqueda incansable para disfrutar de un postre que ayude a mejorar tu salud.<\/h2>\n<h2>Imagina aprender paso a paso,&nbsp;\u00a1\u00a1Desde la Comodidad de tu Cocina!!<\/h2>\n<h2>Acceso hoy mismo a todo el material, recetas , videos paso a paso y asesor\u00eda personalizada.<\/h2>\n<h2>Se acabaron los postres llenos de&nbsp;az\u00facar e ingredientes que da\u00f1an tu salud.<\/h2>\n<h2><a href=\"https:\/\/generales1.s3.us-west-1.amazonaws.com\/Summer+Bee-utiful+Pai.pdf\" target=\"_blank\" rel=\"noopener\">Descarga receta aqu\u00ed<\/a><\/h2>\n<h2>Descubre un mundo lleno de sabor con m\u00faltiples opciones para&nbsp;satisfacer el paladar m\u00e1s exigente&nbsp;<\/h2>\n<h2><\/h2>\n<h2>ELIGE LA FORMA DE PAGO HAZ CLIC EN EL BOT\u00d3N<\/h2>\n<h2>70% DE DESCUENTO&nbsp;<\/h2>\n<h2>\u00daNETE A ESTE PROGRAMA POR UNICA OCASI\u00d3N DE 240 USD<\/h2>\n<h2>Por Solo&nbsp; $ 75 D\u00f3lares<\/h2>\n<h2>Toca del bot\u00f3n para ver el&nbsp; precio en tu moneda<\/h2>\n<p><a href=\"https:\/\/pay.hotmart.com\/O77371624S?checkoutMode=10\" class=\"op3-background-ancestor\" target=\"_blank\" data-op-action=\"link\" data-op-popoverlay-trigger=\"none\" data-op-select-funnel-step=\"\" data-op-animation-trigger=\"none\" data-op-animation-style=\"\" data-op-animation-loop=\"0\" data-op-timer-minutes=\"0\" data-op-timer-seconds=\"0\" data-op3-smooth-scroll=\"\" data-op-effect-style=\"rockingsmall\" data-op-effect-style-hover=\"\" rel=\"noopener\">INSCRIBIRME AHORACrear Reposter\u00eda Creativa<\/a><img loading=\"lazy\" decoding=\"async\" src=\"https:\/\/katiabrambila.net\/wp-content\/uploads\/2020\/11\/Major-Credit-Card-Logo-PNG-Clipart.png\" alt=\"\" title=\"Major-Credit-Card-Logo-PNG-Clipart\" width=\"8552\" height=\"1190\" data-op3-attachment-id=\"\" \/><img loading=\"lazy\" decoding=\"async\" src=\"https:\/\/katiabrambila.net\/wp-content\/uploads\/2022\/12\/postres.jpg\" alt=\"\" title=\"postres\" width=\"512\" height=\"256\" data-op3-attachment-id=\"9145\" \/><\/p>\n<h2>\u00bf QUE APRENDER\u00c1S ?<\/h2>\n<p><img loading=\"lazy\" decoding=\"async\" src=\"https:\/\/katiabrambila.net\/wp-content\/uploads\/2022\/12\/sweet-keto-web_mockred.png\" alt=\"\" title=\"sweet keto web_mockred\" width=\"535\" height=\"705\" data-op3-attachment-id=\"9105\" \/>1) M\u00d3DULO 1 \u2013 INTRODUCCION1.1 Presentaci\u00f3n1.2 Harinas1.3 Endulzantes1.4 Otros Ingredientes2) M\u00d3DULO 2 \u2013 GALLETAS2.1 Galletas de chispas de chocolate2.2 Galletas de matcha2.3 Galletas de formas3) M\u00d3DULO 3 \u2013 BROWNIES&nbsp;3.1 Brownie3.2 Blondie (cookie bar)3.3 Brownie fudge (receta de regalo)4) M\u00d3DULO 4 \u2013 MUFFINS4.1 Muffin de blueberries4.2 Muffin de calabac\u00edn (zucchini)4.3 Muffin de zanahoria4.4 Muffin de chocolate (lava)5) M\u00d3DULO 5 \u2013 COBERTURAS Y RELLENOS5.1 Ganache de chocolate5.2 Mermelada de frutos rojos5.3 Crema batida de Lim\u00f3n5.4 Glaseado de Vainilla6) M\u00d3DULO 6 &#8211; PASTELES6.1 Pastel de Vainilla6.2Pastel de ChocolateBONOSBono 1 Gu\u00eda \u00bfQue es la dieta keto?Bono2 Gu\u00eda de alimentaci\u00f3n permitida en la dieta keto<\/p>\n<h2>BONOS EXCLUSIVOS AL INSCRIBIRTE EL D\u00cdA DE HOY<\/h2>\n<h2>BONOS<\/h2>\n<h2>\u00bfQue es la dieta Keto?<\/h2>\n<p><img loading=\"lazy\" decoding=\"async\" src=\"https:\/\/katiabrambila.net\/wp-content\/uploads\/2023\/01\/2.png\" alt=\"\" title=\"2\" width=\"940\" height=\"788\" data-op3-attachment-id=\"9177\" \/><\/p>\n<h2>Gu\u00eda de alimentaci\u00f3n permitida en la dieta Keto<\/h2>\n<p><img loading=\"lazy\" decoding=\"async\" src=\"https:\/\/katiabrambila.net\/wp-content\/uploads\/2023\/01\/3.png\" alt=\"\" title=\"3\" width=\"940\" height=\"788\" data-op3-attachment-id=\"9178\" \/><\/p>\n<h2>Aprender\u00e1s los&nbsp;pilares de la dieta Keto para apoyar tu plan.Valor : &nbsp;47 USD<\/h2>\n<h2>Todo esto tiene un Valor de 220 USD &nbsp;HOY S\u00d3LO 75 USD&nbsp;<\/h2>\n<h2>GARANT\u00cdA DE 7 D\u00cdAS<\/h2>\n<h2>No corres ning\u00fan riesgo, tienes 7 d\u00edas de garant\u00eda<\/h2>\n<p><img loading=\"lazy\" decoding=\"async\" src=\"https:\/\/katiabrambila.net\/wp-content\/uploads\/2020\/11\/mb.png\" alt=\"\" title=\"mb\" width=\"627\" height=\"507\" data-op3-attachment-id=\"\" \/><img loading=\"lazy\" decoding=\"async\" src=\"https:\/\/katiabrambila.net\/wp-content\/uploads\/2022\/12\/20220929_110835-768x1024.jpg\" alt=\"\" title=\"20220929_110835\" width=\"768\" height=\"1024\" data-op3-attachment-id=\"9125\" \/><\/p>\n<h2>ELIGE LA FORMA DE PAGO HAZ CLIC EN EL BOT\u00d3N<\/h2>\n<h2>70% DE DESCUENTO&nbsp;<\/h2>\n<h2>\u00daNETE A ESTE PROGRAMA POR UNICA OCASI\u00d3N DE 240 USD<\/h2>\n<h2>Por Solo&nbsp; $75 D\u00f3lares<\/h2>\n<h2>Toca del bot\u00f3n para ver el&nbsp; precio en tu moneda<\/h2>\n<p><a href=\"https:\/\/pay.hotmart.com\/O77371624S?checkoutMode=10\" class=\"op3-background-ancestor\" target=\"_blank\" data-op-action=\"link\" data-op-popoverlay-trigger=\"none\" data-op-select-funnel-step=\"\" data-op-animation-trigger=\"none\" data-op-animation-style=\"\" data-op-animation-loop=\"0\" data-op-timer-minutes=\"0\" data-op-timer-seconds=\"0\" data-op3-smooth-scroll=\"0\" data-op-effect-style=\"rockingsmall\" data-op-effect-style-hover=\"\" rel=\"noopener\">INSCRIBIRME AHORACrear Reposter\u00eda Creativa<\/a><img loading=\"lazy\" decoding=\"async\" src=\"https:\/\/katiabrambila.net\/wp-content\/uploads\/2020\/11\/Major-Credit-Card-Logo-PNG-Clipart.png\" alt=\"\" title=\"Major-Credit-Card-Logo-PNG-Clipart\" width=\"8552\" height=\"1190\" data-op3-attachment-id=\"\" \/><\/p>\n<h2>\u00bfQue pasa despu\u00e9s de tu Inscripci\u00f3n?<\/h2>\n<h2>Recibir\u00e1s un correo de Hotmartclub con todos los datos para activar tu cuenta, busca en spam o promociones.<\/h2>\n<p><img loading=\"lazy\" decoding=\"async\" src=\"https:\/\/katiabrambila.net\/wp-content\/uploads\/2022\/12\/login-keto-swwets-1024x499.png\" alt=\"\" title=\"login keto swwets\" width=\"800\" height=\"390\" data-op3-attachment-id=\"9173\" \/><\/p>\n<h2>Escribe tu usuario: correo registrado y contrase\u00f1a creada.<\/h2>\n<p><img loading=\"lazy\" decoding=\"async\" src=\"https:\/\/katiabrambila.net\/wp-content\/uploads\/2022\/12\/keto_mock-up-1024x858.png\" alt=\"\" title=\"keto_mock up\" width=\"800\" height=\"670\" data-op3-attachment-id=\"9122\" \/><\/p>\n<h2>Comienza a disfrutar el contenido y puedes tambi\u00e9n descargar una app en tu celular.<\/h2>\n<p><img loading=\"lazy\" decoding=\"async\" src=\"https:\/\/katiabrambila.net\/wp-content\/uploads\/2021\/07\/Red-Velvet1-scaled.jpg\" alt=\"\" title=\"Red Velvet(1)\" width=\"1920\" height=\"2560\" data-op3-attachment-id=\"4555\" \/><img loading=\"lazy\" decoding=\"async\" src=\"https:\/\/katiabrambila.net\/wp-content\/uploads\/2022\/12\/20220929_170143-1024x768.jpg\" alt=\"\" title=\"20220929_170143\" width=\"800\" height=\"600\" data-op3-attachment-id=\"9165\" \/><img loading=\"lazy\" decoding=\"async\" src=\"https:\/\/katiabrambila.net\/wp-content\/uploads\/2022\/12\/20220614_174203-1024x576.jpg\" alt=\"\" title=\"20220614_174203\" width=\"800\" height=\"450\" data-op3-attachment-id=\"9129\" \/><a href=\"https:\/\/pay.hotmart.com\/O77371624S?checkoutMode=10\" class=\"op3-background-ancestor\" target=\"_blank\" data-op-action=\"link\" data-op-popoverlay-trigger=\"none\" data-op-select-funnel-step=\"\" data-op-animation-trigger=\"none\" data-op-animation-style=\"\" data-op-animation-loop=\"0\" data-op-timer-minutes=\"0\" data-op-timer-seconds=\"0\" data-op3-smooth-scroll=\"0\" data-op-effect-style=\"rockingsmall\" data-op-effect-style-hover=\"\" rel=\"noopener\">INSCRIBIRME AHORA<\/a><img loading=\"lazy\" decoding=\"async\" src=\"https:\/\/katiabrambila.net\/wp-content\/uploads\/2022\/12\/20220824_160230-1024x768.jpg\" alt=\"\" title=\"20220824_160230\" width=\"800\" height=\"600\" data-op3-attachment-id=\"9132\" \/><img loading=\"lazy\" decoding=\"async\" src=\"https:\/\/katiabrambila.net\/wp-content\/uploads\/2023\/01\/jenni-1024x858.jpg\" alt=\"\" title=\"jenni\" width=\"800\" height=\"670\" data-op3-attachment-id=\"9180\" \/><\/p>\n<h2>Hola Soy Jennifer Dominguez<\/h2>\n<h2>Soy guatemalteca viviendo en Estados Unidos,&nbsp;emprendedora y madre de dos ni\u00f1as.La salud siempre ha sido un tema importante en mi vida, al ser diagnosticada con desbalances hormonales y tener familiares con problemas de diabetes, decid\u00ed aventurarme en la dieta keto, esto me llev\u00f3&nbsp; a realizar postres saludables.Luego de encontrar a Sweet Paleo y a Katia Brambila, la aventura por los postres saludables se hizo m\u00e1s grande,y comenc\u00e9 a vender los postres en farmers markets locales en Maryland que es donde actualmente resido.&nbsp;Mi pasi\u00f3n por los temas de salud, me llev\u00f3 a estudiar certificaciones en nutrici\u00f3n hol\u00edstica y&nbsp;nutrici\u00f3n culinaria, as\u00ed como salud hormonal. Ahora mi misi\u00f3n es aportar un poco de ese&nbsp;conocimiento a todas esas personas que lo necesitan, en este mundo tan industrializado,&nbsp;que poco a poco nos ha ido enfermando.&nbsp;Creo firmemente que los alimentos son medicina para el cuerpo, si nos alimentamos de una&nbsp;manera adecuada y por supuesto sin dejar de lado esas dulces tentaciones. Promuevo la&nbsp;alimentaci\u00f3n sin gluten, sin l\u00e1cteos y sin az\u00facar refinada y te invito a que me acompa\u00f1es en&nbsp;este camino de la vida saludable, porque la salud empieza en tu cocina.<\/h2>\n<p><img loading=\"lazy\" decoding=\"async\" src=\"https:\/\/katiabrambila.net\/wp-content\/uploads\/2021\/07\/WhatsApp-Image-2021-07-19-at-1.31.07-PM-1.jpeg\" alt=\"\" title=\"WhatsApp Image 2021-07-19 at 1.31.07 PM (1)\" width=\"779\" height=\"1280\" data-op3-attachment-id=\"4595\" \/><\/p>\n<h2>PREGUNTAS FRECUENTES<\/h2>\n<h2>\u00bfCu\u00e1ntas veces puedo ver el curso?<\/h2>\n<h5>Puedes verlos todas las veces que quieras, utilizando tu usuario y contrase\u00f1a.<\/h5>\n<h2>\u00bfPuedo descargar los videos?<\/h2>\n<h5>Puedes verlos todas las veces que quieras, utilizando tu usuario y contrase\u00f1a.<\/h5>\n<h2>\u00bfPuedo descargar las recetas?<\/h2>\n<h5>Una vez comprado el programa podr\u00e1s descargar, guardar e imprimir todas las recetas si as\u00ed lo deseas, o puedes acceder a ellas desde cualquier dispositivo.<\/h5>\n<h2>Tengo problemas para realizar el pago. \u00bfQu\u00e9 hago?<\/h2>\n<h5>Si no puedes realizar el pago a trav\u00e9s de tarjeta de cr\u00e9dito o debito puedes hacerlo realizando un dep\u00f3sito eligiendo la opci\u00f3n de pago en efectivo, para algunos&nbsp;pa\u00edses&nbsp;ya esta disponible.&nbsp;<a href=\"https:\/\/pay.hotmart.com\/O77371624S?checkoutMode=10\">Haz click aqu\u00ed para generar tu ficha de pago.<\/a><\/h5>\n<h2>\u00bfLos precios que manejan en que moneda son?<\/h2>\n<h5>El precio aparece &nbsp;en la moneda de tu pa\u00eds de acuerdo al tipo de cambio del d\u00eda de hoy, puedes cambiar de moneda cambiando el pa\u00eds.<\/h5>\n<h2>\u00bfC\u00f3mo se cuando est\u00e1 activo el acceso al programa que compr\u00e9?<\/h2>\n<h5>En el momento en que tu pago es aprobado te llegar\u00e1 un mail con los datos de acceso, revisa la bandeja de spam y promociones.<\/h5>\n<h2>\u00bfLos ingredientes que se utilizan en las recetas son f\u00e1ciles de conseguir?<\/h2>\n<h5>El programa tiene una secci\u00f3n que se llama \u00bfD\u00f3nde comprar? hay opciones de tiendas en l\u00ednea en la Rep\u00fablica Mexicana y hay un archivo desplegable con la lista de ingredientes m\u00e1s comunes y en donde los puedes conseguir. Adicionalmente esta la secci\u00f3n de preguntas y respuestas, en caso de que no puedas conseguir alg\u00fan ingredientes, siempre existe la posibilidad de realizar alguna sustituci\u00f3n.<\/h5>\n<h2>\u00bfCu\u00e1les son los beneficios de tomar un curso de cocina en l\u00ednea?<\/h2>\n<h5>El m\u00e1s importante es que t\u00fa eliges el horario para verlo, puedes irte a trabajar, regresar y seguir viendo la clase, al momento de preparar puedes poner pausa y verificar todos los detalles de la receta. Ya no tienes que preocuparte por el translado, el costo de la gasolina, interrumpir actividades y a diferencia de una clase presencial puedes ver los videos todas las veces que los necesites desde la comodidad de tu cocina.<\/h5>\n<h2>\u00bfPuedo adquirir el curso aunque no cuente con tarjeta de cr\u00e9dito?<\/h2>\n<h5>Para algunos pa\u00edses esta disponible el pago en efectivo, puedes generar tu ficha de pago y realizar el pago el mismo d\u00eda porque tiene una fecha de vencimiento, recibir\u00e1s un correo al momento de aprobarse recibir\u00e1s un correo con los datos de acceso,<a href=\"https:\/\/payment.hotmart.com\/T56666391D?checkoutMode=10\">&nbsp;haciendo click aqu\u00ed elige la opci\u00f3n de pago en efectivo y completa tus datos.<\/a><\/h5>\n<p><a href=\"https:\/\/pay.hotmart.com\/O77371624S?checkoutMode=10\" class=\"op3-background-ancestor\" target=\"_blank\" data-op-action=\"link\" data-op-popoverlay-trigger=\"none\" data-op-select-funnel-step=\"\" data-op-animation-trigger=\"none\" data-op-animation-style=\"\" data-op-animation-loop=\"0\" data-op-timer-minutes=\"0\" data-op-timer-seconds=\"0\" data-op3-smooth-scroll=\"\" data-op-effect-style=\"\" data-op-effect-style-hover=\"\" rel=\"noopener\">Si Quiero Empezar Hoy&nbsp;A Crear Reposter\u00eda Creativa<\/a><img loading=\"lazy\" decoding=\"async\" src=\"https:\/\/katiabrambila.net\/wp-content\/uploads\/2020\/06\/logo-1.png\" alt=\"\" title=\"logo-1\" width=\"537\" height=\"200\" data-op3-attachment-id=\"\" \/><\/p>\n<h5 style=\"\">Copyright 2018 &#8211; SweetPaleo.Todos Los Derechos Reservados&nbsp;Este sitio utiliza cookies propias y de terceros. Si continuas navegando, consideramos que aceptas su uso. M\u00e1s informaci\u00f3n en nuestro&nbsp;<a href=\"https:\/\/sweetpaleomiembros.com\/terminos-y-condiciones\" target=\"_parent\" rel=\"noopener noreferrer\" style=\"\">aviso de privacidad.&nbsp;<\/a>Puedes escribir a soporte@sweetpaleomx.com<\/h5>\n","protected":false},"excerpt":{"rendered":"<p>Postres f\u00e1ciles&nbsp;y&nbsp;deliciosos que te llenen de energ\u00eda&nbsp;&nbsp;sin az\u00facar refinada, gluten o l\u00e1cteos&nbsp;&nbsp;que afecten la salud y te acompa\u00f1en en tu vida diaria. \u00bf No encuentras postres Keto que te permitan disfrutar de una deliciosa tentaci\u00f3n? Aqu\u00ed termina tu b\u00fasqueda incansable para disfrutar de un postre que ayude a mejorar tu salud. Imagina aprender paso a [&hellip;]<\/p>\n","protected":false},"author":22,"featured_media":9196,"parent":0,"menu_order":0,"comment_status":"closed","ping_status":"closed","template":"op_builder_full_width","meta":{"footnotes":""},"class_list":["post-9098","page","type-page","status-publish","has-post-thumbnail","hentry"],"_links":{"self":[{"href":"https:\/\/katiabrambila.net\/index.php?rest_route=\/wp\/v2\/pages\/9098","targetHints":{"allow":["GET"]}}],"collection":[{"href":"https:\/\/katiabrambila.net\/index.php?rest_route=\/wp\/v2\/pages"}],"about":[{"href":"https:\/\/katiabrambila.net\/index.php?rest_route=\/wp\/v2\/types\/page"}],"author":[{"embeddable":true,"href":"https:\/\/katiabrambila.net\/index.php?rest_route=\/wp\/v2\/users\/22"}],"replies":[{"embeddable":true,"href":"https:\/\/katiabrambila.net\/index.php?rest_route=%2Fwp%2Fv2%2Fcomments&post=9098"}],"version-history":[{"count":0,"href":"https:\/\/katiabrambila.net\/index.php?rest_route=\/wp\/v2\/pages\/9098\/revisions"}],"wp:featuredmedia":[{"embeddable":true,"href":"https:\/\/katiabrambila.net\/index.php?rest_route=\/wp\/v2\/media\/9196"}],"wp:attachment":[{"href":"https:\/\/katiabrambila.net\/index.php?rest_route=%2Fwp%2Fv2%2Fmedia&parent=9098"}],"curies":[{"name":"wp","href":"https:\/\/api.w.org\/{rel}","templated":true}]}}