{"id":9259,"date":"2020-12-03T19:06:33","date_gmt":"2020-12-03T19:06:33","guid":{"rendered":"https:\/\/katiabrambila.net\/sweet-kids-cloned-at-2023-04-14-185820\/"},"modified":"2023-04-14T14:41:34","modified_gmt":"2023-04-14T19:41:34","slug":"sweet-kidsespecial","status":"publish","type":"page","link":"https:\/\/katiabrambila.net\/?page_id=9259","title":{"rendered":"Sweet Kids Especial"},"content":{"rendered":"<p><img loading=\"lazy\" decoding=\"async\" src=\"https:\/\/katiabrambila.net\/wp-content\/uploads\/2020\/06\/logo-1.png\" alt=\"\" title=\"logo-1\" width=\"537\" height=\"200\" data-op3-attachment-id=\"\" \/><\/p>\n<h2>Salud, sabor y sonrisas es lo que tendr\u00e1n tus hijos despu\u00e9s de disfrutar estos&nbsp;deliciosos postres que los llenen de energ\u00eda&nbsp;&nbsp;sin &nbsp;conservadores, colorantes o saborizantes artificiales que afecten su salud.<\/h2>\n<h2>\u00bf Luchas todos los d\u00edas para que tus hijos coman frutas y verduras, te preocupa su alimentaci\u00f3n&nbsp;?<\/h2>\n<h2>Aqu\u00ed termina la batalla, los ni\u00f1os comer\u00e1n frutas y vegetales en un Postre Divertido<\/h2>\n<h2>Imagina aprender paso a paso, creando recuerdos para toda la vida\u00a1\u00a1Desde la Comodidad de tu Cocina!!<\/h2>\n<h2>Acceso hoy mismo a todo el material, recetas , videos paso a paso y asesor\u00eda personalizada.<\/h2>\n<h2>Se acabaron las donas fritas, aburridas y llenas de grasas saturadas<\/h2>\n<h2>Con Sweet kids tienes:<\/h2>\n<p>&nbsp;Acceso inmediato a todo el material grabado.Acceso desde cualquier dispositivo a todo el contenido, &nbsp;puedes consultar los ingredientes hasta en el supermercado.No est\u00e1s sola en esta aventura, te acompa\u00f1ar\u00e9 para resolver todas tus dudas como si estuviera en la cocina de tu casa.Si despu\u00e9s de hacer 3 postres no est\u00e1s convencida, tienes 7 d\u00edas de garant\u00eda donde puedes solicitar el reembolso de tu inversi\u00f3n.<\/p>\n<h2>Aurelia Siles es una Chef de coraz\u00f3n EXPERTA<\/h2>\n<h2><a href=\"https:\/\/generales1.s3.us-west-1.amazonaws.com\/Summer+Bee-utiful+Pai.pdf\" target=\"_blank\" rel=\"noopener\">Descarga receta aqu\u00ed<\/a><\/h2>\n<h2>Descubre un mundo lleno de sabor con donas esponjosas, deliciosas y divertidas con coberturas de colores y rellenos naturales.<\/h2>\n<h2><\/h2>\n<h2><\/h2>\n<h2><\/h2>\n<h2><\/h2>\n<h2><\/h2>\n<h2><\/h2>\n<h2><\/h2>\n<h2><\/h2>\n<h2>ELIGE LA FORMA DE PAGO HAZ CLIC EN EL BOT\u00d3N<\/h2>\n<h2>65% DE DESCUENTO&nbsp;<\/h2>\n<h2>\u00daNETE A ESTE PROGRAMA POR UNICA OCASI\u00d3N DE 240 USD<\/h2>\n<h2>Por Solo&nbsp; $ 85 D\u00f3lares<\/h2>\n<h2>Toca del bot\u00f3n para ver el&nbsp; precio en tu moneda<\/h2>\n<p><a href=\"https:\/\/payment.hotmart.com\/T56666391D?checkoutMode=10&#038;hideBillet=1\" class=\"op3-background-ancestor\" target=\"_blank\" data-op-action=\"link\" data-op-popoverlay-trigger=\"none\" data-op-select-funnel-step=\"\" data-op-animation-trigger=\"none\" data-op-animation-style=\"\" data-op-animation-loop=\"0\" data-op-timer-minutes=\"0\" data-op-timer-seconds=\"0\" data-op3-smooth-scroll=\"\" data-op-effect-style=\"rockingsmall\" data-op-effect-style-hover=\"\" rel=\"noopener\">INSCRIBIRME AHORACrear Reposter\u00eda Creativa<\/a><img loading=\"lazy\" decoding=\"async\" src=\"https:\/\/katiabrambila.net\/wp-content\/uploads\/2020\/11\/Major-Credit-Card-Logo-PNG-Clipart.png\" alt=\"\" title=\"Major-Credit-Card-Logo-PNG-Clipart\" width=\"8552\" height=\"1190\" data-op3-attachment-id=\"\" \/><\/p>\n<h2>\u00bf QUE APRENDER\u00c1S ?<\/h2>\n<p>1) MODULO 1 \u2013 PRESENTACI\u00d3N DEL CURSO.2) MODULO 2 \u2013 INGREDIENTES.\u2022 Harinas\u2022 Endulzantes\u2022 Otros ingredientes3) MODULO 3 \u2013 EQUIPO Y UTENSILIOS\u2022 Equipo\u2022 Lista maestra4) MODULO 4 \u2013 PROCESOS&nbsp;\u2022 Procesos y tips5) MODULO 5 \u2013 RECETAS Y PREPARACI\u00d3N\u2022 Nutella natural\u2022 Dulce de Leche\u2022 Galletas de nutella natural\u2022 Galletas de teff\u2022 Brownies de Calabac\u00edn y frosting de aguacate\u2022 Chocolate blanco y chocolate de colores\u2022 Fruit Roll- up6) MODULO 6 \u2013 TODO SOBRE DONAS\u2022 Donas de vainilla\u2022 Donas de animalitos\u2022 Detalles decoraci\u00f3n&nbsp;\u2022 Como rellenar donas\u2022 Donas Chai Late\u2022 Jelly donas5) MODULO 7 \u2013 PASTELES (TORTAS)\u2022 Red velvet natural\u2022 Tres leches saludable<\/p>\n<h2>BONOS EXCLUSIVOS AL INSCRIBIRTE EL D\u00cdA DE HOY<\/h2>\n<h2>BONOGranolas Gourmet<\/h2>\n<h2>Aprender\u00e1s c\u00f3mo preparar este delicioso complemento para el desayuno y c\u00f3mo aplicarlo en un sencillo y r\u00e1pido postre.Valor : &nbsp;47 USD<\/h2>\n<p><img loading=\"lazy\" decoding=\"async\" src=\"https:\/\/katiabrambila.net\/wp-content\/uploads\/2021\/07\/Captura-de-Pantalla-2021-07-19-a-las-12.23.13.png\" alt=\"\" title=\"Captura de Pantalla 2021-07-19 a la(s) 12.23.13\" width=\"796\" height=\"1058\" data-op3-attachment-id=\"4588\" \/><\/p>\n<h2>Todo esto tiene un Valor de 220 USD <a href=\"https:\/\/payment.hotmart.com\/T56666391D?checkoutMode=10&amp;hideBillet=1\" target=\"_blank\" rel=\"noopener\">HOY SOLO $ 85 USD<\/a><\/h2>\n<h2>GARANT\u00cdA DE 7 D\u00cdAS<\/h2>\n<h2>No corres ning\u00fan riesgo, tienes 7 d\u00edas de garant\u00eda<\/h2>\n<p><img loading=\"lazy\" decoding=\"async\" src=\"https:\/\/katiabrambila.net\/wp-content\/uploads\/2020\/11\/mb.png\" alt=\"\" title=\"mb\" width=\"627\" height=\"507\" data-op3-attachment-id=\"\" \/><img loading=\"lazy\" decoding=\"async\" src=\"https:\/\/katiabrambila.net\/wp-content\/uploads\/2021\/07\/Captura-de-Pantalla-2021-07-19-a-las-11.02.56.png\" alt=\"\" title=\"Captura de Pantalla 2021-07-19 a la(s) 11.02.56\" width=\"976\" height=\"958\" data-op3-attachment-id=\"4574\" \/><\/p>\n<h2>ELIGE LA FORMA DE PAGO HAZ CLIC EN EL BOT\u00d3N<\/h2>\n<h2>65% DE DESCUENTO&nbsp;<\/h2>\n<h2>\u00daNETE A ESTE PROGRAMA POR UNICA OCASI\u00d3N DE 240 USD<\/h2>\n<h2>Por Solo&nbsp; $85 D\u00f3lares<\/h2>\n<h2>Toca del bot\u00f3n para ver el&nbsp; precio en tu moneda<\/h2>\n<p><a href=\"https:\/\/payment.hotmart.com\/T56666391D?checkoutMode=10&#038;hideBillet=1\" class=\"op3-background-ancestor\" target=\"_blank\" data-op-action=\"link\" data-op-popoverlay-trigger=\"none\" data-op-select-funnel-step=\"\" data-op-animation-trigger=\"none\" data-op-animation-style=\"\" data-op-animation-loop=\"0\" data-op-timer-minutes=\"0\" data-op-timer-seconds=\"0\" data-op3-smooth-scroll=\"0\" data-op-effect-style=\"rockingsmall\" data-op-effect-style-hover=\"\" rel=\"noopener\">INSCRIBIRME AHORACrear Reposter\u00eda Creativa<\/a><img loading=\"lazy\" decoding=\"async\" src=\"https:\/\/katiabrambila.net\/wp-content\/uploads\/2020\/11\/Major-Credit-Card-Logo-PNG-Clipart.png\" alt=\"\" title=\"Major-Credit-Card-Logo-PNG-Clipart\" width=\"8552\" height=\"1190\" data-op3-attachment-id=\"\" \/><\/p>\n<h2>\u00bfQue pasa despu\u00e9s de tu Inscripci\u00f3n?<\/h2>\n<h2>Recibir\u00e1s un correo de Hotmartclub con todos los datos para activar tu cuenta, busca en spam o promociones.<\/h2>\n<p><img loading=\"lazy\" decoding=\"async\" src=\"https:\/\/katiabrambila.net\/wp-content\/uploads\/2021\/07\/Captura-de-Pantalla-2021-07-19-a-las-10.58.26.png\" alt=\"\" title=\"Captura de Pantalla 2021-07-19 a la(s) 10.58.26\" width=\"1320\" height=\"760\" data-op3-attachment-id=\"4572\" \/><\/p>\n<h2>Escribe tu usuario: correo registrado y contrase\u00f1a creada.<\/h2>\n<p><img loading=\"lazy\" decoding=\"async\" src=\"https:\/\/katiabrambila.net\/wp-content\/uploads\/2021\/07\/pantallas-removebg-preview.png\" alt=\"\" title=\"pantallas-removebg-preview\" width=\"609\" height=\"410\" data-op3-attachment-id=\"4563\" \/><\/p>\n<h2>Comienza a disfrutar el contenido y puedes tambi\u00e9n descargar una app en tu celular.<\/h2>\n<p><img loading=\"lazy\" decoding=\"async\" src=\"https:\/\/katiabrambila.net\/wp-content\/uploads\/2021\/07\/Red-Velvet1-scaled.jpg\" alt=\"\" title=\"Red Velvet(1)\" width=\"1920\" height=\"2560\" data-op3-attachment-id=\"4555\" \/><img loading=\"lazy\" decoding=\"async\" src=\"https:\/\/katiabrambila.net\/wp-content\/uploads\/2021\/07\/Nina-con-Dona-scaled.jpg\" alt=\"\" title=\"rbt\" width=\"1920\" height=\"2560\" data-op3-attachment-id=\"4551\" \/><img loading=\"lazy\" decoding=\"async\" src=\"https:\/\/katiabrambila.net\/wp-content\/uploads\/2021\/07\/Captura-de-Pantalla-2021-07-19-a-las-11.16.23.png\" alt=\"\" title=\"Captura de Pantalla 2021-07-19 a la(s) 11.16.23\" width=\"962\" height=\"902\" data-op3-attachment-id=\"4580\" \/><a href=\"https:\/\/payment.hotmart.com\/T56666391D?checkoutMode=10&#038;hideBillet=1\" class=\"op3-background-ancestor\" target=\"_blank\" data-op-action=\"link\" data-op-popoverlay-trigger=\"none\" data-op-select-funnel-step=\"\" data-op-animation-trigger=\"none\" data-op-animation-style=\"\" data-op-animation-loop=\"0\" data-op-timer-minutes=\"0\" data-op-timer-seconds=\"0\" data-op3-smooth-scroll=\"0\" data-op-effect-style=\"rockingsmall\" data-op-effect-style-hover=\"\" rel=\"noopener\">INSCRIBIRME AHORA<\/a><img loading=\"lazy\" decoding=\"async\" src=\"https:\/\/katiabrambila.net\/wp-content\/uploads\/2021\/07\/Captura-de-Pantalla-2021-07-19-a-las-15.55.52.png\" alt=\"\" title=\"Captura de Pantalla 2021-07-19 a la(s) 15.55.52\" width=\"930\" height=\"1226\" data-op3-attachment-id=\"4601\" \/><\/p>\n<h2>Hola, soy Aurelia Siles, nicarag\u00fcense  que vive Canad\u00e1, emprendedora y mam\u00e1 de dos peque\u00f1os traviesos de 3 y 6 a\u00f1os, que han sido la inspiraci\u00f3n de este curso Sweet Kids.&nbsp;Por eso me dediqu\u00e9 a investigar, hacer cursos y certificaciones on line, como la de Sweet Paleo y Crea tu Negocio con Katia Brambila. Y sobre todo experimentar y crear recetas de postres saludables libres de gluten, az\u00facar refinada y l\u00e1cteos, que fueran absolutamente naturales, sin colorantes o sabores artificiales, agradables al paladar de los ni\u00f1os.&nbsp;Y si eres emprendedora, pongo mi grano de arena para que tu portafolio se llene de m\u00e1s opciones y creatividad. 3S&nbsp;Salud, Sabor y SonrisasSweet Kids es para ti!&nbsp;<\/h2>\n<p><img loading=\"lazy\" decoding=\"async\" src=\"https:\/\/katiabrambila.net\/wp-content\/uploads\/2021\/07\/Captura-de-Pantalla-2021-07-31-a-las-14.20.59.png\" alt=\"\" title=\"Captura de Pantalla 2021-07-31 a la(s) 14.20.59\" width=\"1116\" height=\"1350\" data-op3-attachment-id=\"4637\" \/><\/p>\n<h2>Fotos de alumnas<\/h2>\n<p><img loading=\"lazy\" decoding=\"async\" src=\"https:\/\/katiabrambila.net\/wp-content\/uploads\/2021\/07\/Captura-de-Pantalla-2021-07-31-a-las-14.24.28.png\" alt=\"\" title=\"Captura de Pantalla 2021-07-31 a la(s) 14.24.28\" width=\"768\" height=\"826\" data-op3-attachment-id=\"4634\" \/><img loading=\"lazy\" decoding=\"async\" src=\"https:\/\/katiabrambila.net\/wp-content\/uploads\/2021\/07\/Captura-de-Pantalla-2021-07-31-a-las-14.20.33.png\" alt=\"\" title=\"Captura de Pantalla 2021-07-31 a la(s) 14.20.33\" width=\"1138\" height=\"1436\" data-op3-attachment-id=\"4636\" \/><img loading=\"lazy\" decoding=\"async\" src=\"https:\/\/katiabrambila.net\/wp-content\/uploads\/2021\/07\/WhatsApp-Image-2021-07-19-at-1.31.07-PM-1.jpeg\" alt=\"\" title=\"WhatsApp Image 2021-07-19 at 1.31.07 PM (1)\" width=\"779\" height=\"1280\" data-op3-attachment-id=\"4595\" \/><\/p>\n<h2>PREGUNTAS FRECUENTES<\/h2>\n<h2>\u00bfCu\u00e1ntas veces puedo ver el curso?<\/h2>\n<h5>Puedes verlos todas las veces que quieras, utilizando tu usuario y contrase\u00f1a.<\/h5>\n<h2>\u00bfPuedo descargar los videos?<\/h2>\n<h5>Puedes verlos todas las veces que quieras, utilizando tu usuario y contrase\u00f1a.<\/h5>\n<h2>\u00bfPuedo descargar las recetas?<\/h2>\n<h5>Una vez comprado el programa podr\u00e1s descargar, guardar e imprimir todas las recetas si as\u00ed lo deseas, o puedes acceder a ellas desde cualquier dispositivo.<\/h5>\n<h2>Tengo problemas para realizar el pago. \u00bfQu\u00e9 hago?<\/h2>\n<h5>Si no puedes realizar el pago a trav\u00e9s de tarjeta de cr\u00e9dito o debito puedes hacerlo realizando un dep\u00f3sito eligiendo la opci\u00f3n de pago en efectivo, para algunos&nbsp;pa\u00edses&nbsp;ya esta disponible.&nbsp;<a href=\"https:\/\/payment.hotmart.com\/T56666391D?checkoutMode=10\">Haz click aqu\u00ed para generar tu ficha de pago.<\/a><\/h5>\n<h2>\u00bfLos precios que manejan en que moneda son?<\/h2>\n<h5>El precio aparece &nbsp;en la moneda de tu pa\u00eds de acuerdo al tipo de cambio del d\u00eda de hoy, puedes cambiar de moneda cambiando el pa\u00eds.<\/h5>\n<h2>\u00bfC\u00f3mo se cuando est\u00e1 activo el acceso al programa que compr\u00e9?<\/h2>\n<h5>En el momento en que tu pago es aprobado te llegar\u00e1 un mail con los datos de acceso, revisa la bandeja de spam y promociones.<\/h5>\n<h2>\u00bfLos ingredientes que se utilizan en las recetas son f\u00e1ciles de conseguir?<\/h2>\n<h5>El programa tiene una secci\u00f3n que se llama \u00bfD\u00f3nde comprar? hay opciones de tiendas en l\u00ednea en la Rep\u00fablica Mexicana y hay un archivo desplegable con la lista de ingredientes m\u00e1s comunes y en donde los puedes conseguir. Adicionalmente esta la secci\u00f3n de preguntas y respuestas, en caso de que no puedas conseguir alg\u00fan ingredientes, siempre existe la posibilidad de realizar alguna sustituci\u00f3n.<\/h5>\n<h2>\u00bfCu\u00e1les son los beneficios de tomar un curso de cocina en l\u00ednea?<\/h2>\n<h5>El m\u00e1s importante es que t\u00fa eliges el horario para verlo, puedes irte a trabajar, regresar y seguir viendo la clase, al momento de preparar puedes poner pausa y verificar todos los detalles de la receta. Ya no tienes que preocuparte por el translado, el costo de la gasolina, interrumpir actividades y a diferencia de una clase presencial puedes ver los videos todas las veces que los necesites desde la comodidad de tu cocina.<\/h5>\n<h2>\u00bfPuedo adquirir el programa aunque no cuente con tarjeta de cr\u00e9dito?<\/h2>\n<h5>Para algunos pa\u00edses esta disponible el pago en efectivo, puedes generar tu ficha de pago y realizar el pago el mismo d\u00eda porque tiene una fecha de vencimiento, recibir\u00e1s un correo al momento de aprobarse recibir\u00e1s un correo con los datos de acceso,<a href=\"https:\/\/payment.hotmart.com\/T56666391D?checkoutMode=10\">&nbsp;haciendo click aqu\u00ed elige la opci\u00f3n de pago en efectivo y completa tus datos.<\/a><\/h5>\n<p><a href=\"https:\/\/payment.hotmart.com\/T56666391D?checkoutMode=10&#038;hideBillet=1\" class=\"op3-background-ancestor\" target=\"_blank\" data-op-action=\"link\" data-op-popoverlay-trigger=\"none\" data-op-select-funnel-step=\"\" data-op-animation-trigger=\"none\" data-op-animation-style=\"\" data-op-animation-loop=\"0\" data-op-timer-minutes=\"0\" data-op-timer-seconds=\"0\" data-op3-smooth-scroll=\"\" data-op-effect-style=\"\" data-op-effect-style-hover=\"\" rel=\"noopener\">Si Quiero Empezar Hoy&nbsp;A Crear Reposter\u00eda Creativa<\/a><img loading=\"lazy\" decoding=\"async\" src=\"https:\/\/katiabrambila.net\/wp-content\/uploads\/2020\/06\/logo-1.png\" alt=\"\" title=\"logo-1\" width=\"537\" height=\"200\" data-op3-attachment-id=\"\" \/><\/p>\n<h5 style=\"\">Copyright 2018 &#8211; SweetPaleo.Todos Los Derechos Reservados&nbsp;Este sitio utiliza cookies propias y de terceros. Si continuas navegando, consideramos que aceptas su uso. M\u00e1s informaci\u00f3n en nuestro&nbsp;<a href=\"https:\/\/sweetpaleomiembros.com\/terminos-y-condiciones\" target=\"_parent\" rel=\"noopener noreferrer\" style=\"\">aviso de privacidad.&nbsp;<\/a>Puedes escribir a soporte@sweetpaleomx.com<\/h5>\n","protected":false},"excerpt":{"rendered":"<p>Salud, sabor y sonrisas es lo que tendr\u00e1n tus hijos despu\u00e9s de disfrutar estos&nbsp;deliciosos postres que los llenen de energ\u00eda&nbsp;&nbsp;sin &nbsp;conservadores, colorantes o saborizantes artificiales que afecten su salud. \u00bf Luchas todos los d\u00edas para que tus hijos coman frutas y verduras, te preocupa su alimentaci\u00f3n&nbsp;? Aqu\u00ed termina la batalla, los ni\u00f1os comer\u00e1n frutas y [&hellip;]<\/p>\n","protected":false},"author":22,"featured_media":0,"parent":0,"menu_order":0,"comment_status":"closed","ping_status":"closed","template":"op_builder_full_width","meta":{"footnotes":""},"class_list":["post-9259","page","type-page","status-publish","hentry"],"_links":{"self":[{"href":"https:\/\/katiabrambila.net\/index.php?rest_route=\/wp\/v2\/pages\/9259","targetHints":{"allow":["GET"]}}],"collection":[{"href":"https:\/\/katiabrambila.net\/index.php?rest_route=\/wp\/v2\/pages"}],"about":[{"href":"https:\/\/katiabrambila.net\/index.php?rest_route=\/wp\/v2\/types\/page"}],"author":[{"embeddable":true,"href":"https:\/\/katiabrambila.net\/index.php?rest_route=\/wp\/v2\/users\/22"}],"replies":[{"embeddable":true,"href":"https:\/\/katiabrambila.net\/index.php?rest_route=%2Fwp%2Fv2%2Fcomments&post=9259"}],"version-history":[{"count":0,"href":"https:\/\/katiabrambila.net\/index.php?rest_route=\/wp\/v2\/pages\/9259\/revisions"}],"wp:attachment":[{"href":"https:\/\/katiabrambila.net\/index.php?rest_route=%2Fwp%2Fv2%2Fmedia&parent=9259"}],"curies":[{"name":"wp","href":"https:\/\/api.w.org\/{rel}","templated":true}]}}