{"id":9403,"date":"2020-12-03T19:06:33","date_gmt":"2020-12-04T01:06:33","guid":{"rendered":"https:\/\/katiabrambila.net\/diabetes-cloned-at-2023-05-06-172307\/"},"modified":"2023-05-06T13:21:55","modified_gmt":"2023-05-06T18:21:55","slug":"graciasccocinasin-diabetes","status":"publish","type":"page","link":"https:\/\/katiabrambila.net\/?page_id=9403","title":{"rendered":"GRACIAS DIABETES"},"content":{"rendered":"<p><img loading=\"lazy\" decoding=\"async\" src=\"https:\/\/katiabrambila.net\/wp-content\/uploads\/2020\/06\/logo-1.png\" alt=\"\" title=\"logo-1\" width=\"537\" height=\"200\" data-op3-attachment-id=\"\" \/><\/p>\n<h2><\/h2>\n<h2><\/h2>\n<h2>Toca el bot\u00f3n, para que te unas al grupo de Facebook IMPORTANTE que respondas las preguntas para poder aceptarte.BUSCA EN TU BANDEJA DE CORREO SPAM O PROMOCIONES EL MAIL PARA GENERAR TU CONTRASE\u00d1A Y ACTIVAR TU ACCESO AL CURSO<\/h2>\n<p><a href=\"https:\/\/www.facebook.com\/groups\/660008142600837\" class=\"op3-background-ancestor\" target=\"_blank\" data-op-action=\"link\" data-op-popoverlay-trigger=\"none\" data-op-select-funnel-step=\"\" data-op-animation-trigger=\"none\" data-op-animation-style=\"\" data-op-animation-loop=\"0\" data-op-timer-minutes=\"0\" data-op-timer-seconds=\"0\" data-op3-smooth-scroll=\"0\" data-op-effect-style=\"rockingsmall\" data-op-effect-style-hover=\"\" rel=\"noopener\">\u00daNETE AL GRUPO DE FACEBOOK<\/a><\/p>\n<h2><a href=\"https:\/\/generales1.s3.us-west-1.amazonaws.com\/Summer+Bee-utiful+Pai.pdf\" target=\"_blank\" rel=\"noopener\">Descarga receta aqu\u00ed<\/a><\/h2>\n<p>MODULO 1 \u2013 BIENVENIDAMODULO 2 \u2013 INTRODUCCI\u00d3NMODULO 3 \u2013 INGREDIENTES Y PROCESOSMODULO 4 \u2013 RECETAS B\u00c1SICASMODULO 5 \u2013 POSTRES\u2022 Bolitas energ\u00e9ticas\u2022 Panqu\u00e9 de Zanahoria\u2022 Panqu\u00e9 de Nuez\u2022 Frosting de Caf\u00e9\u2022 Pastel de Chocolate\u2022 Tarta de Lim\u00f3n\u2022 Cheescake de Lim\u00f3n y Frambuesas\u2022 Pastel de Matcha y Frambuesas\u2022 Donas de Chocolate\u2022 Donas de Vainilla\u2022 Donas de Matcha\u2022 Frosting de Frutos Rojos\u2022 Tartaleta de Frutos Rojos\u2022 Rosca de Lim\u00f3n\u2022 Pastel de Tres LechesMODULO 6 \u2013 DELICIAS PARA CELEBRAR\u2022 Empanadas Caribe\u00f1as\u2022 Pan de Semillas\u2022 Quiche Low-Carb\u2022 Frituras de Vegetales con Crema de Coco al Curry\u2022 Pizza en Sart\u00e9n\u2022 Panquecas de Coco\u2022 Masa para Sopes y Tortillas Low-Carb&nbsp; &nbsp; &nbsp; &nbsp; &nbsp; &nbsp; &nbsp; &nbsp;&nbsp;&nbsp;MODULO 7 \u2013 SALSAS Y RELLENOS\u2022 Relleno de Vegetales\u2022 Relleno de Picadillo Cubano\u2022 Compota de Frutos Rojos\u2022 Chimichurri Argentino\u2022 Untable de Queso Crema de Almendras&nbsp;MODULO 8 \u2013 IDEAS Y COMBINACIONES&nbsp;MODULO 9 \u2013 EL ZEN DE LA REPOSTER\u00cdA<\/p>\n<h2>\u00bfQu\u00e9 pasa despu\u00e9s de tu inscripci\u00f3n?<\/h2>\n<h2>Recibir\u00e1s un correo de Hotmartclub con todos los datos para activar tu cuenta, busca en spam o promociones.<\/h2>\n<p><img loading=\"lazy\" decoding=\"async\" src=\"https:\/\/katiabrambila.net\/wp-content\/uploads\/2023\/05\/Captura-de-pantalla-2023-05-01-a-las-3.26.50-1024x560.png\" alt=\"\" title=\"Captura de pantalla 2023-05-01 a la(s) 3.26.50\" width=\"800\" height=\"438\" data-op3-attachment-id=\"9354\" \/><\/p>\n<h2>Escribe tu usuario: correo registrado y contrase\u00f1a creada.<\/h2>\n<p><img loading=\"lazy\" decoding=\"async\" src=\"https:\/\/katiabrambila.net\/wp-content\/uploads\/2023\/04\/MOCK-UP_DIABETES.png\" alt=\"\" title=\"MOCK UP_DIABETES\" width=\"940\" height=\"788\" data-op3-attachment-id=\"9283\" \/><\/p>\n<h2>Comienza a disfrutar el contenido y puedes tambi\u00e9n descargar una app en tu celular.<\/h2>\n<p><img loading=\"lazy\" decoding=\"async\" src=\"https:\/\/katiabrambila.net\/wp-content\/uploads\/2020\/06\/logo-1.png\" alt=\"\" title=\"logo-1\" width=\"537\" height=\"200\" data-op3-attachment-id=\"\" \/><\/p>\n<h5 style=\"\">Copyright 2018 &#8211; SweetPaleo.Todos Los Derechos Reservados&nbsp;Este sitio utiliza cookies propias y de terceros. Si continuas navegando, consideramos que aceptas su uso. M\u00e1s informaci\u00f3n en nuestro&nbsp;<a href=\"https:\/\/sweetpaleomiembros.com\/terminos-y-condiciones\" target=\"_parent\" rel=\"noopener noreferrer\" style=\"\">aviso de privacidad.&nbsp;<\/a>Puedes escribir a soporte@sweetpaleomx.com<\/h5>\n","protected":false},"excerpt":{"rendered":"<p>Toca el bot\u00f3n, para que te unas al grupo de Facebook IMPORTANTE que respondas las preguntas para poder aceptarte.BUSCA EN TU BANDEJA DE CORREO SPAM O PROMOCIONES EL MAIL PARA GENERAR TU CONTRASE\u00d1A Y ACTIVAR TU ACCESO AL CURSO \u00daNETE AL GRUPO DE FACEBOOK Descarga receta aqu\u00ed MODULO 1 \u2013 BIENVENIDAMODULO 2 \u2013 INTRODUCCI\u00d3NMODULO 3 [&hellip;]<\/p>\n","protected":false},"author":22,"featured_media":0,"parent":0,"menu_order":0,"comment_status":"closed","ping_status":"closed","template":"op_builder_full_width","meta":{"footnotes":""},"class_list":["post-9403","page","type-page","status-publish","hentry"],"_links":{"self":[{"href":"https:\/\/katiabrambila.net\/index.php?rest_route=\/wp\/v2\/pages\/9403","targetHints":{"allow":["GET"]}}],"collection":[{"href":"https:\/\/katiabrambila.net\/index.php?rest_route=\/wp\/v2\/pages"}],"about":[{"href":"https:\/\/katiabrambila.net\/index.php?rest_route=\/wp\/v2\/types\/page"}],"author":[{"embeddable":true,"href":"https:\/\/katiabrambila.net\/index.php?rest_route=\/wp\/v2\/users\/22"}],"replies":[{"embeddable":true,"href":"https:\/\/katiabrambila.net\/index.php?rest_route=%2Fwp%2Fv2%2Fcomments&post=9403"}],"version-history":[{"count":0,"href":"https:\/\/katiabrambila.net\/index.php?rest_route=\/wp\/v2\/pages\/9403\/revisions"}],"wp:attachment":[{"href":"https:\/\/katiabrambila.net\/index.php?rest_route=%2Fwp%2Fv2%2Fmedia&parent=9403"}],"curies":[{"name":"wp","href":"https:\/\/api.w.org\/{rel}","templated":true}]}}