{"id":9651,"date":"2020-12-03T19:06:33","date_gmt":"2020-12-04T01:06:33","guid":{"rendered":"https:\/\/katiabrambila.net\/cocina-sin-diabetes-cloned-at-2023-08-04-015348\/"},"modified":"2023-09-05T12:49:05","modified_gmt":"2023-09-05T17:49:05","slug":"postressinhorno","status":"publish","type":"page","link":"https:\/\/katiabrambila.net\/?page_id=9651","title":{"rendered":"Postres Sin Horno"},"content":{"rendered":"<h2>Ya no tienes pretexto, no necesitas un horno para preparar postres deliciosos y nutritivos&nbsp;<\/h2>\n<h2>$147 USD &nbsp;&#8211; &nbsp;34% DE DESCUENTO<\/h2>\n<h2>POR S\u00d3LO $97&nbsp;USD<\/h2>\n<h2>Toca del bot\u00f3n para ver el&nbsp; precio en tu moneda y las formas de pago&nbsp;<\/h2>\n<p><a href=\"https:\/\/pay.hotmart.com\/A85397924O?off=y6y00r0z&#038;checkoutMode=10\" class=\"op3-background-ancestor\" target=\"_blank\" data-op-action=\"link\" data-op-popoverlay-trigger=\"none\" data-op-select-funnel-step=\"\" data-op-animation-trigger=\"none\" data-op-animation-style=\"\" data-op-animation-loop=\"0\" data-op-timer-minutes=\"0\" data-op-timer-seconds=\"0\" data-op3-smooth-scroll=\"0\" data-op-effect-style=\"rockingsmall\" data-op-effect-style-hover=\"\" rel=\"noopener\">INSCRIBIRME AHORAPostres sin horno<\/a><img loading=\"lazy\" decoding=\"async\" src=\"https:\/\/katiabrambila.net\/wp-content\/uploads\/2020\/11\/Major-Credit-Card-Logo-PNG-Clipart.png\" alt=\"\" title=\"Major-Credit-Card-Logo-PNG-Clipart\" width=\"8552\" height=\"1190\" data-op3-attachment-id=\"\" \/><img loading=\"lazy\" decoding=\"async\" src=\"https:\/\/katiabrambila.net\/wp-content\/uploads\/2023\/08\/Diseno-sin-titulo-20.png\" alt=\"\" title=\"Dise\u00f1o sin t\u00edtulo-20\" width=\"300\" height=\"150\" data-op3-attachment-id=\"9671\" \/><\/p>\n<h2>\u00bfBuscas opciones saludables, f\u00e1ciles y r\u00e1pidas de hacer?<\/h2>\n<h2>Hoy puedes&nbsp;disfrutar POSTRES SIN HORNOsin az\u00facar refinada &#8211; sin lactosa &#8211; sin gluten<\/h2>\n<h2>Imagina aprender paso a paso, creando deliciosas tentacionesDELICIOSAS, NUTRITIVAS Y FRESCASque tu familia pueda disfrutar en un d\u00eda caluroso<\/h2>\n<h2>\u00a1DESDE LA COMODIDAD DE TU COCINA!<\/h2>\n<h2>Lleg\u00f3 la hora de disfrutar estos postres deliciosos y f\u00e1ciles de hacer<\/h2>\n<h2>Tendr\u00e1s acceso hoy mismo a los primeros m\u00f3dulos con&nbsp;&nbsp;recetas, videos paso a paso y asesor\u00eda personalizada.<\/h2>\n<p><img loading=\"lazy\" decoding=\"async\" src=\"https:\/\/katiabrambila.net\/wp-content\/uploads\/2023\/06\/16.png\" alt=\"\" title=\"16\" width=\"672\" height=\"672\" data-op3-attachment-id=\"9497\" \/><\/p>\n<h2>Acceso inmediato a todo el material grabado. No tienes que esperara una fecha&nbsp;espec\u00edfica, hoy mismo puedes comenzar.<\/h2>\n<p><img loading=\"lazy\" decoding=\"async\" src=\"https:\/\/katiabrambila.net\/wp-content\/uploads\/2023\/06\/17.png\" alt=\"\" title=\"17\" width=\"672\" height=\"672\" data-op3-attachment-id=\"9496\" \/><\/p>\n<h2>Acceso desde cualquier dispositivo a todo el contenido. Puedes consultar los ingredientes hasta en el supermercado.<\/h2>\n<p><img loading=\"lazy\" decoding=\"async\" src=\"https:\/\/katiabrambila.net\/wp-content\/uploads\/2023\/06\/18.png\" alt=\"\" title=\"18\" width=\"672\" height=\"672\" data-op3-attachment-id=\"9495\" \/><\/p>\n<h2>No est\u00e1s sola en esta aventura. Te acompa\u00f1aremos para resolver todas tus dudas como si estuviera en la cocina de tu casa.<\/h2>\n<p><img loading=\"lazy\" decoding=\"async\" src=\"https:\/\/katiabrambila.net\/wp-content\/uploads\/2023\/06\/19.png\" alt=\"\" title=\"19\" width=\"672\" height=\"672\" data-op3-attachment-id=\"9494\" \/><\/p>\n<h2>Si despu\u00e9s de hacer 3 postres no est\u00e1s convencida, tienes 7 d\u00edas de garant\u00eda donde puedes solicitar el reembolso de tu inversi\u00f3n.<\/h2>\n<h2>\u00a1Aprender\u00e1s a utilizar ingredientes saludables con los que podr\u00e1s elaborartartas, pasteles, flan, pays y mucho m\u00e1s!<\/h2>\n<h2><a href=\"https:\/\/generales1.s3.us-west-1.amazonaws.com\/Summer+Bee-utiful+Pai.pdf\" target=\"_blank\" rel=\"noopener\">Descarga receta aqu\u00ed<\/a><\/h2>\n<h2>$147&nbsp;USD &nbsp;&#8211; &nbsp;34% DE DESCUENTO<\/h2>\n<h2>POR S\u00d3LO $97 USD<\/h2>\n<h2>Toca del bot\u00f3n para ver el&nbsp; precio en tu moneda y las formas de pago&nbsp;<\/h2>\n<p><a href=\"https:\/\/pay.hotmart.com\/A85397924O?off=y6y00r0z&#038;checkoutMode=10\" class=\"op3-background-ancestor\" target=\"_blank\" data-op-action=\"link\" data-op-popoverlay-trigger=\"none\" data-op-select-funnel-step=\"\" data-op-animation-trigger=\"none\" data-op-animation-style=\"\" data-op-animation-loop=\"0\" data-op-timer-minutes=\"0\" data-op-timer-seconds=\"0\" data-op3-smooth-scroll=\"0\" data-op-effect-style=\"rockingsmall\" data-op-effect-style-hover=\"\" rel=\"noopener\">INSCRIBIRME AHORAPostres sin horno<\/a><img loading=\"lazy\" decoding=\"async\" src=\"https:\/\/katiabrambila.net\/wp-content\/uploads\/2020\/11\/Major-Credit-Card-Logo-PNG-Clipart.png\" alt=\"\" title=\"Major-Credit-Card-Logo-PNG-Clipart\" width=\"8552\" height=\"1190\" data-op3-attachment-id=\"\" \/><\/p>\n<h2>\u00bfQU\u00c9 APRENDER\u00c1S?<\/h2>\n<p><img loading=\"lazy\" decoding=\"async\" src=\"https:\/\/katiabrambila.net\/wp-content\/uploads\/2023\/08\/Captura-de-pantalla-2023-08-12-a-las-20.29.38.png\" alt=\"\" title=\"Captura de pantalla 2023-08-12 a la(s) 20.29.38\" width=\"890\" height=\"690\" data-op3-attachment-id=\"9682\" \/><img loading=\"lazy\" decoding=\"async\" src=\"https:\/\/katiabrambila.net\/wp-content\/uploads\/2023\/08\/Captura-de-pantalla-2023-08-12-a-las-20.02.31-1.png\" alt=\"\" title=\"Captura de pantalla 2023-08-12 a la(s) 20.02.31\" width=\"794\" height=\"1088\" data-op3-attachment-id=\"9677\" \/>MODULO 1 \u2013 BIENVENIDAMODULO 2 \u2013 INTRODUCCI\u00d3NMODULO 3 \u2013 INGREDIENTES Y PROCESOSMODULO 4 \u2013 RECETAS B\u00c1SICASMODULO 5 \u2013 POSTRES\u2022 Bolitas energ\u00e9ticas\u2022 Panqu\u00e9 de Zanahoria\u2022 Panqu\u00e9 de Nuez\u2022 Frosting de Caf\u00e9\u2022 Pastel de Chocolate\u2022 Tarta de Lim\u00f3n\u2022 Cheescake de Lim\u00f3n y Frambuesas\u2022 Pastel de Matcha y Frambuesas\u2022 Donas de Chocolate\u2022 Donas de Vainilla\u2022 Donas de Matcha\u2022 Frosting de Frutos Rojos\u2022 Tartaleta de Frutos Rojos\u2022 Rosca de Lim\u00f3n\u2022 Pastel de Tres LechesMODULO 6 \u2013 DELICIAS PARA CELEBRAR\u2022 Empanadas Caribe\u00f1as\u2022 Pan de Semillas\u2022 Quiche Low-Carb\u2022 Frituras de Vegetales con Crema de Coco al Curry\u2022 Pizza en Sart\u00e9n\u2022 Panquecas de Coco\u2022 Masa para Sopes y Tortillas Low-Carb&nbsp; &nbsp; &nbsp; &nbsp; &nbsp; &nbsp; &nbsp; &nbsp;&nbsp;&nbsp;MODULO 7 \u2013 SALSAS Y RELLENOS\u2022 Relleno de Vegetales\u2022 Relleno de Picadillo Cubano\u2022 Compota de Frutos Rojos\u2022 Chimichurri Argentino\u2022 Untable de Queso Crema de Almendras&nbsp;MODULO 8 \u2013 IDEAS Y COMBINACIONES&nbsp;MODULO 9 \u2013 EL ZEN DE LA REPOSTER\u00cdA<img loading=\"lazy\" decoding=\"async\" src=\"https:\/\/katiabrambila.net\/wp-content\/uploads\/2023\/08\/2.jpg\" alt=\"\" title=\"2\" width=\"1080\" height=\"1080\" data-op3-attachment-id=\"9670\" \/><\/p>\n<h2>GARANT\u00cdA DE 7 D\u00cdAS<\/h2>\n<h2>No corres ning\u00fan riesgo, tienes 7 d\u00edas de garant\u00eda para hacer 3 recetas y explorar el curso.<\/h2>\n<p><img loading=\"lazy\" decoding=\"async\" src=\"https:\/\/katiabrambila.net\/wp-content\/uploads\/2020\/11\/mb.png\" alt=\"\" title=\"mb\" width=\"627\" height=\"507\" data-op3-attachment-id=\"\" \/><img loading=\"lazy\" decoding=\"async\" src=\"https:\/\/katiabrambila.net\/wp-content\/uploads\/2023\/08\/Captura-de-pantalla-2023-08-12-a-las-20.40.34.png\" alt=\"\" title=\"Captura de pantalla 2023-08-12 a la(s) 20.40.34\" width=\"1028\" height=\"1024\" data-op3-attachment-id=\"9686\" \/><\/p>\n<h2>Curso impartido por:<\/h2>\n<p><img loading=\"lazy\" decoding=\"async\" src=\"https:\/\/katiabrambila.net\/wp-content\/uploads\/2023\/04\/katia2.png\" alt=\"\" title=\"katia2\" width=\"300\" height=\"382\" data-op3-attachment-id=\"1738\" \/><\/p>\n<h2>Katia Brambila<\/h2>\n<p>Emprendedora, esposa y madre de dos hijos, amante del chocolate y la vida saludable.<\/p>\n<p>Experta en reposter\u00eda sin az\u00facar, sin gluten y sin l\u00e1cteos, siempre he buscado transmitir la pasi\u00f3n que siento por la pasteler\u00eda utilizando ingredientes nutritivos logrando el balance perfecto de sabor y textura.<\/p>\n<p>Soy fundadora de Sweet Paleo y del Instituto Culinario Integral&nbsp;en la ciudad de Canc\u00fan, los cursos en l\u00ednea me han permitido capacitar a m\u00e1s de 22,000 alumnas en 72&nbsp;pa\u00edses y con el programa CREA tu negocio de postres saludables m\u00e1s de&nbsp;400 Chefs de coraz\u00f3n certificadas cumplen sus sue\u00f1os de emprender compartiendo con sus clientes dulces tentaciones que ayudan al bienestar de miles de familias en el mundo.<\/p>\n<h2>\u00bfQu\u00e9 pasa despu\u00e9s de tu inscripci\u00f3n?<\/h2>\n<h2>Recibir\u00e1s un correo de Hotmartclub con todos los datos para activar tu cuenta, busca en spam o promociones.<\/h2>\n<p><img loading=\"lazy\" decoding=\"async\" src=\"https:\/\/katiabrambila.net\/wp-content\/uploads\/2023\/08\/Captura-de-pantalla-2023-08-12-a-las-18.33.58.png\" alt=\"\" title=\"Captura de pantalla 2023-08-12 a la(s) 18.33.58\" width=\"2880\" height=\"1568\" data-op3-attachment-id=\"9666\" \/><\/p>\n<h2>Escribe tu usuario: correo registrado y contrase\u00f1a creada.<\/h2>\n<p><img loading=\"lazy\" decoding=\"async\" src=\"https:\/\/katiabrambila.net\/wp-content\/uploads\/2023\/08\/Diseno-sin-titulo-20.png\" alt=\"\" title=\"Dise\u00f1o sin t\u00edtulo-20\" width=\"1080\" height=\"800\" data-op3-attachment-id=\"9671\" \/><\/p>\n<h2>Comienza a disfrutar el contenido y puedes tambi\u00e9n descargar una app en tu celular.<\/h2>\n<p><a href=\"https:\/\/pay.hotmart.com\/A85397924O?off=y6y00r0z&#038;checkoutMode=10\" class=\"op3-background-ancestor\" target=\"_blank\" data-op-action=\"link\" data-op-popoverlay-trigger=\"none\" data-op-select-funnel-step=\"\" data-op-animation-trigger=\"none\" data-op-animation-style=\"\" data-op-animation-loop=\"0\" data-op-timer-minutes=\"0\" data-op-timer-seconds=\"0\" data-op3-smooth-scroll=\"0\" data-op-effect-style=\"rockingsmall\" data-op-effect-style-hover=\"\" rel=\"noopener\">INSCRIBIRME AHORAPostres sin horno<\/a><\/p>\n<h2>PREGUNTAS FRECUENTES<\/h2>\n<h2>\u00bfCu\u00e1ntas veces puedo ver el curso?<\/h2>\n<h5>Puedes verlos todas las veces que quieras, utilizando tu usuario y contrase\u00f1a.<\/h5>\n<h2>\u00bfPuedo descargar los videos?<\/h2>\n<h5>Puedes verlos todas las veces que quieras, utilizando tu usuario y contrase\u00f1a y tambi\u00e9n puedes verlos a\u00fan sin tener wifi siempre y cuando descargues en la app los videos.<\/h5>\n<h2>\u00bfPuedo descargar las recetas?<\/h2>\n<h5>Una vez comprado el programa podr\u00e1s descargar, guardar e imprimir todas las recetas si as\u00ed lo deseas, o puedes acceder a ellas desde cualquier dispositivo.<\/h5>\n<h2>Tengo problemas para realizar el pago. \u00bfQu\u00e9 hago?<\/h2>\n<h5>Si no puedes realizar el pago a trav\u00e9s de tarjeta de cr\u00e9dito o debito puedes hacerlo realizando un dep\u00f3sito eligiendo la opci\u00f3n de pago en efectivo, para algunos&nbsp;pa\u00edses&nbsp;ya esta disponible.&nbsp;<a href=\"https:\/\/pay.hotmart.com\/A85397924O?off=y6y00r0z&amp;checkoutMode=10&amp;_ga=2.28289338.702427049.1691793976-704331199.1690762468&amp;_gl=1*8l0okr*_ga*NzA0MzMxMTk5LjE2OTA3NjI0Njg.*_ga_1KS8YYTCDW*MTY5MTg5MDI0Ni4xNy4xLjE2OTE4OTA2MDEuMzkuMC4w\">Haz click aqu\u00ed para generar tu ficha de pago.<\/a><\/h5>\n<h2>\u00bfLos precios que manejan en que moneda son?<\/h2>\n<h5>El precio aparece &nbsp;en la moneda de tu pa\u00eds de acuerdo al tipo de cambio del d\u00eda de hoy, puedes cambiar de moneda cambiando el pa\u00eds.<\/h5>\n<h2>\u00bfC\u00f3mo se cuando est\u00e1 activo el acceso al programa que compr\u00e9?<\/h2>\n<h5>En el momento en que tu pago es aprobado te llegar\u00e1 un mail con los datos de acceso, revisa la bandeja de spam y promociones.<\/h5>\n<h2>\u00bfLos ingredientes que se utilizan en las recetas son f\u00e1ciles de conseguir?<\/h2>\n<h5>El programa tiene una secci\u00f3n que se llama \u00bfD\u00f3nde comprar? hay opciones de tiendas en l\u00ednea en la Rep\u00fablica Mexicana y hay un archivo desplegable con la lista de ingredientes m\u00e1s comunes y en donde los puedes conseguir. Adicionalmente esta la secci\u00f3n de preguntas y respuestas, en caso de que no puedas conseguir alg\u00fan ingredientes, siempre existe la posibilidad de realizar alguna sustituci\u00f3n.<\/h5>\n<h2>\u00bfCu\u00e1les son los beneficios de tomar un curso de cocina en l\u00ednea?<\/h2>\n<h5>El m\u00e1s importante es que t\u00fa eliges el horario para verlo, puedes irte a trabajar, regresar y seguir viendo la clase, al momento de preparar puedes poner pausa y verificar todos los detalles de la receta. Ya no tienes que preocuparte por el translado, el costo de la gasolina, interrumpir actividades y a diferencia de una clase presencial puedes ver los videos todas las veces que los necesites desde la comodidad de tu cocina.<\/h5>\n<h2>\u00bfPuedo adquirir el programa aunque no cuente con tarjeta de cr\u00e9dito?<\/h2>\n<h5>Para algunos pa\u00edses esta disponible el pago en efectivo, puedes generar tu ficha de pago y realizar el pago el mismo d\u00eda porque tiene una fecha de vencimiento, recibir\u00e1s un correo al momento de aprobarse recibir\u00e1s un correo con los datos de acceso,<a href=\"https:\/\/pay.hotmart.com\/A85397924O?off=y6y00r0z&amp;checkoutMode=10&amp;_ga=2.28289338.702427049.1691793976-704331199.1690762468&amp;_gl=1*8l0okr*_ga*NzA0MzMxMTk5LjE2OTA3NjI0Njg.*_ga_1KS8YYTCDW*MTY5MTg5MDI0Ni4xNy4xLjE2OTE4OTA2MDEuMzkuMC4w\">&nbsp;haciendo click aqu\u00ed elige la opci\u00f3n de pago en efectivo y completa tus datos.<\/a><\/h5>\n<p><a href=\"https:\/\/pay.hotmart.com\/A85397924O?off=y6y00r0z&#038;checkoutMode=10&#038;_gl=1*1oyk92w*_ga*NzA0MzMxMTk5LjE2OTA3NjI0Njg.*_ga_1KS8YYTCDW*MTY5MjE2MDkwOS4yMi4xLjE2OTIxNjA5OTAuNjAuMC4w&#038;_ga=2.19225400.1458173456.1692158917-704331199.1690762468\" class=\"op3-background-ancestor\" target=\"_blank\" data-op-action=\"link\" data-op-popoverlay-trigger=\"none\" data-op-select-funnel-step=\"\" data-op-animation-trigger=\"none\" data-op-animation-style=\"\" data-op-animation-loop=\"0\" data-op-timer-minutes=\"0\" data-op-timer-seconds=\"0\" data-op3-smooth-scroll=\"0\" data-op-effect-style=\"rockingsmall\" data-op-effect-style-hover=\"\" rel=\"noopener\">INSCRIBIRME AHORAPostres sin horno<\/a><img loading=\"lazy\" decoding=\"async\" src=\"https:\/\/katiabrambila.net\/wp-content\/uploads\/2020\/06\/logo-1.png\" alt=\"\" title=\"logo-1\" width=\"537\" height=\"200\" data-op3-attachment-id=\"\" \/><\/p>\n<h5 style=\"\">Copyright 2018 &#8211; SweetPaleo.Todos Los Derechos Reservados&nbsp;Este sitio utiliza cookies propias y de terceros. Si continuas navegando, consideramos que aceptas su uso. M\u00e1s informaci\u00f3n en nuestro&nbsp;<a href=\"https:\/\/sweetpaleomiembros.com\/terminos-y-condiciones\" target=\"_parent\" rel=\"noopener noreferrer\" style=\"\">aviso de privacidad.&nbsp;<\/a>Puedes escribir a soporte@sweetpaleomx.com<\/h5>\n","protected":false},"excerpt":{"rendered":"<p>Ya no tienes pretexto, no necesitas un horno para preparar postres deliciosos y nutritivos&nbsp; $147 USD &nbsp;&#8211; &nbsp;34% DE DESCUENTO POR S\u00d3LO $97&nbsp;USD Toca del bot\u00f3n para ver el&nbsp; precio en tu moneda y las formas de pago&nbsp; INSCRIBIRME AHORAPostres sin horno \u00bfBuscas opciones saludables, f\u00e1ciles y r\u00e1pidas de hacer? Hoy puedes&nbsp;disfrutar POSTRES SIN HORNOsin [&hellip;]<\/p>\n","protected":false},"author":22,"featured_media":9682,"parent":0,"menu_order":0,"comment_status":"closed","ping_status":"closed","template":"op_builder_full_width","meta":{"footnotes":""},"class_list":["post-9651","page","type-page","status-publish","has-post-thumbnail","hentry"],"_links":{"self":[{"href":"https:\/\/katiabrambila.net\/index.php?rest_route=\/wp\/v2\/pages\/9651","targetHints":{"allow":["GET"]}}],"collection":[{"href":"https:\/\/katiabrambila.net\/index.php?rest_route=\/wp\/v2\/pages"}],"about":[{"href":"https:\/\/katiabrambila.net\/index.php?rest_route=\/wp\/v2\/types\/page"}],"author":[{"embeddable":true,"href":"https:\/\/katiabrambila.net\/index.php?rest_route=\/wp\/v2\/users\/22"}],"replies":[{"embeddable":true,"href":"https:\/\/katiabrambila.net\/index.php?rest_route=%2Fwp%2Fv2%2Fcomments&post=9651"}],"version-history":[{"count":0,"href":"https:\/\/katiabrambila.net\/index.php?rest_route=\/wp\/v2\/pages\/9651\/revisions"}],"wp:featuredmedia":[{"embeddable":true,"href":"https:\/\/katiabrambila.net\/index.php?rest_route=\/wp\/v2\/media\/9682"}],"wp:attachment":[{"href":"https:\/\/katiabrambila.net\/index.php?rest_route=%2Fwp%2Fv2%2Fmedia&parent=9651"}],"curies":[{"name":"wp","href":"https:\/\/api.w.org\/{rel}","templated":true}]}}