{"id":9832,"date":"2020-06-10T03:55:08","date_gmt":"2020-06-10T03:55:08","guid":{"rendered":"https:\/\/katiabrambila.net\/programas-online-cloned-at-2024-02-02-184712\/"},"modified":"2024-02-02T12:54:12","modified_gmt":"2024-02-02T18:54:12","slug":"programasonlinechefsdecorazon","status":"publish","type":"page","link":"https:\/\/katiabrambila.net\/?page_id=9832","title":{"rendered":"Programas Online Chef\u00b4s de Coraz\u00f3n"},"content":{"rendered":"<p><img loading=\"lazy\" decoding=\"async\" src=\"https:\/\/katiabrambila.net\/wp-content\/uploads\/2020\/06\/LOGO.png\" alt=\"\" title=\"LOGO\" width=\"537\" height=\"200\" data-op3-attachment-id=\"\" \/><div id=\"op3-element-pgpUksCS\" class=\"op3-element \" data-op3-uuid=\"pgpUksCS\" data-op3-gid=\"\" data-op3-element-type=\"treemenu\" data-op3-element-spec=\"\" data-op3-element-caption=\"WP Menu #pgpUksCS\" data-op-visibility-hidden=\"0\" data-op-element-hidden=\"0\" data-op3-style-id=\"\" data-op3-has-children=\"1\"><div class=\"op3-treemenu-content op3-background-parent\" data-op3-stack-columns-desktop=\"0\" data-op3-stack-columns-tablet=\"1\" data-op3-stack-columns-mobile=\"1\" data-op3-autosize-columns=\"0\" data-op3-menu-name=\"2\" data-op-animation=\"0\"><a class=\"op3-hamburger\" href=\"#\" data-op3-treemenu-styling=\"right\"><i class=\"op3-icon op3-icon-menu-34-2\" data-op3-icon=\"op3-icon-menu-34-2\"><svg class=\"op3-icon-svg\" width=\"1em\" height=\"1em\"><use href=\"https:\/\/katiabrambila.net\/wp-content\/plugins\/op-builder\/public\/assets\/cache\/page-9832.svg?ver=1706900052#op3-icons-menu-34-2\" \/><\/svg><\/i><span class=\"op3-text\">Menu<\/span><\/a><a class=\"op3-hamburger-close\" href=\"#\"><i class=\"op3-icon op3-icon-simple-remove-2\" data-op3-icon=\"\"><svg class=\"op3-icon-svg\" width=\"1em\" height=\"1em\"><use href=\"https:\/\/katiabrambila.net\/wp-content\/plugins\/op-builder\/public\/assets\/cache\/page-9832.svg?ver=1706900052#op3-icons-simple-remove-2\" \/><\/svg><\/i><span class=\"op3-text\">Close<\/span><\/a><div data-op3-children=\"6\"><div id=\"op3-element-ViaHMuA2\" class=\"op3-element \" data-op3-uuid=\"ViaHMuA2\" data-op3-gid=\"\" data-op3-element-type=\"treemenuitem\" data-op3-element-spec=\"treemenuitemlvl1\" data-op3-element-caption=\"Menu Item #ViaHMuA2\" data-op-visibility-hidden=\"0\" data-op-element-hidden=\"0\" data-op3-style-id=\"\" data-op3-has-children=\"0\" data-op3-width-auto-toggle><div class=\"op3-treemenuitem-content op3-background-parent\" data-op3-menu-item-id=\"\"><a class=\"op3-treemenuitem-link\" href=\"https:\/\/katiabrambila.net\/\" target=\"_self\"><i class=\"op3-icon op3-icon-link-71-1\" data-op3-icon=\"op3-icon-link-71-1\"><svg class=\"op3-icon-svg\" width=\"1em\" height=\"1em\"><use href=\"https:\/\/katiabrambila.net\/wp-content\/plugins\/op-builder\/public\/assets\/cache\/page-9832.svg?ver=1706900052#op3-icons-link-71-1\" \/><\/svg><\/i><span class=\"op3-text\">Home<\/span><i class=\"op3-dropdown-icon op3-icon-small-down\"><svg class=\"op3-icon-svg\" width=\"1em\" height=\"1em\"><use href=\"https:\/\/katiabrambila.net\/wp-content\/plugins\/op-builder\/public\/assets\/cache\/page-9832.svg?ver=1706900052#op3-icons-small-down\" \/><\/svg><\/i><\/a><div class=\"op3-treemenuitem-children-content op3-background-parent\"><div data-op3-children=\"0\"><\/div><div class=\"op3-triangle\"><div class=\"op3-triangle-ratio\"><div class=\"op3-triangle-wrapper\"><\/div><\/div><\/div><div data-op3-background=\"childwrap\"><\/div><\/div><div data-op3-background=\"base\"><\/div><\/div><\/div><div id=\"op3-element-POHV5U3k\" class=\"op3-element \" data-op3-uuid=\"POHV5U3k\" data-op3-gid=\"\" data-op3-element-type=\"treemenuitem\" data-op3-element-spec=\"treemenuitemlvl1\" data-op3-element-caption=\"Menu Item #POHV5U3k\" data-op-visibility-hidden=\"0\" data-op-element-hidden=\"0\" data-op3-style-id=\"\" data-op3-has-children=\"0\" data-op3-width-auto-toggle><div class=\"op3-treemenuitem-content op3-background-parent\" data-op3-menu-item-id=\"\"><a class=\"op3-treemenuitem-link\" href=\"https:\/\/katiabrambila.net\/?page_id=89\" target=\"_self\"><i class=\"op3-icon op3-icon-link-71-1\" data-op3-icon=\"op3-icon-link-71-1\"><svg class=\"op3-icon-svg\" width=\"1em\" height=\"1em\"><use href=\"https:\/\/katiabrambila.net\/wp-content\/plugins\/op-builder\/public\/assets\/cache\/page-9832.svg?ver=1706900052#op3-icons-link-71-1\" \/><\/svg><\/i><span class=\"op3-text\">Acerca De<\/span><i class=\"op3-dropdown-icon op3-icon-small-down\"><svg class=\"op3-icon-svg\" width=\"1em\" height=\"1em\"><use href=\"https:\/\/katiabrambila.net\/wp-content\/plugins\/op-builder\/public\/assets\/cache\/page-9832.svg?ver=1706900052#op3-icons-small-down\" \/><\/svg><\/i><\/a><div class=\"op3-treemenuitem-children-content op3-background-parent\"><div data-op3-children=\"0\"><\/div><div class=\"op3-triangle\"><div class=\"op3-triangle-ratio\"><div class=\"op3-triangle-wrapper\"><\/div><\/div><\/div><div data-op3-background=\"childwrap\"><\/div><\/div><div data-op3-background=\"base\"><\/div><\/div><\/div><div id=\"op3-element-43qbXTTv\" class=\"op3-element \" data-op3-uuid=\"43qbXTTv\" data-op3-gid=\"\" data-op3-element-type=\"treemenuitem\" data-op3-element-spec=\"treemenuitemlvl1\" data-op3-element-caption=\"Menu Item #43qbXTTv\" data-op-visibility-hidden=\"0\" data-op-element-hidden=\"0\" data-op3-style-id=\"\" data-op3-has-children=\"0\" data-op3-width-auto-toggle><div class=\"op3-treemenuitem-content op3-background-parent\" data-op3-menu-item-id=\"\"><a class=\"op3-treemenuitem-link\" href=\"https:\/\/katiabrambila.net\/?page_id=272\" target=\"_self\"><i class=\"op3-icon op3-icon-link-71-1\" data-op3-icon=\"op3-icon-link-71-1\"><svg class=\"op3-icon-svg\" width=\"1em\" height=\"1em\"><use href=\"https:\/\/katiabrambila.net\/wp-content\/plugins\/op-builder\/public\/assets\/cache\/page-9832.svg?ver=1706900052#op3-icons-link-71-1\" \/><\/svg><\/i><span class=\"op3-text\">Programas Online<\/span><i class=\"op3-dropdown-icon op3-icon-small-down\"><svg class=\"op3-icon-svg\" width=\"1em\" height=\"1em\"><use href=\"https:\/\/katiabrambila.net\/wp-content\/plugins\/op-builder\/public\/assets\/cache\/page-9832.svg?ver=1706900052#op3-icons-small-down\" \/><\/svg><\/i><\/a><div class=\"op3-treemenuitem-children-content op3-background-parent\"><div data-op3-children=\"0\"><\/div><div class=\"op3-triangle\"><div class=\"op3-triangle-ratio\"><div class=\"op3-triangle-wrapper\"><\/div><\/div><\/div><div data-op3-background=\"childwrap\"><\/div><\/div><div data-op3-background=\"base\"><\/div><\/div><\/div><div id=\"op3-element-ynSSqR2q\" class=\"op3-element \" data-op3-uuid=\"ynSSqR2q\" data-op3-gid=\"\" data-op3-element-type=\"treemenuitem\" data-op3-element-spec=\"treemenuitemlvl1\" data-op3-element-caption=\"Menu Item #ynSSqR2q\" data-op-visibility-hidden=\"0\" data-op-element-hidden=\"0\" data-op3-style-id=\"\" data-op3-has-children=\"0\" data-op3-width-auto-toggle><div class=\"op3-treemenuitem-content op3-background-parent\" data-op3-menu-item-id=\"\"><a class=\"op3-treemenuitem-link\" href=\"https:\/\/katiabrambila.net\/?page_id=205\" target=\"_self\"><i class=\"op3-icon op3-icon-link-71-1\" data-op3-icon=\"op3-icon-link-71-1\"><svg class=\"op3-icon-svg\" width=\"1em\" height=\"1em\"><use href=\"https:\/\/katiabrambila.net\/wp-content\/plugins\/op-builder\/public\/assets\/cache\/page-9832.svg?ver=1706900052#op3-icons-link-71-1\" \/><\/svg><\/i><span class=\"op3-text\">Dulces Historias<\/span><i class=\"op3-dropdown-icon op3-icon-small-down\"><svg class=\"op3-icon-svg\" width=\"1em\" height=\"1em\"><use href=\"https:\/\/katiabrambila.net\/wp-content\/plugins\/op-builder\/public\/assets\/cache\/page-9832.svg?ver=1706900052#op3-icons-small-down\" \/><\/svg><\/i><\/a><div class=\"op3-treemenuitem-children-content op3-background-parent\"><div data-op3-children=\"0\"><\/div><div class=\"op3-triangle\"><div class=\"op3-triangle-ratio\"><div class=\"op3-triangle-wrapper\"><\/div><\/div><\/div><div data-op3-background=\"childwrap\"><\/div><\/div><div data-op3-background=\"base\"><\/div><\/div><\/div><div id=\"op3-element-rPq7io3J\" class=\"op3-element \" data-op3-uuid=\"rPq7io3J\" data-op3-gid=\"\" data-op3-element-type=\"treemenuitem\" data-op3-element-spec=\"treemenuitemlvl1\" data-op3-element-caption=\"Menu Item #rPq7io3J\" data-op-visibility-hidden=\"0\" data-op-element-hidden=\"0\" data-op3-style-id=\"\" data-op3-has-children=\"1\" data-op3-width-auto-toggle><div class=\"op3-treemenuitem-content op3-background-parent\" data-op3-menu-item-id=\"\"><a class=\"op3-treemenuitem-link\" href=\"https:\/\/katiabrambila.net\/?page_id=228\" target=\"_self\"><i class=\"op3-icon op3-icon-link-71-1\" data-op3-icon=\"op3-icon-link-71-1\"><svg class=\"op3-icon-svg\" width=\"1em\" height=\"1em\"><use href=\"https:\/\/katiabrambila.net\/wp-content\/plugins\/op-builder\/public\/assets\/cache\/page-9832.svg?ver=1706900052#op3-icons-link-71-1\" \/><\/svg><\/i><span class=\"op3-text\">Trabaja Conmigo<\/span><i class=\"op3-dropdown-icon op3-icon-small-down\"><svg class=\"op3-icon-svg\" width=\"1em\" height=\"1em\"><use href=\"https:\/\/katiabrambila.net\/wp-content\/plugins\/op-builder\/public\/assets\/cache\/page-9832.svg?ver=1706900052#op3-icons-small-down\" \/><\/svg><\/i><\/a><div class=\"op3-treemenuitem-children-content op3-background-parent\"><div data-op3-children=\"3\"><div id=\"op3-element-0odKt49f\" class=\"op3-element \" data-op3-uuid=\"0odKt49f\" data-op3-gid=\"\" data-op3-element-type=\"treemenuitem\" data-op3-element-spec=\"treemenuitemlvl2\" data-op3-element-caption=\"Menu Item #0odKt49f\" data-op-visibility-hidden=\"0\" data-op-element-hidden=\"0\" data-op3-style-id=\"\" data-op3-has-children=\"0\" data-op3-width-auto-toggle><div class=\"op3-treemenuitem-content op3-background-parent\" data-op3-menu-item-id=\"\"><a class=\"op3-treemenuitem-link\" href=\"https:\/\/katiabrambila.net\/?page_id=256\" target=\"_self\"><i class=\"op3-icon op3-icon-link-71-1\" data-op3-icon=\"op3-icon-link-71-1\"><svg class=\"op3-icon-svg\" width=\"1em\" height=\"1em\"><use href=\"https:\/\/katiabrambila.net\/wp-content\/plugins\/op-builder\/public\/assets\/cache\/page-9832.svg?ver=1706900052#op3-icons-link-71-1\" \/><\/svg><\/i><span class=\"op3-text\">Embajadora Marca<\/span><i class=\"op3-dropdown-icon op3-icon-small-down\"><svg class=\"op3-icon-svg\" width=\"1em\" height=\"1em\"><use href=\"https:\/\/katiabrambila.net\/wp-content\/plugins\/op-builder\/public\/assets\/cache\/page-9832.svg?ver=1706900052#op3-icons-small-down\" \/><\/svg><\/i><\/a><div class=\"op3-treemenuitem-children-content op3-background-parent\"><div data-op3-children=\"0\"><\/div><div class=\"op3-triangle\"><div class=\"op3-triangle-ratio\"><div class=\"op3-triangle-wrapper\"><\/div><\/div><\/div><div data-op3-background=\"childwrap\"><\/div><\/div><div data-op3-background=\"base\"><\/div><\/div><\/div><div id=\"op3-element-XCmwXdjA\" class=\"op3-element \" data-op3-uuid=\"XCmwXdjA\" data-op3-gid=\"\" data-op3-element-type=\"treemenuitem\" data-op3-element-spec=\"treemenuitemlvl2\" data-op3-element-caption=\"Menu Item #XCmwXdjA\" data-op-visibility-hidden=\"0\" data-op-element-hidden=\"0\" data-op3-style-id=\"\" data-op3-has-children=\"0\" data-op3-width-auto-toggle><div class=\"op3-treemenuitem-content op3-background-parent\" data-op3-menu-item-id=\"\"><a class=\"op3-treemenuitem-link\" href=\"https:\/\/katiabrambila.net\/?page_id=263\" target=\"_self\"><i class=\"op3-icon op3-icon-link-71-1\" data-op3-icon=\"op3-icon-link-71-1\"><svg class=\"op3-icon-svg\" width=\"1em\" height=\"1em\"><use href=\"https:\/\/katiabrambila.net\/wp-content\/plugins\/op-builder\/public\/assets\/cache\/page-9832.svg?ver=1706900052#op3-icons-link-71-1\" \/><\/svg><\/i><span class=\"op3-text\">Entrevistas<\/span><i class=\"op3-dropdown-icon op3-icon-small-down\"><svg class=\"op3-icon-svg\" width=\"1em\" height=\"1em\"><use href=\"https:\/\/katiabrambila.net\/wp-content\/plugins\/op-builder\/public\/assets\/cache\/page-9832.svg?ver=1706900052#op3-icons-small-down\" \/><\/svg><\/i><\/a><div class=\"op3-treemenuitem-children-content op3-background-parent\"><div data-op3-children=\"0\"><\/div><div class=\"op3-triangle\"><div class=\"op3-triangle-ratio\"><div class=\"op3-triangle-wrapper\"><\/div><\/div><\/div><div data-op3-background=\"childwrap\"><\/div><\/div><div data-op3-background=\"base\"><\/div><\/div><\/div><div id=\"op3-element-YrbXy49C\" class=\"op3-element \" data-op3-uuid=\"YrbXy49C\" data-op3-gid=\"\" data-op3-element-type=\"treemenuitem\" data-op3-element-spec=\"treemenuitemlvl2\" data-op3-element-caption=\"Menu Item #YrbXy49C\" data-op-visibility-hidden=\"0\" data-op-element-hidden=\"0\" data-op3-style-id=\"\" data-op3-has-children=\"0\" data-op3-width-auto-toggle><div class=\"op3-treemenuitem-content op3-background-parent\" data-op3-menu-item-id=\"\"><a class=\"op3-treemenuitem-link\" href=\"https:\/\/katiabrambila.net\/?page_id=445\" target=\"_self\"><i class=\"op3-icon op3-icon-link-71-1\" data-op3-icon=\"op3-icon-link-71-1\"><svg class=\"op3-icon-svg\" width=\"1em\" height=\"1em\"><use href=\"https:\/\/katiabrambila.net\/wp-content\/plugins\/op-builder\/public\/assets\/cache\/page-9832.svg?ver=1706900052#op3-icons-link-71-1\" \/><\/svg><\/i><span class=\"op3-text\">Afiliados<\/span><i class=\"op3-dropdown-icon op3-icon-small-down\"><svg class=\"op3-icon-svg\" width=\"1em\" height=\"1em\"><use href=\"https:\/\/katiabrambila.net\/wp-content\/plugins\/op-builder\/public\/assets\/cache\/page-9832.svg?ver=1706900052#op3-icons-small-down\" \/><\/svg><\/i><\/a><div class=\"op3-treemenuitem-children-content op3-background-parent\"><div data-op3-children=\"0\"><\/div><div class=\"op3-triangle\"><div class=\"op3-triangle-ratio\"><div class=\"op3-triangle-wrapper\"><\/div><\/div><\/div><div data-op3-background=\"childwrap\"><\/div><\/div><div data-op3-background=\"base\"><\/div><\/div><\/div><\/div><div class=\"op3-triangle\"><div class=\"op3-triangle-ratio\"><div class=\"op3-triangle-wrapper\"><\/div><\/div><\/div><div data-op3-background=\"childwrap\"><\/div><\/div><div data-op3-background=\"base\"><\/div><\/div><\/div><div id=\"op3-element-bIjyhU7f\" class=\"op3-element \" data-op3-uuid=\"bIjyhU7f\" data-op3-gid=\"\" data-op3-element-type=\"treemenuitem\" data-op3-element-spec=\"treemenuitemlvl1\" data-op3-element-caption=\"Menu Item #bIjyhU7f\" data-op-visibility-hidden=\"0\" data-op-element-hidden=\"0\" data-op3-style-id=\"\" data-op3-has-children=\"0\" data-op3-width-auto-toggle><div class=\"op3-treemenuitem-content op3-background-parent\" data-op3-menu-item-id=\"\"><a class=\"op3-treemenuitem-link\" href=\"https:\/\/katiabrambila.net\/alumna-links\/\" target=\"_self\"><i class=\"op3-icon op3-icon-link-71-1\" data-op3-icon=\"op3-icon-link-71-1\"><svg class=\"op3-icon-svg\" width=\"1em\" height=\"1em\"><use href=\"https:\/\/katiabrambila.net\/wp-content\/plugins\/op-builder\/public\/assets\/cache\/page-9832.svg?ver=1706900052#op3-icons-link-71-1\" \/><\/svg><\/i><span class=\"op3-text\">Alumnas<\/span><i class=\"op3-dropdown-icon op3-icon-small-down\"><svg class=\"op3-icon-svg\" width=\"1em\" height=\"1em\"><use href=\"https:\/\/katiabrambila.net\/wp-content\/plugins\/op-builder\/public\/assets\/cache\/page-9832.svg?ver=1706900052#op3-icons-small-down\" \/><\/svg><\/i><\/a><div class=\"op3-treemenuitem-children-content op3-background-parent\"><div data-op3-children=\"0\"><\/div><div class=\"op3-triangle\"><div class=\"op3-triangle-ratio\"><div class=\"op3-triangle-wrapper\"><\/div><\/div><\/div><div data-op3-background=\"childwrap\"><\/div><\/div><div data-op3-background=\"base\"><\/div><\/div><\/div><\/div><div class=\"op3-triangle\"><div class=\"op3-triangle-ratio\"><div class=\"op3-triangle-wrapper\"><\/div><\/div><\/div><\/div><\/div><\/p>\n<h2>Descubre los programas en colaboraci\u00f3n que tenemos en l\u00ednea<\/h2>\n<h2>Con las Chefs de Coraz\u00f3n<\/h2>\n<p><img loading=\"lazy\" decoding=\"async\" src=\"https:\/\/katiabrambila.net\/wp-content\/uploads\/2023\/04\/MOCK-UP_DIABETES.png\" alt=\"\" title=\"MOCK UP_DIABETES\" width=\"940\" height=\"788\" data-op3-attachment-id=\"9283\" \/><\/p>\n<h2>Cocina Sin diabetes<\/h2>\n<h2>Sorprende a tus invitados en estas fiestas con postres que los llenen de energ\u00eda y cuiden su salud y su figura.<\/h2>\n<p><a href=\"https:\/\/katiabrambila.net\/diabetes\/\" class=\"op3-background-ancestor\" target=\"_self\" data-op-action=\"link\" data-op-popoverlay-trigger=\"none\" data-op-select-funnel-step=\"\" data-op-animation-trigger=\"none\" data-op-animation-style=\"\" data-op-animation-loop=\"0\" data-op-timer-minutes=\"0\" data-op-timer-seconds=\"0\" data-op3-smooth-scroll=\"\" data-op-effect-style=\"\" data-op-effect-style-hover=\"\" rel=\"noopener\">S\u00cd, Quiero Conocer M\u00e1s<\/a><img loading=\"lazy\" decoding=\"async\" src=\"https:\/\/katiabrambila.net\/wp-content\/uploads\/2020\/06\/Captura-de-Pantalla-2019-11-12-a-la-s-9.56.49.png\" alt=\"\" title=\"Captura-de-Pantalla-2019-11-12-a-la-s-9.56.49\" width=\"1400\" height=\"850\" data-op3-attachment-id=\"\" \/><\/p>\n<h2>Dulce navidad<\/h2>\n<h2>Expande tu creatividad utilizando ingredientes saludables para lograr decoraciones sorprendentes.<\/h2>\n<p><a href=\"https:\/\/katiabrambila.com\/navidadsaludable\/\" class=\"op3-background-ancestor\" target=\"_self\" data-op-action=\"link\" data-op-popoverlay-trigger=\"none\" data-op-select-funnel-step=\"\" data-op-animation-trigger=\"none\" data-op-animation-style=\"\" data-op-animation-loop=\"0\" data-op-timer-minutes=\"0\" data-op-timer-seconds=\"0\" data-op3-smooth-scroll=\"\" data-op-effect-style=\"\" data-op-effect-style-hover=\"\" rel=\"noopener\">S\u00cd, Quiero Conocer M\u00e1s<\/a><img loading=\"lazy\" decoding=\"async\" src=\"https:\/\/katiabrambila.net\/wp-content\/uploads\/2023\/07\/Captura-de-pantalla-2023-07-20-a-las-22.13.33.png\" alt=\"\" title=\"Captura de pantalla 2023-07-20 a la(s) 22.13.33\" width=\"1558\" height=\"874\" data-op3-attachment-id=\"9544\" \/><\/p>\n<h2>Delicias Cl\u00e1sicas<\/h2>\n<h2>\u201cEl arte del buen gusto&#8230; Postres deliciosos hechos con amor para una vida saludable\u201d<\/h2>\n<p><a href=\"https:\/\/katiabrambila.net\/deliciasclasicas\/\" class=\"op3-background-ancestor\" target=\"_self\" data-op-action=\"link\" data-op-popoverlay-trigger=\"none\" data-op-select-funnel-step=\"\" data-op-animation-trigger=\"none\" data-op-animation-style=\"\" data-op-animation-loop=\"0\" data-op-timer-minutes=\"0\" data-op-timer-seconds=\"0\" data-op3-smooth-scroll=\"0\" data-op-effect-style=\"\" data-op-effect-style-hover=\"\" rel=\"noopener\">S\u00cd, Quiero Conocer M\u00e1s<\/a><img loading=\"lazy\" decoding=\"async\" src=\"https:\/\/katiabrambila.net\/wp-content\/uploads\/2022\/11\/WEB_DELICIAS-SALADAS_1-1024x576.jpg\" alt=\"\" title=\"WEB_DELICIAS SALADAS_1\" width=\"800\" height=\"450\" data-op3-attachment-id=\"9018\" \/><\/p>\n<h2>Delicias Cl\u00e1sicas Saladas<\/h2>\n<h2>Sabor y delicias&nbsp; saladas que se podr\u00e1n degustar en tu paladar<\/h2>\n<p><a href=\"https:\/\/katiabrambila.net\/deliciasclasicassaladas\/\" class=\"op3-background-ancestor\" target=\"_self\" data-op-action=\"link\" data-op-popoverlay-trigger=\"none\" data-op-select-funnel-step=\"\" data-op-animation-trigger=\"none\" data-op-animation-style=\"\" data-op-animation-loop=\"0\" data-op-timer-minutes=\"0\" data-op-timer-seconds=\"0\" data-op3-smooth-scroll=\"0\" data-op-effect-style=\"\" data-op-effect-style-hover=\"\" rel=\"noopener\">S\u00cd, Quiero Conocer M\u00e1s<\/a><img loading=\"lazy\" decoding=\"async\" src=\"https:\/\/katiabrambila.net\/wp-content\/uploads\/2023\/07\/Captura-de-pantalla-2023-07-20-a-las-22.23.50.png\" alt=\"\" title=\"Captura de pantalla 2023-07-20 a la(s) 22.23.50\" width=\"1764\" height=\"980\" data-op3-attachment-id=\"9545\" \/><\/p>\n<h2>Dulces Secretos<\/h2>\n<h2>Expande tu creatividad utilizando ingredientes saludables para lograr decoraciones sorprendentes.<\/h2>\n<p><a href=\"https:\/\/katiabrambila.net\/dulcessecretos\" class=\"op3-background-ancestor\" target=\"_self\" data-op-action=\"link\" data-op-popoverlay-trigger=\"none\" data-op-select-funnel-step=\"\" data-op-animation-trigger=\"none\" data-op-animation-style=\"\" data-op-animation-loop=\"0\" data-op-timer-minutes=\"0\" data-op-timer-seconds=\"0\" data-op3-smooth-scroll=\"0\" data-op-effect-style=\"\" data-op-effect-style-hover=\"\" rel=\"noopener\">S\u00cd, Quiero Conocer M\u00e1s<\/a><img loading=\"lazy\" decoding=\"async\" src=\"https:\/\/katiabrambila.net\/wp-content\/uploads\/2021\/07\/pantallas-removebg-preview.png\" alt=\"\" title=\"pantallas-removebg-preview\" width=\"609\" height=\"410\" data-op3-attachment-id=\"4563\" \/><\/p>\n<h2>Sweet Kids<\/h2>\n<h2>Salud, sabor y sonrisas es lo que tendr\u00e1n tus hijos y lo mejor es que son sin conservadores saborizantes y colorantes artificales&nbsp;<\/h2>\n<p><a href=\"https:\/\/katiabrambila.net\/sweetkids\/\" class=\"op3-background-ancestor\" target=\"_self\" data-op-action=\"link\" data-op-popoverlay-trigger=\"none\" data-op-select-funnel-step=\"\" data-op-animation-trigger=\"none\" data-op-animation-style=\"\" data-op-animation-loop=\"0\" data-op-timer-minutes=\"0\" data-op-timer-seconds=\"0\" data-op3-smooth-scroll=\"0\" data-op-effect-style=\"\" data-op-effect-style-hover=\"\" rel=\"noopener\">S\u00cd, Quiero Conocer M\u00e1s<\/a><img loading=\"lazy\" decoding=\"async\" src=\"https:\/\/katiabrambila.net\/wp-content\/uploads\/2021\/04\/fotopartedeincluye2-1.png\" alt=\"\" title=\"fotopartedeincluye2\" width=\"1400\" height=\"850\" data-op3-attachment-id=\"939\" \/><\/p>\n<h2>Sweet Gourmet<\/h2>\n<h2>Expande tu creatividad utilizando ingredientes saludables para lograr decoraciones sorprendentes.<\/h2>\n<p><a href=\"https:\/\/katiabrambila.net\/sweetgourmet\/\" class=\"op3-background-ancestor\" target=\"_self\" data-op-action=\"link\" data-op-popoverlay-trigger=\"none\" data-op-select-funnel-step=\"\" data-op-animation-trigger=\"none\" data-op-animation-style=\"\" data-op-animation-loop=\"0\" data-op-timer-minutes=\"0\" data-op-timer-seconds=\"0\" data-op3-smooth-scroll=\"0\" data-op-effect-style=\"\" data-op-effect-style-hover=\"\" rel=\"noopener\">S\u00cd, Quiero Conocer M\u00e1s<\/a><img loading=\"lazy\" decoding=\"async\" src=\"https:\/\/katiabrambila.net\/wp-content\/uploads\/2023\/01\/jenniferswet.jpg\" alt=\"\" title=\"jenniferswet\" width=\"390\" height=\"278\" data-op3-attachment-id=\"9196\" \/><\/p>\n<h2>Sweet Kids<\/h2>\n<h2>Salud, sabor y sonrisas es lo que tendr\u00e1n tus hijos y lo mejor es que son sin conservadores saborizantes y colorantes artificales&nbsp;<\/h2>\n<p><a href=\"https:\/\/katiabrambila.net\/ketosweets\" class=\"op3-background-ancestor\" target=\"_self\" data-op-action=\"link\" data-op-popoverlay-trigger=\"none\" data-op-select-funnel-step=\"\" data-op-animation-trigger=\"none\" data-op-animation-style=\"\" data-op-animation-loop=\"0\" data-op-timer-minutes=\"0\" data-op-timer-seconds=\"0\" data-op3-smooth-scroll=\"0\" data-op-effect-style=\"\" data-op-effect-style-hover=\"\" rel=\"noopener\">S\u00cd, Quiero Conocer M\u00e1s<\/a><img loading=\"lazy\" decoding=\"async\" src=\"https:\/\/katiabrambila.net\/wp-content\/uploads\/2020\/06\/logo-1.png\" alt=\"\" title=\"LOGO\" width=\"537\" height=\"200\" data-op3-attachment-id=\"\" \/><a class=\"op3-link op3-background-ancestor\" href=\"https:\/\/www.facebook.com\/postresSaludablesSinGluten\" target=\"_self\" data-op-action=\"\" data-op-popoverlay-trigger=\"\" data-op-select-funnel-step=\"\" data-op-animation-trigger=\"none\" data-op-animation-style=\"\" data-op-animation-loop=\"0\" data-op-timer-minutes=\"0\" data-op-timer-seconds=\"0\" data-op3-smooth-scroll=\"\" rel=\"noopener\"><\/a><a class=\"op3-link op3-background-ancestor\" href=\"https:\/\/www.instagram.com\/sweetpaleo\/\" target=\"_self\" data-op-action=\"\" data-op-popoverlay-trigger=\"\" data-op-select-funnel-step=\"\" data-op-animation-trigger=\"none\" data-op-animation-style=\"\" data-op-animation-loop=\"0\" data-op-timer-minutes=\"0\" data-op-timer-seconds=\"0\" data-op3-smooth-scroll=\"\" rel=\"noopener\"><\/a><a class=\"op3-link op3-background-ancestor\" href=\"https:\/\/www.youtube.com\/channel\/UCmvt_9Qmm_cJOwY_FiaE0Vg\" target=\"_self\" data-op-action=\"\" data-op-popoverlay-trigger=\"\" data-op-select-funnel-step=\"\" data-op-animation-trigger=\"none\" data-op-animation-style=\"\" data-op-animation-loop=\"0\" data-op-timer-minutes=\"0\" data-op-timer-seconds=\"0\" data-op3-smooth-scroll=\"\" rel=\"noopener\"><\/a><\/p>\n<p><a href=\"https:\/\/katiabrambila.net\/privacidad\/\" style=\"color: rgba(0, 0, 0, 0.8);\">Pol\u00edtica De Privacidad<\/a><\/p>\n<p><a href=\"https:\/\/katiabrambila.net\/terminos\/\" style=\"color: rgba(0, 0, 0, 0.8);\">T\u00e9rminos Y Condiciones<\/a><\/p>\n<p>Copyright 2018 &#8211; Sweet Paleo.Todos Los Derechos Reservados.&nbsp; Este sitio utiliza cookies propias y de terceros. Si continuas navegando, consideramos que aceptas su uso.<\/p>\n","protected":false},"excerpt":{"rendered":"<p>Descubre los programas en colaboraci\u00f3n que tenemos en l\u00ednea Con las Chefs de Coraz\u00f3n Cocina Sin diabetes Sorprende a tus invitados en estas fiestas con postres que los llenen de energ\u00eda y cuiden su salud y su figura. S\u00cd, Quiero Conocer M\u00e1s Dulce navidad Expande tu creatividad utilizando ingredientes saludables para lograr decoraciones sorprendentes. S\u00cd, [&hellip;]<\/p>\n","protected":false},"author":22,"featured_media":0,"parent":0,"menu_order":0,"comment_status":"closed","ping_status":"closed","template":"op_builder_blank","meta":{"footnotes":""},"class_list":["post-9832","page","type-page","status-publish","hentry"],"_links":{"self":[{"href":"https:\/\/katiabrambila.net\/index.php?rest_route=\/wp\/v2\/pages\/9832","targetHints":{"allow":["GET"]}}],"collection":[{"href":"https:\/\/katiabrambila.net\/index.php?rest_route=\/wp\/v2\/pages"}],"about":[{"href":"https:\/\/katiabrambila.net\/index.php?rest_route=\/wp\/v2\/types\/page"}],"author":[{"embeddable":true,"href":"https:\/\/katiabrambila.net\/index.php?rest_route=\/wp\/v2\/users\/22"}],"replies":[{"embeddable":true,"href":"https:\/\/katiabrambila.net\/index.php?rest_route=%2Fwp%2Fv2%2Fcomments&post=9832"}],"version-history":[{"count":0,"href":"https:\/\/katiabrambila.net\/index.php?rest_route=\/wp\/v2\/pages\/9832\/revisions"}],"wp:attachment":[{"href":"https:\/\/katiabrambila.net\/index.php?rest_route=%2Fwp%2Fv2%2Fmedia&parent=9832"}],"curies":[{"name":"wp","href":"https:\/\/api.w.org\/{rel}","templated":true}]}}